{"id":1962,"date":"2015-11-20T16:24:48","date_gmt":"2015-11-20T15:24:48","guid":{"rendered":"https:\/\/www.saphy.com\/healthcare-cosmetique\/?post_type=product&#038;p=1962"},"modified":"2024-01-22T10:06:08","modified_gmt":"2024-01-22T09:06:08","slug":"asparagus-shatavari-himalaya-herbals","status":"publish","type":"product","link":"https:\/\/www.saphy.com\/healthcare-cosmetique\/produit\/asparagus-shatavari-himalaya-herbals\/","title":{"rendered":"Asparagus \/shatavari Himalaya Herbals"},"content":{"rendered":"<h1>Asparagus \/shatavari Himalaya Herbals<\/h1>\n<p>Compl\u00e9ment alimentaire<\/p>\n<p>Himalaya Herbals la science par les plantes depuis 1930<\/p>\n<p>Asparagus Racemosus est connue sous le nom de Shatavari en Inde .Cette plante est tr\u00e8s pris\u00e9e par les indiennes\u00a0 des plateaux de l &lsquo;Himalaya .<\/p>\n<p>Conseil d&rsquo;utilisation :\u00a01 \u00e0 2 g\u00e9lules\u00a0 par jour pendant les repas<\/p>\n<p>Boite de 60 g\u00e9lules v\u00e9g\u00e9tales<\/p>\n<p>Composition de deux g\u00e9lules :<br \/>\n500 mg d&rsquo;extrait sec de racine d&rsquo;asparagus racemonus , microcristalline cellulose (emulsifiant) , Dicalcium phosphates (\u00e9mulsifiant), Dioxyde de silicium (anti-agglom\u00e9rant) ,magn\u00e9sium st\u00e9arate (agent d&rsquo;enrobage).<\/p>\n<p>Boite de 60 g\u00e9lules v\u00e9g\u00e9tales<\/p>\n<p>&nbsp;<\/p>\n<p>Les compl\u00e9ments alimentaires ne doivent pas \u00eatre utilis\u00e9s comme substitut d\u2019un r\u00e9gime alimentaire vari\u00e9, \u00e9quilibr\u00e9 et d\u2019un mode de vie sain.<\/p>\n<p>Ne pas d\u00e9passer la dose journali\u00e8re recommand\u00e9e.<br \/>\nNe\u00a0 pas\u00a0 utiliser chez la femme enceinte et\/ou qui allaitent sans avis m\u00e9dical .<br \/>\nNe pas utiliser chez les enfants de moins de 14 ans .<br \/>\nA conserver dans un endroit frais et sec, hors de port\u00e9e des enfants.<\/p>\n<p>&nbsp;<\/p>\n<p>Asparagus \/ shatavari Himalaya Herbals<\/p>\n<p>Dosage: 1 capsules twice daily with meals<br \/>\nBox of 60 capsules<br \/>\nContains no sodium, yeast, sugar, gluten, artificial colors and perfumes<br \/>\nDo not exceed the recommended daily dose.<br \/>\nAs with any product, it is advisable to seek medical advice before use<br \/>\nStore in a cool, dry place out of the reach of children. Not suitable for pregnant women, children under 14 and breastfeeding women.<\/p>\n<p>&nbsp;<\/p>\n<p>&nbsp;<\/p>\n","protected":false},"excerpt":{"rendered":"<h1>Asparagus \/shatavari Himalaya Herbals<\/h1>\n<p>Compl\u00e9ment alimentaire<\/p>\n<p>La mission des laboratoires Himalaya est\u00a0 que le bien \u00eatre par les plantes soit une part int\u00e9grante de chaque foyer. Notre gamme de compl\u00e9ments alimentaires \u00e0 base de plantes est sp\u00e9cialement formul\u00e9e pour vous aider \u00e0 atteindre le bien-\u00eatre physique et mental et avoir\u00a0 une meilleure qualit\u00e9 de vie. Nous nous effor\u00e7ons de rendre cela possible gr\u00e2ce \u00e0 notre engagement envers la science dans tous nos soins de sant\u00e9 \u00e0 base de plantes.<\/p>\n<p>Asparagus Racemosus est connue sous le nom de Shatavari en Inde .Cette plante est tr\u00e8s pris\u00e9e par les indiennes\u00a0 des plateaux de l &lsquo;Himalaya .<\/p>\n<p>Conseil d&rsquo;utilisation :\u00a01 \u00e0 2 g\u00e9lules\u00a0 par jour pendant les repas<\/p>\n<p>Boite de 60 g\u00e9lules v\u00e9g\u00e9tales<\/p>\n<p>Composition de deux g\u00e9lules :<br \/>\n500 mg d&rsquo;extrait sec de racine d&rsquo;asparagus racemonus , microcristalline cellulose (emulsifiant) , Dicalcium phosphates (\u00e9mulsifiant), Dioxyde de silicium (anti-agglom\u00e9rant) ,magn\u00e9sium st\u00e9arate (agent d&rsquo;enrobage).<\/p>\n<p>Boite de 60 g\u00e9lules v\u00e9g\u00e9tales<\/p>\n<p>&nbsp;<\/p>\n<p>Les compl\u00e9ments alimentaires ne doivent pas \u00eatre utilis\u00e9s comme substitut d\u2019un r\u00e9gime alimentaire vari\u00e9, \u00e9quilibr\u00e9 et d\u2019un mode de vie sain.<\/p>\n<p>Ne pas d\u00e9passer la dose journali\u00e8re recommand\u00e9e.<br \/>\nNe\u00a0 pas\u00a0 utiliser chez la femme enceinte et\/ou qui allaitent sans avis m\u00e9dical .<br \/>\nNe pas utiliser chez les enfants de moins de 14 ans .<br \/>\nA conserver dans un endroit frais et sec, hors de port\u00e9e des enfants.<\/p>\n<p>&nbsp;<\/p>\n<p>Asparagus \/ shatavari Himalaya Herbals<\/p>\n<p>Dosage: 1 capsules twice daily with meals<br \/>\nBox of 60 capsules<br \/>\nContains no sodium, yeast, sugar, gluten, artificial colors and perfumes<br \/>\nDo not exceed the recommended daily dose.<br \/>\nAs with any product, it is advisable to seek medical advice before use<br \/>\nStore in a cool, dry place out of the reach of children. Not suitable for pregnant women, children under 14 and breastfeeding women.<\/p>\n<p>&nbsp;<\/p>\n<p>&nbsp;<\/p>\n","protected":false},"featured_media":4043,"comment_status":"open","ping_status":"closed","template":"","meta":[],"_links":{"self":[{"href":"https:\/\/www.saphy.com\/healthcare-cosmetique\/wp-json\/wp\/v2\/product\/1962"}],"collection":[{"href":"https:\/\/www.saphy.com\/healthcare-cosmetique\/wp-json\/wp\/v2\/product"}],"about":[{"href":"https:\/\/www.saphy.com\/healthcare-cosmetique\/wp-json\/wp\/v2\/types\/product"}],"replies":[{"embeddable":true,"href":"https:\/\/www.saphy.com\/healthcare-cosmetique\/wp-json\/wp\/v2\/comments?post=1962"}],"wp:featuredmedia":[{"embeddable":true,"href":"https:\/\/www.saphy.com\/healthcare-cosmetique\/wp-json\/wp\/v2\/media\/4043"}],"wp:attachment":[{"href":"https:\/\/www.saphy.com\/healthcare-cosmetique\/wp-json\/wp\/v2\/media?parent=1962"}],"curies":[{"name":"wp","href":"https:\/\/api.w.org\/{rel}","templated":true}]}}