{"id":1964,"date":"2015-11-20T16:32:56","date_gmt":"2015-11-20T15:32:56","guid":{"rendered":"https:\/\/www.saphy.com\/healthcare-cosmetique\/?post_type=product&#038;p=1964"},"modified":"2020-01-21T10:10:46","modified_gmt":"2020-01-21T09:10:46","slug":"rhumalaya-fortehimalaya-herbals","status":"publish","type":"product","link":"https:\/\/www.saphy.com\/healthcare-cosmetique\/produit\/rhumalaya-fortehimalaya-herbals\/","title":{"rendered":"Rumalaya forte Himalaya Herbals"},"content":{"rendered":"<h1>Rumalaya forte Himalaya Herbals<\/h1>\n<p>Compl\u00e9ment alimentaire<\/p>\n<p>Himalaya Herbals la science par les plantes depuis 1930<\/p>\n<p>Rumalaya Forte est une formule brevet\u00e9e \u00e0 base de plantes .<\/p>\n<p>Composition de deux comprim\u00e9s : 480 mg de poudre de r\u00e9sine de Boswellia Serrata, 400 mg de poudre de r\u00e9sine oleo gum de Commiphora Wightii, 140 mg de poudre de rhizome d\u2019Alpinia Galanga, 140 mg de poudre de racine de Glycyrrhiza glabra, 120 mg d\u2019extrait de fruit de Tribulus Terrestris, 120 mg d\u2019extrait de tige de Tinaspora Cordifolia, Phosphate Dicalcique (\u00e9mulsifiant), Succinate oct\u00e9nylique d&rsquo;amidon sodique (poudre \u00e0 lever), Carboxim\u00e9thyl cellulose sodique (poudre \u00e0 lever), Crospovidone (poudre \u00e0 lever), Microcristalline cellulose (\u00e9mulsifiant), Dioxyde de silicium (anti-agglom\u00e9rant), talc (antiagglom\u00e9rant),st\u00e9arate de Magn\u00e9sium (agent d\u2019enrobage).<\/p>\n<p>Conseil d&rsquo;utilisation : 1 \u00e0 2 comprim\u00e9s\u00a0 par jour<\/p>\n<p>Boite de 60 comprim\u00e9s<\/p>\n<p>A conserver dans un endroit frais et sec, hors de port\u00e9e des enfants.Ne pas utiliser chez la femme enceinte, chez les enfants de moins de 14 ans et chez la femme qui allaite. Les compl\u00e9ments alimentaires ne doivent pas \u00eatre utilis\u00e9s comme substituts d\u2019un r\u00e9gime alimentaire vari\u00e9 et \u00e9quilibr\u00e9 et \u00e0 un mode de vie sain. Ne pas d\u00e9passer la dose journali\u00e8re recommand\u00e9e.<\/p>\n<p>Rumalaya Forte Himalaya Herbals<\/p>\n<p>Dosage: 1 to 2 tablets twice daily<br \/>\nBox of 60 tablets<br \/>\nDo not exceed the recommended daily dose.<br \/>\nAs with any product, it is advisable to seek medical advice before use<br \/>\nDo not use in pregnant and \/ or nursing women without medical advice.<br \/>\nDo not use in children under 14 years of age.<br \/>\nStore in a cool, dry place out of the reach of children.<\/p>\n","protected":false},"excerpt":{"rendered":"<h1>Rumalaya forte Himalaya Herbals<\/h1>\n<p>Compl\u00e9ment alimentaire<\/p>\n<p>La mission des laboratoires Himalaya est\u00a0 que le bien \u00eatre par les plantes soit une part int\u00e9grante de chaque foyer. Notre gamme de compl\u00e9ments alimentaires \u00e0 base de plantes est sp\u00e9cialement formul\u00e9e pour vous aider \u00e0 atteindre le bien-\u00eatre physique et mental et avoir\u00a0 une meilleure qualit\u00e9 de vie. Nous nous effor\u00e7ons de rendre cela possible gr\u00e2ce \u00e0 notre engagement envers la science dans tous nos soins de sant\u00e9 \u00e0 base de plantes.<\/p>\n<p>Rumalaya Forte est une formule brevet\u00e9e \u00e0 base de plantes .<\/p>\n<p>Composition de deux comprim\u00e9s : 480 mg de poudre de r\u00e9sine de Boswellia Serrata, 400 mg de poudre de r\u00e9sine oleo gum de Commiphora Wightii, 140 mg de poudre de rhizome d\u2019Alpinia Galanga, 140 mg de poudre de racine de Glycyrrhiza glabra, 120 mg d\u2019extrait de fruit de Tribulus Terrestris, 120 mg d\u2019extrait de tige de Tinaspora Cordifolia, Phosphate Dicalcique (\u00e9mulsifiant), Succinate oct\u00e9nylique d&rsquo;amidon sodique (poudre \u00e0 lever), Carboxim\u00e9thyl cellulose sodique (poudre \u00e0 lever), Crospovidone (poudre \u00e0 lever), Microcristalline cellulose (\u00e9mulsifiant), Dioxyde de silicium (anti-agglom\u00e9rant), talc (antiagglom\u00e9rant),st\u00e9arate de Magn\u00e9sium (agent d\u2019enrobage).<\/p>\n<p>Conseil d&rsquo;utilisation : 1 \u00e0 2 comprim\u00e9s\u00a0 par jour<\/p>\n<p>Boite de 60 comprim\u00e9s<\/p>\n<p>A conserver dans un endroit frais et sec, hors de port\u00e9e des enfants.Ne pas utiliser chez la femme enceinte, chez les enfants de moins de 14 ans et chez la femme qui allaite. Les compl\u00e9ments alimentaires ne doivent pas \u00eatre utilis\u00e9s comme substituts d\u2019un r\u00e9gime alimentaire vari\u00e9 et \u00e9quilibr\u00e9 et \u00e0 un mode de vie sain. Ne pas d\u00e9passer la dose journali\u00e8re recommand\u00e9e.<\/p>\n<p>Rumalaya Forte Himalaya Herbals<\/p>\n<p>Dosage: 1 to 2 tablets twice daily<br \/>\nBox of 60 tablets<br \/>\nDo not exceed the recommended daily dose.<br \/>\nAs with any product, it is advisable to seek medical advice before use<br \/>\nDo not use in pregnant and \/ or nursing women without medical advice.<br \/>\nDo not use in children under 14 years of age.<br \/>\nStore in a cool, dry place out of the reach of children.<\/p>\n","protected":false},"featured_media":4042,"comment_status":"open","ping_status":"closed","template":"","meta":[],"_links":{"self":[{"href":"https:\/\/www.saphy.com\/healthcare-cosmetique\/wp-json\/wp\/v2\/product\/1964"}],"collection":[{"href":"https:\/\/www.saphy.com\/healthcare-cosmetique\/wp-json\/wp\/v2\/product"}],"about":[{"href":"https:\/\/www.saphy.com\/healthcare-cosmetique\/wp-json\/wp\/v2\/types\/product"}],"replies":[{"embeddable":true,"href":"https:\/\/www.saphy.com\/healthcare-cosmetique\/wp-json\/wp\/v2\/comments?post=1964"}],"wp:featuredmedia":[{"embeddable":true,"href":"https:\/\/www.saphy.com\/healthcare-cosmetique\/wp-json\/wp\/v2\/media\/4042"}],"wp:attachment":[{"href":"https:\/\/www.saphy.com\/healthcare-cosmetique\/wp-json\/wp\/v2\/media?parent=1964"}],"curies":[{"name":"wp","href":"https:\/\/api.w.org\/{rel}","templated":true}]}}