{"id":1972,"date":"2015-11-24T13:18:57","date_gmt":"2015-11-24T12:18:57","guid":{"rendered":"https:\/\/www.saphy.com\/healthcare-cosmetique\/?post_type=product&#038;p=1972"},"modified":"2023-07-24T14:53:22","modified_gmt":"2023-07-24T13:53:22","slug":"savon-surgras-bebehimalaya-herbals","status":"publish","type":"product","link":"https:\/\/www.saphy.com\/healthcare-cosmetique\/produit\/savon-surgras-bebehimalaya-herbals\/","title":{"rendered":"Savon Surgras B\u00e9B\u00e9 Himalaya Herbals"},"content":{"rendered":"<p>Savon Surgras B\u00e9B\u00e9 Himalaya Herbals\u00a0\u00a0\u00a0\u00a0\u00a0\u00a0\u00a0\u00a0\u00a0\u00a0\u00a0\u00a0\u00a0\u00a0\u00a0\u00a0\u00a0\u00a0\u00a0\u00a0\u00a0\u00a0\u00a0\u00a0\u00a0\u00a0\u00a0\u00a0\u00a0\u00a0\u00a0\u00a0\u00a0\u00a0\u00a0\u00a0\u00a0\u00a0\u00a0\u00a0\u00a0\u00a0\u00a0\u00a0\u00a0\u00a0\u00a0\u00a0\u00a0\u00a0\u00a0\u00a0\u00a0\u00a0\u00a0\u00a0\u00a0\u00a0\u00a0\u00a0\u00a0\u00a0\u00a0\u00a0\u00a0\u00a0\u00a0\u00a0\u00a0\u00a0\u00a0\u00a0\u00a0\u00a0\u00a0\u00a0\u00a0 <a href=\"https:\/\/www.saphy.com\/healthcare-cosmetique\/wp-content\/uploads\/2015\/11\/logo-vegan-v\u00e9g\u00e9talien.jpg\"><img decoding=\"async\" loading=\"lazy\" class=\"alignnone size-medium wp-image-3228\" src=\"https:\/\/www.saphy.com\/healthcare-cosmetique\/wp-content\/uploads\/2015\/11\/logo-vegan-v\u00e9g\u00e9talien-300x269.jpg\" alt=\"produits vegan himalaya herbals\" width=\"300\" height=\"269\" srcset=\"https:\/\/www.saphy.com\/healthcare-cosmetique\/wp-content\/uploads\/2015\/11\/logo-vegan-v\u00e9g\u00e9talien-300x269.jpg 300w, https:\/\/www.saphy.com\/healthcare-cosmetique\/wp-content\/uploads\/2015\/11\/logo-vegan-v\u00e9g\u00e9talien.jpg 700w\" sizes=\"(max-width: 300px) 100vw, 300px\" \/><\/a><\/p>\n<p>Maintient l&rsquo;\u00e9quilibre de la peau<br \/>\nCe qu&rsquo;il fait:<br \/>\nLe savon pour b\u00e9b\u00e9 extra hydratant de l&rsquo;Himalaya est con\u00e7u pour g\u00e9rer efficacement le x\u00e9rose infantile ou la peau s\u00e8che excessive chez les b\u00e9b\u00e9s. L&rsquo;alo\u00e8s indien, l&rsquo;huile d&rsquo;amande et l&rsquo;huile d&rsquo;olive travaillent ensemble pour nourrir et maintenir l&rsquo;\u00e9quilibre de l&rsquo;humidit\u00e9 de la peau du b\u00e9b\u00e9.<br \/>\nIngr\u00e9dients cl\u00e9s:<br \/>\nL&rsquo;alo\u00e8s indien apaise et hydrate la peau du b\u00e9b\u00e9.<br \/>\nL&rsquo;huile d&rsquo;olive, enrichie en vitamine E, nourrit, prot\u00e8ge et adoucit la peau, emp\u00eachant les frottements. Il a des propri\u00e9t\u00e9s apaisantes, qui gardent la peau de b\u00e9b\u00e9 saine et douce.<br \/>\nL&rsquo;huile d&rsquo;amande est un excellent adoucisseur de peau qui hydrate la peau du b\u00e9b\u00e9.<\/p>\n<p>Laisse la peau propre, douce, et hydrat\u00e9e<br \/>\nUne formule ultra douce qui pr\u00e9vient le dess\u00e8chement de la peau<br \/>\nNettoie tout en douceur le corps en un seul geste.<\/p>\n<p>Sans Parab\u00e8nes<br \/>\nSans graisses animales<\/p>\n<p>Sans colorants synth\u00e9tiques<\/p>\n<p>Pain de 75 g<\/p>\n<p>&nbsp;<\/p>\n<p>&nbsp;<\/p>\n<p>Himalaya Herbals Moisturizing Baby Soap<br \/>\nMaintains skin&rsquo;s moisture equilibrium<\/p>\n<p>What it does:<\/p>\n<p>Himalaya&rsquo;s Extra Moisturizing Baby Soap is designed to effectively manage infantile xerosis or excessive dry skin in babies. Indian Aloe, Almond Oil and Olive Oil work together to nourish and maintain the moisture equilibrium of baby\u2019s skin.<\/p>\n<p>Key ingredients:<\/p>\n<p>Indian Aloe soothes and moisturizes baby\u2019s skin.<\/p>\n<p>Olive Oil, enriched with Vitamin E, nourishes, protects and softens skin, preventing chafing. It has soothing properties, which keep baby\u2019s skin healthy and soft.<br \/>\nAlmond Oil is an excellent skin softener, which moisturizes baby\u2019s skin.<\/p>\n<p>&nbsp;<\/p>\n<p>&nbsp;<\/p>\n","protected":false},"excerpt":{"rendered":"<p>Laisse la peau propre, douce, et hydrat\u00e9e<br \/>\nUne formule ultra douce qui pr\u00e9vient le dess\u00e8chement de la peau<br \/>\nNettoie tout en douceur le corps en un seul geste.<br \/>\nPrincipaux composants botaniques:<br \/>\nL\u2019huile d\u2019olive nourrit<br \/>\nL\u2019huile d\u2019amande apaise la peau en prot\u00e9geant la saine de b\u00e9b\u00e9.<\/p>\n<p>Sans Parab\u00e8nes<br \/>\nSans graisses animales ni colorants synth\u00e9tiques<\/p>\n","protected":false},"featured_media":4063,"comment_status":"open","ping_status":"closed","template":"","meta":[],"_links":{"self":[{"href":"https:\/\/www.saphy.com\/healthcare-cosmetique\/wp-json\/wp\/v2\/product\/1972"}],"collection":[{"href":"https:\/\/www.saphy.com\/healthcare-cosmetique\/wp-json\/wp\/v2\/product"}],"about":[{"href":"https:\/\/www.saphy.com\/healthcare-cosmetique\/wp-json\/wp\/v2\/types\/product"}],"replies":[{"embeddable":true,"href":"https:\/\/www.saphy.com\/healthcare-cosmetique\/wp-json\/wp\/v2\/comments?post=1972"}],"wp:featuredmedia":[{"embeddable":true,"href":"https:\/\/www.saphy.com\/healthcare-cosmetique\/wp-json\/wp\/v2\/media\/4063"}],"wp:attachment":[{"href":"https:\/\/www.saphy.com\/healthcare-cosmetique\/wp-json\/wp\/v2\/media?parent=1972"}],"curies":[{"name":"wp","href":"https:\/\/api.w.org\/{rel}","templated":true}]}}