{"id":1977,"date":"2015-11-24T13:27:27","date_gmt":"2015-11-24T12:27:27","guid":{"rendered":"https:\/\/www.saphy.com\/healthcare-cosmetique\/?post_type=product&#038;p=1977"},"modified":"2023-07-24T14:53:00","modified_gmt":"2023-07-24T13:53:00","slug":"lotion-hydratante-pour-bebehimalaya-herbals","status":"publish","type":"product","link":"https:\/\/www.saphy.com\/healthcare-cosmetique\/produit\/lotion-hydratante-pour-bebehimalaya-herbals\/","title":{"rendered":"Lotion hydratante pour B\u00e9B\u00e9 Himalaya Herbals"},"content":{"rendered":"<p><a href=\"https:\/\/www.saphy.com\/healthcare-cosmetique\/wp-content\/uploads\/2015\/11\/logo-vegan-v\u00e9g\u00e9talien.jpg\"><img decoding=\"async\" loading=\"lazy\" class=\"alignnone size-medium wp-image-3228\" src=\"https:\/\/www.saphy.com\/healthcare-cosmetique\/wp-content\/uploads\/2015\/11\/logo-vegan-v\u00e9g\u00e9talien-300x269.jpg\" alt=\"produits vegan himalaya herbals\" width=\"300\" height=\"269\" srcset=\"https:\/\/www.saphy.com\/healthcare-cosmetique\/wp-content\/uploads\/2015\/11\/logo-vegan-v\u00e9g\u00e9talien-300x269.jpg 300w, https:\/\/www.saphy.com\/healthcare-cosmetique\/wp-content\/uploads\/2015\/11\/logo-vegan-v\u00e9g\u00e9talien.jpg 700w\" sizes=\"(max-width: 300px) 100vw, 300px\" \/><\/a><\/p>\n<p>Lotion hydratante pour B\u00e9B\u00e9 Himalaya Herbals<\/p>\n<p>Votre b\u00e9b\u00e9 a besoin de soins sp\u00e9cifiques et d&rsquo;une protection optimale. Himalaya Herbals vous propose sa gamme de produits b\u00e9b\u00e9s sp\u00e9cialement formul\u00e9s afin de prot\u00e9ger la peau d\u00e9licate et sensible de votre b\u00e9b\u00e9. Formule test\u00e9e sous contr\u00f4le p\u00e9diatrique, nos soins respectent l&rsquo;\u00e9quilibre de la peau fragile de b\u00e9b\u00e9.<\/p>\n<p>Une formule riche en huile d&rsquo;amande et en huile d&rsquo;olive qui nourrit, hydrate et apaise la peau de votre b\u00e9b\u00e9.<\/p>\n<p>&nbsp;<\/p>\n<p>Ce qu&rsquo;elle \u00a0fait:<\/p>\n<p>La lotion hydratante pour B\u00e9B\u00e9 Himalaya Herbals aide \u00e0 garder la peau de b\u00e9b\u00e9 douce et souple, en la prot\u00e9geant contre les infections. Elle est fabriqu\u00e9 \u00e0 partir d&rsquo;ingr\u00e9dients naturels qui aident \u00e0 hydrater la peau d\u00e9licate, laissant doux toute la journ\u00e9e. Notre lotion b\u00e9b\u00e9 est cliniquement prouv\u00e9 pour sa douceur et le respect de la peau des nouveaux n\u00e9s.<br \/>\nIngr\u00e9dients cl\u00e9s:<\/p>\n<p>L&rsquo;huile d&rsquo;amande est un excellent adoucisseur de peau qui hydrate la peau du b\u00e9b\u00e9.<\/p>\n<p>L&rsquo;huile d&rsquo;olive, enrichie en vitamine E, nourrit, prot\u00e8ge et adoucit la peau et emp\u00eache les frottements. Il a des propri\u00e9t\u00e9s apaisantes, qui gardent la peau de b\u00e9b\u00e9 saine et douce.<\/p>\n<p>Conditionnement<\/p>\n<p>200 ml<\/p>\n<p>Mode d&#8217;emploi:<\/p>\n<p>Appliquer la lotion hydratante himalaya herbals\u00a0\u00a0 sur le corps du b\u00e9b\u00e9 pour le nettoyer.<\/p>\n<p>&nbsp;<\/p>\n<p>Ingr\u00e9dients:<\/p>\n<p>Water (aqua), olea europaea (olive) fruit oil, glycerin, ethylhexyl stearate, glyceryl stearate SE, sorbitan stearate, prunus amygdalus (sweet almond) oil, sodium cetearyl sulfate, dimethicone, methylisothiazolinone &amp; phenoxyethanol, cetyl alcohol, isopropyl myristate, fragrance, sodium benzoate, acrylates\/C10-30 alkyl acrylate crosspolymer, sida cordifolia (heart-leaf sida) root extract, glycyrrhiza glabra (licorice) root extract, tinospora cordifolia (Indian tinospora) stem<\/p>\n<p>info@saphy.com<br \/>\n01.43.96.94.32<\/p>\n<p>&nbsp;<\/p>\n<p>Himalaya Herbals Baby lotion<\/p>\n<p>A natural moisturizer<\/p>\n<p>What it does:<\/p>\n<p>Himalaya\u2019s Baby Lotion helps keep baby&rsquo;s skin soft and supple, protecting it from infection. Baby Lotion is made from natural ingredients that help moisturize delicate skin, leaving it soft all day long. Our Baby Lotion is clinically proven to be mild and gentle enough for newborns as well.<br \/>\nKey ingredients:<\/p>\n<p>Almond Oil is an excellent skin softener, which moisturizes baby\u2019s skin.<\/p>\n<p>Olive Oil, enriched with Vitamin E, nourishes, protects and softens skin and prevents chafing. It has soothing properties, which keep baby&rsquo;s skin healthy and soft.<\/p>\n<p>Licorice protects and soothes baby&rsquo;s skin.<\/p>\n<p>Pack size:<\/p>\n<p>200 ml<\/p>\n<p>Directions for use:<\/p>\n<p>Apply Baby Lotion liberally on baby&rsquo;s body after bathing.<\/p>\n<p>&nbsp;<\/p>\n<p>&nbsp;<\/p>\n","protected":false},"excerpt":{"rendered":"<p>Lotion hydratante pour B\u00e9B\u00e9 Himalaya Herbals<\/p>\n<p>Votre b\u00e9b\u00e9 a besoin de soins sp\u00e9cifiques et d&rsquo;une protection optimale. Himalaya Herbals vous propose sa gamme de produits b\u00e9b\u00e9s sp\u00e9cialement formul\u00e9s afin de prot\u00e9ger la peau d\u00e9licate et sensible de votre b\u00e9b\u00e9. Formule test\u00e9e sous contr\u00f4le p\u00e9diatrique, nos soins respectent l&rsquo;\u00e9quilibre de la peau fragile de b\u00e9b\u00e9.<br \/>\nUne formule riche en huile d&rsquo;amande et en huile d&rsquo;olive qui nourrit, hydrate et apaise la peau de votre b\u00e9b\u00e9.<\/p>\n<p>Ce qu&rsquo;elle fait:<br \/>\nLa lotion hydratante pour B\u00e9B\u00e9 Himalaya Herbals aide \u00e0 garder la peau de b\u00e9b\u00e9 douce et souple, en la prot\u00e9geant contre les infections. Elle est fabriqu\u00e9 \u00e0 partir d&rsquo;ingr\u00e9dients naturels qui aident \u00e0 hydrater la peau d\u00e9licate, laissant doux toute la journ\u00e9e. Notre lotion b\u00e9b\u00e9 est cliniquement prouv\u00e9 pour sa douceur et le respect de la peau des nouveaux n\u00e9s.<br \/>\nIngr\u00e9dients cl\u00e9s:<br \/>\nL&rsquo;huile d&rsquo;amande est un excellent adoucisseur de peau qui hydrate la peau du b\u00e9b\u00e9.<br \/>\nL&rsquo;huile d&rsquo;olive, enrichie en vitamine E, nourrit, prot\u00e8ge et adoucit la peau et emp\u00eache les frottements. Il a des propri\u00e9t\u00e9s apaisantes, qui gardent la peau de b\u00e9b\u00e9 saine et douce.<br \/>\nConditionnement<br \/>\n200 ml<br \/>\nMode d&#8217;emploi:<br \/>\nAppliquer la lotion hydratante himalaya herbals sur le corps du b\u00e9b\u00e9 pour le nettoyer.<\/p>\n<p>Ingr\u00e9dients:<br \/>\nWater (aqua), olea europaea (olive) fruit oil, glycerin, ethylhexyl stearate, glyceryl stearate SE, sorbitan stearate, prunus amygdalus (sweet almond) oil, sodium cetearyl sulfate, dimethicone, methylisothiazolinone &amp; phenoxyethanol, cetyl alcohol, isopropyl myristate, fragrance, sodium benzoate, acrylates\/C10-30 alkyl acrylate crosspolymer, sida cordifolia (heart-leaf sida) root extract, glycyrrhiza glabra (licorice) root extract, tinospora cordifolia (Indian tinospora) stem<\/p>\n<p>Himalaya Herbals Baby lotion<br \/>\nA natural moisturizer<br \/>\nWhat it does:<br \/>\nHimalaya\u2019s Baby Lotion helps keep baby&rsquo;s skin soft and supple, protecting it from infection. Baby Lotion is made from natural ingredients that help moisturize delicate skin, leaving it soft all day long. Our Baby Lotion is clinically proven to be mild and gentle enough for newborns as well.<br \/>\nKey ingredients:<br \/>\nAlmond Oil is an excellent skin softener, which moisturizes baby\u2019s skin.<br \/>\nOlive Oil, enriched with Vitamin E, nourishes, protects and softens skin and prevents chafing. It has soothing properties, which keep baby&rsquo;s skin healthy and soft.<br \/>\nLicorice protects and soothes baby&rsquo;s skin.<br \/>\nPack size:<br \/>\n200 ml<br \/>\nDirections for use:<br \/>\nApply Baby Lotion liberally on baby&rsquo;s body after bathing.<\/p>\n","protected":false},"featured_media":4062,"comment_status":"open","ping_status":"closed","template":"","meta":[],"_links":{"self":[{"href":"https:\/\/www.saphy.com\/healthcare-cosmetique\/wp-json\/wp\/v2\/product\/1977"}],"collection":[{"href":"https:\/\/www.saphy.com\/healthcare-cosmetique\/wp-json\/wp\/v2\/product"}],"about":[{"href":"https:\/\/www.saphy.com\/healthcare-cosmetique\/wp-json\/wp\/v2\/types\/product"}],"replies":[{"embeddable":true,"href":"https:\/\/www.saphy.com\/healthcare-cosmetique\/wp-json\/wp\/v2\/comments?post=1977"}],"wp:featuredmedia":[{"embeddable":true,"href":"https:\/\/www.saphy.com\/healthcare-cosmetique\/wp-json\/wp\/v2\/media\/4062"}],"wp:attachment":[{"href":"https:\/\/www.saphy.com\/healthcare-cosmetique\/wp-json\/wp\/v2\/media?parent=1977"}],"curies":[{"name":"wp","href":"https:\/\/api.w.org\/{rel}","templated":true}]}}