{"id":1979,"date":"2015-11-24T13:32:52","date_gmt":"2015-11-24T12:32:52","guid":{"rendered":"https:\/\/www.saphy.com\/healthcare-cosmetique\/?post_type=product&#038;p=1979"},"modified":"2023-07-24T14:52:48","modified_gmt":"2023-07-24T13:52:48","slug":"huile-nourrissante-pour-bebehimalaya-herbals","status":"publish","type":"product","link":"https:\/\/www.saphy.com\/healthcare-cosmetique\/produit\/huile-nourrissante-pour-bebehimalaya-herbals\/","title":{"rendered":"Huile nourrissante pour B\u00e9B\u00e9 Himalaya Herbals"},"content":{"rendered":"<p>Huile nourrissante pour B\u00e9B\u00e9 Himalaya Herbals\u00a0\u00a0\u00a0\u00a0\u00a0\u00a0\u00a0\u00a0\u00a0\u00a0\u00a0\u00a0\u00a0\u00a0\u00a0\u00a0\u00a0\u00a0\u00a0\u00a0\u00a0\u00a0\u00a0\u00a0\u00a0\u00a0\u00a0\u00a0\u00a0\u00a0\u00a0\u00a0\u00a0\u00a0\u00a0\u00a0\u00a0\u00a0\u00a0\u00a0\u00a0\u00a0\u00a0\u00a0\u00a0\u00a0\u00a0\u00a0\u00a0\u00a0\u00a0\u00a0\u00a0\u00a0\u00a0\u00a0\u00a0\u00a0\u00a0\u00a0\u00a0\u00a0\u00a0\u00a0\u00a0\u00a0\u00a0\u00a0\u00a0\u00a0\u00a0\u00a0\u00a0\u00a0\u00a0\u00a0\u00a0\u00a0\u00a0\u00a0\u00a0\u00a0\u00a0\u00a0 <a href=\"https:\/\/www.saphy.com\/healthcare-cosmetique\/wp-content\/uploads\/2015\/11\/logo-vegan-v\u00e9g\u00e9talien.jpg\"><img decoding=\"async\" loading=\"lazy\" class=\"alignnone size-medium wp-image-3228\" src=\"https:\/\/www.saphy.com\/healthcare-cosmetique\/wp-content\/uploads\/2015\/11\/logo-vegan-v\u00e9g\u00e9talien-300x269.jpg\" alt=\"produits vegan himalaya herbals\" width=\"300\" height=\"269\" srcset=\"https:\/\/www.saphy.com\/healthcare-cosmetique\/wp-content\/uploads\/2015\/11\/logo-vegan-v\u00e9g\u00e9talien-300x269.jpg 300w, https:\/\/www.saphy.com\/healthcare-cosmetique\/wp-content\/uploads\/2015\/11\/logo-vegan-v\u00e9g\u00e9talien.jpg 700w\" sizes=\"(max-width: 300px) 100vw, 300px\" \/><\/a><\/p>\n<p>Huile de massage pour b\u00e9b\u00e9s<\/p>\n<p>Ce qu&rsquo;il fait:<\/p>\n<p>Le massage quotidien avec l&rsquo;huile de massage pour b\u00e9b\u00e9s d&rsquo;Himalaya contribue \u00e0 am\u00e9liorer la croissance et le d\u00e9veloppement du b\u00e9b\u00e9. Infus\u00e9 \u00e0 l&rsquo;huile d&rsquo;olive et \u00e0 la cerise d&rsquo;hiver, l&rsquo;huile de massage pour b\u00e9b\u00e9s est cliniquement prouv\u00e9e qu&rsquo;elle est suffisamment douce pour \u00eatre utilis\u00e9e chez les b\u00e9b\u00e9s. Il s&rsquo;agit d&rsquo;une huile l\u00e9g\u00e8re et non colorante qui peut \u00eatre utilis\u00e9e avant de se baigner comme huile de massage, ainsi que pour l&rsquo;hydratation apr\u00e8s le bain.<\/p>\n<p>Sans Parab\u00e8nes<\/p>\n<p>Sans huile min\u00e9rale<\/p>\n<p>Sans lanoline<\/p>\n<p>Sans colorants synth\u00e9tiques<\/p>\n<p>Ingr\u00e9dients cl\u00e9s:<\/p>\n<p>L&rsquo;huile d&rsquo;olive, enrichie en vitamine E, nourrit, prot\u00e8ge et adoucit la peau du b\u00e9b\u00e9. Il a des propri\u00e9t\u00e9s apaisantes et antimicrobiennes, ce qui garantit que la peau du b\u00e9b\u00e9 est saine et nourrit . Il renforce \u00e9galement les ongles de votre petit et adoucit les cuticules.<\/p>\n<p>La cerise d&rsquo;hiver am\u00e9liore le tonus de la peau et apaise la peau du b\u00e9b\u00e9.<\/p>\n<p>Taille du paquet:<br \/>\n200 ml<\/p>\n<p>Mode d&#8217;emploi:<\/p>\n<p>Masser le corps du b\u00e9b\u00e9 avec de l&rsquo;huile de massage pour b\u00e9b\u00e9s, de pr\u00e9f\u00e9rence une demi-heure avant l&rsquo;heure du bain.<\/p>\n<p>Dis m&rsquo;en plus:<\/p>\n<p>Une \u00e9tude clinique ouverte a \u00e9t\u00e9 effectu\u00e9e dans le D\u00e9partement de p\u00e9diatrie, le Coll\u00e8ge m\u00e9dical de Kolkata, en Inde, afin de d\u00e9pister l&rsquo;efficacit\u00e9 et l&rsquo;innocuit\u00e9 de l&rsquo;huile de massage pour b\u00e9b\u00e9s de l&rsquo;Himalaya dans le traitement de la peau s\u00e8che infantile (x\u00e9rose), qui est une affection cutan\u00e9e commune chez les nourrissons .<br \/>\nLes r\u00e9sultats ont montr\u00e9 une r\u00e9duction significative de la s\u00e9cheresse de la peau et une am\u00e9lioration de la douceur de la peau et de l&rsquo;\u00e9clat de la peau. On a \u00e9galement observ\u00e9 que l&rsquo;huile de massage pour b\u00e9b\u00e9 a \u00e9t\u00e9 absorb\u00e9e rapidement, laissant la peau de b\u00e9b\u00e9 douce ,souple et sans s\u00e8cheresse cutan\u00e9e.<\/p>\n<p>&nbsp;<\/p>\n<p>Himalaya Herbals Baby Massage Oil<br \/>\nOil massage to health<\/p>\n<p>What it does:<\/p>\n<p>Daily massage with Himalaya\u2019s Baby Massage Oil helps in improving baby&rsquo;s growth and development. Infused with Olive Oil and Winter Cherry, Baby Massage Oil is clinically proven to be mild enough to use on babies. It is a light and non-staining oil which can be used before bathing as a massage oil as also for moisturizing after bathing.<\/p>\n<p>Key ingredients:<\/p>\n<p>Olive Oil, enriched with Vitamin E, nourishes, protects and softens baby\u2019s skin. It has soothing and antimicrobial properties, which ensures that baby&rsquo;s skin is healthy and lustrous. It also strengthens your little one&rsquo;s nails and softens cuticles.<\/p>\n<p>Winter Cherry improves skin tone and soothes baby\u2019s skin.<\/p>\n<p>Pack size:<br \/>\n200 ml<\/p>\n<p>Directions for use:<\/p>\n<p>Massage baby&rsquo;s body with Baby Massage Oil, preferably half an hour before bath time.<\/p>\n<p>Tell me more:<\/p>\n<p>An open clinical study was carried out in the Department of Pediatrics, Medical College, Kolkata, India, to screen the efficacy and safety of Himalaya&rsquo;s Baby Massage Oil in the treatment of infantile dry skin (xerosis), which is a common skin condition in infants.<br \/>\nThe results showed a significant reduction in skin dryness and an improvement in skin softness and skin glow. It was also observed that Baby Massage Oil was absorbed rapidly, leaving baby&rsquo;s skin soft with a natural, healthy glow, without a greasy after-feel.<\/p>\n<p>&nbsp;<\/p>\n","protected":false},"excerpt":{"rendered":"<p>Une huile d\u00e9licate sp\u00e9cifiquement adapt\u00e9 pour la peau fragile de b\u00e9b\u00e9 qui nourrit et prot\u00e8ge\u00a0 la peau en profondeur.<\/p>\n<p>Une formule unique riche en huile d&rsquo;olive nourrissante,en Alkekeng\u00e9 tonifiant en aloe vera qui prot\u00e8ge et hydrate la peau.<\/p>\n<p>Sans Parab\u00e8nes<br \/>\nSans huile min\u00e9rale Sans lanoline<br \/>\nSans colorants synth\u00e9tiques<\/p>\n","protected":false},"featured_media":4060,"comment_status":"open","ping_status":"closed","template":"","meta":[],"_links":{"self":[{"href":"https:\/\/www.saphy.com\/healthcare-cosmetique\/wp-json\/wp\/v2\/product\/1979"}],"collection":[{"href":"https:\/\/www.saphy.com\/healthcare-cosmetique\/wp-json\/wp\/v2\/product"}],"about":[{"href":"https:\/\/www.saphy.com\/healthcare-cosmetique\/wp-json\/wp\/v2\/types\/product"}],"replies":[{"embeddable":true,"href":"https:\/\/www.saphy.com\/healthcare-cosmetique\/wp-json\/wp\/v2\/comments?post=1979"}],"wp:featuredmedia":[{"embeddable":true,"href":"https:\/\/www.saphy.com\/healthcare-cosmetique\/wp-json\/wp\/v2\/media\/4060"}],"wp:attachment":[{"href":"https:\/\/www.saphy.com\/healthcare-cosmetique\/wp-json\/wp\/v2\/media?parent=1979"}],"curies":[{"name":"wp","href":"https:\/\/api.w.org\/{rel}","templated":true}]}}