{"id":1981,"date":"2015-11-24T13:35:31","date_gmt":"2015-11-24T12:35:31","guid":{"rendered":"https:\/\/www.saphy.com\/healthcare-cosmetique\/?post_type=product&#038;p=1981"},"modified":"2023-07-24T14:52:40","modified_gmt":"2023-07-24T13:52:40","slug":"gel-lavant-doux-pour-bebehimalaya-herbals","status":"publish","type":"product","link":"https:\/\/www.saphy.com\/healthcare-cosmetique\/produit\/gel-lavant-doux-pour-bebehimalaya-herbals\/","title":{"rendered":"Gel lavant doux pour B\u00e9B\u00e9 Himalaya Herbals"},"content":{"rendered":"<p>Gel lavant doux pour B\u00e9B\u00e9 Himalaya Herbals\u00a0\u00a0\u00a0\u00a0\u00a0\u00a0\u00a0\u00a0\u00a0\u00a0\u00a0\u00a0\u00a0\u00a0\u00a0\u00a0\u00a0\u00a0\u00a0\u00a0\u00a0\u00a0\u00a0\u00a0\u00a0\u00a0\u00a0\u00a0\u00a0\u00a0\u00a0\u00a0\u00a0\u00a0\u00a0\u00a0\u00a0\u00a0\u00a0\u00a0\u00a0\u00a0\u00a0\u00a0\u00a0\u00a0\u00a0\u00a0\u00a0\u00a0\u00a0\u00a0\u00a0\u00a0\u00a0\u00a0\u00a0\u00a0\u00a0\u00a0\u00a0\u00a0\u00a0\u00a0\u00a0\u00a0\u00a0 <a href=\"https:\/\/www.saphy.com\/healthcare-cosmetique\/wp-content\/uploads\/2015\/11\/logo-vegan-v\u00e9g\u00e9talien.jpg\"><img decoding=\"async\" loading=\"lazy\" class=\"alignnone size-medium wp-image-3228\" src=\"https:\/\/www.saphy.com\/healthcare-cosmetique\/wp-content\/uploads\/2015\/11\/logo-vegan-v\u00e9g\u00e9talien-300x269.jpg\" alt=\"produits vegan himalaya herbals\" width=\"300\" height=\"269\" srcset=\"https:\/\/www.saphy.com\/healthcare-cosmetique\/wp-content\/uploads\/2015\/11\/logo-vegan-v\u00e9g\u00e9talien-300x269.jpg 300w, https:\/\/www.saphy.com\/healthcare-cosmetique\/wp-content\/uploads\/2015\/11\/logo-vegan-v\u00e9g\u00e9talien.jpg 700w\" sizes=\"(max-width: 300px) 100vw, 300px\" \/><\/a><\/p>\n<p>Un gel lavant extra doux formul\u00e9 aux pois chiches riches en prot\u00e9ines naturelles qui prot\u00e8ge le film hydrolipidique de la peau et en haricot mung qui nourrit et adoucit la peau d\u00e9licate.<\/p>\n<p>Le Gel lavant doux pour B\u00e9B\u00e9 Himalaya Herbals est unique de par sa formulation naturelle,\u00a0riche en\u00a0\u00a0pois chiches, du fenugrec et du gramme vert qui nettoie d\u00e9licatement la peau de votre nouveau-n\u00e9.<br \/>\nIngr\u00e9dients cl\u00e9s:<br \/>\nLe pois chiche nettoie et apaise la peau d\u00e9licate du b\u00e9b\u00e9. Le pois chiche contient des antioxydants qui sont utiles dans le traitement des maladies de la peau et dans la lutte contre les pellicules.<br \/>\nGreen Gram rend la peau de b\u00e9b\u00e9 douce et souple. Il nettoie sans provoquer d&rsquo;irritation.<br \/>\nLe fenugrec, traditionnellement utilis\u00e9 dans les m\u00e9dicaments ayurv\u00e9diques, est un excellent hydratant, particuli\u00e8rement b\u00e9n\u00e9fique pour hydrater la peau s\u00e8che du b\u00e9b\u00e9.<br \/>\nTaille du paquet:<br \/>\n200 ml<br \/>\nMode d&#8217;emploi:<br \/>\nVersez\u00a0une noisette du \u00a0Gel lavant doux pour B\u00e9B\u00e9 Himalaya Herbals sur une \u00e9ponge ou des mains mouill\u00e9es et appliquez-en \u00e0 la peau du b\u00e9b\u00e9. de b\u00e9b\u00e9.<br \/>\nPrincipaux bienfaits:<br \/>\nNettoie en douceur.<br \/>\nApaise et nourrit la peau de b\u00e9b\u00e9 en une seule \u00e9tape sans dess\u00e9cher la peau.<br \/>\nPrincipaux composants botaniques:<br \/>\nPois Chiche apaise<br \/>\nHaricot mung rend la peau souple et douce<\/p>\n<p>Sans Parabens<br \/>\nni SLS\/SLES<br \/>\nni colorants synth\u00e9tiques<\/p>\n<p>&nbsp;<\/p>\n<p>Himalaya herbals gentle baby bath<\/p>\n<p>&nbsp;<\/p>\n<p>Bath-time, made natural!<\/p>\n<p>What it does:<\/p>\n<p>Himalaya\u2019s Gentle Baby Bath is unique by its natural formulation, infused with the goodness of Chickpea, Fenugreek and Green Gram which cleanses your newborn\u2019s skin, gently.<\/p>\n<p>Key ingredients:<\/p>\n<p>Chickpea cleanses and soothes baby\u2019s delicate skin. Chickpea contains antioxidants that are helpful in treating skin diseases and in battling dandruff.<\/p>\n<p>Green Gram makes baby\u2019s skin soft and supple. It removes dirt without causing any irritation.<\/p>\n<p>Fenugreek, traditionally used in Ayurvedic medicines, is an excellent moisturizer, especially beneficial in hydrating baby\u2019s dry skin.<\/p>\n<p>Pack size:<\/p>\n<p>200 ml<\/p>\n<p>Directions for use:<\/p>\n<p>Pour Gentle Baby Bath onto a wet sponge or hands and apply to baby&rsquo;s skin. Lather, rinse and repeat, if necessary<\/p>\n<p>&nbsp;<\/p>\n","protected":false},"excerpt":{"rendered":"<p>Un gel lavant extra doux formul\u00e9 aux pois chiches riches en prot\u00e9ines naturelles qui prot\u00e8ge le film hydrolipidique de la peau et en haricot mung qui nourrit et adoucit la peau d\u00e9licate de b\u00e9b\u00e9.<br \/>\nPrincipaux bienfaits:<br \/>\nNettoie en douceur.<br \/>\nApaise et nourrit la peau de b\u00e9b\u00e9 en une seule \u00e9tape sans dess\u00e9cher la peau.<br \/>\nPrincipaux composants botaniques:<br \/>\nPois Chiche apaise<br \/>\nHaricot mung rend la peau souple et douce<\/p>\n<p>Sans Parabens<br \/>\nni SLS\/SLES<br \/>\nni colorants synth\u00e9tiques<\/p>\n","protected":false},"featured_media":4061,"comment_status":"open","ping_status":"closed","template":"","meta":[],"_links":{"self":[{"href":"https:\/\/www.saphy.com\/healthcare-cosmetique\/wp-json\/wp\/v2\/product\/1981"}],"collection":[{"href":"https:\/\/www.saphy.com\/healthcare-cosmetique\/wp-json\/wp\/v2\/product"}],"about":[{"href":"https:\/\/www.saphy.com\/healthcare-cosmetique\/wp-json\/wp\/v2\/types\/product"}],"replies":[{"embeddable":true,"href":"https:\/\/www.saphy.com\/healthcare-cosmetique\/wp-json\/wp\/v2\/comments?post=1981"}],"wp:featuredmedia":[{"embeddable":true,"href":"https:\/\/www.saphy.com\/healthcare-cosmetique\/wp-json\/wp\/v2\/media\/4061"}],"wp:attachment":[{"href":"https:\/\/www.saphy.com\/healthcare-cosmetique\/wp-json\/wp\/v2\/media?parent=1981"}],"curies":[{"name":"wp","href":"https:\/\/api.w.org\/{rel}","templated":true}]}}