{"id":1983,"date":"2015-11-24T13:38:48","date_gmt":"2015-11-24T12:38:48","guid":{"rendered":"https:\/\/www.saphy.com\/healthcare-cosmetique\/?post_type=product&#038;p=1983"},"modified":"2023-07-24T14:52:27","modified_gmt":"2023-07-24T13:52:27","slug":"shampooing-doux-pour-bebehimalaya-herbals","status":"publish","type":"product","link":"https:\/\/www.saphy.com\/healthcare-cosmetique\/produit\/shampooing-doux-pour-bebehimalaya-herbals\/","title":{"rendered":"Shampooing doux pour B\u00e9B\u00e9 Himalaya Herbals"},"content":{"rendered":"<p><a href=\"https:\/\/www.saphy.com\/healthcare-cosmetique\/wp-content\/uploads\/2015\/11\/logo-vegan-v\u00e9g\u00e9talien.jpg\"><img decoding=\"async\" loading=\"lazy\" class=\"alignnone size-medium wp-image-3228\" src=\"https:\/\/www.saphy.com\/healthcare-cosmetique\/wp-content\/uploads\/2015\/11\/logo-vegan-v\u00e9g\u00e9talien-300x269.jpg\" alt=\"produits vegan himalaya herbals\" width=\"300\" height=\"269\" srcset=\"https:\/\/www.saphy.com\/healthcare-cosmetique\/wp-content\/uploads\/2015\/11\/logo-vegan-v\u00e9g\u00e9talien-300x269.jpg 300w, https:\/\/www.saphy.com\/healthcare-cosmetique\/wp-content\/uploads\/2015\/11\/logo-vegan-v\u00e9g\u00e9talien.jpg 700w\" sizes=\"(max-width: 300px) 100vw, 300px\" \/><\/a><\/p>\n<p>Shampooing doux pour B\u00e9B\u00e9 Himalaya Herbals<\/p>\n<p>Pour des cheveux doux<\/p>\n<p>Ce qu&rsquo;il fait:<\/p>\n<p>La formule Shampooing pour b\u00e9b\u00e9 doux de l&rsquo;Himalaya est un shampooing ultra doux qui ne pique pas les yeux. Il adoucit, nourrit et am\u00e9liore l&rsquo;\u00e9clat des cheveux de votre b\u00e9b\u00e9, le laissant doux et frais.<\/p>\n<p>Ingr\u00e9dients cl\u00e9s:<\/p>\n<p>Le pois chiche, une source naturelle de prot\u00e9ines, nourrit efficacement les cheveux, le rendant sain et brillant.<\/p>\n<p>Hibiscus contient de l&rsquo;huile naturelle qui agit comme agent de conditionnement et adoucit les cheveux. Cela favorise la croissance des cheveux du b\u00e9b\u00e9.<\/p>\n<p>Khus Grass, avec ses propri\u00e9t\u00e9s antibact\u00e9riennes et antifongiques,\u00a0rafraichit le cuir chevelu du b\u00e9b\u00e9.<\/p>\n<p>Taille du paquet:<\/p>\n<p>40 ml, 100 ml, 200 ml et 400 ml<\/p>\n<p>Mode d&#8217;emploi:<\/p>\n<p>Utilisez des cheveux humides et appliquez Shampooing doux pour b\u00e9b\u00e9s. M\u00e9langez, rincez bien et r\u00e9p\u00e9tez, si n\u00e9cessaire.<\/p>\n<p>Sans Parab\u00e8nes<br \/>\nSans SLS\/SLES<br \/>\nSans colorants synth\u00e9tiques<\/p>\n<p>&nbsp;<\/p>\n<p>Himalaya Herbals Baby shampoo<\/p>\n<p>Hair kept so soft<\/p>\n<p>What it does:<\/p>\n<p>Himalaya\u2019s Gentle Baby Shampoo formulation is a mild, \u201cno tears\u00a0\u00bb shampoo. It softens, nourishes and improves your baby&rsquo;s hair lustre, leaving it soft and fresh.<\/p>\n<p>Key ingredients:<\/p>\n<p>Chickpea, a natural source of protein, effectively nourishes hair, making it healthy and shiny.<\/p>\n<p>Hibiscus contains natural oil that acts as a conditioning agent and softens the hair. It helps promote baby&rsquo;s hair growth.<\/p>\n<p>Khus Grass, with its antibacterial and antifungal properties, cools baby&rsquo;s scalp.<\/p>\n<p>Pack size:<\/p>\n<p>200ml<\/p>\n<p>Directions for use:<\/p>\n<p>Wet baby&rsquo;s hair and apply Gentle Baby Shampoo. Lather, rinse well and repeat, if required.<\/p>\n<p>&nbsp;<\/p>\n<p>&nbsp;<\/p>\n","protected":false},"excerpt":{"rendered":"<p>Une formule d\u00e9licate enrichie en pois chiche qui apporte les prot\u00e9ines naturelles pour prot\u00e9ger la fibre capillaire et en hibiscus qui apporte souplesse et brillance aux cheveux fragiles de B\u00e9b\u00e9.<\/p>\n<p>Principaux bienfaits:<br \/>\nNe pique pas les yeux. Nourrit &amp; adoucit les cheveux<\/p>\n<p>sans Parab\u00e8nes<br \/>\nni SLS\/SLES<br \/>\nni colorants synth\u00e9tiques<\/p>\n","protected":false},"featured_media":4058,"comment_status":"open","ping_status":"closed","template":"","meta":[],"_links":{"self":[{"href":"https:\/\/www.saphy.com\/healthcare-cosmetique\/wp-json\/wp\/v2\/product\/1983"}],"collection":[{"href":"https:\/\/www.saphy.com\/healthcare-cosmetique\/wp-json\/wp\/v2\/product"}],"about":[{"href":"https:\/\/www.saphy.com\/healthcare-cosmetique\/wp-json\/wp\/v2\/types\/product"}],"replies":[{"embeddable":true,"href":"https:\/\/www.saphy.com\/healthcare-cosmetique\/wp-json\/wp\/v2\/comments?post=1983"}],"wp:featuredmedia":[{"embeddable":true,"href":"https:\/\/www.saphy.com\/healthcare-cosmetique\/wp-json\/wp\/v2\/media\/4058"}],"wp:attachment":[{"href":"https:\/\/www.saphy.com\/healthcare-cosmetique\/wp-json\/wp\/v2\/media?parent=1983"}],"curies":[{"name":"wp","href":"https:\/\/api.w.org\/{rel}","templated":true}]}}