{"id":1986,"date":"2015-11-24T13:53:54","date_gmt":"2015-11-24T12:53:54","guid":{"rendered":"https:\/\/www.saphy.com\/healthcare-cosmetique\/?post_type=product&#038;p=1986"},"modified":"2023-07-24T14:52:15","modified_gmt":"2023-07-24T13:52:15","slug":"creme-hydratante-bebehimalaya-herbals","status":"publish","type":"product","link":"https:\/\/www.saphy.com\/healthcare-cosmetique\/produit\/creme-hydratante-bebehimalaya-herbals\/","title":{"rendered":"Cr\u00e8me hydratante B\u00e9B\u00e9 Himalaya Herbals"},"content":{"rendered":"<p>Cr\u00e8me hydratante B\u00e9B\u00e9 Himalaya Herbals\u00a0\u00a0\u00a0\u00a0\u00a0\u00a0\u00a0\u00a0\u00a0\u00a0\u00a0\u00a0\u00a0\u00a0\u00a0\u00a0\u00a0\u00a0\u00a0\u00a0\u00a0\u00a0\u00a0\u00a0\u00a0\u00a0\u00a0\u00a0\u00a0\u00a0\u00a0\u00a0\u00a0\u00a0\u00a0\u00a0\u00a0\u00a0\u00a0\u00a0\u00a0\u00a0\u00a0\u00a0\u00a0\u00a0\u00a0\u00a0\u00a0\u00a0\u00a0\u00a0\u00a0\u00a0\u00a0\u00a0\u00a0\u00a0\u00a0\u00a0\u00a0\u00a0\u00a0\u00a0\u00a0\u00a0\u00a0\u00a0\u00a0\u00a0\u00a0\u00a0\u00a0 <a href=\"https:\/\/www.saphy.com\/healthcare-cosmetique\/wp-content\/uploads\/2015\/11\/logo-vegan-v\u00e9g\u00e9talien.jpg\"><img decoding=\"async\" loading=\"lazy\" class=\"alignnone size-medium wp-image-3228\" src=\"https:\/\/www.saphy.com\/healthcare-cosmetique\/wp-content\/uploads\/2015\/11\/logo-vegan-v\u00e9g\u00e9talien-300x269.jpg\" alt=\"produits vegan himalaya herbals\" width=\"300\" height=\"269\" srcset=\"https:\/\/www.saphy.com\/healthcare-cosmetique\/wp-content\/uploads\/2015\/11\/logo-vegan-v\u00e9g\u00e9talien-300x269.jpg 300w, https:\/\/www.saphy.com\/healthcare-cosmetique\/wp-content\/uploads\/2015\/11\/logo-vegan-v\u00e9g\u00e9talien.jpg 700w\" sizes=\"(max-width: 300px) 100vw, 300px\" \/><\/a><\/p>\n<p>Une Cr\u00e8me l\u00e9g\u00e8re enrichie\u00a0 en\u00a0 d&rsquo;huile d&rsquo;olive qui nourrit et adoucie et en mauve indienne qui hydrate et prot\u00e8ge la peau fragile de B\u00e9b\u00e9.\u00a0 La Cr\u00e8me hydratante B\u00e9B\u00e9 Himalaya Herbals est sp\u00e9cialement formul\u00e9 pour prot\u00e9ger la peau de b\u00e9b\u00e9 de la s\u00e8cheresse . Notre cr\u00e8me b\u00e9b\u00e9 offre \u00e9galement une protection contre l&rsquo;humidit\u00e9 irritante et les br\u00fblures du vent. Les ingr\u00e9dients cl\u00e9s fonctionnent sp\u00e9cialement non seulement pour hydrater la peau du b\u00e9b\u00e9, mais aussi pour pr\u00e9server sa douceur naturelle.<\/p>\n<p>Ingr\u00e9dients cl\u00e9s:<\/p>\n<p>L&rsquo;huile d&rsquo;olive, enrichie en vitamine E, nourrit, prot\u00e8ge et adoucit la peau et emp\u00eache les frottements. Il a des propri\u00e9t\u00e9s apaisantes, ce qui maintient la peau du b\u00e9b\u00e9 saine et douce.<\/p>\n<p>Country Mallow, un antioxydant, a des propri\u00e9t\u00e9s nourrissantes et prot\u00e8ge la peau du b\u00e9b\u00e9 contre les germes.<\/p>\n<p>La r\u00e9g\u00e9n\u00e9ratrice prot\u00e8ge et apaise la peau du b\u00e9b\u00e9.<\/p>\n<p>R\u00e9glisse prot\u00e8ge et adoucit la peau de b\u00e9b\u00e9.<\/p>\n<p>Sans huile min\u00e9rale<\/p>\n<p>Sans lanoline<\/p>\n<p>Sans \u00a0colorants synth\u00e9tiques<\/p>\n<p>Himalaya Herbals Baby Cream<\/p>\n<p>A light cream enriched with nourishing and softened olive oil and Indian mauve that moisturizes and protects the fragile skin of Baby. Himalaya Herbals B\u00e9b\u00e9 Himalaya Herbals Moisturizing Cream is specially formulated to protect baby&rsquo;s skin from drought. Our baby cream also offers protection against irritating moisture and wind burns. The key ingredients work especially well not only to moisturize the baby&rsquo;s skin but also to preserve its natural sweetness.<br \/>\nKey Ingredients:<br \/>\nOlive oil, enriched with vitamin E, nourishes, protects and softens the skin and prevents rubbing. It has soothing properties, which keeps the baby&rsquo;s skin healthy and soft.<br \/>\nCountry Mallow, an antioxidant, has nourishing properties and protects the baby&rsquo;s skin from germs.<br \/>\nThe regenerator protects and soothes the baby&rsquo;s skin.<br \/>\nLicorice protects and softens baby&rsquo;s skin.<br \/>\nWithout mineral oil<br \/>\nWithout lanolin<br \/>\nWithout synthetic dyes<\/p>\n<p>&nbsp;<\/p>\n","protected":false},"excerpt":{"rendered":"<p>Une Cr\u00e8me l\u00e9g\u00e8re enrichie\u00a0 en\u00a0 d&rsquo;huile d&rsquo;olive qui nourrit et adoucie et en mauve indienne qui hydrate et prot\u00e8ge la peau fragile de B\u00e9B\u00e9.<\/p>\n<p>Sans huile min\u00e9rale ni lanoline ni colorants synth\u00e9tiques<\/p>\n","protected":false},"featured_media":4057,"comment_status":"open","ping_status":"closed","template":"","meta":[],"_links":{"self":[{"href":"https:\/\/www.saphy.com\/healthcare-cosmetique\/wp-json\/wp\/v2\/product\/1986"}],"collection":[{"href":"https:\/\/www.saphy.com\/healthcare-cosmetique\/wp-json\/wp\/v2\/product"}],"about":[{"href":"https:\/\/www.saphy.com\/healthcare-cosmetique\/wp-json\/wp\/v2\/types\/product"}],"replies":[{"embeddable":true,"href":"https:\/\/www.saphy.com\/healthcare-cosmetique\/wp-json\/wp\/v2\/comments?post=1986"}],"wp:featuredmedia":[{"embeddable":true,"href":"https:\/\/www.saphy.com\/healthcare-cosmetique\/wp-json\/wp\/v2\/media\/4057"}],"wp:attachment":[{"href":"https:\/\/www.saphy.com\/healthcare-cosmetique\/wp-json\/wp\/v2\/media?parent=1986"}],"curies":[{"name":"wp","href":"https:\/\/api.w.org\/{rel}","templated":true}]}}