{"id":1988,"date":"2015-11-24T14:02:59","date_gmt":"2015-11-24T13:02:59","guid":{"rendered":"https:\/\/www.saphy.com\/healthcare-cosmetique\/?post_type=product&#038;p=1988"},"modified":"2023-07-24T14:52:05","modified_gmt":"2023-07-24T13:52:05","slug":"talc-apaisant-pour-bebehimalaya-herbals","status":"publish","type":"product","link":"https:\/\/www.saphy.com\/healthcare-cosmetique\/produit\/talc-apaisant-pour-bebehimalaya-herbals\/","title":{"rendered":"Talc apaisant pour B\u00e9B\u00e9 Himalaya Herbals"},"content":{"rendered":"<p>Talc apaisant pour B\u00e9B\u00e9 Himalaya Herbals <a href=\"https:\/\/www.saphy.com\/healthcare-cosmetique\/wp-content\/uploads\/2015\/11\/logo-vegan-v\u00e9g\u00e9talien.jpg\"><img decoding=\"async\" loading=\"lazy\" class=\"alignnone size-medium wp-image-3228\" src=\"https:\/\/www.saphy.com\/healthcare-cosmetique\/wp-content\/uploads\/2015\/11\/logo-vegan-v\u00e9g\u00e9talien-300x269.jpg\" alt=\"produits vegan himalaya herbals\" width=\"300\" height=\"269\" srcset=\"https:\/\/www.saphy.com\/healthcare-cosmetique\/wp-content\/uploads\/2015\/11\/logo-vegan-v\u00e9g\u00e9talien-300x269.jpg 300w, https:\/\/www.saphy.com\/healthcare-cosmetique\/wp-content\/uploads\/2015\/11\/logo-vegan-v\u00e9g\u00e9talien.jpg 700w\" sizes=\"(max-width: 300px) 100vw, 300px\" \/><\/a><\/p>\n<p>Une poudre fine et d\u00e9licate qui absorbe l&rsquo;humidit\u00e9 , apaise et satine la peau de b\u00e9b\u00e9.<\/p>\n<p>L&rsquo;huile d&rsquo;olive, enrichie en vitamine E, nourrit, prot\u00e8ge et adoucit la peau et emp\u00eache les frottements. Il a des propri\u00e9t\u00e9s apaisantes, qui gardent la peau de b\u00e9b\u00e9 saine et douce.<br \/>\nL&rsquo;huile d&rsquo;amande est un excellent adoucisseur de peau qui hydrate la peau du b\u00e9b\u00e9.<br \/>\nKhus-Khus a des propri\u00e9t\u00e9s antitranspirantes et astringentes, qui\u00a0absorbent l&rsquo;humidit\u00e9 \u00a0pendant la journ\u00e9e.<br \/>\nLe zinc naturel a des propri\u00e9t\u00e9s antiseptiques et a traditionnellement \u00e9t\u00e9 utilis\u00e9 comme agent cicatrisant.<\/p>\n<p>Principaux bienfaits: Garde la peau de b\u00e9b\u00e9 au sec Laisse la peau douce<\/p>\n<p>Sans parab\u00e8nes<\/p>\n<p>Sans phtalates<\/p>\n<p>Sans colorants synth\u00e9tiques<\/p>\n<p>&nbsp;<\/p>\n<p>Himalaya Herbals baby powder<\/p>\n<p>A fine and delicate powder that absorbs moisture, soothes and satins the skin<\/p>\n<p>Olive Oil, enriched with Vitamin E, nourishes, protects and softens skin and prevents chafing. It has soothing properties, which keep baby&rsquo;s skin healthy and soft.<br \/>\nAlmond Oil is an excellent skin softener, which moisturizes baby&rsquo;s skin.<br \/>\nKhus-Khus has antiperspirant and astringent properties, which keep baby dry throughout the day.<br \/>\nNatural Zinc is infused with antiseptic properties and has traditionally been used as wound healing agents.<br \/>\nMain benefits: Keep baby&rsquo;s skin dry Leaves the skin soft<br \/>\nWithout parabens<br \/>\nPhthalate free<br \/>\nWithout synthetic dyes<\/p>\n","protected":false},"excerpt":{"rendered":"<p>Une poudre fine et d\u00e9licate qui absorbe l&rsquo;humidit\u00e9 , apaise et satine la peau<br \/>\nPrincipaux bienfaits:<br \/>\nGarde la peau de b\u00e9b\u00e9 au sec<br \/>\nLaisse la peau douce<\/p>\n<p>Sans parabenes<br \/>\nSans phtalates<br \/>\nni colorants synth\u00e9tiques<\/p>\n","protected":false},"featured_media":4056,"comment_status":"open","ping_status":"closed","template":"","meta":[],"_links":{"self":[{"href":"https:\/\/www.saphy.com\/healthcare-cosmetique\/wp-json\/wp\/v2\/product\/1988"}],"collection":[{"href":"https:\/\/www.saphy.com\/healthcare-cosmetique\/wp-json\/wp\/v2\/product"}],"about":[{"href":"https:\/\/www.saphy.com\/healthcare-cosmetique\/wp-json\/wp\/v2\/types\/product"}],"replies":[{"embeddable":true,"href":"https:\/\/www.saphy.com\/healthcare-cosmetique\/wp-json\/wp\/v2\/comments?post=1988"}],"wp:featuredmedia":[{"embeddable":true,"href":"https:\/\/www.saphy.com\/healthcare-cosmetique\/wp-json\/wp\/v2\/media\/4056"}],"wp:attachment":[{"href":"https:\/\/www.saphy.com\/healthcare-cosmetique\/wp-json\/wp\/v2\/media?parent=1988"}],"curies":[{"name":"wp","href":"https:\/\/api.w.org\/{rel}","templated":true}]}}