{"id":2028,"date":"2015-12-28T10:30:51","date_gmt":"2015-12-28T09:30:51","guid":{"rendered":"https:\/\/www.saphy.com\/healthcare-cosmetique\/?post_type=product&#038;p=2028"},"modified":"2020-08-13T08:46:01","modified_gmt":"2020-08-13T07:46:01","slug":"pilex-pommade-30ghimalaya-herbals","status":"publish","type":"product","link":"https:\/\/www.saphy.com\/healthcare-cosmetique\/produit\/pilex-pommade-30ghimalaya-herbals\/","title":{"rendered":"PILEX pommade Himalaya Herbals"},"content":{"rendered":"<p>PILEX pommade Himalaya Herbals<\/p>\n<p>Depuis 1930, Himalaya puise et exploite pour vous les tr\u00e9sors de la m\u00e9decine ayurv\u00e9dique vieille de 5000 ans ! Des recherches approfondies sur les plantes du monde entier ont \u00e9t\u00e9 men\u00e9es par ses experts. Celles-ci ont abouti \u00e0 une s\u00e9lection d\u2019ingr\u00e9dients enti\u00e8rement naturels dont les bienfaits sont av\u00e9r\u00e9s sur la sant\u00e9 et la beaut\u00e9 Himalaya a su combiner cet immense savoir traditionnel avec les techniques modernes afin de cr\u00e9er les combinaisons parfaitement adapt\u00e9es aux besoins de l\u2019homme contemporain. Gr\u00e2ce \u00e0 l&rsquo;engagement de plus de 2000 collaborateurs, dont une \u00e9quipe de 100 chercheurs, Himalaya Herbals est une soci\u00e9t\u00e9 pl\u00e9biscit\u00e9e dans plus de 90 pays \u00e0 travers le monde et de plus de 100.000 m\u00e9decins y prescrivent nos produits.<\/p>\n<p>&nbsp;<\/p>\n<p>Une cr\u00e8me \u00e0 base de plantes utilis\u00e9es en ayurveda qui aident \u00e0 soulager les h\u00e9morro\u00efdes internes et externes et les varices.<\/p>\n<p>Principaux composants botaniques:<br \/>\n\u2022 Guggulu<br \/>\n\u2022 Shilajit<br \/>\n\u2022 Neem (Melia azadirachta)<br \/>\n\u2022 Daruharidra (Berberis aristata)<br \/>\n\u2022 Amalaki (Emblica officinalis)<br \/>\n\u2022 Haritaki (Terminalia chebula)<br \/>\n\u2022 Vibhitaki (Terminalia bellirica)<br \/>\n\u2022 Aragvadha (Cassia fistula)<br \/>\n\u2022 Kanchanara (Bauhinia variegata)<br \/>\n\u2022 Nagkesara (Mesua ferrea)<br \/>\n\u2022<br \/>\nConseil d&rsquo;utilisation:<br \/>\nA appliquer sur la zone concern\u00e9e 2 fois par jour.<br \/>\nUsage externe uniquement.<br \/>\n________________________________________<\/p>\n<p>Ingr\u00e9dients:<br \/>\nAqua, Propylene glycol, Petrolatum, Ceteryl alcohol, Paraffinum liquidum, Mimosa Pudica Leaf Extract, Cinnamomum Camphora Leaf Extract, Sodium Broate, Zinc oxide, Methylparaben, Propylparaben<\/p>\n<p data-placeholder=\"Traduction\">PILEX ointment Himalaya Herbals<\/p>\n<p data-placeholder=\"Traduction\">Since 1930, Himalaya draws and exploits for you the treasures of Ayurvedic medicine 5000 years old! Extensive research on plants around the world has been conducted by its experts. These have resulted in a selection of all natural ingredients whose benefits are proven to health and beauty Himalaya has combined this immense traditional knowledge with modern techniques to create combinations perfectly suited to the needs of contemporary man . Thanks to the commitment of more than 2,000 collaborators, including a team of 100 researchers, Himalaya Herbals is a company acclaimed in more than 90 countries around the world and more than 100,000 doctors prescribe our products.<\/p>\n<p data-placeholder=\"Traduction\">An effective natural remedy for internal and external hemorrhoids and varicose veins.<\/p>\n<p data-placeholder=\"Traduction\">Hemorrhoids: The laxative property of Pilex corrects chronic constipation associated with hemorrhoids.<\/p>\n<p data-placeholder=\"Traduction\">Relieves pain: The anti-inflammatory and anti-infectious effect helps reduce inflammation, inhibit infection and promote healing.<\/p>\n<p data-placeholder=\"Traduction\">Antimicrobials: Pilex provides relief from the obstruction of the liver and pressure of the anus. Pilex creates an intermediary role in liver disorders associated with venous congestion.<\/p>\n<p data-placeholder=\"Traduction\">Main botanical components: Guggulu Shilajit Neem (Melia azadirachta) Daruharidra (Berberis aristata) Amalaki (Emblica officinalis) Haritaki (Terminalia chebula) Vibhitaki (Terminalia bellirica) Aragvadha (Cassia fistula) Kanchanara (Bauhinia variegata) Nagkesara (Mesua ferrea) Apply to the affected area twice a day. External use only<\/p>\n<p data-placeholder=\"Traduction\">Ingr\u00e9dients:\u00a0Aqua, Propylene glycol, Petrolatum, Ceteryl alcohol, Paraffinum liquidum, Mimosa Pudica Leaf Extract, Cinnamomum Camphora Leaf Extract, Sodium Broate, Zinc oxide, Methylparaben, Propylparaben<\/p>\n<p>&nbsp;<\/p>\n<p>&nbsp;<\/p>\n","protected":false},"excerpt":{"rendered":"<p>PILEX pommade Himalaya Herbals<\/p>\n<p>Depuis 1930, Himalaya puise et exploite pour vous les tr\u00e9sors de la m\u00e9decine ayurv\u00e9dique vieille de 5000 ans ! Des recherches approfondies sur les plantes du monde entier ont \u00e9t\u00e9 men\u00e9es par ses experts. Celles-ci ont abouti \u00e0 une s\u00e9lection d\u2019ingr\u00e9dients enti\u00e8rement naturels dont les bienfaits sont av\u00e9r\u00e9s sur la sant\u00e9 et la beaut\u00e9 Himalaya a su combiner cet immense savoir traditionnel avec les techniques modernes afin de cr\u00e9er les combinaisons parfaitement adapt\u00e9es aux besoins de l\u2019homme contemporain. Gr\u00e2ce \u00e0 l&rsquo;engagement de plus de 2000 collaborateurs, dont une \u00e9quipe de 100 chercheurs, Himalaya Herbals est une soci\u00e9t\u00e9 pl\u00e9biscit\u00e9e dans plus de 90 pays \u00e0 travers le monde et de plus de 100.000 m\u00e9decins y prescrivent nos produits.<\/p>\n<p>PILEX POMMADE HIMALAYA HERBALS<\/p>\n<p>Une cr\u00e8me \u00e0 base de plantes utilis\u00e9es en ayurveda qui aident \u00e0 soulager les h\u00e9morro\u00efdes internes et externes et les varices.<\/p>\n<p>Principaux composants botaniques:<br \/>\n\u2022 Guggulu<br \/>\n\u2022 Shilajit<br \/>\n\u2022 Neem (Melia azadirachta)<br \/>\n\u2022 Daruharidra (Berberis aristata)<br \/>\n\u2022 Amalaki (Emblica officinalis)<br \/>\n\u2022 Haritaki (Terminalia chebula)<br \/>\n\u2022 Vibhitaki (Terminalia bellirica)<br \/>\n\u2022 Aragvadha (Cassia fistula)<br \/>\n\u2022 Kanchanara (Bauhinia variegata)<br \/>\n\u2022 Nagkesara (Mesua ferrea)<br \/>\n\u2022<br \/>\nConseil d&rsquo;utilisation:<br \/>\nA appliquer sur la zone concern\u00e9e 2 fois par jour.<br \/>\nUsage externe uniquement.<br \/>\n________________________________________<\/p>\n<p>Ingr\u00e9dients:<br \/>\nAqua, Propylene glycol, Petrolatum, Ceteryl alcohol, Paraffinum liquidum, Mimosa Pudica Leaf Extract, Cinnamomum Camphora Leaf Extract, Sodium Broate, Zinc oxide, Methylparaben, Propylparaben<\/p>\n<p data-placeholder=\"Traduction\">PILEX ointment Himalaya Herbals<\/p>\n<p data-placeholder=\"Traduction\">Since 1930, Himalaya draws and exploits for you the treasures of Ayurvedic medicine 5000 years old! Extensive research on plants around the world has been conducted by its experts. These have resulted in a selection of all natural ingredients whose benefits are proven to health and beauty Himalaya has combined this immense traditional knowledge with modern techniques to create combinations perfectly suited to the needs of contemporary man . Thanks to the commitment of more than 2,000 collaborators, including a team of 100 researchers, Himalaya Herbals is a company acclaimed in more than 90 countries around the world and more than 100,000 doctors prescribe our products.<\/p>\n<p data-placeholder=\"Traduction\">An effective natural remedy for internal and external hemorrhoids and varicose veins.<\/p>\n<p data-placeholder=\"Traduction\">Hemorrhoids: The laxative property of Pilex corrects chronic constipation associated with hemorrhoids.<\/p>\n<p data-placeholder=\"Traduction\">Relieves pain: The anti-inflammatory and anti-infectious effect helps reduce inflammation, inhibit infection and promote healing.<\/p>\n<p data-placeholder=\"Traduction\">Antimicrobials: Pilex provides relief from the obstruction of the liver and pressure of the anus. Pilex creates an intermediary role in liver disorders associated with venous congestion.<\/p>\n<p data-placeholder=\"Traduction\">Main botanical components: Guggulu Shilajit Neem (Melia azadirachta) Daruharidra (Berberis aristata) Amalaki (Emblica officinalis) Haritaki (Terminalia chebula) Vibhitaki (Terminalia bellirica) Aragvadha (Cassia fistula) Kanchanara (Bauhinia variegata) Nagkesara (Mesua ferrea) Apply to the affected area twice a day. External use only<\/p>\n<p data-placeholder=\"Traduction\">Ingr\u00e9dients:\u00a0Aqua, Propylene glycol, Petrolatum, Ceteryl alcohol, Paraffinum liquidum, Mimosa Pudica Leaf Extract, Cinnamomum Camphora Leaf Extract, Sodium Broate, Zinc oxide, Methylparaben, Propylparaben<\/p>\n<p>&nbsp;<\/p>\n<p>&nbsp;<\/p>\n","protected":false},"featured_media":4018,"comment_status":"open","ping_status":"closed","template":"","meta":[],"_links":{"self":[{"href":"https:\/\/www.saphy.com\/healthcare-cosmetique\/wp-json\/wp\/v2\/product\/2028"}],"collection":[{"href":"https:\/\/www.saphy.com\/healthcare-cosmetique\/wp-json\/wp\/v2\/product"}],"about":[{"href":"https:\/\/www.saphy.com\/healthcare-cosmetique\/wp-json\/wp\/v2\/types\/product"}],"replies":[{"embeddable":true,"href":"https:\/\/www.saphy.com\/healthcare-cosmetique\/wp-json\/wp\/v2\/comments?post=2028"}],"wp:featuredmedia":[{"embeddable":true,"href":"https:\/\/www.saphy.com\/healthcare-cosmetique\/wp-json\/wp\/v2\/media\/4018"}],"wp:attachment":[{"href":"https:\/\/www.saphy.com\/healthcare-cosmetique\/wp-json\/wp\/v2\/media?parent=2028"}],"curies":[{"name":"wp","href":"https:\/\/api.w.org\/{rel}","templated":true}]}}