{"id":2069,"date":"2016-01-19T15:17:50","date_gmt":"2016-01-19T14:17:50","guid":{"rendered":"https:\/\/www.saphy.com\/healthcare-cosmetique\/?post_type=product&#038;p=2069"},"modified":"2020-01-21T10:08:08","modified_gmt":"2020-01-21T09:08:08","slug":"stick-levres-au-cacaohimalaya-herbals","status":"publish","type":"product","link":"https:\/\/www.saphy.com\/healthcare-cosmetique\/produit\/stick-levres-au-cacaohimalaya-herbals\/","title":{"rendered":"Stick l\u00e8vres au cacao Himalaya Herbals"},"content":{"rendered":"<p>Stick l\u00e8vres au cacao Himalaya Herbals<\/p>\n<p>&nbsp;<\/p>\n<p>Depuis 1930, Himalaya puise et exploite pour vous les tr\u00e9sors de la m\u00e9decine ayurv\u00e9dique vieille de 5000 ans ! Des recherches approfondies sur les plantes du monde entier ont \u00e9t\u00e9 men\u00e9es par ses experts. Celles-ci ont abouti \u00e0 une s\u00e9lection d\u2019ingr\u00e9dients enti\u00e8rement naturels dont les bienfaits sont av\u00e9r\u00e9s sur la sant\u00e9 et la beaut\u00e9 Himalaya a su combiner cet immense savoir traditionnel avec les techniques modernes afin de cr\u00e9er les combinaisons parfaitement adapt\u00e9es aux besoins de l\u2019homme contemporain. Gr\u00e2ce \u00e0 l&rsquo;engagement de plus de 2000 collaborateurs, dont une \u00e9quipe de 100 chercheurs, Himalaya Herbals est une soci\u00e9t\u00e9 pl\u00e9biscit\u00e9e dans plus de 90 pays \u00e0 travers le monde et de plus de 100.000 m\u00e9decins y prescrivent nos produits.<\/p>\n<p>Un m\u00e9lange de beurres exotiques qui apaise et r\u00e9pare les l\u00e8vres gerc\u00e9es et fissur\u00e9es.<\/p>\n<p>Sans p\u00e9trole<br \/>\nSans colorants artificiels<br \/>\nSans conservateurs<\/p>\n<p>Principaux composants botaniques :<\/p>\n<p>Beurre de cacao une riche source de vitamine E, apaise et hydrate les l\u00e8vres.<br \/>\nShorea robusta ( beurre de Sal) antioxydant , adoucit et hydrate les l\u00e8vres.<\/p>\n<p>Ingr\u00e9dients:\u00a0Ricinus Communis Seed Oil, Cocos Nucifera Oil, Beeswax, Stearyl Behenate, Hydrogenated Castor Oil, Theobroma Cacao Seed Butter, Flavour, Tocopherol (vitamine \u0415), Mangifera Indica Seed Butter, Shorea Robusta Seed Butter, Garcinia Indica Seed Butter.<\/p>\n<p>Himalaya Herbals intensive moisturizing cocoa butter lip balm<\/p>\n<p>Since 1930, Himalaya draws and exploits for you the treasures of Ayurvedic medicine 5000 years old! Extensive research on plants around the world has been conducted by its experts. These have resulted in a selection of all natural ingredients whose benefits are proven to health and beauty Himalaya has combined this immense traditional knowledge with modern techniques to create combinations perfectly suited to the needs of contemporary man . Thanks to the commitment of more than 2,000 collaborators, including a team of 100 researchers, Himalaya Herbals is a company acclaimed in more than 90 countries around the world and more than 100,000 doctors prescribe our products.<\/p>\n<p>A mixture of exotic butters that soothes and repairs chapped and cracked lips.<br \/>\nNo oil<br \/>\nNo artificial colors<br \/>\nWithout preservatives<br \/>\nMain botanical components:<br \/>\nCocoa butter a rich source of vitamin E, soothes and moisturizes the lips.<br \/>\nShorea robusta (Sal butter) antioxidant, softens and moisturizes the lips.<\/p>\n<p>Ingr\u00e9dients:\u00a0Ricinus Communis Seed Oil, Cocos Nucifera Oil, Beeswax, Stearyl Behenate, Hydrogenated Castor Oil, Theobroma Cacao Seed Butter, Flavour, Tocopherol (vitamine \u0415), Mangifera Indica Seed Butter, Shorea Robusta Seed Butter, Garcinia Indica Seed Butter.<\/p>\n<p>&nbsp;<\/p>\n","protected":false},"excerpt":{"rendered":"<p>Stick l\u00e8vres au cacao Himalaya Herbals<\/p>\n<p>&nbsp;<\/p>\n<p>Depuis 1930, Himalaya puise et exploite pour vous les tr\u00e9sors de la m\u00e9decine ayurv\u00e9dique vieille de 5000 ans ! Des recherches approfondies sur les plantes du monde entier ont \u00e9t\u00e9 men\u00e9es par ses experts. Celles-ci ont abouti \u00e0 une s\u00e9lection d\u2019ingr\u00e9dients enti\u00e8rement naturels dont les bienfaits sont av\u00e9r\u00e9s sur la sant\u00e9 et la beaut\u00e9 Himalaya a su combiner cet immense savoir traditionnel avec les techniques modernes afin de cr\u00e9er les combinaisons parfaitement adapt\u00e9es aux besoins de l\u2019homme contemporain. Gr\u00e2ce \u00e0 l&rsquo;engagement de plus de 2000 collaborateurs, dont une \u00e9quipe de 100 chercheurs, Himalaya Herbals est une soci\u00e9t\u00e9 pl\u00e9biscit\u00e9e dans plus de 90 pays \u00e0 travers le monde et de plus de 100.000 m\u00e9decins y prescrivent nos produits.<\/p>\n<p>Un m\u00e9lange de beurres exotiques qui apaise et r\u00e9pare les l\u00e8vres gerc\u00e9es et fissur\u00e9es.<\/p>\n<p>Sans p\u00e9trole<br \/>\nSans colorants artificiels<br \/>\nSans conservateurs<\/p>\n<p>Principaux composants botaniques :<\/p>\n<p>Beurre de cacao une riche source de vitamine E, apaise et hydrate les l\u00e8vres.<br \/>\nShorea robusta ( beurre de Sal) antioxydant , adoucit et hydrate les l\u00e8vres.<\/p>\n<p>Ingr\u00e9dients:\u00a0Ricinus Communis Seed Oil, Cocos Nucifera Oil, Beeswax, Stearyl Behenate, Hydrogenated Castor Oil, Theobroma Cacao Seed Butter, Flavour, Tocopherol (vitamine \u0415), Mangifera Indica Seed Butter, Shorea Robusta Seed Butter, Garcinia Indica Seed Butter.<\/p>\n<p>Himalaya Herbals intensive moisturizing cocoa butter lip balm<\/p>\n<p>Since 1930, Himalaya draws and exploits for you the treasures of Ayurvedic medicine 5000 years old! Extensive research on plants around the world has been conducted by its experts. These have resulted in a selection of all natural ingredients whose benefits are proven to health and beauty Himalaya has combined this immense traditional knowledge with modern techniques to create combinations perfectly suited to the needs of contemporary man . Thanks to the commitment of more than 2,000 collaborators, including a team of 100 researchers, Himalaya Herbals is a company acclaimed in more than 90 countries around the world and more than 100,000 doctors prescribe our products.<\/p>\n<p>A mixture of exotic butters that soothes and repairs chapped and cracked lips.<br \/>\nNo oil<br \/>\nNo artificial colors<br \/>\nWithout preservatives<br \/>\nMain botanical components:<br \/>\nCocoa butter a rich source of vitamin E, soothes and moisturizes the lips.<br \/>\nShorea robusta (Sal butter) antioxidant, softens and moisturizes the lips.<\/p>\n<p>Ingr\u00e9dients:\u00a0Ricinus Communis Seed Oil, Cocos Nucifera Oil, Beeswax, Stearyl Behenate, Hydrogenated Castor Oil, Theobroma Cacao Seed Butter, Flavour, Tocopherol (vitamine \u0415), Mangifera Indica Seed Butter, Shorea Robusta Seed Butter, Garcinia Indica Seed Butter.<\/p>\n<p>&nbsp;<\/p>\n","protected":false},"featured_media":4035,"comment_status":"open","ping_status":"closed","template":"","meta":[],"_links":{"self":[{"href":"https:\/\/www.saphy.com\/healthcare-cosmetique\/wp-json\/wp\/v2\/product\/2069"}],"collection":[{"href":"https:\/\/www.saphy.com\/healthcare-cosmetique\/wp-json\/wp\/v2\/product"}],"about":[{"href":"https:\/\/www.saphy.com\/healthcare-cosmetique\/wp-json\/wp\/v2\/types\/product"}],"replies":[{"embeddable":true,"href":"https:\/\/www.saphy.com\/healthcare-cosmetique\/wp-json\/wp\/v2\/comments?post=2069"}],"wp:featuredmedia":[{"embeddable":true,"href":"https:\/\/www.saphy.com\/healthcare-cosmetique\/wp-json\/wp\/v2\/media\/4035"}],"wp:attachment":[{"href":"https:\/\/www.saphy.com\/healthcare-cosmetique\/wp-json\/wp\/v2\/media?parent=2069"}],"curies":[{"name":"wp","href":"https:\/\/api.w.org\/{rel}","templated":true}]}}