{"id":2327,"date":"2016-05-02T15:40:52","date_gmt":"2016-05-02T14:40:52","guid":{"rendered":"https:\/\/www.saphy.com\/healthcare-cosmetique\/?post_type=product&#038;p=2327"},"modified":"2021-01-13T12:37:58","modified_gmt":"2021-01-13T11:37:58","slug":"shampooing-lissant-gardenia-alba-botanica-hawaiian","status":"publish","type":"product","link":"https:\/\/www.saphy.com\/healthcare-cosmetique\/produit\/shampooing-lissant-gardenia-alba-botanica-hawaiian\/","title":{"rendered":"Shampooing lissant Gardenia Alba Botanica hawaiian"},"content":{"rendered":"<h1>Shampooing lissant Gardenia Alba Botanica Hawaiian<\/h1>\n<p>Aloha!<\/p>\n<p>La marque Alba Botanica\u00ae est n\u00e9e en 1979 et fait suite \u00e0 une simple mission: faire du beau.<\/p>\n<p>Pour honorer cette vision, nous avons cr\u00e9\u00e9 une gamme dynamique de produits pour le corps qui nourrissent la peau, les cheveux et, bien s\u00fbr, l\u2019\u00e2me. Notre famille de produits \u00e9volue en permanence parall\u00e8lement aux connaissances et aux tendances en mati\u00e8re de sant\u00e9, de beaut\u00e9 et d\u2019ingr\u00e9dients, avec de nombreux nouveaux produits passionnants introduits chaque ann\u00e9e. Que nous cr\u00e9ions une formule pr\u00e9f\u00e9r\u00e9e des fans ou que nous travaillions sur la prochaine grande nouveaut\u00e9, nous nous engageons \u00e0 fabriquer des produits 100% v\u00e9g\u00e9tariens de grande qualit\u00e9 qui d\u00e9bordent d\u2019ingr\u00e9dients botaniques. Des choix que nous faisons sur le terrain aux produits finis que nous mettons sur les tablettes, nous visons \u00e0 aider les autres femmes \u00e0 \u00eatre belles \u00e0 l\u2019ext\u00e9rieur tout en \u00e9tant belles \u00e0 l\u2019int\u00e9rieur.<\/p>\n<p>Faire de beaux moyens de garder notre Terre saine et heureuse aussi. Nous appr\u00e9cions l\u2019importance d\u2019\u00eatre de bons intendants des ressources naturelles, alors nous faisons de beaux projets en r\u00e9duisant notre empreinte environnementale chaque fois que nous le pouvons. Nous croyons en la n\u00e9cessit\u00e9 de garder nos amis proches, y compris le genre \u00e0 fourrure. C\u2019est pourquoi nous ne testons jamais nos produits ni aucun des ingr\u00e9dients utilis\u00e9s sur les animaux. Nous faisons une belle mission pour cr\u00e9er des produits vibrants qui traitent la Terre et tous ses habitants aussi bien que nos corps.<\/p>\n<p>Un shampooing tr\u00e8s doux comme\u00a0 une\u00a0 infusion d\u2019\u00e9mollients botaniques doux .<\/p>\n<p>Le Gardenia et les prot\u00e9ines de soja nourrissent d\u00e9licatement les cuticules et lissent naturellement les cheveux . Les huiles tropicales prot\u00e8gent vos cheveux de l\u2019humidit\u00e9 et contr\u00f4lent les frisottis.<\/p>\n<p>Sans colorants artificiels<\/p>\n<p>Sans parfums artificiels<\/p>\n<p>Sans parab\u00e8nes<\/p>\n<p>Emballage 100% recycl\u00e9<\/p>\n<p>Sans phtalates<\/p>\n<p>Sans sodium lauryl sulfate<\/p>\n<p>Non test\u00e9 sur les animaux<\/p>\n<p>Ingr\u00e9dients:\u00a0Aqua (eau), cocamidopropyl b\u00e9ta\u00efne, cocoyl is\u00e9thionate de sodium, chlorure de sodium, lauryl sulfoac\u00e9tate de sodium, glyc\u00e9rine, huile d&rsquo;aleurites moluccana, huile de graine de macadamia ternifolia, jus de feuilles d&rsquo;aloe barbadensis, extrait de fruits ananas sativus, extrait de carica papaya (papaye), extrait de fruit de gard\u00e9nia florida, extrait de racine de zingiber officinale (gingembre), acide citrique, coco-glucoside, ol\u00e9ate de glyc\u00e9ryle, chlorure de guar hydroxypropyltrimonium, prot\u00e9ine de soja hydrolys\u00e9e, panth\u00e9nol, phytate de sodium, sulfate de sodium, alcool, acide benzo\u00efque, acide d\u00e9hydroac\u00e9tique, \u00e9thylhexylglyc\u00e9rine, ph\u00e9noxy\u00e9thanol, sorbate de potassium, benzoate de sodium, amyl cinnamal, alcool benzylique, benzyl salicylate, citronellol, g\u00e9raniol, hexyl cinnamal, hydroxycitronellal , linalol, parfum (parfum).<\/p>\n<p>&nbsp;<\/p>\n<p>&nbsp;<\/p>\n<p data-placeholder=\"Traduction\"><strong>Gardenia Alba Botanica Hawaiian smoothing shampoo<\/strong><\/p>\n<p data-placeholder=\"Traduction\">Aloha!<\/p>\n<p data-placeholder=\"Traduction\">The brand Alba Botanica\u00ae was born in 1979 and follows a simple mission: to make beautiful.<\/p>\n<p data-placeholder=\"Traduction\">To honor this vision, we have created a dynamic range of body products that nourish skin, hair and, of course, the soul. Our product family is continually evolving along with health, beauty and ingredient knowledge and trends, with many exciting new products being introduced each year. Whether we&rsquo;re creating a fan favorite or working on the next big thing, we&rsquo;re committed to making high quality 100% vegetarian products that are full of botanical ingredients. From the choices we make in the field to the finished products we put on the shelves, we aim to help other women look beautiful on the outside while being beautiful on the inside.<\/p>\n<p data-placeholder=\"Traduction\">Make beautiful ways to keep our Earth healthy and happy too. We value the importance of being good stewards of natural resources, so we make great plans to reduce our environmental footprint whenever we can. We believe in the need to keep our close friends, including the furry kind. That&rsquo;s why we never test our products or any of the ingredients used on animals. We make a beautiful mission to create vibrant products that treat the Earth and all its inhabitants as well as our bodies.<\/p>\n<p data-placeholder=\"Traduction\">A very gentle shampoo as an infusion of mild botanical emollients.<\/p>\n<p data-placeholder=\"Traduction\">Gardenia and soy proteins gently nourish cuticles and naturally smooth hair. Tropical oils protect your hair from moisture and control frizz.<\/p>\n<p data-placeholder=\"Traduction\">No artificial colors<\/p>\n<p data-placeholder=\"Traduction\">Without artificial fragrances<\/p>\n<p data-placeholder=\"Traduction\">Paraben free<\/p>\n<p data-placeholder=\"Traduction\">100% recycled packaging<\/p>\n<p data-placeholder=\"Traduction\">Without phthalates<\/p>\n<p data-placeholder=\"Traduction\">Sodium lauryl sulfate free<\/p>\n<p data-placeholder=\"Traduction\">Not tested on animals<\/p>\n<p data-placeholder=\"Traduction\">Ingredients: Aqua (water), cocamidopropyl betaine, sodium cocoyl isethionate, sodium chloride, sodium lauryl sulfoacetate, glycerin, aleurite moluccana oil, macadamia ternifolia seed oil, aloe barbadensis leaf juice, pineapple fruit extract sativus, carica papaya extract (pap), gardenia florida fruit extract, zingiber officinale (ginger) root extract, citric acid, coco-glucoside, glyceryl oleate, hydroxypropyltrimonium guar chloride, hydrolyzed soy protein, panthenol, sodium phytate, sodium sulfate, alcohol, benzoic acid, dehydroacetic acid, ethylhexylglycerine, phenoxyethanol, potassium sorbate, sodium benzoate, amyl cinnamal, benzyl alcohol, benzyl salicylate, citronellol, geraniol, hexyl cinnamal, hydroxycitronellal, linalool, perfume (perfume).<\/p>\n<p>&nbsp;<\/p>\n<p><span class=\"PBLongTxt\"><span id=\"result_box\" lang=\"fr\"><\/span><span class=\"EOP SCX219928432\"><br \/>\n<\/span><\/span><\/p>\n","protected":false},"excerpt":{"rendered":"<h1>Shampooing lissant Gardenia Alba Botanica Hawaiian<\/h1>\n<p>Aloha!<\/p>\n<p>La marque Alba Botanica\u00ae est n\u00e9e en 1979 et fait suite \u00e0 une simple mission: faire du beau.<\/p>\n<p>Pour honorer cette vision, nous avons cr\u00e9\u00e9 une gamme dynamique de produits pour le corps qui nourrissent la peau, les cheveux et, bien s\u00fbr, l\u2019\u00e2me. Notre famille de produits \u00e9volue en permanence parall\u00e8lement aux connaissances et aux tendances en mati\u00e8re de sant\u00e9, de beaut\u00e9 et d\u2019ingr\u00e9dients, avec de nombreux nouveaux produits passionnants introduits chaque ann\u00e9e. Que nous cr\u00e9ions une formule pr\u00e9f\u00e9r\u00e9e des fans ou que nous travaillions sur la prochaine grande nouveaut\u00e9, nous nous engageons \u00e0 fabriquer des produits 100% v\u00e9g\u00e9tariens de grande qualit\u00e9 qui d\u00e9bordent d\u2019ingr\u00e9dients botaniques. Des choix que nous faisons sur le terrain aux produits finis que nous mettons sur les tablettes, nous visons \u00e0 aider les autres femmes \u00e0 \u00eatre belles \u00e0 l\u2019ext\u00e9rieur tout en \u00e9tant belles \u00e0 l\u2019int\u00e9rieur.<\/p>\n<p>Faire de beaux moyens de garder notre Terre saine et heureuse aussi. Nous appr\u00e9cions l\u2019importance d\u2019\u00eatre de bons intendants des ressources naturelles, alors nous faisons de beaux projets en r\u00e9duisant notre empreinte environnementale chaque fois que nous le pouvons. Nous croyons en la n\u00e9cessit\u00e9 de garder nos amis proches, y compris le genre \u00e0 fourrure. C\u2019est pourquoi nous ne testons jamais nos produits ni aucun des ingr\u00e9dients utilis\u00e9s sur les animaux. Nous faisons une belle mission pour cr\u00e9er des produits vibrants qui traitent la Terre et tous ses habitants aussi bien que nos corps.<\/p>\n<p>Un shampooing tr\u00e8s doux comme\u00a0 une\u00a0 infusion d\u2019\u00e9mollients botaniques doux .<\/p>\n<p>Le Gardenia et les prot\u00e9ines de soja nourrissent d\u00e9licatement les cuticules et lissent naturellement les cheveux . Les huiles tropicales prot\u00e8gent vos cheveux de l\u2019humidit\u00e9 et contr\u00f4lent les frisottis.<\/p>\n<p>Sans colorants artificiels<\/p>\n<p>Sans parfums artificiels<\/p>\n<p>Sans parab\u00e8nes<\/p>\n<p>Emballage 100% recycl\u00e9<\/p>\n<p>Sans phtalates<\/p>\n<p>Sans sodium lauryl sulfate<\/p>\n<p>Non test\u00e9 sur les animaux<\/p>\n<p>Ingr\u00e9dients:\u00a0Aqua (eau), cocamidopropyl b\u00e9ta\u00efne, cocoyl is\u00e9thionate de sodium, chlorure de sodium, lauryl sulfoac\u00e9tate de sodium, glyc\u00e9rine, huile d&rsquo;aleurites moluccana, huile de graine de macadamia ternifolia, jus de feuilles d&rsquo;aloe barbadensis, extrait de fruits ananas sativus, extrait de carica papaya (papaye), extrait de fruit de gard\u00e9nia florida, extrait de racine de zingiber officinale (gingembre), acide citrique, coco-glucoside, ol\u00e9ate de glyc\u00e9ryle, chlorure de guar hydroxypropyltrimonium, prot\u00e9ine de soja hydrolys\u00e9e, panth\u00e9nol, phytate de sodium, sulfate de sodium, alcool, acide benzo\u00efque, acide d\u00e9hydroac\u00e9tique, \u00e9thylhexylglyc\u00e9rine, ph\u00e9noxy\u00e9thanol, sorbate de potassium, benzoate de sodium, amyl cinnamal, alcool benzylique, benzyl salicylate, citronellol, g\u00e9raniol, hexyl cinnamal, hydroxycitronellal , linalol, parfum (parfum).<\/p>\n<p>&nbsp;<\/p>\n<p>&nbsp;<\/p>\n<p data-placeholder=\"Traduction\"><strong>Gardenia Alba Botanica Hawaiian smoothing shampoo<\/strong><\/p>\n<p data-placeholder=\"Traduction\">Aloha!<\/p>\n<p data-placeholder=\"Traduction\">The brand Alba Botanica\u00ae was born in 1979 and follows a simple mission: to make beautiful.<\/p>\n<p data-placeholder=\"Traduction\">To honor this vision, we have created a dynamic range of body products that nourish skin, hair and, of course, the soul. Our product family is continually evolving along with health, beauty and ingredient knowledge and trends, with many exciting new products being introduced each year. Whether we&rsquo;re creating a fan favorite or working on the next big thing, we&rsquo;re committed to making high quality 100% vegetarian products that are full of botanical ingredients. From the choices we make in the field to the finished products we put on the shelves, we aim to help other women look beautiful on the outside while being beautiful on the inside.<\/p>\n<p data-placeholder=\"Traduction\">Make beautiful ways to keep our Earth healthy and happy too. We value the importance of being good stewards of natural resources, so we make great plans to reduce our environmental footprint whenever we can. We believe in the need to keep our close friends, including the furry kind. That&rsquo;s why we never test our products or any of the ingredients used on animals. We make a beautiful mission to create vibrant products that treat the Earth and all its inhabitants as well as our bodies.<\/p>\n<p data-placeholder=\"Traduction\">A very gentle shampoo as an infusion of mild botanical emollients.<\/p>\n<p data-placeholder=\"Traduction\">Gardenia and soy proteins gently nourish cuticles and naturally smooth hair. Tropical oils protect your hair from moisture and control frizz.<\/p>\n<p data-placeholder=\"Traduction\">No artificial colors<\/p>\n<p data-placeholder=\"Traduction\">Without artificial fragrances<\/p>\n<p data-placeholder=\"Traduction\">Paraben free<\/p>\n<p data-placeholder=\"Traduction\">100% recycled packaging<\/p>\n<p data-placeholder=\"Traduction\">Without phthalates<\/p>\n<p data-placeholder=\"Traduction\">Sodium lauryl sulfate free<\/p>\n<p data-placeholder=\"Traduction\">Not tested on animals<\/p>\n<p data-placeholder=\"Traduction\">Ingredients: Aqua (water), cocamidopropyl betaine, sodium cocoyl isethionate, sodium chloride, sodium lauryl sulfoacetate, glycerin, aleurite moluccana oil, macadamia ternifolia seed oil, aloe barbadensis leaf juice, pineapple fruit extract sativus, carica papaya extract (pap), gardenia florida fruit extract, zingiber officinale (ginger) root extract, citric acid, coco-glucoside, glyceryl oleate, hydroxypropyltrimonium guar chloride, hydrolyzed soy protein, panthenol, sodium phytate, sodium sulfate, alcohol, benzoic acid, dehydroacetic acid, ethylhexylglycerine, phenoxyethanol, potassium sorbate, sodium benzoate, amyl cinnamal, benzyl alcohol, benzyl salicylate, citronellol, geraniol, hexyl cinnamal, hydroxycitronellal, linalool, perfume (perfume).<\/p>\n<p>&nbsp;<\/p>\n","protected":false},"featured_media":4629,"comment_status":"open","ping_status":"closed","template":"","meta":[],"_links":{"self":[{"href":"https:\/\/www.saphy.com\/healthcare-cosmetique\/wp-json\/wp\/v2\/product\/2327"}],"collection":[{"href":"https:\/\/www.saphy.com\/healthcare-cosmetique\/wp-json\/wp\/v2\/product"}],"about":[{"href":"https:\/\/www.saphy.com\/healthcare-cosmetique\/wp-json\/wp\/v2\/types\/product"}],"replies":[{"embeddable":true,"href":"https:\/\/www.saphy.com\/healthcare-cosmetique\/wp-json\/wp\/v2\/comments?post=2327"}],"wp:featuredmedia":[{"embeddable":true,"href":"https:\/\/www.saphy.com\/healthcare-cosmetique\/wp-json\/wp\/v2\/media\/4629"}],"wp:attachment":[{"href":"https:\/\/www.saphy.com\/healthcare-cosmetique\/wp-json\/wp\/v2\/media?parent=2327"}],"curies":[{"name":"wp","href":"https:\/\/api.w.org\/{rel}","templated":true}]}}