{"id":2345,"date":"2016-05-06T15:56:18","date_gmt":"2016-05-06T14:56:18","guid":{"rendered":"https:\/\/www.saphy.com\/healthcare-cosmetique\/?post_type=product&#038;p=2345"},"modified":"2021-01-13T12:37:10","modified_gmt":"2021-01-13T11:37:10","slug":"gommage-hawaiian-a-lananas-alba-botanica","status":"publish","type":"product","link":"https:\/\/www.saphy.com\/healthcare-cosmetique\/produit\/gommage-hawaiian-a-lananas-alba-botanica\/","title":{"rendered":"Gommage hawaiian \u00e0 l&rsquo;ananas alba botanica"},"content":{"rendered":"<h1>Gommage hawaiian \u00e0 l&rsquo;ananas alba botanica<\/h1>\n<p>Aloha!<\/p>\n<p>Un gommage \u00a0doux aux enzymes d\u2019ananas qui exfolie et purifie la peau. La vitamine E , l\u2019alo\u00e8s et le \u00a0jojoba apaisent et hydratent.<\/p>\n<p>Conseil d\u2019utilisation:<\/p>\n<p>Rincer le visage \u00e0 l&rsquo;eau ti\u00e8de . Massez doucement le visage en \u00e9vitant le contour des yeux.<\/p>\n<p>Rincer soigneusement<\/p>\n<p>Hypoallergenique<\/p>\n<p>Sans colorants artificiels<\/p>\n<p>Sans parfums artificiels<\/p>\n<p>Sans parab\u00e8nes<\/p>\n<p>Sans phtalates<\/p>\n<p>Sans sodium lauryl sulfate<\/p>\n<p>Non test\u00e9 sur les animaux<\/p>\n<p>Emballage 100% recycl\u00e9<\/p>\n<p>Ingr\u00e9dients : Aqua (eau), esters de jojoba, triglyc\u00e9ride caprylique \/ caprique, aminom\u00e9thyl propanol, huile de graines de simmondsia chinensis (jojoba), jus de feuille d&rsquo;aloe barbadensis\u00b9, extrait de fruit ananas sativus (ananas), fruit de carica papaya\u00b9, racine de zingiber officinale (gingembre) extrait\u00b9, allanto\u00efne, brom\u00e9la\u00efne, carbom\u00e8re, alcool c\u00e9tylique, acide citrique, glyc\u00e9rine, phosphate de riboflavine sodique, acide st\u00e9arique, ac\u00e9tate de tocoph\u00e9ryle, alcool\u00b9, alcool benzylique, gluconolactone, sorbate de potassium, benzoate de sodium, limon\u00e8ne, parfum (parfum).<\/p>\n<p>&nbsp;<\/p>\n<p>&nbsp;<\/p>\n<p><strong>Alba botanica Hawaiian face srcub<\/strong><\/p>\n<p>A gentle scrub with pineapple enzymes that exfoliates and purifies the skin. Vitamin E, aloe and jojoba soothe and moisturize.<br \/>\nUse advice:<br \/>\nRinse the face with lukewarm water. Gently massage the face avoiding the contour of the eyes.<br \/>\nRinse thoroughly<br \/>\nHypoallergenic<br \/>\nWithout artificial dyes<br \/>\nWithout artificial fragrances<br \/>\nWithout parabens<br \/>\nWithout phthalates<br \/>\nSodium-Free lauryl sulfate<br \/>\nNot tested on animals<br \/>\nRecycled 100% Packaging<\/p>\n<p>&nbsp;<\/p>\n<p>&nbsp;<\/p>\n","protected":false},"excerpt":{"rendered":"<h1>Gommage hawaiian \u00e0 l&rsquo;ananas alba botanica<\/h1>\n<p>Aloha!<\/p>\n<p>Un gommage \u00a0doux aux enzymes d\u2019ananas qui exfolie et purifie la peau. La vitamine E , l\u2019alo\u00e8s et le \u00a0jojoba apaisent et hydratent.<\/p>\n<p>Conseil d\u2019utilisation:<\/p>\n<p>Rincer le visage \u00e0 l&rsquo;eau ti\u00e8de . Massez doucement le visage en \u00e9vitant le contour des yeux.<\/p>\n<p>Rincer soigneusement<\/p>\n<p>Hypoallergenique<\/p>\n<p>Sans colorants artificiels<\/p>\n<p>Sans parfums artificiels<\/p>\n<p>Sans parab\u00e8nes<\/p>\n<p>Sans phtalates<\/p>\n<p>Sans sodium lauryl sulfate<\/p>\n<p>Non test\u00e9 sur les animaux<\/p>\n<p>Emballage 100% recycl\u00e9<\/p>\n<p>Ingr\u00e9dients : Aqua (eau), esters de jojoba, triglyc\u00e9ride caprylique \/ caprique, aminom\u00e9thyl propanol, huile de graines de simmondsia chinensis (jojoba), jus de feuille d&rsquo;aloe barbadensis\u00b9, extrait de fruit ananas sativus (ananas), fruit de carica papaya\u00b9, racine de zingiber officinale (gingembre) extrait\u00b9, allanto\u00efne, brom\u00e9la\u00efne, carbom\u00e8re, alcool c\u00e9tylique, acide citrique, glyc\u00e9rine, phosphate de riboflavine sodique, acide st\u00e9arique, ac\u00e9tate de tocoph\u00e9ryle, alcool\u00b9, alcool benzylique, gluconolactone, sorbate de potassium, benzoate de sodium, limon\u00e8ne, parfum (parfum).<\/p>\n<p>&nbsp;<\/p>\n<p>&nbsp;<\/p>\n<p><strong>Alba botanica Hawaiian face srcub<\/strong><\/p>\n<p>A gentle scrub with pineapple enzymes that exfoliates and purifies the skin. Vitamin E, aloe and jojoba soothe and moisturize.<br \/>\nUse advice:<br \/>\nRinse the face with lukewarm water. Gently massage the face avoiding the contour of the eyes.<br \/>\nRinse thoroughly<br \/>\nHypoallergenic<br \/>\nWithout artificial dyes<br \/>\nWithout artificial fragrances<br \/>\nWithout parabens<br \/>\nWithout phthalates<br \/>\nSodium-Free lauryl sulfate<br \/>\nNot tested on animals<br \/>\nRecycled 100% Packaging<\/p>\n<p>&nbsp;<\/p>\n<p>&nbsp;<\/p>\n","protected":false},"featured_media":2390,"comment_status":"open","ping_status":"closed","template":"","meta":[],"_links":{"self":[{"href":"https:\/\/www.saphy.com\/healthcare-cosmetique\/wp-json\/wp\/v2\/product\/2345"}],"collection":[{"href":"https:\/\/www.saphy.com\/healthcare-cosmetique\/wp-json\/wp\/v2\/product"}],"about":[{"href":"https:\/\/www.saphy.com\/healthcare-cosmetique\/wp-json\/wp\/v2\/types\/product"}],"replies":[{"embeddable":true,"href":"https:\/\/www.saphy.com\/healthcare-cosmetique\/wp-json\/wp\/v2\/comments?post=2345"}],"wp:featuredmedia":[{"embeddable":true,"href":"https:\/\/www.saphy.com\/healthcare-cosmetique\/wp-json\/wp\/v2\/media\/2390"}],"wp:attachment":[{"href":"https:\/\/www.saphy.com\/healthcare-cosmetique\/wp-json\/wp\/v2\/media?parent=2345"}],"curies":[{"name":"wp","href":"https:\/\/api.w.org\/{rel}","templated":true}]}}