{"id":2362,"date":"2016-05-10T13:52:25","date_gmt":"2016-05-10T12:52:25","guid":{"rendered":"https:\/\/www.saphy.com\/healthcare-cosmetique\/?post_type=product&#038;p=2362"},"modified":"2021-01-13T12:36:10","modified_gmt":"2021-01-13T11:36:10","slug":"masque-hawaiian-aux-enzymes-de-papaye-alba-botanica","status":"publish","type":"product","link":"https:\/\/www.saphy.com\/healthcare-cosmetique\/produit\/masque-hawaiian-aux-enzymes-de-papaye-alba-botanica\/","title":{"rendered":"Masque hawaiian aux enzymes de papaye Alba botanica"},"content":{"rendered":"<h1>Masque Hawaiian aux enzymes de papaye Alba botanica<\/h1>\n<p>Aloha!<\/p>\n<p>La marque Alba Botanica\u00ae est n\u00e9e en 1979 et fait suite \u00e0 une simple mission: faire du beau.<\/p>\n<p>Pour honorer cette vision, nous avons cr\u00e9\u00e9 une gamme dynamique de produits pour le corps qui nourrissent la peau, les cheveux et, bien s\u00fbr, l&rsquo;\u00e2me. Notre famille de produits \u00e9volue en permanence parall\u00e8lement aux connaissances et aux tendances en mati\u00e8re de sant\u00e9, de beaut\u00e9 et d\u2019ingr\u00e9dients, avec de nombreux nouveaux produits passionnants introduits chaque ann\u00e9e. Que nous cr\u00e9ions une formule pr\u00e9f\u00e9r\u00e9e des fans ou que nous travaillions sur la prochaine grande nouveaut\u00e9, nous nous engageons \u00e0 fabriquer des produits 100% v\u00e9g\u00e9tariens de grande qualit\u00e9 qui d\u00e9bordent d\u2019ingr\u00e9dients botaniques. Des choix que nous faisons sur le terrain aux produits finis que nous mettons sur les tablettes, nous visons \u00e0 aider les autres femmes \u00e0 \u00eatre belles \u00e0 l&rsquo;ext\u00e9rieur tout en \u00e9tant belles \u00e0 l&rsquo;int\u00e9rieur.<\/p>\n<p>Faire de beaux moyens de garder notre Terre saine et heureuse aussi. Nous appr\u00e9cions l\u2019importance d\u2019\u00eatre de bons intendants des ressources naturelles, alors nous faisons de beaux projets en r\u00e9duisant notre empreinte environnementale chaque fois que nous le pouvons. Nous croyons en la n\u00e9cessit\u00e9 de garder nos amis proches, y compris le genre \u00e0 fourrure. C\u2019est pourquoi nous ne testons jamais nos produits ni aucun des ingr\u00e9dients utilis\u00e9s sur les animaux. Nous faisons une belle mission pour cr\u00e9er des produits vibrants qui traitent la Terre et tous ses habitants aussi bien que nos corps.<\/p>\n<p>Un masque\u00a0 ultra frais aux enzymes de papayes qui tonifient ,revitalisent et resserrent les pores .<\/p>\n<p>La peau est r\u00e9veill\u00e9e et \u00e9clatante en quelques minutes.<\/p>\n<p>Conseil d&rsquo;utilisation: A appliquez sur l&rsquo;ensemble du visage ,laisser poser 5 \u00e0 10 minutes et rincer soigneusement.<\/p>\n<p>Sans colorants artificiels<\/p>\n<p>Sans parfums artificiels<\/p>\n<p>Sans parab\u00e8nes<\/p>\n<p>Pot 100% recycl\u00e9<\/p>\n<p>Sans phtalates<\/p>\n<p>Sans sodium lauryl sulfate<\/p>\n<p>Non test\u00e9 sur les animaux<\/p>\n<p>&nbsp;<\/p>\n<p>Ingr\u00e9dients: Aqua (eau), Jus de feuilles d\u2019aloe barbadensis , glyc\u00e9rine, prot\u00e9ase, algine, extrait de fruit de carica papaya (papaye), polysorbate 20, extrait de fruit d\u2019ananas sativus (ananas), extrait de fruit de vanilla planifolia, extrait de zingiber zerumbet (awapuhi), panth\u00e9nol, gomme xanthane, alcool benzylique, \u00e9thylhexyglyc\u00e9rine, limon\u00e8ne de ph\u00e9noxy\u00e9thanol, fragrance (parfum), complexe cuivre-chlorophyllines.<\/p>\n<p>&nbsp;<\/p>\n<p>&nbsp;<\/p>\n<p data-placeholder=\"Traduction\"><strong>Hawaiian Mask with Papaya Enzymes Alba botanica<\/strong><\/p>\n<p data-placeholder=\"Traduction\">Aloha!<\/p>\n<p data-placeholder=\"Traduction\">The brand Alba Botanica\u00ae was born in 1979 and follows a simple mission: to make beautiful.<\/p>\n<p data-placeholder=\"Traduction\">To honor this vision, we have created a dynamic range of body products that nourish skin, hair and, of course, the soul. Our product family is continually evolving along with health, beauty and ingredient knowledge and trends, with many exciting new products being introduced each year. Whether we&rsquo;re creating a fan favorite or working on the next big thing, we&rsquo;re committed to making high quality 100% vegetarian products that are full of botanical ingredients. From the choices we make in the field to the finished products we put on the shelves, we aim to help other women look beautiful on the outside while being beautiful on the inside.<\/p>\n<p data-placeholder=\"Traduction\">Make beautiful ways to keep our Earth healthy and happy too. We value the importance of being good stewards of natural resources, so we make great plans to reduce our environmental footprint whenever we can. We believe in the need to keep our close friends, including the furry kind. That&rsquo;s why we never test our products or any of the ingredients used on animals. We make a beautiful mission to create vibrant products that treat the Earth and all its inhabitants as well as our bodies.<\/p>\n<p data-placeholder=\"Traduction\">An ultra-fresh mask with papaya enzymes that invigorate, revitalize and tighten pores. The skin is awake and radiant in a few minutes.<\/p>\n<p data-placeholder=\"Traduction\">Use: Apply over the entire face, leave for 5 to 10 minutes and rinse thoroughly.<\/p>\n<p data-placeholder=\"Traduction\">No artificial colors<\/p>\n<p data-placeholder=\"Traduction\">Without artificial fragrances<\/p>\n<p data-placeholder=\"Traduction\">Paraben free 100% recycled jar<\/p>\n<p data-placeholder=\"Traduction\">Without phthalates<\/p>\n<p data-placeholder=\"Traduction\">Sodium lauryl sulfate free<\/p>\n<p data-placeholder=\"Traduction\">Not tested on animals<\/p>\n<p data-placeholder=\"Traduction\">Ingredients: Aqua (water), Aloe barbadensis leaf juice, glycerin, protease, algin, carica papaya fruit extract (papaya), polysorbate 20, pineapple fruit extract sativus (pineapple), vanilla fruit extract planifolia, zingiber zerumbet extract (awapuhi), panthenol, xanthan gum, benzyl alcohol, ethylhexyglycerine, phenoxyethanol limonene, fragrance (fragrance), copper-chlorophylline complex.<\/p>\n","protected":false},"excerpt":{"rendered":"<h1>Masque Hawaiian aux enzymes de papaye Alba botanica<\/h1>\n<p>Aloha!<\/p>\n<p>La marque Alba Botanica\u00ae est n\u00e9e en 1979 et fait suite \u00e0 une simple mission: faire du beau.<\/p>\n<p>Pour honorer cette vision, nous avons cr\u00e9\u00e9 une gamme dynamique de produits pour le corps qui nourrissent la peau, les cheveux et, bien s\u00fbr, l&rsquo;\u00e2me. Notre famille de produits \u00e9volue en permanence parall\u00e8lement aux connaissances et aux tendances en mati\u00e8re de sant\u00e9, de beaut\u00e9 et d\u2019ingr\u00e9dients, avec de nombreux nouveaux produits passionnants introduits chaque ann\u00e9e. Que nous cr\u00e9ions une formule pr\u00e9f\u00e9r\u00e9e des fans ou que nous travaillions sur la prochaine grande nouveaut\u00e9, nous nous engageons \u00e0 fabriquer des produits 100% v\u00e9g\u00e9tariens de grande qualit\u00e9 qui d\u00e9bordent d\u2019ingr\u00e9dients botaniques. Des choix que nous faisons sur le terrain aux produits finis que nous mettons sur les tablettes, nous visons \u00e0 aider les autres femmes \u00e0 \u00eatre belles \u00e0 l&rsquo;ext\u00e9rieur tout en \u00e9tant belles \u00e0 l&rsquo;int\u00e9rieur.<\/p>\n<p>Faire de beaux moyens de garder notre Terre saine et heureuse aussi. Nous appr\u00e9cions l\u2019importance d\u2019\u00eatre de bons intendants des ressources naturelles, alors nous faisons de beaux projets en r\u00e9duisant notre empreinte environnementale chaque fois que nous le pouvons. Nous croyons en la n\u00e9cessit\u00e9 de garder nos amis proches, y compris le genre \u00e0 fourrure. C\u2019est pourquoi nous ne testons jamais nos produits ni aucun des ingr\u00e9dients utilis\u00e9s sur les animaux. Nous faisons une belle mission pour cr\u00e9er des produits vibrants qui traitent la Terre et tous ses habitants aussi bien que nos corps.<\/p>\n<p>Un masque\u00a0 ultra frais aux enzymes de papayes qui tonifient ,revitalisent et resserrent les pores .<\/p>\n<p>La peau est r\u00e9veill\u00e9e et \u00e9clatante en quelques minutes.<\/p>\n<p>Conseil d&rsquo;utilisation: A appliquez sur l&rsquo;ensemble du visage ,laisser poser 5 \u00e0 10 minutes et rincer soigneusement.<\/p>\n<p>Sans colorants artificiels<\/p>\n<p>Sans parfums artificiels<\/p>\n<p>Sans parab\u00e8nes<\/p>\n<p>Pot 100% recycl\u00e9<\/p>\n<p>Sans phtalates<\/p>\n<p>Sans sodium lauryl sulfate<\/p>\n<p>Non test\u00e9 sur les animaux<\/p>\n<p>&nbsp;<\/p>\n<p>Ingr\u00e9dients: Aqua (eau), Jus de feuilles d\u2019aloe barbadensis , glyc\u00e9rine, prot\u00e9ase, algine, extrait de fruit de carica papaya (papaye), polysorbate 20, extrait de fruit d\u2019ananas sativus (ananas), extrait de fruit de vanilla planifolia, extrait de zingiber zerumbet (awapuhi), panth\u00e9nol, gomme xanthane, alcool benzylique, \u00e9thylhexyglyc\u00e9rine, limon\u00e8ne de ph\u00e9noxy\u00e9thanol, fragrance (parfum), complexe cuivre-chlorophyllines.<\/p>\n<p>&nbsp;<\/p>\n<p>&nbsp;<\/p>\n<p data-placeholder=\"Traduction\"><strong>Hawaiian Mask with Papaya Enzymes Alba botanica<\/strong><\/p>\n<p data-placeholder=\"Traduction\">Aloha!<\/p>\n<p data-placeholder=\"Traduction\">The brand Alba Botanica\u00ae was born in 1979 and follows a simple mission: to make beautiful.<\/p>\n<p data-placeholder=\"Traduction\">To honor this vision, we have created a dynamic range of body products that nourish skin, hair and, of course, the soul. Our product family is continually evolving along with health, beauty and ingredient knowledge and trends, with many exciting new products being introduced each year. Whether we&rsquo;re creating a fan favorite or working on the next big thing, we&rsquo;re committed to making high quality 100% vegetarian products that are full of botanical ingredients. From the choices we make in the field to the finished products we put on the shelves, we aim to help other women look beautiful on the outside while being beautiful on the inside.<\/p>\n<p data-placeholder=\"Traduction\">Make beautiful ways to keep our Earth healthy and happy too. We value the importance of being good stewards of natural resources, so we make great plans to reduce our environmental footprint whenever we can. We believe in the need to keep our close friends, including the furry kind. That&rsquo;s why we never test our products or any of the ingredients used on animals. We make a beautiful mission to create vibrant products that treat the Earth and all its inhabitants as well as our bodies.<\/p>\n<p data-placeholder=\"Traduction\">An ultra-fresh mask with papaya enzymes that invigorate, revitalize and tighten pores. The skin is awake and radiant in a few minutes.<\/p>\n<p data-placeholder=\"Traduction\">Use: Apply over the entire face, leave for 5 to 10 minutes and rinse thoroughly.<\/p>\n<p data-placeholder=\"Traduction\">No artificial colors<\/p>\n<p data-placeholder=\"Traduction\">Without artificial fragrances<\/p>\n<p data-placeholder=\"Traduction\">Paraben free 100% recycled jar<\/p>\n<p data-placeholder=\"Traduction\">Without phthalates<\/p>\n<p data-placeholder=\"Traduction\">Sodium lauryl sulfate free<\/p>\n<p data-placeholder=\"Traduction\">Not tested on animals<\/p>\n<p data-placeholder=\"Traduction\">Ingredients: Aqua (water), Aloe barbadensis leaf juice, glycerin, protease, algin, carica papaya fruit extract (papaya), polysorbate 20, pineapple fruit extract sativus (pineapple), vanilla fruit extract planifolia, zingiber zerumbet extract (awapuhi), panthenol, xanthan gum, benzyl alcohol, ethylhexyglycerine, phenoxyethanol limonene, fragrance (fragrance), copper-chlorophylline complex.<\/p>\n","protected":false},"featured_media":2363,"comment_status":"open","ping_status":"closed","template":"","meta":[],"_links":{"self":[{"href":"https:\/\/www.saphy.com\/healthcare-cosmetique\/wp-json\/wp\/v2\/product\/2362"}],"collection":[{"href":"https:\/\/www.saphy.com\/healthcare-cosmetique\/wp-json\/wp\/v2\/product"}],"about":[{"href":"https:\/\/www.saphy.com\/healthcare-cosmetique\/wp-json\/wp\/v2\/types\/product"}],"replies":[{"embeddable":true,"href":"https:\/\/www.saphy.com\/healthcare-cosmetique\/wp-json\/wp\/v2\/comments?post=2362"}],"wp:featuredmedia":[{"embeddable":true,"href":"https:\/\/www.saphy.com\/healthcare-cosmetique\/wp-json\/wp\/v2\/media\/2363"}],"wp:attachment":[{"href":"https:\/\/www.saphy.com\/healthcare-cosmetique\/wp-json\/wp\/v2\/media?parent=2362"}],"curies":[{"name":"wp","href":"https:\/\/api.w.org\/{rel}","templated":true}]}}