{"id":2512,"date":"2016-07-01T15:04:20","date_gmt":"2016-07-01T14:04:20","guid":{"rendered":"https:\/\/www.saphy.com\/healthcare-cosmetique\/?post_type=product&#038;p=2512"},"modified":"2020-06-08T12:39:27","modified_gmt":"2020-06-08T11:39:27","slug":"gel-nettoyant-eclaircissant-antitaches-himalaya-herbals","status":"publish","type":"product","link":"https:\/\/www.saphy.com\/healthcare-cosmetique\/produit\/gel-nettoyant-eclaircissant-antitaches-himalaya-herbals\/","title":{"rendered":"Gel nettoyant  \u00e9claircissant antitaches Himalaya Herbals"},"content":{"rendered":"<h1>Gel nettoyant \u00e9claircissant antitaches Himalaya Herbals<\/h1>\n<p>Une \u00e9mulsion nettoyante sans savon \u00e0 utiliser quotidiennement pour clarifier votre peau ,enlever \u00a0les impuret\u00e9s et uniformiser le teint.<\/p>\n<p>Enrichi en Safran, bien connu pour ses propri\u00e9t\u00e9s\u00a0antitaches\u00a0et son effet perfecteur \u00a0de teint , elle lutte contre les imperfections.\u00a0\u00a0\u00a0Le r\u00e9glisse et le vateria indica aident \u00e0 r\u00e9guler la synth\u00e8se de m\u00e9lanine et r\u00e9tablit l\u2019uniformit\u00e9 naturelle du teint.<\/p>\n<p>La grenade nourrit votre peau et le concombre l\u2019apaise.<\/p>\n<p>Conseil d\u2019utilisation:<\/p>\n<p>Utilisez matin et soir pour une peau visiblement plus lumineuse, plus claire et \u00e9clatante. Utilisez 2 fois par semaine le gommage \u00e9claircissant antitaches Himalaya Herbals<\/p>\n<p>Usage externe uniquement. Hypoallergenique.<br \/>\nEfficacit\u00e9 cliniquement prouv\u00e9e.<br \/>\nNon test\u00e9 sur les animaux<\/p>\n<p>Ingr\u00e9dients:<\/p>\n<p>Water (aqua),\u00a0ammonium lauryl sulfate, cocamidopropyl betaine, glycol distearate, sodium cocoyl glutamate &amp; disodium cocoyl glutamate, coco-glucoside &amp; glycol distearate &amp; glycerin, acrylates\/c10-30 alkyl acrylate crosspolymer, peg-150 distearate, cetyl alcohol, coco-glucoside &amp; glyceryl oleate, fragrance, phenoxyethanol, sodium hydroxide, crocus sativus (saffron) flower extract, cucumis sativus (cucumber) fruit extract, citric acid, menthyl lactate, methylchloroisothiazolinone &amp; methylisothiazolinone, disodium edta, tocopheryl acetate, punica granatum (pomegranate) fruit extract, menthol, glycyrrhiza glabra (licorice) root extract, vateria indica (white dammar) bark extract<\/p>\n<p>&nbsp;<\/p>\n<p><strong>Himalaya Herbals\u00a0whitening clear complexion face wash<\/strong><\/p>\n<p>A soap-free cleansing emulsion to use daily to clarify your skin, remove impurities and standardize the complexion.<br \/>\nEnriched with Safran, well known for its anti-stain properties and its perfectiveness of complexion, it fights against imperfections. Licorice and vateria indica help regulate the synthesis of melanin and restore the natural uniformity of the complexion.<br \/>\nThe pomegranate nourishes your skin and the cucumber soothes it.<br \/>\nUsing advice:<br \/>\nUse morning and evening for a visibly brighter, clearer and radiant skin.<br \/>\nExternal use only. Hypoallergenic.<br \/>\nClinically proven efficacy.<br \/>\nNot tested on animals<\/p>\n<p>Ingr\u00e9dients:<\/p>\n<p>Water (aqua),\u00a0ammonium lauryl sulfate, cocamidopropyl betaine, glycol distearate, sodium cocoyl glutamate &amp; disodium cocoyl glutamate, coco-glucoside &amp; glycol distearate &amp; glycerin, acrylates\/c10-30 alkyl acrylate crosspolymer, peg-150 distearate, cetyl alcohol, coco-glucoside &amp; glyceryl oleate, fragrance, phenoxyethanol, sodium hydroxide, crocus sativus (saffron) flower extract, cucumis sativus (cucumber) fruit extract, citric acid, menthyl lactate, methylchloroisothiazolinone &amp; methylisothiazolinone, disodium edta, tocopheryl acetate, punica granatum (pomegranate) fruit extract, menthol, glycyrrhiza glabra (licorice) root extract, vateria indica (white dammar) bark extract<\/p>\n<p>&nbsp;<\/p>\n<p>&nbsp;<\/p>\n","protected":false},"excerpt":{"rendered":"<h1>Gel nettoyant \u00e9claircissant antitaches Himalaya Herbals<\/h1>\n<p>Une \u00e9mulsion nettoyante sans savon \u00e0 utiliser quotidiennement pour clarifier votre peau ,enlever \u00a0les impuret\u00e9s et uniformiser le teint.<\/p>\n<p>Enrichi en Safran, bien connu pour ses propri\u00e9t\u00e9s\u00a0antitaches\u00a0et son effet perfecteur \u00a0de teint , elle lutte contre les imperfections.\u00a0\u00a0\u00a0Le r\u00e9glisse et le vateria indica aident \u00e0 r\u00e9guler la synth\u00e8se de m\u00e9lanine et r\u00e9tablit l\u2019uniformit\u00e9 naturelle du teint.<\/p>\n<p>La grenade nourrit votre peau et le concombre l\u2019apaise.<\/p>\n<p>Conseil d\u2019utilisation:<\/p>\n<p>Utilisez matin et soir pour une peau visiblement plus lumineuse, plus claire et \u00e9clatante. Utilisez 2 fois par semaine le gommage \u00e9claircissant antitaches Himalaya Herbals<\/p>\n<p>Usage externe uniquement. Hypoallergenique.<br \/>\nEfficacit\u00e9 cliniquement prouv\u00e9e.<br \/>\nNon test\u00e9 sur les animaux<\/p>\n<p>Ingr\u00e9dients:<\/p>\n<p>Water (aqua),\u00a0ammonium lauryl sulfate, cocamidopropyl betaine, glycol distearate, sodium cocoyl glutamate &amp; disodium cocoyl glutamate, coco-glucoside &amp; glycol distearate &amp; glycerin, acrylates\/c10-30 alkyl acrylate crosspolymer, peg-150 distearate, cetyl alcohol, coco-glucoside &amp; glyceryl oleate, fragrance, phenoxyethanol, sodium hydroxide, crocus sativus (saffron) flower extract, cucumis sativus (cucumber) fruit extract, citric acid, menthyl lactate, methylchloroisothiazolinone &amp; methylisothiazolinone, disodium edta, tocopheryl acetate, punica granatum (pomegranate) fruit extract, menthol, glycyrrhiza glabra (licorice) root extract, vateria indica (white dammar) bark extract<\/p>\n<p>&nbsp;<\/p>\n<p><strong>Himalaya Herbals\u00a0whitening clear complexion face wash<\/strong><\/p>\n<p>A soap-free cleansing emulsion to use daily to clarify your skin, remove impurities and standardize the complexion.<br \/>\nEnriched with Safran, well known for its anti-stain properties and its perfectiveness of complexion, it fights against imperfections. Licorice and vateria indica help regulate the synthesis of melanin and restore the natural uniformity of the complexion.<br \/>\nThe pomegranate nourishes your skin and the cucumber soothes it.<br \/>\nUsing advice:<br \/>\nUse morning and evening for a visibly brighter, clearer and radiant skin.<br \/>\nExternal use only. Hypoallergenic.<br \/>\nClinically proven efficacy.<br \/>\nNot tested on animals<\/p>\n<p>Ingr\u00e9dients:<\/p>\n<p>Water (aqua),\u00a0ammonium lauryl sulfate, cocamidopropyl betaine, glycol distearate, sodium cocoyl glutamate &amp; disodium cocoyl glutamate, coco-glucoside &amp; glycol distearate &amp; glycerin, acrylates\/c10-30 alkyl acrylate crosspolymer, peg-150 distearate, cetyl alcohol, coco-glucoside &amp; glyceryl oleate, fragrance, phenoxyethanol, sodium hydroxide, crocus sativus (saffron) flower extract, cucumis sativus (cucumber) fruit extract, citric acid, menthyl lactate, methylchloroisothiazolinone &amp; methylisothiazolinone, disodium edta, tocopheryl acetate, punica granatum (pomegranate) fruit extract, menthol, glycyrrhiza glabra (licorice) root extract, vateria indica (white dammar) bark extract<\/p>\n<p>&nbsp;<\/p>\n<p>&nbsp;<\/p>\n","protected":false},"featured_media":3988,"comment_status":"open","ping_status":"closed","template":"","meta":[],"_links":{"self":[{"href":"https:\/\/www.saphy.com\/healthcare-cosmetique\/wp-json\/wp\/v2\/product\/2512"}],"collection":[{"href":"https:\/\/www.saphy.com\/healthcare-cosmetique\/wp-json\/wp\/v2\/product"}],"about":[{"href":"https:\/\/www.saphy.com\/healthcare-cosmetique\/wp-json\/wp\/v2\/types\/product"}],"replies":[{"embeddable":true,"href":"https:\/\/www.saphy.com\/healthcare-cosmetique\/wp-json\/wp\/v2\/comments?post=2512"}],"wp:featuredmedia":[{"embeddable":true,"href":"https:\/\/www.saphy.com\/healthcare-cosmetique\/wp-json\/wp\/v2\/media\/3988"}],"wp:attachment":[{"href":"https:\/\/www.saphy.com\/healthcare-cosmetique\/wp-json\/wp\/v2\/media?parent=2512"}],"curies":[{"name":"wp","href":"https:\/\/api.w.org\/{rel}","templated":true}]}}