{"id":2516,"date":"2016-07-04T13:23:16","date_gmt":"2016-07-04T12:23:16","guid":{"rendered":"https:\/\/www.saphy.com\/healthcare-cosmetique\/?post_type=product&#038;p=2516"},"modified":"2022-10-24T10:41:31","modified_gmt":"2022-10-24T09:41:31","slug":"gel-nettoyant-hydratant-a-laloe-verahimalaya-herbals","status":"publish","type":"product","link":"https:\/\/www.saphy.com\/healthcare-cosmetique\/produit\/gel-nettoyant-hydratant-a-laloe-verahimalaya-herbals\/","title":{"rendered":"Gel nettoyant hydratant \u00e0 l&rsquo;aloe vera 150 ml Himalaya Herbals"},"content":{"rendered":"<p>Gel nettoyant hydratant \u00e0 l&rsquo;aloe vera 150 ml Himalaya Herbals<\/p>\n<p>Le Gel nettoyant hydratant \u00e0 l&rsquo;aloe vera \u00a0Himalaya Herbals\u00a0 est un\u00a0 gel extra doux sans savon sp\u00e9cialement formul\u00e9 pour les peaux normales \u00e0 s\u00e8ches qui nettoie efficacement la peau tout en l&rsquo;hydratant. Le concombre rafraichit et adoucit et l&rsquo;aloe vera hydrate et nourrit .Votre peau est nette ,douce et souple.<\/p>\n<p>Principaux ingr\u00e9dients botaniques:<\/p>\n<p>Aloe Vera Hydrate ,nourrit et adoucit<\/p>\n<p>Concombre Apaise ,r\u00e9g\u00e9n\u00e8re ,prot\u00e8ge des radicaux libres<\/p>\n<p>Types de peaux : normales \u00e0 s\u00e8ches<\/p>\n<p>Conseil d&rsquo;utilisation: Appliquer une petite quantit\u00e9 du gel nettoyant hydratant \u00e0 l&rsquo;aloe vera\u00a0dans votre main ,m\u00e9langer avec un peu d&rsquo;eau et appliquer sur votre visage en massant d\u00e9licatement en massage circulaire.<\/p>\n<p>contenance 150 ml<\/p>\n<p>Ingr\u00e9dients : Water (aqua), ammonium lauryl sulfate, cocamidopropyl betaine, stearic acid, glycerin, sodium lauroyl sarcosinate, glycol stearate, glyceryl stearate &amp; peg-100 stearate, cucumis (cucumber) sativus fruit extract, cetyl alcohol, fragrance, xanthan gum, phenoxyethanol, aloe barbadensis (aloe vera) leaf extract, cetearyl alcohol, coco-glucoside &amp; glyceryl oleate, methylchloroisothiazolinone &amp; methylisothiazolinone, menthol, tocopherol, disodium edta, fd&amp;c yellow no. 5, fd&amp;c green no. 3.<\/p>\n<p>Himala Herbals Moisturizing aloe vera face wash<\/p>\n<p>Himala Herbals Moisturizing aloe vera face wash is an extra soft soap-free gel specially formulated for normal to dry skin that effectively cleanses the skin while moisturizing it. The cucumber refreshes and softens and the aloe vera hydrates and nourishes. Your skin is clear, soft and supple.<br \/>\nMain botanical ingredients:<br \/>\nAloe Vera Hydrates, nourishes and softens<br \/>\nCucumber Soothes, regenerates, protects free radicals<br \/>\nTypes of skins: normal to dry<br \/>\nDirections for use: Apply a small amount of moisturizing cleansing gel to the aloe vera in your hand, mix with a little water and apply to your face by gently massaging in circular massage.<br \/>\nCapacity 150 ml<\/p>\n","protected":false},"excerpt":{"rendered":"<p>Le Gel nettoyant hydratant \u00e0 l&rsquo;aloe vera \u00a0Himalaya Herbals\u00a0 est un\u00a0 gel extra doux sans savon sp\u00e9cialement formul\u00e9 pour les peaux normales \u00e0 s\u00e8ches qui nettoie efficacement la peau tout en l&rsquo;hydratant. Le concombre rafraichit et adoucit et l&rsquo;aloe vera hydrate et nourrit .Votre peau est nette ,douce et souple.<br \/>\nPrincipaux ingr\u00e9dients botaniques:<br \/>\nAloe Vera Hydrate ,nourrit et adoucit<br \/>\nConcombre Apaise ,r\u00e9g\u00e9n\u00e8re ,prot\u00e8ge des radicaux libres<br \/>\nTypes de peaux : normales \u00e0 s\u00e8ches<br \/>\nConseil d&rsquo;utilisation: Appliquer une petite quantit\u00e9 du gel nettoyant hydratant \u00e0 l&rsquo;aloe vera\u00a0dans votre main ,m\u00e9langer avec un peu d&rsquo;eau et appliquer sur votre visage en massant d\u00e9licatement en massage circulaire.<\/p>\n<p>&nbsp;<\/p>\n<p>Contenance 150ml<\/p>\n","protected":false},"featured_media":4052,"comment_status":"open","ping_status":"closed","template":"","meta":[],"_links":{"self":[{"href":"https:\/\/www.saphy.com\/healthcare-cosmetique\/wp-json\/wp\/v2\/product\/2516"}],"collection":[{"href":"https:\/\/www.saphy.com\/healthcare-cosmetique\/wp-json\/wp\/v2\/product"}],"about":[{"href":"https:\/\/www.saphy.com\/healthcare-cosmetique\/wp-json\/wp\/v2\/types\/product"}],"replies":[{"embeddable":true,"href":"https:\/\/www.saphy.com\/healthcare-cosmetique\/wp-json\/wp\/v2\/comments?post=2516"}],"wp:featuredmedia":[{"embeddable":true,"href":"https:\/\/www.saphy.com\/healthcare-cosmetique\/wp-json\/wp\/v2\/media\/4052"}],"wp:attachment":[{"href":"https:\/\/www.saphy.com\/healthcare-cosmetique\/wp-json\/wp\/v2\/media?parent=2516"}],"curies":[{"name":"wp","href":"https:\/\/api.w.org\/{rel}","templated":true}]}}