{"id":2519,"date":"2016-07-04T13:29:57","date_gmt":"2016-07-04T12:29:57","guid":{"rendered":"https:\/\/www.saphy.com\/healthcare-cosmetique\/?post_type=product&#038;p=2519"},"modified":"2022-05-04T09:06:20","modified_gmt":"2022-05-04T08:06:20","slug":"dentifrice-vegetal-a-la-menthe-fraiche-himalaya-herbals","status":"publish","type":"product","link":"https:\/\/www.saphy.com\/healthcare-cosmetique\/produit\/dentifrice-vegetal-a-la-menthe-fraiche-himalaya-herbals\/","title":{"rendered":"Dentifrice v\u00e9g\u00e9tal \u00e0 la menthe fraiche Himalaya Herbals"},"content":{"rendered":"<p>Dentifrice v\u00e9g\u00e9tal \u00e0 la menthe fraiche Himalaya Herbals<\/p>\n<p>Le dentifrice v\u00e9g\u00e9tal Menthe Fraiche est riche en Aneth\u00a0 qui combat les bact\u00e9ries responsables de la mauvaise haleine\u00a0 et en\u00a0 menthe fraiche qui\u00a0 procure\u00a0 une fraicheur intense\u00a0 et durable. Cette formule \u00e0 base de plantes pr\u00e9vient la formation de la plaque dentaire et procure\u00a0 une protection de 12 heures contre les bact\u00e9ries.<\/p>\n<p>Sans fluor<\/p>\n<p>Agit sur les bact\u00e9ries responsables de la mauvaise\u00a0\u00a0 haleine<br \/>\nHaleine fraiche et durable<br \/>\ngo\u00fbt rafra\u00eechissant<br \/>\nEnl\u00e8ve la plaque<br \/>\nAide \u00e0 r\u00e9duire le saignement des gencives et emp\u00eache l&rsquo;inflammation<br \/>\nla protection de 12h des germes nuisibles<br \/>\nAide \u00e0 pr\u00e9venir les maux de dents et les caries<\/p>\n<p>Principaux composants botaniques:<\/p>\n<p>Miswak : aide \u00e0 pr\u00e9venir l&rsquo;inflammation des gencives et aide \u00e0 r\u00e9duire les saignements des gencives.<\/p>\n<p>L&rsquo;Aneth combat les bact\u00e9ries responsables de la mauvaise haleine<\/p>\n<p>Menthe, un agent naturel rafraichissant et antibact\u00e9rien.<\/p>\n<p>Fenouil et clous de girofle sont des astringents naturels efficaces.<\/p>\n<p>Ingr\u00e9dients: Sorbitol, Aqua, Glycerin, Hydrated Silica, Silica, Sodium Lauryl Sulphate, Flavour, Peucedanum Graveolens Extract, Cellulose Gum, Menthol, Sodium Saccharin, Foeniculum Vulgare Fruit Extract, Sodium Benzoate, Potassium sorbate, Salvadora Persica Stem Extract, Citric Acid, Eugenia Caryophyllus Bud Extract, Elettaria Cardamomum Fruit Extract<\/p>\n<p>Sans fluor<\/p>\n<p>Himalaya herbals Mint fresh vegetal toothpaste is rich in dill which combats the bacteria responsible for bad breath and fresh mint that provides intense and long-lasting freshness. This herbal formula prevents the formation of dental plaque and provides a 12 hour protection against bacteria.<br \/>\nWithout fluorine<br \/>\nActs on the bacteria responsible for bad breath<br \/>\nFresh and sustainable breath<br \/>\nRefreshing taste<br \/>\nRemoves plate<br \/>\nHelps reduce gum bleeding and prevents inflammation<br \/>\nThe protection of 12 h from harmful germs<br \/>\nHelps prevent toothache and tooth decay<br \/>\nMain botanical components:<br \/>\nMiswak: Helps prevent inflammation of the gums and helps reduce bleeding from the gums.<br \/>\nDill fight the bacteria responsible for bad breath<br \/>\nMint, a natural refreshing and antibacterial agent.<br \/>\nFennel and cloves are effective natural astringents.<\/p>\n<p>Ingr\u00e9dients: Sorbitol, Aqua, Glycerin, Hydrated Silica, Silica, Sodium Lauryl Sulphate, Flavour, Peucedanum Graveolens Extract, Cellulose Gum, Menthol, Sodium Saccharin, Foeniculum Vulgare Fruit Extract, Sodium Benzoate, Potassium sorbate, Salvadora Persica Stem Extract, Citric Acid, Eugenia Caryophyllus Bud Extract, Elettaria Cardamomum Fruit Extract<\/p>\n<p>&nbsp;<\/p>\n","protected":false},"excerpt":{"rendered":"<p>Dentifrice v\u00e9g\u00e9tal \u00e0 la menthe fraiche Himalaya Herbals<\/p>\n<p>Le dentifrice v\u00e9g\u00e9tal Menthe Fraiche est riche en Aneth\u00a0 qui combat les bact\u00e9ries responsables de la mauvaise haleine\u00a0 et en\u00a0 menthe fraiche qui\u00a0 procure\u00a0 une fraicheur intense\u00a0 et durable. Cette formule \u00e0 base de plantes pr\u00e9vient la formation de la plaque dentaire et procure\u00a0 une protection de 12 heures contre les bact\u00e9ries.<\/p>\n<p>Sans fluor<\/p>\n<p>Agit sur les bact\u00e9ries responsables de la mauvaise\u00a0\u00a0 haleine<br \/>\nHaleine fraiche et durable<br \/>\ngo\u00fbt rafra\u00eechissant<br \/>\nEnl\u00e8ve la plaque<br \/>\nAide \u00e0 r\u00e9duire le saignement des gencives et emp\u00eache l&rsquo;inflammation<br \/>\nla protection de 12h des germes nuisibles<br \/>\nAide \u00e0 pr\u00e9venir les maux de dents et les caries<\/p>\n<p>Principaux composants botaniques:<\/p>\n<p>Miswak : aide \u00e0 pr\u00e9venir l&rsquo;inflammation des gencives et aide \u00e0 r\u00e9duire les saignements des gencives.<\/p>\n<p>L&rsquo;Aneth combat les bact\u00e9ries responsables de la mauvaise haleine<\/p>\n<p>Menthe, un agent naturel rafraichissant et antibact\u00e9rien.<\/p>\n<p>Fenouil et clous de girofle sont des astringents naturels efficaces.<\/p>\n<p>Ingr\u00e9dients: Sorbitol, Aqua, Glycerin, Hydrated Silica, Silica, Sodium Lauryl Sulphate, Flavour, Peucedanum Graveolens Extract, Cellulose Gum, Menthol, Sodium Saccharin, Foeniculum Vulgare Fruit Extract, Sodium Benzoate, Potassium sorbate, Salvadora Persica Stem Extract, Citric Acid, Eugenia Caryophyllus Bud Extract, Elettaria Cardamomum Fruit Extract<\/p>\n<p>Sans fluor<\/p>\n<p>Himalaya herbals Mint fresh vegetal toothpaste is rich in dill which combats the bacteria responsible for bad breath and fresh mint that provides intense and long-lasting freshness. This herbal formula prevents the formation of dental plaque and provides a 12 hour protection against bacteria.<br \/>\nWithout fluorine<br \/>\nActs on the bacteria responsible for bad breath<br \/>\nFresh and sustainable breath<br \/>\nRefreshing taste<br \/>\nRemoves plate<br \/>\nHelps reduce gum bleeding and prevents inflammation<br \/>\nThe protection of 12 h from harmful germs<br \/>\nHelps prevent toothache and tooth decay<br \/>\nMain botanical components:<br \/>\nMiswak: Helps prevent inflammation of the gums and helps reduce bleeding from the gums.<br \/>\nDill fight the bacteria responsible for bad breath<br \/>\nMint, a natural refreshing and antibacterial agent.<br \/>\nFennel and cloves are effective natural astringents.<\/p>\n<p>Ingr\u00e9dients: Sorbitol, Aqua, Glycerin, Hydrated Silica, Silica, Sodium Lauryl Sulphate, Flavour, Peucedanum Graveolens Extract, Cellulose Gum, Menthol, Sodium Saccharin, Foeniculum Vulgare Fruit Extract, Sodium Benzoate, Potassium sorbate, Salvadora Persica Stem Extract, Citric Acid, Eugenia Caryophyllus Bud Extract, Elettaria Cardamomum Fruit Extract<\/p>\n<p>&nbsp;<\/p>\n","protected":false},"featured_media":4031,"comment_status":"open","ping_status":"closed","template":"","meta":[],"_links":{"self":[{"href":"https:\/\/www.saphy.com\/healthcare-cosmetique\/wp-json\/wp\/v2\/product\/2519"}],"collection":[{"href":"https:\/\/www.saphy.com\/healthcare-cosmetique\/wp-json\/wp\/v2\/product"}],"about":[{"href":"https:\/\/www.saphy.com\/healthcare-cosmetique\/wp-json\/wp\/v2\/types\/product"}],"replies":[{"embeddable":true,"href":"https:\/\/www.saphy.com\/healthcare-cosmetique\/wp-json\/wp\/v2\/comments?post=2519"}],"wp:featuredmedia":[{"embeddable":true,"href":"https:\/\/www.saphy.com\/healthcare-cosmetique\/wp-json\/wp\/v2\/media\/4031"}],"wp:attachment":[{"href":"https:\/\/www.saphy.com\/healthcare-cosmetique\/wp-json\/wp\/v2\/media?parent=2519"}],"curies":[{"name":"wp","href":"https:\/\/api.w.org\/{rel}","templated":true}]}}