{"id":2555,"date":"2016-08-03T14:28:51","date_gmt":"2016-08-03T13:28:51","guid":{"rendered":"https:\/\/www.saphy.com\/healthcare-cosmetique\/?post_type=product&#038;p=2555"},"modified":"2020-08-13T08:45:40","modified_gmt":"2020-08-13T07:45:40","slug":"gommage-eclaircissant-antitaches-himalaya-herbals-150ml","status":"publish","type":"product","link":"https:\/\/www.saphy.com\/healthcare-cosmetique\/produit\/gommage-eclaircissant-antitaches-himalaya-herbals-150ml\/","title":{"rendered":"Gommage eclaircissant antitaches Himalaya Herbals 150ml"},"content":{"rendered":"<h1>Gommage \u00e9claircissant antitaches Himalaya Herbals 150ml<\/h1>\n<p>Un gommage doux enrichi en r\u00e9glisse et en vateria indica qui aident \u00e0 r\u00e9guler la synth\u00e8se de m\u00e9lanine et en grain d\u2019abricot qui exfolient en douceur les cellules mortes de la peau, les points noirs et les impuret\u00e9s. Le r\u00e9sultat est une peau visiblement plus lumineuse , douce et \u00e9clatante.<\/p>\n<p>Conseil d&rsquo;utilisation:<\/p>\n<p>Massez doucement du bout des doigts dans un mouvement circulaire sur le visage humide et le cou , en \u00e9vitant le contour des yeu.<br \/>\nRincer soigneusement . Utilisez 2-3 fois par semaine pour une peau saine et \u00e9clatante.<\/p>\n<p>Usage externe uniquement. Hypoallergenique.<br \/>\nEfficacit\u00e9 cliniquement prouv\u00e9e.<br \/>\nNon test\u00e9 sur les animaux<\/p>\n<p>Ingr\u00e9dients:\u00a0Aqua, stearic acid, caprylic\/capric triglyceride, cetyl alcohol, sorbitan stearate&amp;sucrose cocoate, prunus armeniaca seed powder, polyethylene, carbomer, glyceryl stearate SE, phenoxyethanol, parfum sodium hydroxide, tocopheryl acetate, methylchloroisothiazolinone&amp;methylisothiazolinone, benzil alcohol, glycyrrhiza glabra root extract, disodium EDTA, vateria indica bark extract, CI 14700, benzyl salicate, hexyl, cinnamal, butylphenyl methylpropional.<\/p>\n<p>&nbsp;<\/p>\n<p><strong>Himalaya Herbals clear complexion whitening face scrub<\/strong><\/p>\n<p>Scrub 150ml<br \/>\nA soft exfoliation enriched with licorice and vateria indica that help regulate the synthesis of melanin and apricot grain that gently exfoliate dead skin cells, blackheads and impurities. The result is a skin that is visibly brighter, soft and radiant.<br \/>\nUsing advice:<br \/>\nMassage gently with your fingertips in a circular motion on the wet face and neck, avoiding the eye contour<br \/>\nRinse thoroughly. Use 2-3 times a week for healthy, glowing skin.<br \/>\nExternal use only. Hypoallergenic.<br \/>\nClinically proven efficacy.<br \/>\nNot tested on animals<\/p>\n<p>Ingr\u00e9dients:\u00a0Aqua, stearic acid, caprylic\/capric triglyceride, cetyl alcohol, sorbitan stearate&amp;sucrose cocoate, prunus armeniaca seed powder, polyethylene, carbomer, glyceryl stearate SE, phenoxyethanol, parfum sodium hydroxide, tocopheryl acetate, methylchloroisothiazolinone&amp;methylisothiazolinone, benzil alcohol, glycyrrhiza glabra root extract, disodium EDTA, vateria indica bark extract, CI 14700, benzyl salicate, hexyl, cinnamal, butylphenyl methylpropional.<\/p>\n<p>&nbsp;<\/p>\n<p>&nbsp;<\/p>\n","protected":false},"excerpt":{"rendered":"<h1>Gommage \u00e9claircissant antitaches Himalaya Herbals 150ml<\/h1>\n<p>Un gommage doux enrichi en r\u00e9glisse et en vateria indica qui aident \u00e0 r\u00e9guler la synth\u00e8se de m\u00e9lanine et en grain d\u2019abricot qui exfolient en douceur les cellules mortes de la peau, les points noirs et les impuret\u00e9s. Le r\u00e9sultat est une peau visiblement plus lumineuse , douce et \u00e9clatante.<\/p>\n<p>Conseil d&rsquo;utilisation:<\/p>\n<p>Massez doucement du bout des doigts dans un mouvement circulaire sur le visage humide et le cou , en \u00e9vitant le contour des yeu.<br \/>\nRincer soigneusement . Utilisez 2-3 fois par semaine pour une peau saine et \u00e9clatante.<\/p>\n<p>Usage externe uniquement. Hypoallergenique.<br \/>\nEfficacit\u00e9 cliniquement prouv\u00e9e.<br \/>\nNon test\u00e9 sur les animaux<\/p>\n<p>Ingr\u00e9dients:\u00a0Aqua, stearic acid, caprylic\/capric triglyceride, cetyl alcohol, sorbitan stearate&amp;sucrose cocoate, prunus armeniaca seed powder, polyethylene, carbomer, glyceryl stearate SE, phenoxyethanol, parfum sodium hydroxide, tocopheryl acetate, methylchloroisothiazolinone&amp;methylisothiazolinone, benzil alcohol, glycyrrhiza glabra root extract, disodium EDTA, vateria indica bark extract, CI 14700, benzyl salicate, hexyl, cinnamal, butylphenyl methylpropional.<\/p>\n<p>&nbsp;<\/p>\n<p><strong>Himalaya Herbals clear complexion whitening face scrub<\/strong><\/p>\n<p>Scrub 150ml<br \/>\nA soft exfoliation enriched with licorice and vateria indica that help regulate the synthesis of melanin and apricot grain that gently exfoliate dead skin cells, blackheads and impurities. The result is a skin that is visibly brighter, soft and radiant.<br \/>\nUsing advice:<br \/>\nMassage gently with your fingertips in a circular motion on the wet face and neck, avoiding the eye contour<br \/>\nRinse thoroughly. Use 2-3 times a week for healthy, glowing skin.<br \/>\nExternal use only. Hypoallergenic.<br \/>\nClinically proven efficacy.<br \/>\nNot tested on animals<\/p>\n<p>Ingr\u00e9dients:\u00a0Aqua, stearic acid, caprylic\/capric triglyceride, cetyl alcohol, sorbitan stearate&amp;sucrose cocoate, prunus armeniaca seed powder, polyethylene, carbomer, glyceryl stearate SE, phenoxyethanol, parfum sodium hydroxide, tocopheryl acetate, methylchloroisothiazolinone&amp;methylisothiazolinone, benzil alcohol, glycyrrhiza glabra root extract, disodium EDTA, vateria indica bark extract, CI 14700, benzyl salicate, hexyl, cinnamal, butylphenyl methylpropional.<\/p>\n<p>&nbsp;<\/p>\n<p>&nbsp;<\/p>\n","protected":false},"featured_media":3995,"comment_status":"open","ping_status":"closed","template":"","meta":[],"_links":{"self":[{"href":"https:\/\/www.saphy.com\/healthcare-cosmetique\/wp-json\/wp\/v2\/product\/2555"}],"collection":[{"href":"https:\/\/www.saphy.com\/healthcare-cosmetique\/wp-json\/wp\/v2\/product"}],"about":[{"href":"https:\/\/www.saphy.com\/healthcare-cosmetique\/wp-json\/wp\/v2\/types\/product"}],"replies":[{"embeddable":true,"href":"https:\/\/www.saphy.com\/healthcare-cosmetique\/wp-json\/wp\/v2\/comments?post=2555"}],"wp:featuredmedia":[{"embeddable":true,"href":"https:\/\/www.saphy.com\/healthcare-cosmetique\/wp-json\/wp\/v2\/media\/3995"}],"wp:attachment":[{"href":"https:\/\/www.saphy.com\/healthcare-cosmetique\/wp-json\/wp\/v2\/media?parent=2555"}],"curies":[{"name":"wp","href":"https:\/\/api.w.org\/{rel}","templated":true}]}}