{"id":2662,"date":"2016-09-29T10:48:59","date_gmt":"2016-09-29T09:48:59","guid":{"rendered":"https:\/\/www.saphy.com\/healthcare-cosmetique\/?post_type=product&#038;p=2662"},"modified":"2022-01-03T15:42:08","modified_gmt":"2022-01-03T14:42:08","slug":"cremeaucollagenenaturel-et-elweiss-yellowrosecosmetique","status":"publish","type":"product","link":"https:\/\/www.saphy.com\/healthcare-cosmetique\/produit\/cremeaucollagenenaturel-et-elweiss-yellowrosecosmetique\/","title":{"rendered":"Cr\u00e8me  au collag\u00e8ne naturel et \u00e0 l&rsquo;edelweiss Yellow Rose Cosmetique"},"content":{"rendered":"<h1>Cr\u00e8me au collag\u00e8ne naturel et \u00e0 l&rsquo;edelweiss Yellow Rose Cosmetique<\/h1>\n<p>Une cr\u00e8me Antirides, hydratante et\u00a0 raffermissante enrichi en collag\u00e8ne naturel en cellules souches d\u2019Edelweiss et\u00a0 en nectar des fleurs.<br \/>\nElle Hydrate efficacement, combat les rides et ridules d\u2019expression, raffermit , tonifie la peau et red\u00e9finit le contour du visage. Cette formule exquise riche et d\u00e9licate est sp\u00e9cialement con\u00e7ue avec une texture unique ,l\u00e9g\u00e8re et\u00a0 douce qui laisse la peau soyeuse, adoucit , souple et lumineuse<\/p>\n<p><span id=\"result_box\" lang=\"fr\"><span title=\"Dermatologically tested. \"><br \/>\n<\/span><span title=\"Contains natural soluble Collagen with 2 molecular weights for moisturization, \">Contient<\/span><\/span><\/p>\n<p><span id=\"result_box\" lang=\"fr\"><span title=\"Contains natural soluble Collagen with 2 molecular weights for moisturization, \"> Du collag\u00e8ne naturel soluble avec 2 poids mol\u00e9culaires pour l&rsquo;hydratation,la <\/span><span title=\"firmness and radiance, Collagen and Chondroitin fillers for immediate \">fermet\u00e9 et l&rsquo;\u00e9clat, mol\u00e9cules de collag\u00e8ne et de chondro\u00eftine\u00a0 pour un effet repulpant imm\u00e9diat ,<\/span><span title=\"wrinkle plumping, firming and antiwrinkle Edelweiss stem cells, antioxidant \">des cellules souches d&rsquo;Edelweiss\u00a0 raffermissantes et antirides ,<\/span><\/span>du nectar de fleurs antioxydant et hydratantes ,des oligopeptides antirides et raffermissant qui stimulent <span id=\"result_box\" lang=\"fr\"><span title=\"that stimulate the natural synthesis of Collagen and Elastin in fibroblasts \">la synth\u00e8se naturelle de collag\u00e8ne et d&rsquo;\u00e9lastine dans les fibroblastes <\/span><span title=\"(\u201cRetinol-like\u201d effect), Oligopeptides against expression lines (\u201cbotox-like\u201d \">(Effet \u00ab\u00a0r\u00e9tinol-like\u00a0\u00bb), oligopeptides contre les rides d&rsquo;expression ( \u00ab\u00a0effet botox\u00a0\u00bb) <\/span><span title=\"effect), firming Silanols with hydroxyproline (basic Collagen constituent), \">,des <\/span><\/span><span id=\"result_box\" lang=\"fr\"><span title=\"effect), firming Silanols with hydroxyproline (basic Collagen constituent), \">Silanols raffermissantes avec hydroxyproline (constituant le collag\u00e8ne de base),de l&rsquo;<\/span><span title=\"moisturizing and firming Elastin, moisturizing low molecular weight \">Elastine hydratante et raffermissante,de l<\/span><\/span><span id=\"result_box\" lang=\"fr\"><span title=\"moisturizing and firming Elastin, moisturizing low molecular weight \"><span title=\"Hyaluronic acid, antiwrinkle Avocado Phytosterols, antioxidant Olive leaf \">&lsquo;acide hyaluronique<\/span> hydratant de bas poids mol\u00e9culaire,d<\/span><span title=\"Hyaluronic acid, antiwrinkle Avocado Phytosterols, antioxidant Olive leaf \">es phytost\u00e9rols d&rsquo;avocat aux vertus antirides ,des <\/span><\/span><span id=\"result_box\" lang=\"fr\"><span title=\"Hyaluronic acid, antiwrinkle Avocado Phytosterols, antioxidant Olive leaf \">feuilles d&rsquo;olivier antioxydantes\u00a0 <\/span><span title=\"and White Tea extracts, firming liposomes with Centella extract, soothing \">et des extraits de th\u00e9 blanc, des liposomes raffermissantes avec extrait de Centella, des\u00a0 extraits d&rsquo; actifs apaisant\u00a0 <\/span><span title=\"extracts (White Waterlily, Chamomile, Boswellia serrata) antioxidative \">( N\u00e9nuphar blanc, Camomille, Boswellia serrata) <span title=\"Olive oil unsaponifiables, conditioning Argan and Jojoba oils, moisturizing \">des huiles insaponifiables antioxydantes (huile d&rsquo;olive ,jojoba et argan)<\/span>riche en <\/span><span title=\"\u03b3-linoleic acid (Omega6 essential fatty acid), Vitamins (C and E), Aloe vera \">\u03b3-linol\u00e9ique (acide gras essentiel om\u00e9ga6), vitamines (C et E), de l&rsquo;Aloe vera ,alpha bisabolol anti inflammatoire naturel extraite de la camomille\u00a0 ,<\/span><span title=\"gel, a-Bisabolol, Lanolin, Shea butter, naturally derived Palmitoylproline \">lanoline, beurre de karit\u00e9, d&rsquo;origine naturelle palmitoylproline <\/span><span title=\"for radiance, whitening active from Chilean tree Boldo, Trehalose, Betain, \">pour un \u00e9clat, extrait d&rsquo;arbre chilien Boldo, tr\u00e9halose, b\u00e9ta\u00efne,<\/span><span title=\"Allantoin and Panthenol.\">Allanto\u00efne et le panth\u00e9nol.<\/span><\/span><\/p>\n<p>&nbsp;<\/p>\n<p>Conseil d\u2019utilisation: S&rsquo;applique matin et soir sur une peau nettoy\u00e9e sur l&rsquo;ensemble du visage et du cou<\/p>\n<p>Convient \u00e0 tous les types de peau.<\/p>\n<p>Test\u00e9 dermatologiquement.<\/p>\n<p>Pot 50 ml.<\/p>\n<p>Ingr\u00e9dients : Aqua (eau), glyc\u00e9rine, propanediol, alcool c\u00e9t\u00e9arylique, carbonate de dicaprylyle, \u00e9thyltrisiloxane, t\u00e9tra-st\u00e9arate de penta\u00e9rythrityle, alcanes de noix de coco, dipropyl\u00e8neglycol, lanoline, butyl\u00e8neglycol, St\u00e9arate de glyc\u00e9ryle, st\u00e9arate de PEG-100, extrait de culture de callus Leontopodium Alpinum, collag\u00e8ne soluble, atelocollag\u00e8ne, nectar de fleur Combretum Farinosum, hyaluronate de sodium, \u00e9lastine hydrolys\u00e9e, extrait de fleur Nymphaea Alba, tripito Extrait de Camellia Sinensis, extrait de fleur de Chamomilla Recutita (Matricaria), huile de noyau d&rsquo;Argania Spinosa, extrait de Centella Asiatica, Ceramide NP Ceramide AP Ceramide EOP Aspartate d&rsquo;hydroxyproline, sulfate de chondro\u00eftine de sodium, Caprylyl Glycol, Panth\u00e9nol, Tr\u00e9halose, Huile de graines de Simmondsia Chinensis (Jojoba), Allanto\u00efne, Ph\u00e9noxy\u00e9thanol, Beurre de Butyrospermum Parkii (Karit\u00e9), Bisabolol, Huile de Linol\u00e9ate Pers\u00e9 Gratissima (Avocat), Gomme Boswellia Serrata, , Olea Europaea (huile d&rsquo;olive) Frult, huile de graines d&rsquo;Helanthus Annuus (tournesol), propyl\u00e8neglycol, diac\u00e9tyle Boldine, phytosphingosine, phytost\u00e9rols, l\u00e9cithine, trihydroxyst\u00e9arine, hydroxypropylcyclodextrine, lactoylate de lauroyle -11, Copolym\u00e8re acrylate de sodium \/ acryloyldim\u00e9thyl-oyldim\u00e9thylsaurate de sodium, alcool myristylique, olitate de myristyle glucoside de sorbitan, glucoside de c\u00e9t\u00e9aryle, tocoph\u00e9rol, benzoate de sodium, laureth-12, carbom\u00e8re, gomme de xanthane, parfum (parfum)<\/p>\n<p>Collagen2 face cream Yellow rose cosmetics<\/p>\n<p>Antiwrinkle, moisturizing and firming antiaging cream with natural fresh Collagen, Collagen fillers, Edelweiss stem cells and flower nectar. Moisturizes effectively, fights wrinkles and expression lines, firms and tones the skin, redefining the facial contour. This exquisite rich and delicate formula is specially designed with a unique lightweight and soft texture, leaving the skin soft, calm and supple with a youthful brightness and luminosity. Suitable for all skin types.<\/p>\n<p>Dermatologically tested.<br \/>\nUse<br \/>\nUse daily, morning and evening, on clean skin after Collagen2beauty elixir. Apply to face and neck with gentle circular-upward movements, focusing on wrinkles, expression lines and areas with loss of elasticity. Can be effectively combined with professional beauty equipment and the other Yellow Rose Collagen2 products.<br \/>\nMain Ingredients<br \/>\nNatural soluble Collagen with 2 molecular weights<br \/>\nMoisturization, firmness and radiance.<br \/>\nCollagen and Chondroitin fillers<br \/>\nImmediate wrinkle plumping.<br \/>\nEdelweiss stem cells<br \/>\nFirming and antiwrinkle action.<br \/>\nFlower Nectar<br \/>\nAntioxidant and moisturizing properties.<br \/>\nAntiwrinkle and firming Oligopeptides<br \/>\nStimulate the natural synthesis of Collagen and Elastin in fibroblasts (\u2018Retinol-like effect\u2019).<br \/>\nOligopeptides against expression lines<br \/>\n\u2018botox-like effect\u2019.<br \/>\nSilanols with hydroxyproline (basic Collagen constituent)<br \/>\nLong term firming action.<br \/>\nContains also<br \/>\nmoisturizing and firming Elastin, moisturizing low molecular weight Hyaluronic acid, antiwrinkle Avocado Phytosterols, antioxidant Olive leaf and White Tea extracts, firming liposomes with Centella extract, soothing extracts (White Waterlily, Chamomile, Boswellia serrata) antioxidative Olive oil unsaponifiables, conditioning Argan and Jojoba oils, moisturizing \u03b3-linoleic acid (Omega6 essential fatty acid), Vitamins (C and E), Aloe vera gel, a-Bisabolol, Lanolin, Shea butter, naturally derived Palmitoylproline for radiance, whitening active from Chilean tree Boldo, Trehalose, Betain, Allantoin and Panthenol.<\/p>\n<p>Pot 50 ml.<\/p>\n<p>Ingredients: Aqua (water), glycerin, propanediol, cetearyl alcohol, dicaprylyl carbonate, ethyltrisiloxane, pentaerythrityl tetra-stearate, coconut alkanes, dipropylene glycol, lanolin, butylene glycol, glyceryl stearate, PEG-100 stearate, callus culture Leontopodium Alpinum, soluble collagen, atelocollagen, flower nectar Combretum Farinosum, sodium hyaluronate, hydrolyzed elastin, flower extract Nymphaea Alba, tripito Camellia Sinensis extract, Chamomilla Recutita flower extract (Matricaria), kernel oil Argania Spinosa, Centella Asiatica Extract, Ceramide NP Ceramide AP Ceramide EOP Hydroxyproline Aspartate, Sodium Chondroitin Sulfate, Caprylyl Glycol, Panthenol, Trehalose, Simmondsia Chinensis Seed Oil (Jojoba), Allantoin, Phenoxyethanol, Butyrospermum Butter Parkii (Shea), Bisabolol, Perse Gratissima Linoleate Oil (Avocado), Boswellia Serrata Gum, Olea Europa ea (olive oil) Frult, Helanthus Annuus seed oil (sunflower), propylene glycol, Boldine diacetyl, phytosphingosine, phytosterols, lecithin, trihydroxystearin, hydroxypropylcyclodextrin, lauroyl lactoylate-11, Copolymer sodium acrylate \/ acryloyldimethyl-oyldimethylsaurate sodium, myristyl alcohol, sorbitan glucoside myristyl olitate, cetearyl glucoside, tocopherol, sodium benzoate, laureth-12, carbomer, xanthan gum, perfume (fragrance)<\/p>\n<p>&nbsp;<\/p>\n","protected":false},"excerpt":{"rendered":"<h1>Cr\u00e8me au collag\u00e8ne naturel et \u00e0 l&rsquo;edelweiss Yellow Rose Cosmetique<\/h1>\n<p>Une cr\u00e8me Antirides, hydratante et\u00a0 raffermissante enrichi en collag\u00e8ne naturel en cellules souches d\u2019Edelweiss et\u00a0 en nectar des fleurs.<br \/>\nElle Hydrate efficacement, combat les rides et ridules d\u2019expression, raffermit , tonifie la peau et red\u00e9finit le contour du visage. Cette formule exquise riche et d\u00e9licate est sp\u00e9cialement con\u00e7ue avec une texture unique ,l\u00e9g\u00e8re et\u00a0 douce qui laisse la peau soyeuse, adoucit , souple et lumineuse<\/p>\n<p><span id=\"result_box\" lang=\"fr\"><span title=\"Dermatologically tested. \"><br \/>\n<\/span><span title=\"Contains natural soluble Collagen with 2 molecular weights for moisturization, \">Contient<\/span><\/span><\/p>\n<p><span id=\"result_box\" lang=\"fr\"><span title=\"Contains natural soluble Collagen with 2 molecular weights for moisturization, \"> Du collag\u00e8ne naturel soluble avec 2 poids mol\u00e9culaires pour l&rsquo;hydratation,la <\/span><span title=\"firmness and radiance, Collagen and Chondroitin fillers for immediate \">fermet\u00e9 et l&rsquo;\u00e9clat, mol\u00e9cules de collag\u00e8ne et de chondro\u00eftine\u00a0 pour un effet repulpant imm\u00e9diat ,<\/span><span title=\"wrinkle plumping, firming and antiwrinkle Edelweiss stem cells, antioxidant \">des cellules souches d&rsquo;Edelweiss\u00a0 raffermissantes et antirides ,<\/span><\/span>du nectar de fleurs antioxydant et hydratantes ,des oligopeptides antirides et raffermissant qui stimulent <span id=\"result_box\" lang=\"fr\"><span title=\"that stimulate the natural synthesis of Collagen and Elastin in fibroblasts \">la synth\u00e8se naturelle de collag\u00e8ne et d&rsquo;\u00e9lastine dans les fibroblastes <\/span><span title=\"(\u201cRetinol-like\u201d effect), Oligopeptides against expression lines (\u201cbotox-like\u201d \">(Effet \u00ab\u00a0r\u00e9tinol-like\u00a0\u00bb), oligopeptides contre les rides d&rsquo;expression ( \u00ab\u00a0effet botox\u00a0\u00bb) <\/span><span title=\"effect), firming Silanols with hydroxyproline (basic Collagen constituent), \">,des <\/span><\/span><span id=\"result_box\" lang=\"fr\"><span title=\"effect), firming Silanols with hydroxyproline (basic Collagen constituent), \">Silanols raffermissantes avec hydroxyproline (constituant le collag\u00e8ne de base),de l&rsquo;<\/span><span title=\"moisturizing and firming Elastin, moisturizing low molecular weight \">Elastine hydratante et raffermissante,de l<\/span><\/span><span id=\"result_box\" lang=\"fr\"><span title=\"moisturizing and firming Elastin, moisturizing low molecular weight \"><span title=\"Hyaluronic acid, antiwrinkle Avocado Phytosterols, antioxidant Olive leaf \">&lsquo;acide hyaluronique<\/span> hydratant de bas poids mol\u00e9culaire,d<\/span><span title=\"Hyaluronic acid, antiwrinkle Avocado Phytosterols, antioxidant Olive leaf \">es phytost\u00e9rols d&rsquo;avocat aux vertus antirides ,des <\/span><\/span><span id=\"result_box\" lang=\"fr\"><span title=\"Hyaluronic acid, antiwrinkle Avocado Phytosterols, antioxidant Olive leaf \">feuilles d&rsquo;olivier antioxydantes\u00a0 <\/span><span title=\"and White Tea extracts, firming liposomes with Centella extract, soothing \">et des extraits de th\u00e9 blanc, des liposomes raffermissantes avec extrait de Centella, des\u00a0 extraits d&rsquo; actifs apaisant\u00a0 <\/span><span title=\"extracts (White Waterlily, Chamomile, Boswellia serrata) antioxidative \">( N\u00e9nuphar blanc, Camomille, Boswellia serrata) <span title=\"Olive oil unsaponifiables, conditioning Argan and Jojoba oils, moisturizing \">des huiles insaponifiables antioxydantes (huile d&rsquo;olive ,jojoba et argan)<\/span>riche en <\/span><span title=\"\u03b3-linoleic acid (Omega6 essential fatty acid), Vitamins (C and E), Aloe vera \">\u03b3-linol\u00e9ique (acide gras essentiel om\u00e9ga6), vitamines (C et E), de l&rsquo;Aloe vera ,alpha bisabolol anti inflammatoire naturel extraite de la camomille\u00a0 ,<\/span><span title=\"gel, a-Bisabolol, Lanolin, Shea butter, naturally derived Palmitoylproline \">lanoline, beurre de karit\u00e9, d&rsquo;origine naturelle palmitoylproline <\/span><span title=\"for radiance, whitening active from Chilean tree Boldo, Trehalose, Betain, \">pour un \u00e9clat, extrait d&rsquo;arbre chilien Boldo, tr\u00e9halose, b\u00e9ta\u00efne,<\/span><span title=\"Allantoin and Panthenol.\">Allanto\u00efne et le panth\u00e9nol.<\/span><\/span><\/p>\n<p>&nbsp;<\/p>\n<p>Conseil d\u2019utilisation: S&rsquo;applique matin et soir sur une peau nettoy\u00e9e sur l&rsquo;ensemble du visage et du cou<\/p>\n<p>Convient \u00e0 tous les types de peau.<\/p>\n<p>Test\u00e9 dermatologiquement.<\/p>\n<p>Pot 50 ml.<\/p>\n<p>Ingr\u00e9dients : Aqua (eau), glyc\u00e9rine, propanediol, alcool c\u00e9t\u00e9arylique, carbonate de dicaprylyle, \u00e9thyltrisiloxane, t\u00e9tra-st\u00e9arate de penta\u00e9rythrityle, alcanes de noix de coco, dipropyl\u00e8neglycol, lanoline, butyl\u00e8neglycol, St\u00e9arate de glyc\u00e9ryle, st\u00e9arate de PEG-100, extrait de culture de callus Leontopodium Alpinum, collag\u00e8ne soluble, atelocollag\u00e8ne, nectar de fleur Combretum Farinosum, hyaluronate de sodium, \u00e9lastine hydrolys\u00e9e, extrait de fleur Nymphaea Alba, tripito Extrait de Camellia Sinensis, extrait de fleur de Chamomilla Recutita (Matricaria), huile de noyau d&rsquo;Argania Spinosa, extrait de Centella Asiatica, Ceramide NP Ceramide AP Ceramide EOP Aspartate d&rsquo;hydroxyproline, sulfate de chondro\u00eftine de sodium, Caprylyl Glycol, Panth\u00e9nol, Tr\u00e9halose, Huile de graines de Simmondsia Chinensis (Jojoba), Allanto\u00efne, Ph\u00e9noxy\u00e9thanol, Beurre de Butyrospermum Parkii (Karit\u00e9), Bisabolol, Huile de Linol\u00e9ate Pers\u00e9 Gratissima (Avocat), Gomme Boswellia Serrata, , Olea Europaea (huile d&rsquo;olive) Frult, huile de graines d&rsquo;Helanthus Annuus (tournesol), propyl\u00e8neglycol, diac\u00e9tyle Boldine, phytosphingosine, phytost\u00e9rols, l\u00e9cithine, trihydroxyst\u00e9arine, hydroxypropylcyclodextrine, lactoylate de lauroyle -11, Copolym\u00e8re acrylate de sodium \/ acryloyldim\u00e9thyl-oyldim\u00e9thylsaurate de sodium, alcool myristylique, olitate de myristyle glucoside de sorbitan, glucoside de c\u00e9t\u00e9aryle, tocoph\u00e9rol, benzoate de sodium, laureth-12, carbom\u00e8re, gomme de xanthane, parfum (parfum)<\/p>\n<p>Collagen2 face cream Yellow rose cosmetics<\/p>\n<p>Antiwrinkle, moisturizing and firming antiaging cream with natural fresh Collagen, Collagen fillers, Edelweiss stem cells and flower nectar. Moisturizes effectively, fights wrinkles and expression lines, firms and tones the skin, redefining the facial contour. This exquisite rich and delicate formula is specially designed with a unique lightweight and soft texture, leaving the skin soft, calm and supple with a youthful brightness and luminosity. Suitable for all skin types.<\/p>\n<p>Dermatologically tested.<br \/>\nUse<br \/>\nUse daily, morning and evening, on clean skin after Collagen2beauty elixir. Apply to face and neck with gentle circular-upward movements, focusing on wrinkles, expression lines and areas with loss of elasticity. Can be effectively combined with professional beauty equipment and the other Yellow Rose Collagen2 products.<br \/>\nMain Ingredients<br \/>\nNatural soluble Collagen with 2 molecular weights<br \/>\nMoisturization, firmness and radiance.<br \/>\nCollagen and Chondroitin fillers<br \/>\nImmediate wrinkle plumping.<br \/>\nEdelweiss stem cells<br \/>\nFirming and antiwrinkle action.<br \/>\nFlower Nectar<br \/>\nAntioxidant and moisturizing properties.<br \/>\nAntiwrinkle and firming Oligopeptides<br \/>\nStimulate the natural synthesis of Collagen and Elastin in fibroblasts (\u2018Retinol-like effect\u2019).<br \/>\nOligopeptides against expression lines<br \/>\n\u2018botox-like effect\u2019.<br \/>\nSilanols with hydroxyproline (basic Collagen constituent)<br \/>\nLong term firming action.<br \/>\nContains also<br \/>\nmoisturizing and firming Elastin, moisturizing low molecular weight Hyaluronic acid, antiwrinkle Avocado Phytosterols, antioxidant Olive leaf and White Tea extracts, firming liposomes with Centella extract, soothing extracts (White Waterlily, Chamomile, Boswellia serrata) antioxidative Olive oil unsaponifiables, conditioning Argan and Jojoba oils, moisturizing \u03b3-linoleic acid (Omega6 essential fatty acid), Vitamins (C and E), Aloe vera gel, a-Bisabolol, Lanolin, Shea butter, naturally derived Palmitoylproline for radiance, whitening active from Chilean tree Boldo, Trehalose, Betain, Allantoin and Panthenol.<\/p>\n<p>Pot 50 ml.<\/p>\n<p>Ingredients: Aqua (water), glycerin, propanediol, cetearyl alcohol, dicaprylyl carbonate, ethyltrisiloxane, pentaerythrityl tetra-stearate, coconut alkanes, dipropylene glycol, lanolin, butylene glycol, glyceryl stearate, PEG-100 stearate, callus culture Leontopodium Alpinum, soluble collagen, atelocollagen, flower nectar Combretum Farinosum, sodium hyaluronate, hydrolyzed elastin, flower extract Nymphaea Alba, tripito Camellia Sinensis extract, Chamomilla Recutita flower extract (Matricaria), kernel oil Argania Spinosa, Centella Asiatica Extract, Ceramide NP Ceramide AP Ceramide EOP Hydroxyproline Aspartate, Sodium Chondroitin Sulfate, Caprylyl Glycol, Panthenol, Trehalose, Simmondsia Chinensis Seed Oil (Jojoba), Allantoin, Phenoxyethanol, Butyrospermum Butter Parkii (Shea), Bisabolol, Perse Gratissima Linoleate Oil (Avocado), Boswellia Serrata Gum, Olea Europa ea (olive oil) Frult, Helanthus Annuus seed oil (sunflower), propylene glycol, Boldine diacetyl, phytosphingosine, phytosterols, lecithin, trihydroxystearin, hydroxypropylcyclodextrin, lauroyl lactoylate-11, Copolymer sodium acrylate \/ acryloyldimethyl-oyldimethylsaurate sodium, myristyl alcohol, sorbitan glucoside myristyl olitate, cetearyl glucoside, tocopherol, sodium benzoate, laureth-12, carbomer, xanthan gum, perfume (fragrance)<\/p>\n<p>&nbsp;<\/p>\n","protected":false},"featured_media":4067,"comment_status":"open","ping_status":"closed","template":"","meta":[],"_links":{"self":[{"href":"https:\/\/www.saphy.com\/healthcare-cosmetique\/wp-json\/wp\/v2\/product\/2662"}],"collection":[{"href":"https:\/\/www.saphy.com\/healthcare-cosmetique\/wp-json\/wp\/v2\/product"}],"about":[{"href":"https:\/\/www.saphy.com\/healthcare-cosmetique\/wp-json\/wp\/v2\/types\/product"}],"replies":[{"embeddable":true,"href":"https:\/\/www.saphy.com\/healthcare-cosmetique\/wp-json\/wp\/v2\/comments?post=2662"}],"wp:featuredmedia":[{"embeddable":true,"href":"https:\/\/www.saphy.com\/healthcare-cosmetique\/wp-json\/wp\/v2\/media\/4067"}],"wp:attachment":[{"href":"https:\/\/www.saphy.com\/healthcare-cosmetique\/wp-json\/wp\/v2\/media?parent=2662"}],"curies":[{"name":"wp","href":"https:\/\/api.w.org\/{rel}","templated":true}]}}