{"id":2665,"date":"2016-09-29T11:35:11","date_gmt":"2016-09-29T10:35:11","guid":{"rendered":"https:\/\/www.saphy.com\/healthcare-cosmetique\/?post_type=product&#038;p=2665"},"modified":"2022-01-03T15:41:43","modified_gmt":"2022-01-03T14:41:43","slug":"elixir-au-collagene-naturel-et-aledelweissyellow-rose-cosmetiques","status":"publish","type":"product","link":"https:\/\/www.saphy.com\/healthcare-cosmetique\/produit\/elixir-au-collagene-naturel-et-aledelweissyellow-rose-cosmetiques\/","title":{"rendered":"\u00c9lixir  au collag\u00e8ne naturel et \u00e0 l&rsquo;edelweiss Yellow Rose Cosm\u00e9tiques"},"content":{"rendered":"<h1>\u00c9lixir au collag\u00e8ne naturel et \u00e0 l&rsquo;edelweiss Yellow Rose Cosm\u00e9tiques<\/h1>\n<p>Elixir au collag\u00e8ne naturel et aux cellules souches d&rsquo;edelweiss Yellow Rose est un concentre de principes actifs\u00a0 antirides , hydratant et\u00a0 raffermissant\u00a0 enrichi en collag\u00e8ne naturel ,en cellules souches d\u2019Edelweiss et\u00a0 en nectar des fleurs. Il hydrate efficacement, combat les rides et ridules d\u2019expression, raffermit , tonifie la peau et red\u00e9finit le contour du visage. Cette formule exquise riche et d\u00e9licate est sp\u00e9cialement con\u00e7ue avec une texture unique ,l\u00e9g\u00e8re et\u00a0 douce , qui laisse la peau soyeuse, adouce , souple et lumineuse.<\/p>\n<p>&nbsp;<\/p>\n<p>Conseil d&rsquo;utilisation: Appliquez \u00a0matin et soir sur l&rsquo;ensemble du visage et du cou l&rsquo;Elixir au collag\u00e8ne naturel et aux cellules souches d&rsquo;edelweiss Yellow Rose avant la<a title=\"creme au collagene naturel et \u00e0 l'edelweiss yellow rose cosmetique\" href=\"https:\/\/www.saphy.com\/healthcare-cosmetique\/produit\/cremeaucollagenenaturel-etaledelweissyellowrosecosmetique\/\"> cr\u00e8me au collag\u00e8ne<\/a> naturel \u00a0Yellow Rose cosm\u00e9tique sur une peau parfaitement nettoy\u00e9e <span id=\"result_box\" lang=\"fr\"> <\/span><\/p>\n<p><span id=\"result_box\" lang=\"fr\"><span title=\"Suitable for all \">Convient pour tous <\/span><span title=\"skin types.\">les types de peau. <\/span><\/span><\/p>\n<p><span id=\"result_box\" lang=\"fr\"><span title=\"Dermatologically tested. \">Test\u00e9 dermatologiquement.<\/span><\/span><\/p>\n<p><span id=\"result_box\" lang=\"fr\"> <span title=\"Contains natural soluble Collagen with 2 molecular weights for moisturization, \">Contient<\/span><\/span> <span id=\"result_box\" lang=\"fr\"><span title=\"Contains natural soluble Collagen with 2 molecular weights for moisturization, \"> Du collag\u00e8ne naturel soluble avec 2 poids mol\u00e9culaires pour l&rsquo;hydratation,la <\/span><span title=\"firmness and radiance, Collagen and Chondroitin fillers for immediate \">fermet\u00e9 et l&rsquo;\u00e9clat, mol\u00e9cules de collag\u00e8ne et de chondro\u00eftine\u00a0 pour un effet repulpant imm\u00e9diat ,<\/span><span title=\"wrinkle plumping, firming and antiwrinkle Edelweiss stem cells, antioxidant \">des cellules souches d&rsquo;Edelweiss\u00a0 raffermissantes et antirides ,<\/span><\/span>du nectar de fleurs antioxydant et hydratantes ,des oligopeptides antirides et raffermissant qui stimulent <span id=\"result_box\" lang=\"fr\"><span title=\"that stimulate the natural synthesis of Collagen and Elastin in fibroblasts \">la synth\u00e8se naturelle de collag\u00e8ne et d&rsquo;\u00e9lastine dans les fibroblastes <\/span><span title=\"(\u201cRetinol-like\u201d effect), Oligopeptides against expression lines (\u201cbotox-like\u201d \">(Effet \u00ab\u00a0r\u00e9tinol-like\u00a0\u00bb), oligopeptides contre les rides d&rsquo;expression ( \u00ab\u00a0effet botox\u00a0\u00bb) <\/span><span title=\"effect), firming Silanols with hydroxyproline (basic Collagen constituent), \">,des <\/span><\/span><span id=\"result_box\" lang=\"fr\"><span title=\"effect), firming Silanols with hydroxyproline (basic Collagen constituent), \">Silanols raffermissantes avec hydroxyproline (constituant le collag\u00e8ne de base),de l&rsquo;<\/span><span title=\"moisturizing and firming Elastin, moisturizing low molecular weight \">Elastine hydratante et raffermissante,de l<\/span><\/span><span id=\"result_box\" lang=\"fr\"><span title=\"moisturizing and firming Elastin, moisturizing low molecular weight \"><span title=\"Hyaluronic acid, antiwrinkle Avocado Phytosterols, antioxidant Olive leaf \">&lsquo;acide hyaluronique<\/span> hydratant de bas poids mol\u00e9culaire,d<\/span><span title=\"Hyaluronic acid, antiwrinkle Avocado Phytosterols, antioxidant Olive leaf \">es phytost\u00e9rols d&rsquo;avocat aux vertus antirides ,des <\/span><\/span><span id=\"result_box\" lang=\"fr\"><span title=\"Hyaluronic acid, antiwrinkle Avocado Phytosterols, antioxidant Olive leaf \">feuilles d&rsquo;olivier antioxydantes\u00a0 <\/span><span title=\"and White Tea extracts, firming liposomes with Centella extract, soothing \">et des extraits de th\u00e9 blanc, des liposomes raffermissantes avec extrait de Centella, des\u00a0 extraits d&rsquo; actifs apaisant\u00a0 <\/span><span title=\"extracts (White Waterlily, Chamomile, Boswellia serrata) antioxidative \">( N\u00e9nuphar blanc, Camomille, Boswellia serrata) <span title=\"Olive oil unsaponifiables, conditioning Argan and Jojoba oils, moisturizing \">des huiles insaponifiables antioxydantes (huile d&rsquo;olive ,jojoba et argan)<\/span>riche en <\/span><span title=\"\u03b3-linoleic acid (Omega6 essential fatty acid), Vitamins (C and E), Aloe vera \">\u03b3-linol\u00e9ique (acide gras essentiel om\u00e9ga6), vitamines (C et E), de l&rsquo;Aloe vera ,alpha bisabolol anti inflammatoire naturel extraite de la camomille\u00a0 ,<\/span><span title=\"gel, a-Bisabolol, Lanolin, Shea butter, naturally derived Palmitoylproline \">lanoline, beurre de karit\u00e9, d&rsquo;origine naturelle palmitoylproline <\/span><span title=\"for radiance, whitening active from Chilean tree Boldo, Trehalose, Betain, \">pour un \u00e9clat, extrait d&rsquo;arbre chilien Boldo, tr\u00e9halose, b\u00e9ta\u00efne,<\/span><span title=\"Allantoin and Panthenol.\">Allanto\u00efne et le panth\u00e9nol.<\/span><\/span><\/p>\n<p>Ingr\u00e9dients: Aqua (Water), Glycerin, Dicaprylyl Carbonate, Ethyl Trisiloxane, Hydrogenated Ethylhexyl Olivate, Undecane, Coconut Alkanes, Propanediol, Pentaerythrityl, Tetraisostearate, Dipropylene Glycol, Butylene Gycol, Tridecane, Caprylic\/Capric, Triglyceride, Aloe Barbadensis Leaf Juice, Leontopodium Alpinum Callus Culture Extract, Soluble Collagen, Atelocollagen, Combretum Farinosum Flower Nectar, Sodium Hyaluronate, Hydrolyzed Elastin, Nymphaea Alba Flower. Extract, palmitoyl tripeptide-38, acetyl, hexapeptide-8 trifluoroacetyl\u00a0 tripeptide-2, olea europaea (olive) leaf extract, camellia sinensis leaf extract, chamomilla recuita (matriarcaria), flower extract, argania spinosa kernel o\u00efl, centella asiatica extract, ceramide EOP, hydrogenated olive o\u00efl unsaponifiables, panthenyl triacetate, betaine, tocopheryl acetate, ascorbyl tetraisopalmitate, sodium palmitoyl proline, methylsilanol hydroxyproline aspartate, caprylyl glycol, panthenol, trehalose, simmondsia chinensis (jojoba) seed o\u00efl, allantoin, phenoxyethanol, dipropylene glycol, bisabolol, ethyl linoleate, boswellia serrata gum, sodium chondroitin sulfate, biosaccharide gum-1, tocopherol, ethylhexylglycerin, petylene glycol, coco-caprylate\/caprate, helianthus annuus (sunflower) seed o\u00efl, ascorbyl palmitate, cholesterol, dextran, arginine, propylene glycol, diacetyl boldine, phytosphingosine, lecithin, trihydroxystearin, hydroxypropyl cyclodextrin, sodium lauroyl lactylate, polysilicone-11, hydrohyethyl acrylate\/sodium acryloyldimenthyl taurate copolymer, sodium benzoate, laureth-12, carbomer, xathan gum, parfum (fragrance)<\/p>\n<p>Collagen2 Beauty Elixir Yellow rose cosmetics<\/p>\n<p>Antiwrinkle, moisturizing and firming antiaging concentrate with natural fresh collagen, Collagen fillers, Edelweiss stem cells and flower nectar. Fights wrinkles, expression lines and loss of elasticity, leaving the skin firm with a youthful radiance. A unique rich blend of actives with soft and delicate texture, is an absolute delight for your skin. Suitable for all skin types.<\/p>\n<p>Dermatologically tested.<br \/>\nUse<br \/>\nUse daily, morning and evening, on clean skin before the Collagen2 face cream. Apply to the face and neck with gentle circular-upward movements, focusing on wrinkles, expression lines and areas with loss of elasticity. Can be effectively combined with professional beauty equipment and the other Yellow Rose Collagen2 products.<br \/>\nMain Ingredients<br \/>\nNatural soluble Collagen with 2 molecular weights<br \/>\nMoisturization, firmness and radiance.<br \/>\nCollagen and Chondroitin fillers<br \/>\nImmediate wrinkle plumping.<br \/>\nEdelweiss stem cells<br \/>\nFirming and antiwrinkle action.<br \/>\nFlower Nectar<br \/>\nAntioxidant and moisturizing properties.<br \/>\nAntiwrinkle and firming Oligopeptides<br \/>\nStimulate the natural synthesis of Collagen and Elastin in fibroblasts (\u2018Retinol-like effect\u2019).<br \/>\nSpecial Oligopeptides against expression lines<br \/>\n\u2018botox-like effect\u2019<br \/>\nSilanols with hydroxyproline (basic Collagen constituent)<br \/>\nLong term firming action.<br \/>\nSpecial Tripeptide<br \/>\nLong-lasting firming effect.<br \/>\nContains also<br \/>\nMoisturizing and firming Elastin, moisturizing low molecular weight Hyaluronic acid, antioxidant Olive leaf and White Tea extracts, firming liposomes with Centella extract, soothing extracts (White Waterlily, Chamomile, Boswellia serrata) antioxidative Olive oil unsaponifiables, conditioning Argan and Jojoba oils, Vitamins (C and E), Aloe vera gel, a-Bisabolol, naturally derived Palmitoylproline for radiance, whitening active from Chilean tree Boldo, Trehalose, Betain, Allantoin and Panthenol.<\/p>\n<p>&nbsp;<\/p>\n","protected":false},"excerpt":{"rendered":"<h1>\u00c9lixir au collag\u00e8ne naturel et \u00e0 l&rsquo;edelweiss Yellow Rose Cosm\u00e9tiques<\/h1>\n<p>Elixir au collag\u00e8ne naturel et aux cellules souches d&rsquo;edelweiss Yellow Rose est un concentre de principes actifs\u00a0 antirides , hydratant et\u00a0 raffermissant\u00a0 enrichi en collag\u00e8ne naturel ,en cellules souches d\u2019Edelweiss et\u00a0 en nectar des fleurs. Il hydrate efficacement, combat les rides et ridules d\u2019expression, raffermit , tonifie la peau et red\u00e9finit le contour du visage. Cette formule exquise riche et d\u00e9licate est sp\u00e9cialement con\u00e7ue avec une texture unique ,l\u00e9g\u00e8re et\u00a0 douce , qui laisse la peau soyeuse, adouce , souple et lumineuse.<\/p>\n<p>&nbsp;<\/p>\n<p>Conseil d&rsquo;utilisation: Appliquez \u00a0matin et soir sur l&rsquo;ensemble du visage et du cou l&rsquo;Elixir au collag\u00e8ne naturel et aux cellules souches d&rsquo;edelweiss Yellow Rose avant la<a title=\"creme au collagene naturel et \u00e0 l'edelweiss yellow rose cosmetique\" href=\"https:\/\/www.saphy.com\/healthcare-cosmetique\/produit\/cremeaucollagenenaturel-etaledelweissyellowrosecosmetique\/\"> cr\u00e8me au collag\u00e8ne<\/a> naturel \u00a0Yellow Rose cosm\u00e9tique sur une peau parfaitement nettoy\u00e9e <span id=\"result_box\" lang=\"fr\"> <\/span><\/p>\n<p><span id=\"result_box\" lang=\"fr\"><span title=\"Suitable for all \">Convient pour tous <\/span><span title=\"skin types.\">les types de peau. <\/span><\/span><\/p>\n<p><span id=\"result_box\" lang=\"fr\"><span title=\"Dermatologically tested. \">Test\u00e9 dermatologiquement.<\/span><\/span><\/p>\n<p><span id=\"result_box\" lang=\"fr\"> <span title=\"Contains natural soluble Collagen with 2 molecular weights for moisturization, \">Contient<\/span><\/span> <span id=\"result_box\" lang=\"fr\"><span title=\"Contains natural soluble Collagen with 2 molecular weights for moisturization, \"> Du collag\u00e8ne naturel soluble avec 2 poids mol\u00e9culaires pour l&rsquo;hydratation,la <\/span><span title=\"firmness and radiance, Collagen and Chondroitin fillers for immediate \">fermet\u00e9 et l&rsquo;\u00e9clat, mol\u00e9cules de collag\u00e8ne et de chondro\u00eftine\u00a0 pour un effet repulpant imm\u00e9diat ,<\/span><span title=\"wrinkle plumping, firming and antiwrinkle Edelweiss stem cells, antioxidant \">des cellules souches d&rsquo;Edelweiss\u00a0 raffermissantes et antirides ,<\/span><\/span>du nectar de fleurs antioxydant et hydratantes ,des oligopeptides antirides et raffermissant qui stimulent <span id=\"result_box\" lang=\"fr\"><span title=\"that stimulate the natural synthesis of Collagen and Elastin in fibroblasts \">la synth\u00e8se naturelle de collag\u00e8ne et d&rsquo;\u00e9lastine dans les fibroblastes <\/span><span title=\"(\u201cRetinol-like\u201d effect), Oligopeptides against expression lines (\u201cbotox-like\u201d \">(Effet \u00ab\u00a0r\u00e9tinol-like\u00a0\u00bb), oligopeptides contre les rides d&rsquo;expression ( \u00ab\u00a0effet botox\u00a0\u00bb) <\/span><span title=\"effect), firming Silanols with hydroxyproline (basic Collagen constituent), \">,des <\/span><\/span><span id=\"result_box\" lang=\"fr\"><span title=\"effect), firming Silanols with hydroxyproline (basic Collagen constituent), \">Silanols raffermissantes avec hydroxyproline (constituant le collag\u00e8ne de base),de l&rsquo;<\/span><span title=\"moisturizing and firming Elastin, moisturizing low molecular weight \">Elastine hydratante et raffermissante,de l<\/span><\/span><span id=\"result_box\" lang=\"fr\"><span title=\"moisturizing and firming Elastin, moisturizing low molecular weight \"><span title=\"Hyaluronic acid, antiwrinkle Avocado Phytosterols, antioxidant Olive leaf \">&lsquo;acide hyaluronique<\/span> hydratant de bas poids mol\u00e9culaire,d<\/span><span title=\"Hyaluronic acid, antiwrinkle Avocado Phytosterols, antioxidant Olive leaf \">es phytost\u00e9rols d&rsquo;avocat aux vertus antirides ,des <\/span><\/span><span id=\"result_box\" lang=\"fr\"><span title=\"Hyaluronic acid, antiwrinkle Avocado Phytosterols, antioxidant Olive leaf \">feuilles d&rsquo;olivier antioxydantes\u00a0 <\/span><span title=\"and White Tea extracts, firming liposomes with Centella extract, soothing \">et des extraits de th\u00e9 blanc, des liposomes raffermissantes avec extrait de Centella, des\u00a0 extraits d&rsquo; actifs apaisant\u00a0 <\/span><span title=\"extracts (White Waterlily, Chamomile, Boswellia serrata) antioxidative \">( N\u00e9nuphar blanc, Camomille, Boswellia serrata) <span title=\"Olive oil unsaponifiables, conditioning Argan and Jojoba oils, moisturizing \">des huiles insaponifiables antioxydantes (huile d&rsquo;olive ,jojoba et argan)<\/span>riche en <\/span><span title=\"\u03b3-linoleic acid (Omega6 essential fatty acid), Vitamins (C and E), Aloe vera \">\u03b3-linol\u00e9ique (acide gras essentiel om\u00e9ga6), vitamines (C et E), de l&rsquo;Aloe vera ,alpha bisabolol anti inflammatoire naturel extraite de la camomille\u00a0 ,<\/span><span title=\"gel, a-Bisabolol, Lanolin, Shea butter, naturally derived Palmitoylproline \">lanoline, beurre de karit\u00e9, d&rsquo;origine naturelle palmitoylproline <\/span><span title=\"for radiance, whitening active from Chilean tree Boldo, Trehalose, Betain, \">pour un \u00e9clat, extrait d&rsquo;arbre chilien Boldo, tr\u00e9halose, b\u00e9ta\u00efne,<\/span><span title=\"Allantoin and Panthenol.\">Allanto\u00efne et le panth\u00e9nol.<\/span><\/span><\/p>\n<p>Ingr\u00e9dients: Aqua (Water), Glycerin, Dicaprylyl Carbonate, Ethyl Trisiloxane, Hydrogenated Ethylhexyl Olivate, Undecane, Coconut Alkanes, Propanediol, Pentaerythrityl, Tetraisostearate, Dipropylene Glycol, Butylene Gycol, Tridecane, Caprylic\/Capric, Triglyceride, Aloe Barbadensis Leaf Juice, Leontopodium Alpinum Callus Culture Extract, Soluble Collagen, Atelocollagen, Combretum Farinosum Flower Nectar, Sodium Hyaluronate, Hydrolyzed Elastin, Nymphaea Alba Flower. Extract, palmitoyl tripeptide-38, acetyl, hexapeptide-8 trifluoroacetyl\u00a0 tripeptide-2, olea europaea (olive) leaf extract, camellia sinensis leaf extract, chamomilla recuita (matriarcaria), flower extract, argania spinosa kernel o\u00efl, centella asiatica extract, ceramide EOP, hydrogenated olive o\u00efl unsaponifiables, panthenyl triacetate, betaine, tocopheryl acetate, ascorbyl tetraisopalmitate, sodium palmitoyl proline, methylsilanol hydroxyproline aspartate, caprylyl glycol, panthenol, trehalose, simmondsia chinensis (jojoba) seed o\u00efl, allantoin, phenoxyethanol, dipropylene glycol, bisabolol, ethyl linoleate, boswellia serrata gum, sodium chondroitin sulfate, biosaccharide gum-1, tocopherol, ethylhexylglycerin, petylene glycol, coco-caprylate\/caprate, helianthus annuus (sunflower) seed o\u00efl, ascorbyl palmitate, cholesterol, dextran, arginine, propylene glycol, diacetyl boldine, phytosphingosine, lecithin, trihydroxystearin, hydroxypropyl cyclodextrin, sodium lauroyl lactylate, polysilicone-11, hydrohyethyl acrylate\/sodium acryloyldimenthyl taurate copolymer, sodium benzoate, laureth-12, carbomer, xathan gum, parfum (fragrance)<\/p>\n<p>Collagen2 Beauty Elixir Yellow rose cosmetics<\/p>\n<p>Antiwrinkle, moisturizing and firming antiaging concentrate with natural fresh collagen, Collagen fillers, Edelweiss stem cells and flower nectar. Fights wrinkles, expression lines and loss of elasticity, leaving the skin firm with a youthful radiance. A unique rich blend of actives with soft and delicate texture, is an absolute delight for your skin. Suitable for all skin types.<\/p>\n<p>Dermatologically tested.<br \/>\nUse<br \/>\nUse daily, morning and evening, on clean skin before the Collagen2 face cream. Apply to the face and neck with gentle circular-upward movements, focusing on wrinkles, expression lines and areas with loss of elasticity. Can be effectively combined with professional beauty equipment and the other Yellow Rose Collagen2 products.<br \/>\nMain Ingredients<br \/>\nNatural soluble Collagen with 2 molecular weights<br \/>\nMoisturization, firmness and radiance.<br \/>\nCollagen and Chondroitin fillers<br \/>\nImmediate wrinkle plumping.<br \/>\nEdelweiss stem cells<br \/>\nFirming and antiwrinkle action.<br \/>\nFlower Nectar<br \/>\nAntioxidant and moisturizing properties.<br \/>\nAntiwrinkle and firming Oligopeptides<br \/>\nStimulate the natural synthesis of Collagen and Elastin in fibroblasts (\u2018Retinol-like effect\u2019).<br \/>\nSpecial Oligopeptides against expression lines<br \/>\n\u2018botox-like effect\u2019<br \/>\nSilanols with hydroxyproline (basic Collagen constituent)<br \/>\nLong term firming action.<br \/>\nSpecial Tripeptide<br \/>\nLong-lasting firming effect.<br \/>\nContains also<br \/>\nMoisturizing and firming Elastin, moisturizing low molecular weight Hyaluronic acid, antioxidant Olive leaf and White Tea extracts, firming liposomes with Centella extract, soothing extracts (White Waterlily, Chamomile, Boswellia serrata) antioxidative Olive oil unsaponifiables, conditioning Argan and Jojoba oils, Vitamins (C and E), Aloe vera gel, a-Bisabolol, naturally derived Palmitoylproline for radiance, whitening active from Chilean tree Boldo, Trehalose, Betain, Allantoin and Panthenol.<\/p>\n<p>&nbsp;<\/p>\n","protected":false},"featured_media":4068,"comment_status":"open","ping_status":"closed","template":"","meta":[],"_links":{"self":[{"href":"https:\/\/www.saphy.com\/healthcare-cosmetique\/wp-json\/wp\/v2\/product\/2665"}],"collection":[{"href":"https:\/\/www.saphy.com\/healthcare-cosmetique\/wp-json\/wp\/v2\/product"}],"about":[{"href":"https:\/\/www.saphy.com\/healthcare-cosmetique\/wp-json\/wp\/v2\/types\/product"}],"replies":[{"embeddable":true,"href":"https:\/\/www.saphy.com\/healthcare-cosmetique\/wp-json\/wp\/v2\/comments?post=2665"}],"wp:featuredmedia":[{"embeddable":true,"href":"https:\/\/www.saphy.com\/healthcare-cosmetique\/wp-json\/wp\/v2\/media\/4068"}],"wp:attachment":[{"href":"https:\/\/www.saphy.com\/healthcare-cosmetique\/wp-json\/wp\/v2\/media?parent=2665"}],"curies":[{"name":"wp","href":"https:\/\/api.w.org\/{rel}","templated":true}]}}