{"id":2668,"date":"2016-09-29T11:44:55","date_gmt":"2016-09-29T10:44:55","guid":{"rendered":"https:\/\/www.saphy.com\/healthcare-cosmetique\/?post_type=product&#038;p=2668"},"modified":"2018-10-10T10:52:17","modified_gmt":"2018-10-10T09:52:17","slug":"masqueaucollageneyellowrosecosmetics","status":"publish","type":"product","link":"https:\/\/www.saphy.com\/healthcare-cosmetique\/produit\/masqueaucollageneyellowrosecosmetics\/","title":{"rendered":"Masque  au collagene et \u00e0 l&rsquo;edelweiss Yellow Rose cosmetiques"},"content":{"rendered":"<p>Masque au collagene et \u00e0 l&rsquo;edelweiss Yellow Rose cosmetiques<\/p>\n<p>Le masque au collag\u00e8ne naturel et aux cellules souches d&rsquo;edelweiss Yellow Rose cosm\u00e9tiques est un soin profond antirides , hydratant et\u00a0 raffermissant enrichi en collag\u00e8ne naturel, en cellules souches d\u2019Edelweiss et\u00a0 en nectar des fleurs. Il\u00a0 Hydrate efficacement, combat les rides et ridules d\u2019expression, raffermit , tonifie la peau et<br \/>\nred\u00e9finit le contour du visage. Un concentr\u00e9 d&rsquo;actifs qui apporte \u00e0 votre peau les nutriments dont elle a besoin pour \u00eatre soyeuse, adoucit , souple et lumineuse.<\/p>\n<p>&nbsp;<\/p>\n<p>Conseil d&rsquo;utilisation: Appliquer le\u00a0masque au collag\u00e8ne naturel et aux cellules souches d&rsquo;edelweiss Yellow Rose cosm\u00e9tiques\u00a0sur une peau nettoy\u00e9e et sur l&rsquo;ensemble du visage et du cou.Laisser agir entre 15 et 20 minutes et rincer soigneusement. Se fait 1 \u00e0 3 fois par semaine<\/p>\n<p>Convient pour tous les types de peau.<\/p>\n<p>Test\u00e9 dermatologiquement.<\/p>\n<p>Contient<\/p>\n<p>Du <strong>collag\u00e8ne naturel<\/strong> soluble avec 2 poids mol\u00e9culaires pour l\u2019hydratation,la fermet\u00e9 et l\u2019\u00e9clat, mol\u00e9cules de <strong>collag\u00e8ne<\/strong> et de <strong>chondro\u00eftine\u00a0<\/strong> pour un effet repulpant imm\u00e9diat ,des <strong>cellules souches d\u2019Edelweiss<\/strong>\u00a0 raffermissantes et antirides ,du <strong>necta<\/strong>r de fleurs antioxydant et hydratantes ,des <strong>oligopeptides<\/strong> antirides et raffermissant qui stimulent la synth\u00e8se naturelle de collag\u00e8ne et d\u2019\u00e9lastine dans les fibroblastes (Effet \u00ab\u00a0r\u00e9tinol-like\u00a0\u00bb), oligopeptides contre les rides d\u2019expression ( \u00ab\u00a0effet botox\u00a0\u00bb) ,des <strong>Silanols<\/strong> raffermissantes avec hydroxyproline (constituant le collag\u00e8ne de base),de l\u2019<strong>Elastine<\/strong> hydratante et raffermissante,de l\u2018<strong>acide hyaluronique<\/strong> hydratant de bas poids mol\u00e9culaire,des<strong> phytost\u00e9rols<\/strong> d\u2019avocat aux vertus antirides ,des <strong>feuilles d\u2019olivier<\/strong> antioxydantes\u00a0 et des<strong> extraits de th\u00e9 blanc<\/strong>, des<strong> liposomes<\/strong> raffermissantes avec extrait de <strong>Centella<\/strong>, des\u00a0 extraits d\u2019 actifs apaisant\u00a0 ( <strong>N\u00e9nuphar blanc, Camomille, Boswellia serrata<\/strong>) des huiles insaponifiables antioxydantes (<strong>huile d\u2019olive ,jojoba et argan<\/strong>)riche en \u03b3-linol\u00e9ique (acide gras essentiel om\u00e9ga6), <strong>vitamines (C et E<\/strong>), de l\u2019<strong>Aloe vera<\/strong> ,<strong>alpha bisabolol<\/strong> anti inflammatoire naturel extraite de la camomille\u00a0 <strong>,lanoline<\/strong>, <strong>beurre de karit\u00e9<\/strong>, d\u2019origine naturelle palmitoylproline pour un \u00e9clat, <strong>extrait d\u2019arbre chilien Bol<\/strong>do,<strong> tr\u00e9hal<\/strong>ose, <strong>b\u00e9ta\u00efne<\/strong>,<strong>Allanto\u00efne<\/strong> et le <strong>panth\u00e9nol<\/strong>.<\/p>\n<p>Ingr\u00e9dients: Aqua (water), glycerin, propanediol, hydroxyethyl acrylate\/sodiumacryloyldimethyl taurate copolymer, soluble collagen, leotopodium alpinum callus culture extract, combretum, farinosum, flower nectar, sodium hyaluronate, hydrolyzed elastin, nymphaea alba flower extract, aloe barbadensis leaf juice, chamomilla recutita (matricaria) flower extract, olea europaea (olive) leaf extract, camellia sinensis leaf extract, sodium palmitoyl proloine, dipropylene glycol, panthenol, trehalose, gum-1 ascorbyl tetraisopalmitate, polyacrilate-13, phenoxyethanol, pentylene glycol, ethylhexylglycerin, polyisobutene, butylene glycol, polysorbate 20, xanthan gum, parfum (fragrance)<\/p>\n<p>Collagen2 Face Gel Mask<\/p>\n<p>Moisturizing, soothing, antiwrinkle and firming face gel mask with natural Collagen, Edelweiss stem cells and flower Nectar. Helps fight dry and dull skin, gradually improving elasticity and leaves the skin soft, calm and bright. Suitable for all skin types.<\/p>\n<p>Dermatologically tested.<br \/>\nUse<br \/>\nApply uniformly to clean skin (face and neck), 1 to 3 times per week. Remove after 15 to 20 minutes with dry soft tissue. Tone the skin and remove the remainders with a suitable Yellow Rose lotion. Can be effectively combined with professional beauty equipment and the other Yellow Rose Collagen2 products.<br \/>\nMain Ingredients<br \/>\nNatural soluble Collagen with 2 molecular weights<br \/>\nMoisturization, firmness and radiance.<br \/>\nEdelweiss stem cells<br \/>\nFirming and antiwrinkle action.<br \/>\nFlower Nectar<br \/>\nAntioxidant and moisturizing properties.<br \/>\nContains also<br \/>\nmoisturizing and firming Elastin, moisturizing low molecular weight Hyaluronic acid, antioxidant Olive leaf and White Tea extracts, soothing extracts (White Waterlily and Chamomile), Vitamins (C and E), Aloe vera gel, a-Bisabolol, naturally derived Palmitoylproline for radiance, Trehalose, Betain, Allantoin and Panthenol.<\/p>\n<p>&nbsp;<\/p>\n","protected":false},"excerpt":{"rendered":"<p>Masque au collagene et \u00e0 l&rsquo;edelweiss Yellow Rose cosmetiques<\/p>\n<p>Le masque au collag\u00e8ne naturel et aux cellules souches d&rsquo;edelweiss Yellow Rose cosm\u00e9tiques est un soin profond antirides , hydratant et\u00a0 raffermissant enrichi en collag\u00e8ne naturel, en cellules souches d\u2019Edelweiss et\u00a0 en nectar des fleurs. Il\u00a0 Hydrate efficacement, combat les rides et ridules d\u2019expression, raffermit , tonifie la peau et<br \/>\nred\u00e9finit le contour du visage. Un concentr\u00e9 d&rsquo;actifs qui apporte \u00e0 votre peau les nutriments dont elle a besoin pour \u00eatre soyeuse, adoucit , souple et lumineuse.<\/p>\n<p>&nbsp;<\/p>\n<p>Conseil d&rsquo;utilisation: Appliquer le\u00a0masque au collag\u00e8ne naturel et aux cellules souches d&rsquo;edelweiss Yellow Rose cosm\u00e9tiques\u00a0sur une peau nettoy\u00e9e et sur l&rsquo;ensemble du visage et du cou.Laisser agir entre 15 et 20 minutes et rincer soigneusement. Se fait 1 \u00e0 3 fois par semaine<\/p>\n<p>Convient pour tous les types de peau.<\/p>\n<p>Test\u00e9 dermatologiquement.<\/p>\n<p>Contient<\/p>\n<p>Du <strong>collag\u00e8ne naturel<\/strong> soluble avec 2 poids mol\u00e9culaires pour l\u2019hydratation,la fermet\u00e9 et l\u2019\u00e9clat, mol\u00e9cules de <strong>collag\u00e8ne<\/strong> et de <strong>chondro\u00eftine\u00a0<\/strong> pour un effet repulpant imm\u00e9diat ,des <strong>cellules souches d\u2019Edelweiss<\/strong>\u00a0 raffermissantes et antirides ,du <strong>necta<\/strong>r de fleurs antioxydant et hydratantes ,des <strong>oligopeptides<\/strong> antirides et raffermissant qui stimulent la synth\u00e8se naturelle de collag\u00e8ne et d\u2019\u00e9lastine dans les fibroblastes (Effet \u00ab\u00a0r\u00e9tinol-like\u00a0\u00bb), oligopeptides contre les rides d\u2019expression ( \u00ab\u00a0effet botox\u00a0\u00bb) ,des <strong>Silanols<\/strong> raffermissantes avec hydroxyproline (constituant le collag\u00e8ne de base),de l\u2019<strong>Elastine<\/strong> hydratante et raffermissante,de l\u2018<strong>acide hyaluronique<\/strong> hydratant de bas poids mol\u00e9culaire,des<strong> phytost\u00e9rols<\/strong> d\u2019avocat aux vertus antirides ,des <strong>feuilles d\u2019olivier<\/strong> antioxydantes\u00a0 et des<strong> extraits de th\u00e9 blanc<\/strong>, des<strong> liposomes<\/strong> raffermissantes avec extrait de <strong>Centella<\/strong>, des\u00a0 extraits d\u2019 actifs apaisant\u00a0 ( <strong>N\u00e9nuphar blanc, Camomille, Boswellia serrata<\/strong>) des huiles insaponifiables antioxydantes (<strong>huile d\u2019olive ,jojoba et argan<\/strong>)riche en \u03b3-linol\u00e9ique (acide gras essentiel om\u00e9ga6), <strong>vitamines (C et E<\/strong>), de l\u2019<strong>Aloe vera<\/strong> ,<strong>alpha bisabolol<\/strong> anti inflammatoire naturel extraite de la camomille\u00a0 <strong>,lanoline<\/strong>, <strong>beurre de karit\u00e9<\/strong>, d\u2019origine naturelle palmitoylproline pour un \u00e9clat, <strong>extrait d\u2019arbre chilien Bol<\/strong>do,<strong> tr\u00e9hal<\/strong>ose, <strong>b\u00e9ta\u00efne<\/strong>,<strong>Allanto\u00efne<\/strong> et le <strong>panth\u00e9nol<\/strong>.<\/p>\n<p>Ingr\u00e9dients: Aqua (water), glycerin, propanediol, hydroxyethyl acrylate\/sodiumacryloyldimethyl taurate copolymer, soluble collagen, leotopodium alpinum callus culture extract, combretum, farinosum, flower nectar, sodium hyaluronate, hydrolyzed elastin, nymphaea alba flower extract, aloe barbadensis leaf juice, chamomilla recutita (matricaria) flower extract, olea europaea (olive) leaf extract, camellia sinensis leaf extract, sodium palmitoyl proloine, dipropylene glycol, panthenol, trehalose, gum-1 ascorbyl tetraisopalmitate, polyacrilate-13, phenoxyethanol, pentylene glycol, ethylhexylglycerin, polyisobutene, butylene glycol, polysorbate 20, xanthan gum, parfum (fragrance)<\/p>\n<p>Collagen2 Face Gel Mask<\/p>\n<p>Moisturizing, soothing, antiwrinkle and firming face gel mask with natural Collagen, Edelweiss stem cells and flower Nectar. Helps fight dry and dull skin, gradually improving elasticity and leaves the skin soft, calm and bright. Suitable for all skin types.<\/p>\n<p>Dermatologically tested.<br \/>\nUse<br \/>\nApply uniformly to clean skin (face and neck), 1 to 3 times per week. Remove after 15 to 20 minutes with dry soft tissue. Tone the skin and remove the remainders with a suitable Yellow Rose lotion. Can be effectively combined with professional beauty equipment and the other Yellow Rose Collagen2 products.<br \/>\nMain Ingredients<br \/>\nNatural soluble Collagen with 2 molecular weights<br \/>\nMoisturization, firmness and radiance.<br \/>\nEdelweiss stem cells<br \/>\nFirming and antiwrinkle action.<br \/>\nFlower Nectar<br \/>\nAntioxidant and moisturizing properties.<br \/>\nContains also<br \/>\nmoisturizing and firming Elastin, moisturizing low molecular weight Hyaluronic acid, antioxidant Olive leaf and White Tea extracts, soothing extracts (White Waterlily and Chamomile), Vitamins (C and E), Aloe vera gel, a-Bisabolol, naturally derived Palmitoylproline for radiance, Trehalose, Betain, Allantoin and Panthenol.<\/p>\n<p>&nbsp;<\/p>\n<p><span id=\"result_box\" lang=\"fr\">\u00a0<\/span><\/p>\n","protected":false},"featured_media":4069,"comment_status":"open","ping_status":"closed","template":"","meta":[],"_links":{"self":[{"href":"https:\/\/www.saphy.com\/healthcare-cosmetique\/wp-json\/wp\/v2\/product\/2668"}],"collection":[{"href":"https:\/\/www.saphy.com\/healthcare-cosmetique\/wp-json\/wp\/v2\/product"}],"about":[{"href":"https:\/\/www.saphy.com\/healthcare-cosmetique\/wp-json\/wp\/v2\/types\/product"}],"replies":[{"embeddable":true,"href":"https:\/\/www.saphy.com\/healthcare-cosmetique\/wp-json\/wp\/v2\/comments?post=2668"}],"wp:featuredmedia":[{"embeddable":true,"href":"https:\/\/www.saphy.com\/healthcare-cosmetique\/wp-json\/wp\/v2\/media\/4069"}],"wp:attachment":[{"href":"https:\/\/www.saphy.com\/healthcare-cosmetique\/wp-json\/wp\/v2\/media?parent=2668"}],"curies":[{"name":"wp","href":"https:\/\/api.w.org\/{rel}","templated":true}]}}