{"id":2679,"date":"2016-10-10T11:12:58","date_gmt":"2016-10-10T10:12:58","guid":{"rendered":"https:\/\/www.saphy.com\/healthcare-cosmetique\/?post_type=product&#038;p=2679"},"modified":"2022-06-16T09:29:46","modified_gmt":"2022-06-16T08:29:46","slug":"gommage-hydratant-pour-les-pieds-himalaya-herbals","status":"publish","type":"product","link":"https:\/\/www.saphy.com\/healthcare-cosmetique\/produit\/gommage-hydratant-pour-les-pieds-himalaya-herbals\/","title":{"rendered":"GOMMAGE HYDRATANT POUR LES PIEDS HIMALAYA HERBALS"},"content":{"rendered":"<p>GOMMAGE HYDRATANT POUR LES PIEDS HIMALAYA HERBALS<\/p>\n<p>Le gommage hydratant pour les pieds Himalaya Herbals exfolie efficacement et hydrate intens\u00e9ment\u00a0 gr\u00e2ce \u00e0 sa formulation unique. De fines coquilles de noix et de l&rsquo; ananas pour enlever les peaux mortes et les callosit\u00e9s ,de l&rsquo;aloe vera et de la noix de coco pour nourrir et hydrater et de la pomme et du citron pour leurs actions antibact\u00e9riennes et antifongiques.<\/p>\n<p>Un soin tout en 1 \u00e0 effectuer quotidiennement .<\/p>\n<p>Principaux composants botaniques:<\/p>\n<p>Noix<br \/>\nAnanas<br \/>\nNoix de coco<br \/>\nPomme<br \/>\nCitron<\/p>\n<p>Conseil d&rsquo;utilisation:<\/p>\n<p>Masser vos pieds pr\u00e9alablement mouill\u00e9s de mani\u00e8re circulaire.Rincer et s\u00e9cher . A faire tous les jours et\/ou 3 fois par semaine<\/p>\n<p>Ingr\u00e9dients:\u00a0Aqua, polyethylene, ammonium lauryl sulfate, stearic acid, cocamidopropyl betaine, glycerin, glyceryl stearate SE, glycol stearate, parfum, carbomer, juglans regia shell powder, phnoxyethanol, sodium hydroxide, pumice, ananas sativus fruit extract, pyrus malus fruit extract, citrus medica limonum peel extract, aloe barbadensis leaf extract, methylchloroisothiazolinone &amp; methylisothiazolinone, benzyl alcohol, disodium EDTA, tocopheryl acetate, cocos nucifera fruit extract, menthol, benzyl salicylate, butylphenyl methylpropional, linalool, limonene, hexyl cinnamal<\/p>\n<p>MOISTURIZING\u00a0FOOT \u00a0SCRUB FOR HIMALAYA HERBALS<br \/>\nThe Himalaya Herbals moisturizing scrub for exfoliates effectively exfoliates and moisturizes intensely thanks to its unique formulation. Fine nut shells and pineapple to remove dead skin and calluses, aloe vera and coconut to nourish and moisturize and apple and lemon for their antibacterial and antifungal actions.<br \/>\nA care all in 1 to perform daily.<br \/>\nMain botanical components:<br \/>\nNuts<br \/>\nPineapple<br \/>\nCoconut<br \/>\nApple<br \/>\nLemon<br \/>\nUsing advice:<br \/>\nMassage your feet previously wet in a circular manner. Rinse and dry. To do every day and \/ or 3 times a week<\/p>\n<p>Ingr\u00e9dients:\u00a0Aqua, polyethylene, ammonium lauryl sulfate, stearic acid, cocamidopropyl betaine, glycerin, glyceryl stearate SE, glycol stearate, parfum, carbomer, juglans regia shell powder, phnoxyethanol, sodium hydroxide, pumice, ananas sativus fruit extract, pyrus malus fruit extract, citrus medica limonum peel extract, aloe barbadensis leaf extract, methylchloroisothiazolinone &amp; methylisothiazolinone, benzyl alcohol, disodium EDTA, tocopheryl acetate, cocos nucifera fruit extract, menthol, benzyl salicylate, butylphenyl methylpropional, linalool, limonene, hexyl cinnamal<\/p>\n<p>&nbsp;<\/p>\n","protected":false},"excerpt":{"rendered":"<p>GOMMAGE HYDRATANT POUR LES PIEDS HIMALAYA HERBALS<\/p>\n<p>Le gommage hydratant pour les pieds Himalaya Herbals exfolie efficacement et hydrate intens\u00e9ment\u00a0 gr\u00e2ce \u00e0 sa formulation unique. De fines coquilles de noix et de l&rsquo; ananas pour enlever les peaux mortes et les callosit\u00e9s ,de l&rsquo;aloe vera et de la noix de coco pour nourrir et hydrater et de la pomme et du citron pour leurs actions antibact\u00e9riennes et antifongiques.<\/p>\n<p>Un soin tout en 1 \u00e0 effectuer quotidiennement .<\/p>\n<p>Principaux composants botaniques:<\/p>\n<p>Noix<br \/>\nAnanas<br \/>\nNoix de coco<br \/>\nPomme<br \/>\nCitron<\/p>\n<p>Conseil d&rsquo;utilisation:<\/p>\n<p>Masser vos pieds pr\u00e9alablement mouill\u00e9s de mani\u00e8re circulaire.Rincer et s\u00e9cher . A faire tous les jours et\/ou 3 fois par semaine<\/p>\n<p>Ingr\u00e9dients:\u00a0Aqua, polyethylene, ammonium lauryl sulfate, stearic acid, cocamidopropyl betaine, glycerin, glyceryl stearate SE, glycol stearate, parfum, carbomer, juglans regia shell powder, phnoxyethanol, sodium hydroxide, pumice, ananas sativus fruit extract, pyrus malus fruit extract, citrus medica limonum peel extract, aloe barbadensis leaf extract, methylchloroisothiazolinone &amp; methylisothiazolinone, benzyl alcohol, disodium EDTA, tocopheryl acetate, cocos nucifera fruit extract, menthol, benzyl salicylate, butylphenyl methylpropional, linalool, limonene, hexyl cinnamal<\/p>\n<p>MOISTURIZING\u00a0FOOT \u00a0SCRUB FOR HIMALAYA HERBALS<br \/>\nThe Himalaya Herbals moisturizing scrub for exfoliates effectively exfoliates and moisturizes intensely thanks to its unique formulation. Fine nut shells and pineapple to remove dead skin and calluses, aloe vera and coconut to nourish and moisturize and apple and lemon for their antibacterial and antifungal actions.<br \/>\nA care all in 1 to perform daily.<br \/>\nMain botanical components:<br \/>\nNuts<br \/>\nPineapple<br \/>\nCoconut<br \/>\nApple<br \/>\nLemon<br \/>\nUsing advice:<br \/>\nMassage your feet previously wet in a circular manner. Rinse and dry. To do every day and \/ or 3 times a week<\/p>\n<p>Ingr\u00e9dients:\u00a0Aqua, polyethylene, ammonium lauryl sulfate, stearic acid, cocamidopropyl betaine, glycerin, glyceryl stearate SE, glycol stearate, parfum, carbomer, juglans regia shell powder, phnoxyethanol, sodium hydroxide, pumice, ananas sativus fruit extract, pyrus malus fruit extract, citrus medica limonum peel extract, aloe barbadensis leaf extract, methylchloroisothiazolinone &amp; methylisothiazolinone, benzyl alcohol, disodium EDTA, tocopheryl acetate, cocos nucifera fruit extract, menthol, benzyl salicylate, butylphenyl methylpropional, linalool, limonene, hexyl cinnamal<\/p>\n<p>&nbsp;<\/p>\n","protected":false},"featured_media":4016,"comment_status":"open","ping_status":"closed","template":"","meta":[],"_links":{"self":[{"href":"https:\/\/www.saphy.com\/healthcare-cosmetique\/wp-json\/wp\/v2\/product\/2679"}],"collection":[{"href":"https:\/\/www.saphy.com\/healthcare-cosmetique\/wp-json\/wp\/v2\/product"}],"about":[{"href":"https:\/\/www.saphy.com\/healthcare-cosmetique\/wp-json\/wp\/v2\/types\/product"}],"replies":[{"embeddable":true,"href":"https:\/\/www.saphy.com\/healthcare-cosmetique\/wp-json\/wp\/v2\/comments?post=2679"}],"wp:featuredmedia":[{"embeddable":true,"href":"https:\/\/www.saphy.com\/healthcare-cosmetique\/wp-json\/wp\/v2\/media\/4016"}],"wp:attachment":[{"href":"https:\/\/www.saphy.com\/healthcare-cosmetique\/wp-json\/wp\/v2\/media?parent=2679"}],"curies":[{"name":"wp","href":"https:\/\/api.w.org\/{rel}","templated":true}]}}