{"id":2681,"date":"2016-10-10T12:21:30","date_gmt":"2016-10-10T11:21:30","guid":{"rendered":"https:\/\/www.saphy.com\/healthcare-cosmetique\/?post_type=product&#038;p=2681"},"modified":"2023-08-01T10:09:47","modified_gmt":"2023-08-01T09:09:47","slug":"neem-himalaya-herbals","status":"publish","type":"product","link":"https:\/\/www.saphy.com\/healthcare-cosmetique\/produit\/neem-himalaya-herbals\/","title":{"rendered":"NEEM HIMALAYA HERBALS"},"content":{"rendered":"<h1>NEEM HIMALAYA HERBALS<\/h1>\n<p>Compl\u00e9ment alimentaire<\/p>\n<p>Himalaya Herbals<\/p>\n<p>La science par les plantes depuis 1930<\/p>\n<p>&nbsp;<\/p>\n<p>Himalaya Neem est un extrait d&rsquo;herbe pure. L&rsquo;arbre de Neem\u00a0 a \u00e9t\u00e9 d\u00e9clar\u00e9 plante du XXI me si\u00e8cle .<\/p>\n<p>Le neem est une des plantes les plus utilis\u00e9es en Inde ,c\u2019est une plante consid\u00e9r\u00e9e comme sacr\u00e9 par les indiens .<\/p>\n<p><b>Composition de deux g\u00e9lules:\u00a0 \u00a0<\/b>500 mg d\u2019extrait de feuilles de Neem (Azadirachta Indica), Microcristalline cellulose (\u00e9mulsifiant ), Phosphate Dicalcique (\u00e9mulsifiant), Magn\u00e9sium st\u00e9arate (agent d\u2019enrobage), Dioxyde de silicium colloidal (antiagglom\u00e9rant).<\/p>\n<p><b>Conseil d&rsquo;utilisation: <\/b><\/p>\n<p>2 g\u00e9lules par jour<\/p>\n<p>Boite de 60 g\u00e9lules<\/p>\n<p>Les compl\u00e9ments alimentaires ne doivent pas \u00eatre utilis\u00e9 comme substitut d&rsquo;un r\u00e9gime alimentaire vari\u00e9e, \u00e9quilibr\u00e9e et \u00e0 un mode de vie sain.<br \/>\nNe\u00a0 pas\u00a0 utiliser chez la femme enceinte et\/ou qui allaitent sans avis m\u00e9dical .<br \/>\nNe pas utiliser chez les enfants de moins de 14 ans .<br \/>\nA conserver dans un endroit frais et sec, hors de port\u00e9e des enfants<\/p>\n<p>&nbsp;<\/p>\n<p>NEEM HIMALAYA HERBALS<br \/>\nHimalaya Neem is an extract of pure herb. The tree of Neem is known as Arishtha in Sanskrit means \u00ab\u00a0relief from disease\u00a0\u00bb. Neem is a powerful blood purifier, detoxifies and promotes healthy skin and wound healing.<\/p>\n<p>Each Capsule contains 250 mg of melia azaradithcha<br \/>\nDosage: Take 1 to 2 capsules per day<br \/>\nBox of 60 tablets<br \/>\nDo not use in pregnant women, children under the age of 14 and nursing mothers.<br \/>\nDietary supplements should not be used as a substitute for a varied and balanced diet.<br \/>\nThese indications do not require prior medical advice.<br \/>\nDo not exceed the recommended daily dose.<\/p>\n","protected":false},"excerpt":{"rendered":"<h1>NEEM HIMALAYA HERBALS<\/h1>\n<p>Compl\u00e9ment alimentaire<\/p>\n<p>La mission des laboratoires Himalaya Herbals est\u00a0 que le bien \u00eatre par les plantes soit une part int\u00e9grante de chaque foyer. Notre gamme de compl\u00e9ments alimentaires \u00e0 base de plantes est sp\u00e9cialement formul\u00e9e pour vous aider \u00e0 atteindre le bien-\u00eatre physique et mental et d\u2019avoir\u00a0 une meilleure qualit\u00e9 de vie. Nous nous effor\u00e7ons de rendre cela possible gr\u00e2ce \u00e0 notre engagement envers la science dans tous nos soins de sant\u00e9 \u00e0 base de plantes.<\/p>\n<p>Himalaya Neem est un extrait d&rsquo;herbe pure. L&rsquo;arbre de Neem est connu sous le nom d\u2019 Arishtha qui signifie en sanskrit \u00absoulagement \u00bb.<\/p>\n<p>Le neem est une des plantes les plus utilis\u00e9es en Inde ,c\u2019est une plante consid\u00e9r\u00e9e comme sacr\u00e9 par les indiens .<\/p>\n<p><b>Composition de deux g\u00e9lules:\u00a0 \u00a0<\/b>500 mg d\u2019extrait de feuilles de Neem (Azadirachta Indica), Microcristalline cellulose (\u00e9mulsifiant ), Phosphate Dicalcique (\u00e9mulsifiant), Magn\u00e9sium st\u00e9arate (agent d\u2019enrobage), Dioxyde de silicium colloidal (antiagglom\u00e9rant).<\/p>\n<p><b>Conseil d&rsquo;utilisation: <\/b><\/p>\n<p>2 g\u00e9lules par jour<\/p>\n<p>Boite de 60 g\u00e9lules<\/p>\n<p>Les compl\u00e9ments alimentaires ne doivent pas \u00eatre utilis\u00e9 comme substitut d&rsquo;un r\u00e9gime alimentaire vari\u00e9e, \u00e9quilibr\u00e9e et \u00e0 un mode de vie sain.<br \/>\nNe\u00a0 pas\u00a0 utiliser chez la femme enceinte et\/ou qui allaitent sans avis m\u00e9dical .<br \/>\nNe pas utiliser chez les enfants de moins de 14 ans .<br \/>\nA conserver dans un endroit frais et sec, hors de port\u00e9e des enfants<\/p>\n<p>&nbsp;<\/p>\n<p>NEEM HIMALAYA HERBALS<br \/>\nHimalaya Neem is an extract of pure herb. The tree of Neem is known as Arishtha in Sanskrit means \u00ab\u00a0relief from disease\u00a0\u00bb. Neem is a powerful blood purifier, detoxifies and promotes healthy skin and wound healing.<\/p>\n<p>Each Capsule contains 250 mg of melia azaradithcha<br \/>\nDosage: Take 1 to 2 capsules per day<br \/>\nBox of 60 tablets<br \/>\nDo not use in pregnant women, children under the age of 14 and nursing mothers.<br \/>\nDietary supplements should not be used as a substitute for a varied and balanced diet.<br \/>\nThese indications do not require prior medical advice.<br \/>\nDo not exceed the recommended daily dose.<\/p>\n","protected":false},"featured_media":4040,"comment_status":"open","ping_status":"closed","template":"","meta":[],"_links":{"self":[{"href":"https:\/\/www.saphy.com\/healthcare-cosmetique\/wp-json\/wp\/v2\/product\/2681"}],"collection":[{"href":"https:\/\/www.saphy.com\/healthcare-cosmetique\/wp-json\/wp\/v2\/product"}],"about":[{"href":"https:\/\/www.saphy.com\/healthcare-cosmetique\/wp-json\/wp\/v2\/types\/product"}],"replies":[{"embeddable":true,"href":"https:\/\/www.saphy.com\/healthcare-cosmetique\/wp-json\/wp\/v2\/comments?post=2681"}],"wp:featuredmedia":[{"embeddable":true,"href":"https:\/\/www.saphy.com\/healthcare-cosmetique\/wp-json\/wp\/v2\/media\/4040"}],"wp:attachment":[{"href":"https:\/\/www.saphy.com\/healthcare-cosmetique\/wp-json\/wp\/v2\/media?parent=2681"}],"curies":[{"name":"wp","href":"https:\/\/api.w.org\/{rel}","templated":true}]}}