{"id":2687,"date":"2016-10-11T14:12:10","date_gmt":"2016-10-11T13:12:10","guid":{"rendered":"https:\/\/www.saphy.com\/healthcare-cosmetique\/?post_type=product&#038;p=2687"},"modified":"2021-04-19T14:13:23","modified_gmt":"2021-04-19T13:13:23","slug":"eau-micellaire-oliveherbes-yellow-rose-cosmetics","status":"publish","type":"product","link":"https:\/\/www.saphy.com\/healthcare-cosmetique\/produit\/eau-micellaire-oliveherbes-yellow-rose-cosmetics\/","title":{"rendered":"Eau micellaire olive&#038;herbes  Yellow Rose cosmetics"},"content":{"rendered":"<h1>Eau micellaire olive&amp;herbes Yellow Rose cosmetics<\/h1>\n<p>L&rsquo; Eau micellaire olive&amp;herbes\u00a0 Yellow Rose cosmetics nettoie en douceur le visage, les yeux, les l\u00e8vres et le cou de\u00a0 mani\u00e8re efficace en une seule \u00e9tape, sans irriter la peau.<\/p>\n<p>Elle contient des micelles nettoyantes douces sp\u00e9cifiques, des extraits apaisants d\u2019Euphrasie et de Calendula, des extraits antioxydants de th\u00e9 blanc et de feuilles d&rsquo;olivier, de l\u2019acide Glycyrrh\u00e9tinique apaisant, de l\u2019extrait de Concombre, Allanto\u00efne et Panth\u00e9nol.<\/p>\n<p>Elle laisse la peau propre, rafra\u00eechie et douce.<\/p>\n<p>Convient \u00e0 tous les types de peau.<\/p>\n<p>Id\u00e9ale pour les peaux sensibles.<\/p>\n<p><em>Test\u00e9e<\/em> sous contr\u00f4le <em>ophtalmologique<\/em> et dermatologique. <em>Convient<\/em> m\u00eame aux porteurs de <em>lentilles de contact<\/em><\/p>\n<p>Conseil d&rsquo;utilisation:<\/p>\n<p>Appliquer d\u00e9licatement\u00a0 \u00a0sur le visage, les yeux, les l\u00e8vres et le cou. Aucun rin\u00e7age est n\u00e9cessaire. Utiliser tous les jours \u00a0matin et soir.<\/p>\n<p>Bouteille de 500 ml<\/p>\n<p>Ingr\u00e9dients: Aqua (Water), PEG-6 Caprylic\/Capric Glycerides, Propanediol, Olea Europaea (Olive) Leaf Extract, Euphrasia Offinalis Extract, Camellia Sinensis Leaf Extract, Cucumis Sativus (Cucumber) Fruit Extract, Calendula Officinalis Flower Extract. Panthenol, Glycyrrhetinic Acid, Allantoin, Urea, Phenoxyethanol, Glycerin, Disodium Phosphate. Ethylhexylglycerin, Sodium Phosphate, Propylene Glycol, Butylphenyl Methylpropional, Parfum (Fragrance)<\/p>\n<p><strong>Olive &amp; herbs micellar lotion Yellow Rose<\/strong><\/p>\n<p>Micellar water with olive leaf and natural extracts for gentle cleansing of the face, eyes, lips and neck. Cleanses and removes makeup and impurities effectively in one step, without irritating the skin. Leaves the skin clean, refreshed and soft. Suitable for all skin types. Ideal for sensitive skins. Ophthalmologically and Dermatologically tested. Suitable for contact lens users.<br \/>\nUse<br \/>\nApply gently with cotton pad to face, eyes, lips and neck. No rinsing necessary. Use daily, morning and evening.<br \/>\nMain Ingredients<br \/>\nContains<br \/>\nspecial gentle cleansing micelles, soothing Euphrasia and Calendula extracts, antioxidant White Tea and Olive leaf extracts, soothing Glycyrrhetinic acid, Cucumber extract, Allantoin and Panthenol.<\/p>\n<p>&nbsp;<\/p>\n","protected":false},"excerpt":{"rendered":"<h1>Eau micellaire olive&amp;herbes Yellow Rose cosmetics<\/h1>\n<p>L&rsquo; Eau micellaire olive&amp;herbes\u00a0 Yellow Rose cosmetics nettoie en douceur le visage, les yeux, les l\u00e8vres et le cou de\u00a0 mani\u00e8re efficace en une seule \u00e9tape, sans irriter la peau.<\/p>\n<p>Elle contient des micelles nettoyantes douces sp\u00e9cifiques, des extraits apaisants d\u2019Euphrasie et de Calendula, des extraits antioxydants de th\u00e9 blanc et de feuilles d&rsquo;olivier, de l\u2019acide Glycyrrh\u00e9tinique apaisant, de l\u2019extrait de Concombre, Allanto\u00efne et Panth\u00e9nol.<\/p>\n<p>Elle laisse la peau propre, rafra\u00eechie et douce.<\/p>\n<p>Convient \u00e0 tous les types de peau.<\/p>\n<p>Id\u00e9ale pour les peaux sensibles.<\/p>\n<p><em>Test\u00e9e<\/em> sous contr\u00f4le <em>ophtalmologique<\/em> et dermatologique. <em>Convient<\/em> m\u00eame aux porteurs de <em>lentilles de contact<\/em><\/p>\n<p>Conseil d&rsquo;utilisation:<\/p>\n<p>Appliquer d\u00e9licatement\u00a0 \u00a0sur le visage, les yeux, les l\u00e8vres et le cou. Aucun rin\u00e7age est n\u00e9cessaire. Utiliser tous les jours \u00a0matin et soir.<\/p>\n<p>Bouteille de 500 ml<\/p>\n<p>Ingr\u00e9dients: Aqua (Water), PEG-6 Caprylic\/Capric Glycerides, Propanediol, Olea Europaea (Olive) Leaf Extract, Euphrasia Offinalis Extract, Camellia Sinensis Leaf Extract, Cucumis Sativus (Cucumber) Fruit Extract, Calendula Officinalis Flower Extract. Panthenol, Glycyrrhetinic Acid, Allantoin, Urea, Phenoxyethanol, Glycerin, Disodium Phosphate. Ethylhexylglycerin, Sodium Phosphate, Propylene Glycol, Butylphenyl Methylpropional, Parfum (Fragrance)<\/p>\n<p><strong>Olive &amp; herbs micellar lotion Yellow Rose<\/strong><\/p>\n<p>Micellar water with olive leaf and natural extracts for gentle cleansing of the face, eyes, lips and neck. Cleanses and removes makeup and impurities effectively in one step, without irritating the skin. Leaves the skin clean, refreshed and soft. Suitable for all skin types. Ideal for sensitive skins. Ophthalmologically and Dermatologically tested. Suitable for contact lens users.<br \/>\nUse<br \/>\nApply gently with cotton pad to face, eyes, lips and neck. No rinsing necessary. Use daily, morning and evening.<br \/>\nMain Ingredients<br \/>\nContains<br \/>\nspecial gentle cleansing micelles, soothing Euphrasia and Calendula extracts, antioxidant White Tea and Olive leaf extracts, soothing Glycyrrhetinic acid, Cucumber extract, Allantoin and Panthenol.<\/p>\n<p>&nbsp;<\/p>\n","protected":false},"featured_media":4075,"comment_status":"open","ping_status":"closed","template":"","meta":[],"_links":{"self":[{"href":"https:\/\/www.saphy.com\/healthcare-cosmetique\/wp-json\/wp\/v2\/product\/2687"}],"collection":[{"href":"https:\/\/www.saphy.com\/healthcare-cosmetique\/wp-json\/wp\/v2\/product"}],"about":[{"href":"https:\/\/www.saphy.com\/healthcare-cosmetique\/wp-json\/wp\/v2\/types\/product"}],"replies":[{"embeddable":true,"href":"https:\/\/www.saphy.com\/healthcare-cosmetique\/wp-json\/wp\/v2\/comments?post=2687"}],"wp:featuredmedia":[{"embeddable":true,"href":"https:\/\/www.saphy.com\/healthcare-cosmetique\/wp-json\/wp\/v2\/media\/4075"}],"wp:attachment":[{"href":"https:\/\/www.saphy.com\/healthcare-cosmetique\/wp-json\/wp\/v2\/media?parent=2687"}],"curies":[{"name":"wp","href":"https:\/\/api.w.org\/{rel}","templated":true}]}}