{"id":2694,"date":"2016-10-11T14:37:37","date_gmt":"2016-10-11T13:37:37","guid":{"rendered":"https:\/\/www.saphy.com\/healthcare-cosmetique\/?post_type=product&#038;p=2694"},"modified":"2022-01-03T15:41:11","modified_gmt":"2022-01-03T14:41:11","slug":"masque-pour-le-visage-olive-et-herbes-yellow-rose-cosmetics","status":"publish","type":"product","link":"https:\/\/www.saphy.com\/healthcare-cosmetique\/produit\/masque-pour-le-visage-olive-et-herbes-yellow-rose-cosmetics\/","title":{"rendered":"Masque pour le visage Olive et Herbes Yellow Rose cosm\u00e9tics"},"content":{"rendered":"<p>&nbsp;<\/p>\n<h1>Masque pour le visage Olive et Herbes Yellow Rose cosmetics<\/h1>\n<p>Un masque \u00e0 la texture d&rsquo;une cr\u00e8me qui hydratant, nourrit et r\u00e9g\u00e9n\u00e8re le visage\u00a0 riche en l&rsquo;huile d&rsquo;olive extra vierge organique aux extraits de feuilles d&rsquo;olivier et aux fleurs de Lavande s\u00e8che, Orange, Calendula et Camomille.<\/p>\n<p>Il contient de l&rsquo;huile d&rsquo;olive extra vierge bio, des antioxydant insaponifiables d&rsquo;huile d&rsquo;olive, des extraits antioxydants (feuilles d&rsquo;olivier, <em>Helichrysum<\/em>, Romarin et Sauge), des huiles naturelles\u00a0 (Argan, Onagre, Amande douce et de Jojoba), des extraits raffermissants (Pr\u00eale et Centella), des extraits apaisants (Guimauve, Camomille, R\u00e9glisse et Calendula), de l\u2019extrait tonifiant de Ruscus, des fleurs s\u00e9ch\u00e9es (Orange, Lavande, Camomille et Calendula), du c-Linol\u00e9ique hydratant (acide gras essentiel om\u00e9ga-6), des C\u00e9ramides, du Lycop\u00e8ne, du beurre de Karit\u00e9, extrait de cactus , du gel d&rsquo;Aloe Vera, Phytosqualane, a-Bisabolol, des Vitamines (E et C), de la plante Glyc\u00e9rine, B\u00e9ta\u00efne, Panth\u00e9nol, Allanto\u00efne, Chlorophylle et de l\u2019huile essentielle de Mastic naturel.<\/p>\n<p>Conseil d&rsquo;utilisation : Appliquer une couche uniforme sur le visage et du cou, 1 \u00e0 3 fois par semaine. Laissez le masque pendant 20 minutes. Rincer soigneusement. Enlever \u00a0les r\u00e9sidus avec l\u2019eau micellaire olive et herbes.<\/p>\n<p>Convient \u00e0 tous les types de peau. Test\u00e9 sous contr\u00f4le dermatologique.<\/p>\n<p>Pot de 50 ml.<\/p>\n<p>Ingr\u00e9dient :\u00a0Aqua (eau), Ethylhexyl Olivate hydrog\u00e9n\u00e9, glyc\u00e9rine, alcools en C14-22, ol\u00e9ate de propane-diol ol\u00e9ate, huile de fruit d&rsquo;Olea Europaea (olive), beurre de butyrospermum Parki (karit\u00e9), huile de prunus amygdalus dulcis, sorbitan Alcool myristylique, dioxyde de titane, extrait de feuille d&rsquo;Olea Europaea (olive), huile d&rsquo;olive non sucr\u00e9e hydrog\u00e9n\u00e9e, extrait de tige d&rsquo;Opuntia Ficus-Indica, extrait de Glycyrrhiza Glabra (r\u00e9glisse), extrait de feuille d&rsquo;Althaea Officinalis, extrait de fleur d&rsquo;Helichrysum Arenarium. Extrait de racine de Ruscus Aculeatus, extrait de feuille de Salvia Officinalis (sauge). Huile d&rsquo;Argania Spinosa Kernel, Huile d&rsquo;Oenothera Biennis (Extrait de Soir\u00e9e), Extrait de Centella Asiatica, Extrait de Fleurs de Chamomilla Recutita (Matricaria), Extrait de Fleurs de Calendula Officinalis. Jus de feuille d&rsquo;alo\u00e8s 8arbadensis, huile de graines de Simmondsia Chinensis (Uojoba), linol\u00e9ate d&rsquo;\u00e9thyle, b\u00e9ta\u00efne, c\u00e9ramide NG. Ac\u00e9tate de tocoph\u00e9ryle, palmitate ascorbylique Panth\u00e9nol, allanto\u00efne, squalane, biosaccharide gomme-1, extrait de feuille de Rosmarinus officinalis (romarin), extrait de fruits \/ feuilles \/ tiges Solanum Lycopersicum (tomate), soja Glycine Soja). C12-20 Alkyl Glucoside, Phenoxyethanol, Phosphate de Trilaureth-4, Fleur de Calendula Officinalis, Fleur de Chamomilla Recutita (Matricaria), Fleur de Citrus Aurantium Dulcis (Orange), Fleur de Lavandula Angustifolia (Lavande), Bisabolol, Pistacia Lentiscus (Mastic) Palmitate, Myristyl Glucoside, Helianthus Annuus Sunflower) Huile de graines, Caprylyl Glycol, Huile de noyaux de Prunus Armeniaca (Abricot), Palmitate de Sorbitan, Ethylhexylglyc\u00e9rine, Gomme Acacia Senegal, Gomme Xanthane, Sodium , L\u00e9cithine, tocoph\u00e9rol, (complexe chlorophylline-cuivre), butylph\u00e9nylm\u00e9thylpropional, alpha-ls-m\u00e9thyl-lonone, hexyl-cinnamal, parfum (parfum)<\/p>\n<p><strong>Olive and herbs face mask yellow rose cosmetics<\/strong><\/p>\n<p>Moisturizing, nourishing and rejuvenating face cream-mask with organic extra virgin Olive oil, Olive leaf extract and dry Lavender, Orange, Calendula and Chamomile flowers. Suitable for all skin types. Dermatologically tested.<br \/>\nUse<br \/>\nApply a uniform layer to clean skin, face and neck, 1 to 3 times per week. Leave the mask on for 20 minutes. Remove with dry soft tissue. Cleanse any remainders with Olive &amp; Herbs micellar cleansing water.<br \/>\nMain Ingredients<br \/>\nContains<br \/>\norganic extra virgin Olive oil, antioxidant Olive oil unsaponifiables, antioxidant extracts (Olive leaf, Everlasting, Rosemary and Sage), conditioning natural oils (Argan, evening Primrose, sweet Almond and Jojoba), firming extracts (Horsetail and Centella), soothing extracts (Marshmallow, Chamomile, Licorice and Calendula), toning Ruscus extract, dried flowers (Orange, Lavender, Chamomile and Calendula), moisturizing \u03b3-Linoleic acid (\u03a96 essential fatty acid), Ceramides, Lycopene, Shea butter, Prickly Pear juice, Aloe vera gel, Phytosqualane, a-Bisabolol, Vitamins (E and C), plant Glycerin, Betaine, Panthenol, Allantoin, Chlorophyll and Mastic natural essential oil.<\/p>\n<p>Pot of 50 ml.<\/p>\n<p>Ingredient: Aqua (water), hydrogenated ethylhexyl Olivate, glycerin, C14-22 alcohols, oleate propane diol oleate, Olea Europaea fruit oil (olive), Parki butyrospermum butter (shea butter), prunus amygdalus dulcis oil , sorbitan Myristyl alcohol, titanium dioxide, Olea Europaea leaf extract (olive), hydrogenated unsweetened olive oil, Opuntia Ficus-Indica stem extract, Glycyrrhiza Glabra extract (licorice), leaf extract Althaea Officinalis, flower extract of Helichrysum Arenarium. Ruscus Aculeatus Root Extract, Salvia Officinalis Leaf Extract (Sage). Argania Spinosa Kernel Oil, Oenothera Biennis (Evening Extract) Oil, Centella Asiatica Extract, Chamomilla Recutita (Matricaria) Flower Extract, Calendula Officinalis Flower Extract. Aloe leaf juice 8arbadensis, seed oil of Simmondsia Chinensis (Uojoba), ethyl linoleate, betaine, ceramide NG. Tocopheryl acetate, ascorbyl palmitate Panthenol, allantoin, squalane, gum-1 biosaccharide, Rosmarinus officinalis leaf extract (rosemary), fruit \/ leaf \/ stem extract Solanum Lycopersicum (tomato), soy Glycine Soja). C12-20 Alkyl Glucoside, Phenoxyethanol, Trilaureth-4 Phosphate, Calendula Officinalis Flower, Chamomilla Recutita Flower (Matricaria), Citrus Aurantium Dulcis Flower (Orange), Lavandula Angustifolia (Lavender) Flower, Bisabolol, Pistacia Lentiscus (Mastic ) Palmitate, Myristyl Glucoside, Helianthus Annuus Sunflower) Seed Oil, Caprylyl Glycol, Prunus Armeniaca Seed Oil (Apricot), Sorbitan Palmitate, Ethylhexylglycerin, Acacia Gum Senegal, Xanthan Gum, Sodium, Lecithin, Tocopherol, (Complex chlorophyllin-copper), butylphenylmethylpropional, alpha-ls-methyl-lonone, hexyl-cinnamal, perfume (fragrance)<\/p>\n<p>&nbsp;<\/p>\n","protected":false},"excerpt":{"rendered":"<p>&nbsp;<\/p>\n<h1>Masque pour le visage Olive et Herbes Yellow Rose cosmetics<\/h1>\n<p>Un masque \u00e0 la texture d&rsquo;une cr\u00e8me qui hydratant, nourrit et r\u00e9g\u00e9n\u00e8re le visage\u00a0 riche en l&rsquo;huile d&rsquo;olive extra vierge organique aux extraits de feuilles d&rsquo;olivier et aux fleurs de Lavande s\u00e8che, Orange, Calendula et Camomille.<\/p>\n<p>Il contient de l&rsquo;huile d&rsquo;olive extra vierge bio, des antioxydant insaponifiables d&rsquo;huile d&rsquo;olive, des extraits antioxydants (feuilles d&rsquo;olivier, <em>Helichrysum<\/em>, Romarin et Sauge), des huiles naturelles\u00a0 (Argan, Onagre, Amande douce et de Jojoba), des extraits raffermissants (Pr\u00eale et Centella), des extraits apaisants (Guimauve, Camomille, R\u00e9glisse et Calendula), de l\u2019extrait tonifiant de Ruscus, des fleurs s\u00e9ch\u00e9es (Orange, Lavande, Camomille et Calendula), du c-Linol\u00e9ique hydratant (acide gras essentiel om\u00e9ga-6), des C\u00e9ramides, du Lycop\u00e8ne, du beurre de Karit\u00e9, extrait de cactus , du gel d&rsquo;Aloe Vera, Phytosqualane, a-Bisabolol, des Vitamines (E et C), de la plante Glyc\u00e9rine, B\u00e9ta\u00efne, Panth\u00e9nol, Allanto\u00efne, Chlorophylle et de l\u2019huile essentielle de Mastic naturel.<\/p>\n<p>Conseil d&rsquo;utilisation : Appliquer une couche uniforme sur le visage et du cou, 1 \u00e0 3 fois par semaine. Laissez le masque pendant 20 minutes. Rincer soigneusement. Enlever \u00a0les r\u00e9sidus avec l\u2019eau micellaire olive et herbes.<\/p>\n<p>Convient \u00e0 tous les types de peau. Test\u00e9 sous contr\u00f4le dermatologique.<\/p>\n<p>Pot de 50 ml.<\/p>\n<p>Ingr\u00e9dient :\u00a0Aqua (eau), Ethylhexyl Olivate hydrog\u00e9n\u00e9, glyc\u00e9rine, alcools en C14-22, ol\u00e9ate de propane-diol ol\u00e9ate, huile de fruit d&rsquo;Olea Europaea (olive), beurre de butyrospermum Parki (karit\u00e9), huile de prunus amygdalus dulcis, sorbitan Alcool myristylique, dioxyde de titane, extrait de feuille d&rsquo;Olea Europaea (olive), huile d&rsquo;olive non sucr\u00e9e hydrog\u00e9n\u00e9e, extrait de tige d&rsquo;Opuntia Ficus-Indica, extrait de Glycyrrhiza Glabra (r\u00e9glisse), extrait de feuille d&rsquo;Althaea Officinalis, extrait de fleur d&rsquo;Helichrysum Arenarium. Extrait de racine de Ruscus Aculeatus, extrait de feuille de Salvia Officinalis (sauge). Huile d&rsquo;Argania Spinosa Kernel, Huile d&rsquo;Oenothera Biennis (Extrait de Soir\u00e9e), Extrait de Centella Asiatica, Extrait de Fleurs de Chamomilla Recutita (Matricaria), Extrait de Fleurs de Calendula Officinalis. Jus de feuille d&rsquo;alo\u00e8s 8arbadensis, huile de graines de Simmondsia Chinensis (Uojoba), linol\u00e9ate d&rsquo;\u00e9thyle, b\u00e9ta\u00efne, c\u00e9ramide NG. Ac\u00e9tate de tocoph\u00e9ryle, palmitate ascorbylique Panth\u00e9nol, allanto\u00efne, squalane, biosaccharide gomme-1, extrait de feuille de Rosmarinus officinalis (romarin), extrait de fruits \/ feuilles \/ tiges Solanum Lycopersicum (tomate), soja Glycine Soja). C12-20 Alkyl Glucoside, Phenoxyethanol, Phosphate de Trilaureth-4, Fleur de Calendula Officinalis, Fleur de Chamomilla Recutita (Matricaria), Fleur de Citrus Aurantium Dulcis (Orange), Fleur de Lavandula Angustifolia (Lavande), Bisabolol, Pistacia Lentiscus (Mastic) Palmitate, Myristyl Glucoside, Helianthus Annuus Sunflower) Huile de graines, Caprylyl Glycol, Huile de noyaux de Prunus Armeniaca (Abricot), Palmitate de Sorbitan, Ethylhexylglyc\u00e9rine, Gomme Acacia Senegal, Gomme Xanthane, Sodium , L\u00e9cithine, tocoph\u00e9rol, (complexe chlorophylline-cuivre), butylph\u00e9nylm\u00e9thylpropional, alpha-ls-m\u00e9thyl-lonone, hexyl-cinnamal, parfum (parfum)<\/p>\n<p><strong>Olive and herbs face mask yellow rose cosmetics<\/strong><\/p>\n<p>Moisturizing, nourishing and rejuvenating face cream-mask with organic extra virgin Olive oil, Olive leaf extract and dry Lavender, Orange, Calendula and Chamomile flowers. Suitable for all skin types. Dermatologically tested.<br \/>\nUse<br \/>\nApply a uniform layer to clean skin, face and neck, 1 to 3 times per week. Leave the mask on for 20 minutes. Remove with dry soft tissue. Cleanse any remainders with Olive &amp; Herbs micellar cleansing water.<br \/>\nMain Ingredients<br \/>\nContains<br \/>\norganic extra virgin Olive oil, antioxidant Olive oil unsaponifiables, antioxidant extracts (Olive leaf, Everlasting, Rosemary and Sage), conditioning natural oils (Argan, evening Primrose, sweet Almond and Jojoba), firming extracts (Horsetail and Centella), soothing extracts (Marshmallow, Chamomile, Licorice and Calendula), toning Ruscus extract, dried flowers (Orange, Lavender, Chamomile and Calendula), moisturizing \u03b3-Linoleic acid (\u03a96 essential fatty acid), Ceramides, Lycopene, Shea butter, Prickly Pear juice, Aloe vera gel, Phytosqualane, a-Bisabolol, Vitamins (E and C), plant Glycerin, Betaine, Panthenol, Allantoin, Chlorophyll and Mastic natural essential oil.<\/p>\n<p>Pot of 50 ml.<\/p>\n<p>Ingredient: Aqua (water), hydrogenated ethylhexyl Olivate, glycerin, C14-22 alcohols, oleate propane diol oleate, Olea Europaea fruit oil (olive), Parki butyrospermum butter (shea butter), prunus amygdalus dulcis oil , sorbitan Myristyl alcohol, titanium dioxide, Olea Europaea leaf extract (olive), hydrogenated unsweetened olive oil, Opuntia Ficus-Indica stem extract, Glycyrrhiza Glabra extract (licorice), leaf extract Althaea Officinalis, flower extract of Helichrysum Arenarium. Ruscus Aculeatus Root Extract, Salvia Officinalis Leaf Extract (Sage). Argania Spinosa Kernel Oil, Oenothera Biennis (Evening Extract) Oil, Centella Asiatica Extract, Chamomilla Recutita (Matricaria) Flower Extract, Calendula Officinalis Flower Extract. Aloe leaf juice 8arbadensis, seed oil of Simmondsia Chinensis (Uojoba), ethyl linoleate, betaine, ceramide NG. Tocopheryl acetate, ascorbyl palmitate Panthenol, allantoin, squalane, gum-1 biosaccharide, Rosmarinus officinalis leaf extract (rosemary), fruit \/ leaf \/ stem extract Solanum Lycopersicum (tomato), soy Glycine Soja). C12-20 Alkyl Glucoside, Phenoxyethanol, Trilaureth-4 Phosphate, Calendula Officinalis Flower, Chamomilla Recutita Flower (Matricaria), Citrus Aurantium Dulcis Flower (Orange), Lavandula Angustifolia (Lavender) Flower, Bisabolol, Pistacia Lentiscus (Mastic ) Palmitate, Myristyl Glucoside, Helianthus Annuus Sunflower) Seed Oil, Caprylyl Glycol, Prunus Armeniaca Seed Oil (Apricot), Sorbitan Palmitate, Ethylhexylglycerin, Acacia Gum Senegal, Xanthan Gum, Sodium, Lecithin, Tocopherol, (Complex chlorophyllin-copper), butylphenylmethylpropional, alpha-ls-methyl-lonone, hexyl-cinnamal, perfume (fragrance)<\/p>\n<p>&nbsp;<\/p>\n","protected":false},"featured_media":4073,"comment_status":"open","ping_status":"closed","template":"","meta":[],"_links":{"self":[{"href":"https:\/\/www.saphy.com\/healthcare-cosmetique\/wp-json\/wp\/v2\/product\/2694"}],"collection":[{"href":"https:\/\/www.saphy.com\/healthcare-cosmetique\/wp-json\/wp\/v2\/product"}],"about":[{"href":"https:\/\/www.saphy.com\/healthcare-cosmetique\/wp-json\/wp\/v2\/types\/product"}],"replies":[{"embeddable":true,"href":"https:\/\/www.saphy.com\/healthcare-cosmetique\/wp-json\/wp\/v2\/comments?post=2694"}],"wp:featuredmedia":[{"embeddable":true,"href":"https:\/\/www.saphy.com\/healthcare-cosmetique\/wp-json\/wp\/v2\/media\/4073"}],"wp:attachment":[{"href":"https:\/\/www.saphy.com\/healthcare-cosmetique\/wp-json\/wp\/v2\/media?parent=2694"}],"curies":[{"name":"wp","href":"https:\/\/api.w.org\/{rel}","templated":true}]}}