{"id":2707,"date":"2016-10-13T10:54:39","date_gmt":"2016-10-13T09:54:39","guid":{"rendered":"https:\/\/www.saphy.com\/healthcare-cosmetique\/?post_type=product&#038;p=2707"},"modified":"2018-10-10T11:20:17","modified_gmt":"2018-10-10T10:20:17","slug":"duo-demaquillage-antiage-luminance-yellow-rose-cosmetique","status":"publish","type":"product","link":"https:\/\/www.saphy.com\/healthcare-cosmetique\/produit\/duo-demaquillage-antiage-luminance-yellow-rose-cosmetique\/","title":{"rendered":"Duo d\u00e9maquillage anti\u00e2ge Luminance Yellow Rose Cosm\u00e9tique"},"content":{"rendered":"<h1>Duo d\u00e9maquillage anti\u00e2ge Luminance Yellow Rose Cosm\u00e9tique<\/h1>\n<p>Un duo d\u00e9maquillant\u00a0 anti\u00e2ge aux extraits de perles , \u00e0 la poudre de diamant,Cocktail de vitamines A,C,E ,B ,\u00c9lastine<br \/>\nmarine, ADN marin , plancton actif,Maritryl 6,matricaire marin, Oligopeptides lipo filling\u00ab effet Botox \u00bb.<\/p>\n<p>La\u00a0 lotion d\u00e9maquillante sans alcool Yellow Rose est riche en extraits de perles aux vertus r\u00e9g\u00e9n\u00e9rantes et clarifiantes qui a \u00e9t\u00e9 con\u00e7ue pour compl\u00e9ter le nettoyage du visage.<\/p>\n<p>Le lait demaquillant anti-\u00e2ge\u00a0 Yellow Rose nettoie et d\u00e9maquille efficacement, \u00e9limine les impuret\u00e9s tout en r\u00e9g\u00e9n\u00e9rant les cellules gr\u00e2ce \u00e0 ses extraits de perles des oc\u00e9ans.<\/p>\n<p>Votre peau est nette, douce et lisse votre teint est lumineux.<\/p>\n<p>&nbsp;<\/p>\n<p>Contient :<\/p>\n<p><strong>Extrait de Perles des oc\u00e9ans<\/strong>\u00a0riches en min\u00e9raux clarifiant et remin\u00e9ralisant, r\u00e9g\u00e9n\u00e8re et prot\u00e8ge les cellules ,lisse les rides et les asp\u00e9rit\u00e9s de la peau, d\u00e9fatigue tonifie et \u00e9claircit le teint.<\/p>\n<p><strong>Niacinamide Vitamine B3<\/strong>\u00a0\u2013 hydratante, stimule la biosynth\u00e8se du collag\u00e8ne et lutte contre la d\u00e9pigmentation de la peau<\/p>\n<p><strong>Trimethylglycine<\/strong>\u00a0b\u00e9taine aminoacide de la betterave sucri\u00e8re \u00e0 l\u2019action hydratante<\/p>\n<p><strong>Tr\u00e9halose<\/strong>\u00a0un disaccharide naturel aux propri\u00e9t\u00e9s hydratantes<\/p>\n<p><strong>Panth\u00e9nol<\/strong>\u00a0pro-vitamine B5 r\u00e9paratrice<\/p>\n<p><strong>Niacinamide Vitamine B3<\/strong>\u00a0hydratante, stimule la biosynth\u00e8se du collag\u00e8ne lutte contre la d\u00e9pigmentation de la peau<\/p>\n<p><strong>Gel Aloe Vera<\/strong>\u00a0Hydratant, anti-inflammatoire, r\u00e9pare la peau<\/p>\n<p><strong>Extrait de Concombre<\/strong>\u00a0Rafra\u00eechit, hydrate et soulage la peau d\u00e9licate et fatigu\u00e9e<\/p>\n<p><strong>L\u2019acide Glycyrrh\u00e9tinique<\/strong>\u00a0Anti-inflammatoire actif issu du r\u00e9glisse<\/p>\n<p><strong>Tr\u00e9halose<\/strong>\u00a0Hydrate et nourrit la peau<\/p>\n<p>sans parab\u00e8nes<\/p>\n<p>Lotion d\u00e9maquillante anti \u00e2ge Yellow Rose Ingr\u00e9dients:\u00a0Aqua (Water), Butylene Glycol, Glycerin, Hydrolyzed Pearl, Aloe Barbadensis Leaf Juice, Cucumis Sativus (Cucumber) Fruit extract, Niacinamide, Allantoin, Panthenol, Betaine, Glycyrrhetinic Acid, Urea, Maris Sal (Sea Salt), Ethylhexylglycerin, Sodium Citrate, Propylene Glycol, Phenoxyethanol, Polysorbate 20, Parfum (Fragrance), CI 42090 (Blue 1)<\/p>\n<p>Lait demaquillant anti-\u00e2ge\u00a0 Yellow Rose Ingr\u00e9dients :\u00a0Aqua (Water), Ethylhexyl Palmitate, Isopropyl Myristate, Glycerin, Butylene Glycol, Caprylic \/ Capric Triglyceride, Polyacrylate-13, Dicaprylyl Carbonate, Isohexadecane, Hydrolyzed Pearl, Niacinamide, Trehalose, Betaine, Allantoin, Panthenol, Maris Sal (Sea Salt), Polyisobutene, Trilaureth-4 Phosphate, Phenoxyethanol, Ethylhexylglycerin, Polysorbate 20, Caprylyl Glycol, Parfum (Fragrance)<\/p>\n<p><strong>Anti-aging make-up remover Luminance Yellow Rose Cosmetic<\/strong><\/p>\n<p>An anti-aging cleansing duo with pearl extracts, diamond powder, Cocktail of vitamins A, C, E, B, Elastin<br \/>\nMarine DNA, active plankton, Maritryl 6, marine matrix, Oligopeptides lipo filling \u00ab\u00a0Botox effect\u00a0\u00bb.<br \/>\nYellow Rose Non-Alcoholic Makeup Remover is rich in extracts of pearls with regenerating and clarifying properties that has been designed to complement facial cleansing.<br \/>\nYellow Rose Anti-Aging Cleansing Milk effectively cleanses and removes make-up removing impurities while regenerating cells with pearl extracts from the oceans.<br \/>\nYour skin is sharp, smooth and smooth your complexion is bright.<\/p>\n<p>Contains:<br \/>\nExtract of Pearls of the oceans rich in minerals clarifying and remineralising, regenerates and protects the cells, smoothes the wrinkles and roughness of the skin, relieves tones and brightens the complexion.<br \/>\nNiacinamide Vitamin B3 &#8211; moisturizes, stimulates the biosynthesis of collagen and combats skin depigmentation<br \/>\nTrimethylglycine betaine amino acid from sugar beet to moisturizing action<br \/>\nTrehalose a natural disaccharide with moisturizing properties<br \/>\nPanthenol pro-vitamin B5 restorative<\/p>\n<p>Extract of pearls of the oceans Rich in minerals clarifying and remineralizing, regenerates and protects the cells, smoothes the wrinkles and the roughness of the skin, tones and clarifies the complexion<br \/>\nNiacinamide Vitamin B3 moisturizes, stimulates the biosynthesis of collagen fight against depigmentation of the skin<br \/>\nAloe Vera Gel Moisturizing, anti-inflammatory, repairs the skin<br \/>\nCucumber Extract Refreshes, moisturizes and relieves delicate, tired skin<br \/>\nGlycyrrhetinic acid Anti-inflammatory active from licorice<br \/>\nTrehalose Moisturizes and nourishes the skin<br \/>\nWithout parabens<\/p>\n<p>Ingr\u00e9dients Lotion d\u00e9maquillante sans alcool Yellow Rose:\u00a0Aqua (Water), Butylene Glycol, Glycerin, Hydrolyzed Pearl, Aloe Barbadensis Leaf Juice, Cucumis Sativus (Cucumber) Fruit extract, Niacinamide, Allantoin, Panthenol, Betaine, Glycyrrhetinic Acid, Urea, Maris Sal (Sea Salt), Ethylhexylglycerin, Sodium Citrate, Propylene Glycol, Phenoxyethanol, Polysorbate 20, Parfum (Fragrance), CI 42090 (Blue 1)<\/p>\n<p>Ingr\u00e9dients Lait demaquillant anti-\u00e2ge\u00a0 Yellow Rose:\u00a0Aqua (Water), Ethylhexyl Palmitate, Isopropyl Myristate, Glycerin, Butylene Glycol, Caprylic \/ Capric Triglyceride, Polyacrylate-13, Dicaprylyl Carbonate, Isohexadecane, Hydrolyzed Pearl, Niacinamide, Trehalose, Betaine, Allantoin, Panthenol, Maris Sal (Sea Salt), Polyisobutene, Trilaureth-4 Phosphate, Phenoxyethanol, Ethylhexylglycerin, Polysorbate 20, Caprylyl Glycol, Parfum (Fragrance)<\/p>\n<p>&nbsp;<\/p>\n","protected":false},"excerpt":{"rendered":"<h1>Duo d\u00e9maquillage anti\u00e2ge Luminance Yellow Rose Cosm\u00e9tique<\/h1>\n<p>Un duo d\u00e9maquillant\u00a0 anti\u00e2ge aux extraits de perles , \u00e0 la poudre de diamant,Cocktail de vitamines A,C,E ,B ,\u00c9lastine<br \/>\nmarine, ADN marin , plancton actif,Maritryl 6,matricaire marin, Oligopeptides lipo filling\u00ab effet Botox \u00bb.<\/p>\n<p>La\u00a0 lotion d\u00e9maquillante sans alcool Yellow Rose est riche en extraits de perles aux vertus r\u00e9g\u00e9n\u00e9rantes et clarifiantes qui a \u00e9t\u00e9 con\u00e7ue pour compl\u00e9ter le nettoyage du visage.<\/p>\n<p>Le lait demaquillant anti-\u00e2ge\u00a0 Yellow Rose nettoie et d\u00e9maquille efficacement, \u00e9limine les impuret\u00e9s tout en r\u00e9g\u00e9n\u00e9rant les cellules gr\u00e2ce \u00e0 ses extraits de perles des oc\u00e9ans.<\/p>\n<p>Votre peau est nette, douce et lisse votre teint est lumineux.<\/p>\n<p>&nbsp;<\/p>\n<p>Contient :<\/p>\n<p><strong>Extrait de Perles des oc\u00e9ans<\/strong>\u00a0riches en min\u00e9raux clarifiant et remin\u00e9ralisant, r\u00e9g\u00e9n\u00e8re et prot\u00e8ge les cellules ,lisse les rides et les asp\u00e9rit\u00e9s de la peau, d\u00e9fatigue tonifie et \u00e9claircit le teint.<\/p>\n<p><strong>Niacinamide Vitamine B3<\/strong>\u00a0\u2013 hydratante, stimule la biosynth\u00e8se du collag\u00e8ne et lutte contre la d\u00e9pigmentation de la peau<\/p>\n<p><strong>Trimethylglycine<\/strong>\u00a0b\u00e9taine aminoacide de la betterave sucri\u00e8re \u00e0 l\u2019action hydratante<\/p>\n<p><strong>Tr\u00e9halose<\/strong>\u00a0un disaccharide naturel aux propri\u00e9t\u00e9s hydratantes<\/p>\n<p><strong>Panth\u00e9nol<\/strong>\u00a0pro-vitamine B5 r\u00e9paratrice<\/p>\n<p><strong>Niacinamide Vitamine B3<\/strong>\u00a0hydratante, stimule la biosynth\u00e8se du collag\u00e8ne lutte contre la d\u00e9pigmentation de la peau<\/p>\n<p><strong>Gel Aloe Vera<\/strong>\u00a0Hydratant, anti-inflammatoire, r\u00e9pare la peau<\/p>\n<p><strong>Extrait de Concombre<\/strong>\u00a0Rafra\u00eechit, hydrate et soulage la peau d\u00e9licate et fatigu\u00e9e<\/p>\n<p><strong>L\u2019acide Glycyrrh\u00e9tinique<\/strong>\u00a0Anti-inflammatoire actif issu du r\u00e9glisse<\/p>\n<p><strong>Tr\u00e9halose<\/strong>\u00a0Hydrate et nourrit la peau<\/p>\n<p>sans parab\u00e8nes<\/p>\n<p>Lotion d\u00e9maquillante anti \u00e2ge Yellow Rose Ingr\u00e9dients:\u00a0Aqua (Water), Butylene Glycol, Glycerin, Hydrolyzed Pearl, Aloe Barbadensis Leaf Juice, Cucumis Sativus (Cucumber) Fruit extract, Niacinamide, Allantoin, Panthenol, Betaine, Glycyrrhetinic Acid, Urea, Maris Sal (Sea Salt), Ethylhexylglycerin, Sodium Citrate, Propylene Glycol, Phenoxyethanol, Polysorbate 20, Parfum (Fragrance), CI 42090 (Blue 1)<\/p>\n<p>Lait demaquillant anti-\u00e2ge\u00a0 Yellow Rose Ingr\u00e9dients :\u00a0Aqua (Water), Ethylhexyl Palmitate, Isopropyl Myristate, Glycerin, Butylene Glycol, Caprylic \/ Capric Triglyceride, Polyacrylate-13, Dicaprylyl Carbonate, Isohexadecane, Hydrolyzed Pearl, Niacinamide, Trehalose, Betaine, Allantoin, Panthenol, Maris Sal (Sea Salt), Polyisobutene, Trilaureth-4 Phosphate, Phenoxyethanol, Ethylhexylglycerin, Polysorbate 20, Caprylyl Glycol, Parfum (Fragrance)<\/p>\n<p><strong>Anti-aging make-up remover Luminance Yellow Rose Cosmetic<\/strong><\/p>\n<p>An anti-aging cleansing duo with pearl extracts, diamond powder, Cocktail of vitamins A, C, E, B, Elastin<br \/>\nMarine DNA, active plankton, Maritryl 6, marine matrix, Oligopeptides lipo filling \u00ab\u00a0Botox effect\u00a0\u00bb.<br \/>\nYellow Rose Non-Alcoholic Makeup Remover is rich in extracts of pearls with regenerating and clarifying properties that has been designed to complement facial cleansing.<br \/>\nYellow Rose Anti-Aging Cleansing Milk effectively cleanses and removes make-up removing impurities while regenerating cells with pearl extracts from the oceans.<br \/>\nYour skin is sharp, smooth and smooth your complexion is bright.<\/p>\n<p>Contains:<br \/>\nExtract of Pearls of the oceans rich in minerals clarifying and remineralising, regenerates and protects the cells, smoothes the wrinkles and roughness of the skin, relieves tones and brightens the complexion.<br \/>\nNiacinamide Vitamin B3 &#8211; moisturizes, stimulates the biosynthesis of collagen and combats skin depigmentation<br \/>\nTrimethylglycine betaine amino acid from sugar beet to moisturizing action<br \/>\nTrehalose a natural disaccharide with moisturizing properties<br \/>\nPanthenol pro-vitamin B5 restorative<\/p>\n<p>Extract of pearls of the oceans Rich in minerals clarifying and remineralizing, regenerates and protects the cells, smoothes the wrinkles and the roughness of the skin, tones and clarifies the complexion<br \/>\nNiacinamide Vitamin B3 moisturizes, stimulates the biosynthesis of collagen fight against depigmentation of the skin<br \/>\nAloe Vera Gel Moisturizing, anti-inflammatory, repairs the skin<br \/>\nCucumber Extract Refreshes, moisturizes and relieves delicate, tired skin<br \/>\nGlycyrrhetinic acid Anti-inflammatory active from licorice<br \/>\nTrehalose Moisturizes and nourishes the skin<br \/>\nWithout parabens<\/p>\n<p>Ingr\u00e9dients Lotion d\u00e9maquillante sans alcool Yellow Rose:\u00a0Aqua (Water), Butylene Glycol, Glycerin, Hydrolyzed Pearl, Aloe Barbadensis Leaf Juice, Cucumis Sativus (Cucumber) Fruit extract, Niacinamide, Allantoin, Panthenol, Betaine, Glycyrrhetinic Acid, Urea, Maris Sal (Sea Salt), Ethylhexylglycerin, Sodium Citrate, Propylene Glycol, Phenoxyethanol, Polysorbate 20, Parfum (Fragrance), CI 42090 (Blue 1)<\/p>\n<p>Ingr\u00e9dients Lait demaquillant anti-\u00e2ge\u00a0 Yellow Rose:\u00a0Aqua (Water), Ethylhexyl Palmitate, Isopropyl Myristate, Glycerin, Butylene Glycol, Caprylic \/ Capric Triglyceride, Polyacrylate-13, Dicaprylyl Carbonate, Isohexadecane, Hydrolyzed Pearl, Niacinamide, Trehalose, Betaine, Allantoin, Panthenol, Maris Sal (Sea Salt), Polyisobutene, Trilaureth-4 Phosphate, Phenoxyethanol, Ethylhexylglycerin, Polysorbate 20, Caprylyl Glycol, Parfum (Fragrance)<\/p>\n<p>&nbsp;<\/p>\n","protected":false},"featured_media":3489,"comment_status":"open","ping_status":"closed","template":"","meta":[],"_links":{"self":[{"href":"https:\/\/www.saphy.com\/healthcare-cosmetique\/wp-json\/wp\/v2\/product\/2707"}],"collection":[{"href":"https:\/\/www.saphy.com\/healthcare-cosmetique\/wp-json\/wp\/v2\/product"}],"about":[{"href":"https:\/\/www.saphy.com\/healthcare-cosmetique\/wp-json\/wp\/v2\/types\/product"}],"replies":[{"embeddable":true,"href":"https:\/\/www.saphy.com\/healthcare-cosmetique\/wp-json\/wp\/v2\/comments?post=2707"}],"wp:featuredmedia":[{"embeddable":true,"href":"https:\/\/www.saphy.com\/healthcare-cosmetique\/wp-json\/wp\/v2\/media\/3489"}],"wp:attachment":[{"href":"https:\/\/www.saphy.com\/healthcare-cosmetique\/wp-json\/wp\/v2\/media?parent=2707"}],"curies":[{"name":"wp","href":"https:\/\/api.w.org\/{rel}","templated":true}]}}