{"id":2711,"date":"2016-10-13T11:08:28","date_gmt":"2016-10-13T10:08:28","guid":{"rendered":"https:\/\/www.saphy.com\/healthcare-cosmetique\/?post_type=product&#038;p=2711"},"modified":"2018-10-10T11:42:36","modified_gmt":"2018-10-10T10:42:36","slug":"duo-demaquillant-antirides-yellow-rose-cosmetiques","status":"publish","type":"product","link":"https:\/\/www.saphy.com\/healthcare-cosmetique\/produit\/duo-demaquillant-antirides-yellow-rose-cosmetiques\/","title":{"rendered":"Duo demaquillant antirides yellow rose cosmetiques"},"content":{"rendered":"<h1>Duo d\u00e9maquillant antirides Yellow Rose cosm\u00e9tiques<\/h1>\n<p>Un duo d\u00e9maquillant\u00a0 antirides sp\u00e9cialement con\u00e7ue pour les peaux s\u00e8ches ,sensibles et\/ou d\u00e9shydrat\u00e9es.<br \/>\nSource de confort ces soins ultra concentr\u00e9s en oligopeptides ,en extraits de fleurs et en acide hyaluronique de 3 poids mol\u00e9culaires diff\u00e9rents offrent \u00e0 votre peau une action antirides ,raffermissante et une hydratation optimale durant 24h.<br \/>\nLeurs formules uniques prot\u00e8gent votre peau des impacts du vieillissement ,boostent la r\u00e9g\u00e9n\u00e9ration cellulaire, apaisent les tiraillements ,stoppent les rougeurs et prot\u00e8gent jour et nuit votre peau de la d\u00e9shydratation et des radicaux libres.<\/p>\n<p>Le Lait nettoyant ultra hydratant antirides Yellow Rose est parfait pour d\u00e9maquiller votre peau.Il nettoie, apaise les peaux sensibles, prot\u00e8ge du vieillissement cutan\u00e9, lisse les rides, redensifie votre peau et l\u2019hydrate intens\u00e9ment.<\/p>\n<p>Acide Hyaluronique\u00a0actif antirides, d\u00e9froisse la peau, favorise la communication cellulaire entre le derme et l\u2019\u00e9piderme et hydrate intens\u00e9mentComplexe botanique :\u00a0Cerisier japonais, Magnolia, Rose fran\u00e7aise et Lotus indien aux vertus hydratantes, apaisantes et anti-oxydantesArginine\u00a0Lisse et redensifieHuile de tournesol\u00a0Assouplit et pr\u00e9vient le vieillissement cutan\u00e9.Allanto\u00efne\u00a0Apaise et hydrate<\/p>\n<p>La Lotion antirides Yellow Rose est\u00a0 tonifiante, apaisante et ultra hydratante id\u00e9ale pour parfaire le d\u00e9maquillage et apporter confort aux peaux s\u00e8ches et\/ou deshydrat\u00e9es.<\/p>\n<p>Votre peau est nette, fraiche souple, belle et douce comme un p\u00e9tale de fleur.<\/p>\n<p>Acide hyaluronique\u00a0actif antirides ,d\u00e9froisse la peau ,favorise la communication cellulaire entre le derme et l\u2019\u00e9piderme et hydrate intens\u00e9mentExtrait de th\u00e9 blanc\u00a0chinois antioxydant puissantExtrait de fleurs sp\u00e9cifiques\u00a0cerisier du Japon, magnolia, rose fran\u00e7aises, et lotus indien aux propri\u00e9t\u00e9s hydratantes, apaisantes et antioxydantes.De la Niacinamide\u00a0(vitamine B3) hydrate, stimule la biosynth\u00e8se de collag\u00e8ne et lutte contre les d\u00e9pigmentations de la peauDu Panth\u00e9nol\u00a0pro vitamines B5 r\u00e9paratrice<\/p>\n<p>Ingr\u00e9dients Le Lait nettoyant ultra hydratant antirides Yellow Rose: Aqua,ethylhexyl palmipate,isopropyl myristate,sorbitol,caprylic,capric triglyceride,propylene glycol, stearic acid,cetearyl alcohol,dicaprylyl carbonate,glyceryl stearate se, helianthus annuus (sunflower) seed oil,rosa gallica flower extract,magniolia biondii bud flower extract,camellia sinensis leaf extract,nelumbo nucifera flower extract,sodium hyaluronate,prunus serrulata flower extract,rosa damascena flower oil,glycerin,arginine,caprylyl glycol, butylene glycol, allantoin,sodium cetearul sulfate,etylhexyglycerin,bht,phenoxynethanol,parfum.<\/p>\n<p>&nbsp;<\/p>\n<p><strong>Anti-wrinkle makeup remover Yellow Rose Cosmetic<\/strong><\/p>\n<p>An anti-wrinkle cleansing duo specially designed for dry, sensitive and \/ or dehydrated skin. A source of comfort, this ultra-concentrated care in oligopeptides, flower extracts and hyaluronic acid of 3 different molecular weights gives your skin an anti-wrinkle, firming action and optimal hydration for 24h.<\/p>\n<p>Their unique formulas protect your skin from the impacts of aging, boost cellular regeneration, soothe tugging, stop redness and protect your skin from dehydration and free radicals day and night.<\/p>\n<p>Yellow Rose Anti-Wrinkle Moisturizing Cleansing Milk is perfect for removing make-up from your skin.It cleanses, soothes sensitive skin, protects against skin aging, smoothes wrinkles, redensifies your skin and intensely moisturizes it.<\/p>\n<p>Hyaluronic acid active anti-wrinkles, smoothes the skin, promotes cellular communication between the dermis and the epidermis and intensively moisturizes Botanical complex: Japanese cherry, Magnolia, French Rose and Indian Lotus with moisturizing, soothing and antioxidant virtues Arginine Smooth and redensifies Sunflower oil Soften and prevents skin aging.Allantoin Soothes and moisturizes<\/p>\n<p>The Yellow Rose Anti-wrinkle Lotion is invigorating, soothing and ultra moisturizing, perfect for perfecting make-up removal and providing comfort for dry and \/ or dehydrated skin.<\/p>\n<p>Your skin is clean, fresh supple, beautiful and soft like a flower petal. Hyaluronic active anti-wrinkle acid, smoothes the skin, promotes cellular communication between the dermis and the epidermis and intensively moisturizesExtract of powerful antioxidant Chinese white teaExtract of specific flowers Japanese cherry, magnolia, French rose, and Indian lotus with moisturizing, soothing and Niacinamide (vitamin B3) moisturizes, stimulates collagen biosynthesis and fights skin depigmentationPh\u00e9nol pro vitamin B5 restorative<\/p>\n<p>Ingredients Yellow Rose Anti-Wrinkle Ultra Moisturizing Cleansing Milk: Aqua, ethylhexyl palmipate, isopropyl myristate, sorbitol, caprylic, capric triglyceride, propylene glycol, stearic acid, cetearyl alcohol, dicaprylyl carbonate, glyceryl stearate se, helianthus annuus (sunflower) seed oil, rosa gallica flower extract, magniolia biondii bud flower extract, camellia sinensis leaf extract, nelumbo nucifera flower extract, sodium hyaluronate, prunus serrulata flower extract, rosa damascena flower oil, glycerin, arginine, caprylyl glycol, butylene glycol, allantoin, sodium cetearul sulfate, etylhexyglycerin , bHT, phenoxynethanol, perfume.<\/p>\n<p>&nbsp;<\/p>\n","protected":false},"excerpt":{"rendered":"<h1>Duo d\u00e9maquillant antirides Yellow Rose cosm\u00e9tiques<\/h1>\n<p>Un duo d\u00e9maquillant\u00a0 antirides sp\u00e9cialement con\u00e7ue pour les peaux s\u00e8ches ,sensibles et\/ou d\u00e9shydrat\u00e9es.<br \/>\nSource de confort ces soins ultra concentr\u00e9s en oligopeptides ,en extraits de fleurs et en acide hyaluronique de 3 poids mol\u00e9culaires diff\u00e9rents offrent \u00e0 votre peau une action antirides ,raffermissante et une hydratation optimale durant 24h.<br \/>\nLeurs formules uniques prot\u00e8gent votre peau des impacts du vieillissement ,boostent la r\u00e9g\u00e9n\u00e9ration cellulaire, apaisent les tiraillements ,stoppent les rougeurs et prot\u00e8gent jour et nuit votre peau de la d\u00e9shydratation et des radicaux libres.<\/p>\n<p>Le Lait nettoyant ultra hydratant antirides Yellow Rose est parfait pour d\u00e9maquiller votre peau.Il nettoie, apaise les peaux sensibles, prot\u00e8ge du vieillissement cutan\u00e9, lisse les rides, redensifie votre peau et l\u2019hydrate intens\u00e9ment.<\/p>\n<p>Acide Hyaluronique\u00a0actif antirides, d\u00e9froisse la peau, favorise la communication cellulaire entre le derme et l\u2019\u00e9piderme et hydrate intens\u00e9mentComplexe botanique :\u00a0Cerisier japonais, Magnolia, Rose fran\u00e7aise et Lotus indien aux vertus hydratantes, apaisantes et anti-oxydantesArginine\u00a0Lisse et redensifieHuile de tournesol\u00a0Assouplit et pr\u00e9vient le vieillissement cutan\u00e9.Allanto\u00efne\u00a0Apaise et hydrate<\/p>\n<p>La Lotion antirides Yellow Rose est\u00a0 tonifiante, apaisante et ultra hydratante id\u00e9ale pour parfaire le d\u00e9maquillage et apporter confort aux peaux s\u00e8ches et\/ou deshydrat\u00e9es.<\/p>\n<p>Votre peau est nette, fraiche souple, belle et douce comme un p\u00e9tale de fleur.<\/p>\n<p>Acide hyaluronique\u00a0actif antirides ,d\u00e9froisse la peau ,favorise la communication cellulaire entre le derme et l\u2019\u00e9piderme et hydrate intens\u00e9mentExtrait de th\u00e9 blanc\u00a0chinois antioxydant puissantExtrait de fleurs sp\u00e9cifiques\u00a0cerisier du Japon, magnolia, rose fran\u00e7aises, et lotus indien aux propri\u00e9t\u00e9s hydratantes, apaisantes et antioxydantes.De la Niacinamide\u00a0(vitamine B3) hydrate, stimule la biosynth\u00e8se de collag\u00e8ne et lutte contre les d\u00e9pigmentations de la peauDu Panth\u00e9nol\u00a0pro vitamines B5 r\u00e9paratrice<\/p>\n<p>Ingr\u00e9dients Le Lait nettoyant ultra hydratant antirides Yellow Rose: Aqua,ethylhexyl palmipate,isopropyl myristate,sorbitol,caprylic,capric triglyceride,propylene glycol, stearic acid,cetearyl alcohol,dicaprylyl carbonate,glyceryl stearate se, helianthus annuus (sunflower) seed oil,rosa gallica flower extract,magniolia biondii bud flower extract,camellia sinensis leaf extract,nelumbo nucifera flower extract,sodium hyaluronate,prunus serrulata flower extract,rosa damascena flower oil,glycerin,arginine,caprylyl glycol, butylene glycol, allantoin,sodium cetearul sulfate,etylhexyglycerin,bht,phenoxynethanol,parfum.<\/p>\n<p>&nbsp;<\/p>\n<p><strong>Anti-wrinkle makeup remover Yellow Rose Cosmetic<\/strong><\/p>\n<p>An anti-wrinkle cleansing duo specially designed for dry, sensitive and \/ or dehydrated skin. A source of comfort, this ultra-concentrated care in oligopeptides, flower extracts and hyaluronic acid of 3 different molecular weights gives your skin an anti-wrinkle, firming action and optimal hydration for 24h.<\/p>\n<p>Their unique formulas protect your skin from the impacts of aging, boost cellular regeneration, soothe tugging, stop redness and protect your skin from dehydration and free radicals day and night.<\/p>\n<p>Yellow Rose Anti-Wrinkle Moisturizing Cleansing Milk is perfect for removing make-up from your skin.It cleanses, soothes sensitive skin, protects against skin aging, smoothes wrinkles, redensifies your skin and intensely moisturizes it.<\/p>\n<p>Hyaluronic acid active anti-wrinkles, smoothes the skin, promotes cellular communication between the dermis and the epidermis and intensively moisturizes Botanical complex: Japanese cherry, Magnolia, French Rose and Indian Lotus with moisturizing, soothing and antioxidant virtues Arginine Smooth and redensifies Sunflower oil Soften and prevents skin aging.Allantoin Soothes and moisturizes<\/p>\n<p>The Yellow Rose Anti-wrinkle Lotion is invigorating, soothing and ultra moisturizing, perfect for perfecting make-up removal and providing comfort for dry and \/ or dehydrated skin.<\/p>\n<p>Your skin is clean, fresh supple, beautiful and soft like a flower petal. Hyaluronic active anti-wrinkle acid, smoothes the skin, promotes cellular communication between the dermis and the epidermis and intensively moisturizesExtract of powerful antioxidant Chinese white teaExtract of specific flowers Japanese cherry, magnolia, French rose, and Indian lotus with moisturizing, soothing and Niacinamide (vitamin B3) moisturizes, stimulates collagen biosynthesis and fights skin depigmentationPh\u00e9nol pro vitamin B5 restorative<\/p>\n<p>Ingredients Yellow Rose Anti-Wrinkle Ultra Moisturizing Cleansing Milk: Aqua, ethylhexyl palmipate, isopropyl myristate, sorbitol, caprylic, capric triglyceride, propylene glycol, stearic acid, cetearyl alcohol, dicaprylyl carbonate, glyceryl stearate se, helianthus annuus (sunflower) seed oil, rosa gallica flower extract, magniolia biondii bud flower extract, camellia sinensis leaf extract, nelumbo nucifera flower extract, sodium hyaluronate, prunus serrulata flower extract, rosa damascena flower oil, glycerin, arginine, caprylyl glycol, butylene glycol, allantoin, sodium cetearul sulfate, etylhexyglycerin , bHT, phenoxynethanol, perfume.<\/p>\n<p>&nbsp;<\/p>\n","protected":false},"featured_media":3490,"comment_status":"open","ping_status":"closed","template":"","meta":[],"_links":{"self":[{"href":"https:\/\/www.saphy.com\/healthcare-cosmetique\/wp-json\/wp\/v2\/product\/2711"}],"collection":[{"href":"https:\/\/www.saphy.com\/healthcare-cosmetique\/wp-json\/wp\/v2\/product"}],"about":[{"href":"https:\/\/www.saphy.com\/healthcare-cosmetique\/wp-json\/wp\/v2\/types\/product"}],"replies":[{"embeddable":true,"href":"https:\/\/www.saphy.com\/healthcare-cosmetique\/wp-json\/wp\/v2\/comments?post=2711"}],"wp:featuredmedia":[{"embeddable":true,"href":"https:\/\/www.saphy.com\/healthcare-cosmetique\/wp-json\/wp\/v2\/media\/3490"}],"wp:attachment":[{"href":"https:\/\/www.saphy.com\/healthcare-cosmetique\/wp-json\/wp\/v2\/media?parent=2711"}],"curies":[{"name":"wp","href":"https:\/\/api.w.org\/{rel}","templated":true}]}}