{"id":2716,"date":"2016-10-13T11:24:00","date_gmt":"2016-10-13T10:24:00","guid":{"rendered":"https:\/\/www.saphy.com\/healthcare-cosmetique\/?post_type=product&#038;p=2716"},"modified":"2024-02-05T11:56:06","modified_gmt":"2024-02-05T10:56:06","slug":"promo-elixir-de-beaute-a-lacide-hyaluronique-yellow-rose-cosmetique","status":"publish","type":"product","link":"https:\/\/www.saphy.com\/healthcare-cosmetique\/produit\/promo-elixir-de-beaute-a-lacide-hyaluronique-yellow-rose-cosmetique\/","title":{"rendered":"Promo Elixir de beaute \u00e0 l&rsquo;acide hyaluronique Yellow Rose cosmetique"},"content":{"rendered":"<h1>Promo Elixir de beaute \u00e0 l&rsquo;acide hyaluronique Yellow Rose cosmetique<\/h1>\n<p><strong>Le gommage visage \u00e0 l&rsquo;acide hyaluronique vous est offert<\/strong> pour tout achat d&rsquo;un \u00e9lixir de beaut\u00e9 \u00e0 l&rsquo;acide hyaluronique et aux extraits de fleurs Yellow Rose.<\/p>\n<p>L&rsquo;Elixir de beaut\u00e9 Yellow Rose est ultra concentr\u00e9, multivitamin\u00e9, antirides et ultra hydratant ,il apporte un soin quotidien intense \u00e0 votre peau.Une formule de pointe \u00e9labor\u00e9e \u00e0 base d\u2019acide hyaluronique, d\u2019oligopeptides, de vitamines, et d\u2019un complexe botanique unique. Lisse les ridules et les rides d\u2019expression, prot\u00e8ge efficacement des radicaux libres, augmente l\u2019\u00e9lasticit\u00e9 et redessine les contours du visage.Votre peau est d\u00e9salt\u00e9r\u00e9e, raffermit, liss\u00e9e et satin\u00e9e.<\/p>\n<p>Microsph\u00e8res d\u2019acides hyaluroniques\u00a0<em>Combleur<\/em> de rides qui hydratent durablementM\u00e9lange d\u2019acides hyaluroniques de 3 poids mol\u00e9culaires\u00a0diff\u00e9rents (grand, petit et tr\u00e8s petit ) repulpe,hydrate et raffermit en profondeurTh\u00e9 blanc chinois\u00a0Action apaisante et antioxydanteExtraits de fleurs\u00a0Cerisier du Japon, magnolia, rose fran\u00e7aise, lotus indien et camomille apaisantes, antioxydantes et hydratantesM\u00e9lange sp\u00e9cifique d\u2019oligopeptides\u00a0anti-rides Stimule la biosynth\u00e8se de collag\u00e8ne et d\u2019\u00e9lastine et lutte contre l\u2019apparition de rides d\u2019expressionM\u00e9lange de C\u00e9ramide et Phytosphingosine\u00a0Prot\u00e8ge et hydrate la peauExtrait de Boswellia serrata\u00a0Anti-inflammatoireUn extrait de de th\u00e9 noir ferment\u00e9 Restaure le volume et l\u2019\u00e9paisseur de la peau tout en augmentant son \u00e9clat et son \u00e9lasticit\u00e9 (effet \u00ab Lipo-filling \u00bb)Extrait de tomates\u00a0Riches en Lycop\u00e8ne antioxydantNiacinamide (vitamine B3)\u00a0Hydrate, stimule la biosynth\u00e8se de collag\u00e8ne naturel et lutte contre les d\u00e9pigmentations de la peauComplexe de silicium organique, de vitamine C et d\u2019hydroxyproline Raffermit et r\u00e9g\u00e9n\u00e8re les cellules de la peauVitamines E et A\u00a0Antioxydantes et nourrissantes<\/p>\n<p>&nbsp;<\/p>\n<p><strong>Promo Elixir of beauty with hyaluronic acid Yellow Rose cosmetics<\/strong><\/p>\n<p>The facial scrub with hyaluronic acid is offered for any purchase of a beauty elixir with hyaluronic acid and extracts of flowers Yellow Rose.<\/p>\n<p>The Elixir of beauty Yellow Rose is ultra concentrated, multivitamin, anti-wrinkle and ultra moisturizing, it brings an intense daily care to your skin. A sophisticated formula based on hyaluronic acid, oligopeptides, vitamins, and a unique botanical complex. Smoothes wrinkles and expression lines, effectively protects against free radicals, increases elasticity and redraws the contours of the face. Your skin is quenched, firmed, smoothed and silky.<\/p>\n<p>Hyaluronic acid microspheres Filler of wrinkles that moisturize durablyMixture of hyaluronic acids of 3 different molecular weights (large, small and very small) plumps, moisturizes and firms in depthChinese white tea Soothing and antioxidant actionCherry extracts Cherry tree from Japan, magnolia, rose French, Soothing, Antioxidant and Moisturizing Indian Lotus and CamomileElectric Anti-Wrinkle Oligopeptide Blend Stimulates the biosynthesis of collagen and elastin and fights against the appearance of expression linesCeramide and Phytosphingosine Blend Protects and moisturizes skinExtract from Boswellia serrata Anti-inflammatoryAn extract of fermented black tea Restores the volume and the thickness of the skin while increasing its brightness and elasticity (\u00ab\u00a0Lipo-filling\u00a0\u00bb effect) Rich tomato extract in Lycopene antioxidantNiacinamide (vitamin B3) Hydrates, stimulates the natural collagen biosynthesis and fight skin depigmentationSilicon complex, vitamin C and hydroxyproline Firms and regenerates skin cellsVitamins E and A Antioxidant and nourishing<\/p>\n<p>&nbsp;<\/p>\n","protected":false},"excerpt":{"rendered":"<h1>Promo Elixir de beaute \u00e0 l&rsquo;acide hyaluronique Yellow Rose cosmetique<\/h1>\n<p><strong>Le gommage visage \u00e0 l&rsquo;acide hyaluronique vous est offert<\/strong> pour tout achat d&rsquo;un \u00e9lixir de beaut\u00e9 \u00e0 l&rsquo;acide hyaluronique et aux extraits de fleurs Yellow Rose.<\/p>\n<p>L&rsquo;Elixir de beaut\u00e9 Yellow Rose est ultra concentr\u00e9, multivitamin\u00e9, antirides et ultra hydratant ,il apporte un soin quotidien intense \u00e0 votre peau.Une formule de pointe \u00e9labor\u00e9e \u00e0 base d\u2019acide hyaluronique, d\u2019oligopeptides, de vitamines, et d\u2019un complexe botanique unique. Lisse les ridules et les rides d\u2019expression, prot\u00e8ge efficacement des radicaux libres, augmente l\u2019\u00e9lasticit\u00e9 et redessine les contours du visage.Votre peau est d\u00e9salt\u00e9r\u00e9e, raffermit, liss\u00e9e et satin\u00e9e.<\/p>\n<p>Microsph\u00e8res d\u2019acides hyaluroniques\u00a0<em>Combleur<\/em> de rides qui hydratent durablementM\u00e9lange d\u2019acides hyaluroniques de 3 poids mol\u00e9culaires\u00a0diff\u00e9rents (grand, petit et tr\u00e8s petit ) repulpe,hydrate et raffermit en profondeurTh\u00e9 blanc chinois\u00a0Action apaisante et antioxydanteExtraits de fleurs\u00a0Cerisier du Japon, magnolia, rose fran\u00e7aise, lotus indien et camomille apaisantes, antioxydantes et hydratantesM\u00e9lange sp\u00e9cifique d\u2019oligopeptides\u00a0anti-rides Stimule la biosynth\u00e8se de collag\u00e8ne et d\u2019\u00e9lastine et lutte contre l\u2019apparition de rides d\u2019expressionM\u00e9lange de C\u00e9ramide et Phytosphingosine\u00a0Prot\u00e8ge et hydrate la peauExtrait de Boswellia serrata\u00a0Anti-inflammatoireUn extrait de de th\u00e9 noir ferment\u00e9 Restaure le volume et l\u2019\u00e9paisseur de la peau tout en augmentant son \u00e9clat et son \u00e9lasticit\u00e9 (effet \u00ab Lipo-filling \u00bb)Extrait de tomates\u00a0Riches en Lycop\u00e8ne antioxydantNiacinamide (vitamine B3)\u00a0Hydrate, stimule la biosynth\u00e8se de collag\u00e8ne naturel et lutte contre les d\u00e9pigmentations de la peauComplexe de silicium organique, de vitamine C et d\u2019hydroxyproline Raffermit et r\u00e9g\u00e9n\u00e8re les cellules de la peauVitamines E et A\u00a0Antioxydantes et nourrissantes<\/p>\n<p>&nbsp;<\/p>\n<p><strong>Promo Elixir of beauty with hyaluronic acid Yellow Rose cosmetics<\/strong><\/p>\n<p>The facial scrub with hyaluronic acid is offered for any purchase of a beauty elixir with hyaluronic acid and extracts of flowers Yellow Rose.<\/p>\n<p>The Elixir of beauty Yellow Rose is ultra concentrated, multivitamin, anti-wrinkle and ultra moisturizing, it brings an intense daily care to your skin. A sophisticated formula based on hyaluronic acid, oligopeptides, vitamins, and a unique botanical complex. Smoothes wrinkles and expression lines, effectively protects against free radicals, increases elasticity and redraws the contours of the face. Your skin is quenched, firmed, smoothed and silky.<\/p>\n<p>Hyaluronic acid microspheres Filler of wrinkles that moisturize durablyMixture of hyaluronic acids of 3 different molecular weights (large, small and very small) plumps, moisturizes and firms in depthChinese white tea Soothing and antioxidant actionCherry extracts Cherry tree from Japan, magnolia, rose French, Soothing, Antioxidant and Moisturizing Indian Lotus and CamomileElectric Anti-Wrinkle Oligopeptide Blend Stimulates the biosynthesis of collagen and elastin and fights against the appearance of expression linesCeramide and Phytosphingosine Blend Protects and moisturizes skinExtract from Boswellia serrata Anti-inflammatoryAn extract of fermented black tea Restores the volume and the thickness of the skin while increasing its brightness and elasticity (\u00ab\u00a0Lipo-filling\u00a0\u00bb effect) Rich tomato extract in Lycopene antioxidantNiacinamide (vitamin B3) Hydrates, stimulates the natural collagen biosynthesis and fight skin depigmentationSilicon complex, vitamin C and hydroxyproline Firms and regenerates skin cellsVitamins E and A Antioxidant and nourishing<\/p>\n<p>&nbsp;<\/p>\n","protected":false},"featured_media":3500,"comment_status":"open","ping_status":"closed","template":"","meta":[],"_links":{"self":[{"href":"https:\/\/www.saphy.com\/healthcare-cosmetique\/wp-json\/wp\/v2\/product\/2716"}],"collection":[{"href":"https:\/\/www.saphy.com\/healthcare-cosmetique\/wp-json\/wp\/v2\/product"}],"about":[{"href":"https:\/\/www.saphy.com\/healthcare-cosmetique\/wp-json\/wp\/v2\/types\/product"}],"replies":[{"embeddable":true,"href":"https:\/\/www.saphy.com\/healthcare-cosmetique\/wp-json\/wp\/v2\/comments?post=2716"}],"wp:featuredmedia":[{"embeddable":true,"href":"https:\/\/www.saphy.com\/healthcare-cosmetique\/wp-json\/wp\/v2\/media\/3500"}],"wp:attachment":[{"href":"https:\/\/www.saphy.com\/healthcare-cosmetique\/wp-json\/wp\/v2\/media?parent=2716"}],"curies":[{"name":"wp","href":"https:\/\/api.w.org\/{rel}","templated":true}]}}