{"id":2768,"date":"2016-10-31T12:39:30","date_gmt":"2016-10-31T11:39:30","guid":{"rendered":"https:\/\/www.saphy.com\/healthcare-cosmetique\/?post_type=product&#038;p=2768"},"modified":"2022-01-03T15:40:36","modified_gmt":"2022-01-03T14:40:36","slug":"lotion-tonique-cellulaire-yellow-rose-cosmetics","status":"publish","type":"product","link":"https:\/\/www.saphy.com\/healthcare-cosmetique\/produit\/lotion-tonique-cellulaire-yellow-rose-cosmetics\/","title":{"rendered":"Lotion tonique cellulaire  Yellow Rose cosmetics"},"content":{"rendered":"<h1>Lotion tonique cellulaire Yellow Rose cosmetics<\/h1>\n<p>&nbsp;<\/p>\n<p>La lotion tonique cellulaire aux extraits de cellules souchesde fruits Yellow Rose cosmetiques hydrate , revitalise ,rafraichit et adoucit la peau.<\/p>\n<p>Une formule unique aux extraits de cellules souches d&rsquo;un pomme suisse rare,de fruits apaisants et antioxydants (grenade,raisin,melon,kiwi,mangue) et d&rsquo;acide hyaluronique de poids mol\u00e9culaires \u00e9l\u00e9v\u00e9 et faible.<\/p>\n<p>Conseil d&rsquo;utilisation: Appliquer avec\u00a0 un coton sur l&rsquo;ensemble du visage et du cou pr\u00e9lablement nettoy\u00e9 avec le <a href=\"https:\/\/www.saphy.com\/healthcare-cosmetique\/produit\/lait-demaquillant-cellulaire-aux-cellules-souches-de-fruit-yellow-rose-cosmetiques\/\">Lait d\u00e9maquillant cellulaire aux cellules souches de fruit Yellow Rose cosm\u00e9tiques.<\/a><\/p>\n<p>Bouteille de 200 ml<\/p>\n<p>Test\u00e9 cliniquement et dermatologiquement<\/p>\n<p>Sans parab\u00e8ne<\/p>\n<p>Ingr\u00e9dients: Aqua (eau), Butylene Glycol, Glycerin, Methyl Gluceth-20, Vitis Vinifera (Grape) Leaf Extract, Punica Granatum Fruit Extract, Cucumis Melo (Melon) Juice, Mangifer Indica (Mango) Juice, Actinida Chinensis (Kiwi) Fruit Extract, Malus Domestica Fruit Cell Culture Extract, Panthenol, Betaine, Trehalose, Sodium hyaluronate, Allantoin, PPG-26 Buteth-26, PEG-40 Hydrogenated Castor Oil, Phenoxyethanol, Ethylhexylglycerin, Propylene Glycol, Lecithin, Xanthan Gum, Sodium Citrate, Parfum<\/p>\n<p><strong>YELLOW ROSE COSMETICS CELLULAR REVITALIZING LOTION<\/strong><br \/>\nMoisturizing and soothing lotion (alcohol free) for all skin types.<\/p>\n<p>Tones and refreshes the skin with a blend of protective and revitalizing Fruit Stem Cells and actives. Can be effectively combined with the other Yellow Rose Cellular Revitalizing Fruit Treatment products.<\/p>\n<p>Use<br \/>\nMoisten a cotton pad with the Yellow Rose Cellular Revitalizing Lotion and gently sweep over cleansed face and neck. Use daily.<br \/>\nMain Ingredients<br \/>\nFruit Stem Cells<br \/>\nObtained from a rare Swiss apple (Malus Domastica) and encapsulated into Liposomes. Their main role is to protect and create an ideal environment of action for the epithelial skin stem cells. Therefore they ensure the self-renewal of skin tissue and gradually they combat signs of aging.<br \/>\nNatural Fruit extracts (Pomegranate, Grape, Mellon, Kiwi and Mango)<br \/>\nWith antioxidant and soothing properties.<br \/>\n2 types of Hyaluronic acid (high and low molecular weight)<br \/>\nThe LMW (Low Molecular Weight) Hyaluronic Acid penetrates the skin along with water that absorbs and moisturizes the deeper skin layers. At the same time it aids the restructuring of the skin. The HMW (High Molecular Weight) Hyaluronic Acid strongly moisturizes the external skin layer leading to increased skin elasticity.<br \/>\nBetaine (Trimethylglycine)<br \/>\nmoisturizing amino acid from Sugarbeets.<br \/>\nTrehalose<br \/>\nNatural disaccharide with remarkable moisture retaining capacities.<br \/>\nd-Panthenol (pro-vitamin B5)<br \/>\nImproves and increases the moisture retaining ability of the skin (long-lasting moisturizer), it has wound healing effect and improves the normal keratinization of the skin.<br \/>\nAllantoin<br \/>\nNourishing, soothing and healing factor. Helps restore damaged skin and has anti-inflammatory properties.<\/p>\n<p>Ingredients: Aqua (water), Butylene Glycol, Glycerin, Methyl Gluceth-20, Vitis Vinifera (Grape) Leaf Extract, Punica Granatum Fruit Extract, Cucumis Melo (Melon) Juice, Mangifer Indica (Mango) Juice, Actinida Chinensis (Kiwi) Fruit Extract, Malus Domestica Fruit Cell Culture Extract, Panthenol, Betaine, Trehalose, Sodium Hyaluronate, Allantoin, PPG-26 Buteth-26, PEG-40 Hydrogenated Castor Oil, Phenoxyethanol, Ethylhexylglycerin, Propylene Glycol, Lecithin, Xanthan Gum, Sodium Citrate, Fragrance<\/p>\n<p>&nbsp;<\/p>\n<p>&nbsp;<\/p>\n","protected":false},"excerpt":{"rendered":"<h1>Lotion tonique cellulaire Yellow Rose cosmetics<\/h1>\n<p>&nbsp;<\/p>\n<p>La lotion tonique cellulaire aux extraits de cellules souchesde fruits Yellow Rose cosmetiques hydrate , revitalise ,rafraichit et adoucit la peau.<\/p>\n<p>Une formule unique aux extraits de cellules souches d&rsquo;un pomme suisse rare,de fruits apaisants et antioxydants (grenade,raisin,melon,kiwi,mangue) et d&rsquo;acide hyaluronique de poids mol\u00e9culaires \u00e9l\u00e9v\u00e9 et faible.<\/p>\n<p>Conseil d&rsquo;utilisation: Appliquer avec\u00a0 un coton sur l&rsquo;ensemble du visage et du cou pr\u00e9lablement nettoy\u00e9 avec le <a href=\"https:\/\/www.saphy.com\/healthcare-cosmetique\/produit\/lait-demaquillant-cellulaire-aux-cellules-souches-de-fruit-yellow-rose-cosmetiques\/\">Lait d\u00e9maquillant cellulaire aux cellules souches de fruit Yellow Rose cosm\u00e9tiques.<\/a><\/p>\n<p>Bouteille de 200 ml<\/p>\n<p>Test\u00e9 cliniquement et dermatologiquement<\/p>\n<p>Sans parab\u00e8ne<\/p>\n<p>Ingr\u00e9dients: Aqua (eau), Butylene Glycol, Glycerin, Methyl Gluceth-20, Vitis Vinifera (Grape) Leaf Extract, Punica Granatum Fruit Extract, Cucumis Melo (Melon) Juice, Mangifer Indica (Mango) Juice, Actinida Chinensis (Kiwi) Fruit Extract, Malus Domestica Fruit Cell Culture Extract, Panthenol, Betaine, Trehalose, Sodium hyaluronate, Allantoin, PPG-26 Buteth-26, PEG-40 Hydrogenated Castor Oil, Phenoxyethanol, Ethylhexylglycerin, Propylene Glycol, Lecithin, Xanthan Gum, Sodium Citrate, Parfum<\/p>\n<p><strong>YELLOW ROSE COSMETICS CELLULAR REVITALIZING LOTION<\/strong><br \/>\nMoisturizing and soothing lotion (alcohol free) for all skin types.<\/p>\n<p>Tones and refreshes the skin with a blend of protective and revitalizing Fruit Stem Cells and actives. Can be effectively combined with the other Yellow Rose Cellular Revitalizing Fruit Treatment products.<\/p>\n<p>Use<br \/>\nMoisten a cotton pad with the Yellow Rose Cellular Revitalizing Lotion and gently sweep over cleansed face and neck. Use daily.<br \/>\nMain Ingredients<br \/>\nFruit Stem Cells<br \/>\nObtained from a rare Swiss apple (Malus Domastica) and encapsulated into Liposomes. Their main role is to protect and create an ideal environment of action for the epithelial skin stem cells. Therefore they ensure the self-renewal of skin tissue and gradually they combat signs of aging.<br \/>\nNatural Fruit extracts (Pomegranate, Grape, Mellon, Kiwi and Mango)<br \/>\nWith antioxidant and soothing properties.<br \/>\n2 types of Hyaluronic acid (high and low molecular weight)<br \/>\nThe LMW (Low Molecular Weight) Hyaluronic Acid penetrates the skin along with water that absorbs and moisturizes the deeper skin layers. At the same time it aids the restructuring of the skin. The HMW (High Molecular Weight) Hyaluronic Acid strongly moisturizes the external skin layer leading to increased skin elasticity.<br \/>\nBetaine (Trimethylglycine)<br \/>\nmoisturizing amino acid from Sugarbeets.<br \/>\nTrehalose<br \/>\nNatural disaccharide with remarkable moisture retaining capacities.<br \/>\nd-Panthenol (pro-vitamin B5)<br \/>\nImproves and increases the moisture retaining ability of the skin (long-lasting moisturizer), it has wound healing effect and improves the normal keratinization of the skin.<br \/>\nAllantoin<br \/>\nNourishing, soothing and healing factor. Helps restore damaged skin and has anti-inflammatory properties.<\/p>\n<p>Ingredients: Aqua (water), Butylene Glycol, Glycerin, Methyl Gluceth-20, Vitis Vinifera (Grape) Leaf Extract, Punica Granatum Fruit Extract, Cucumis Melo (Melon) Juice, Mangifer Indica (Mango) Juice, Actinida Chinensis (Kiwi) Fruit Extract, Malus Domestica Fruit Cell Culture Extract, Panthenol, Betaine, Trehalose, Sodium Hyaluronate, Allantoin, PPG-26 Buteth-26, PEG-40 Hydrogenated Castor Oil, Phenoxyethanol, Ethylhexylglycerin, Propylene Glycol, Lecithin, Xanthan Gum, Sodium Citrate, Fragrance<\/p>\n<p>&nbsp;<\/p>\n<p>&nbsp;<\/p>\n","protected":false},"featured_media":3496,"comment_status":"open","ping_status":"closed","template":"","meta":[],"_links":{"self":[{"href":"https:\/\/www.saphy.com\/healthcare-cosmetique\/wp-json\/wp\/v2\/product\/2768"}],"collection":[{"href":"https:\/\/www.saphy.com\/healthcare-cosmetique\/wp-json\/wp\/v2\/product"}],"about":[{"href":"https:\/\/www.saphy.com\/healthcare-cosmetique\/wp-json\/wp\/v2\/types\/product"}],"replies":[{"embeddable":true,"href":"https:\/\/www.saphy.com\/healthcare-cosmetique\/wp-json\/wp\/v2\/comments?post=2768"}],"wp:featuredmedia":[{"embeddable":true,"href":"https:\/\/www.saphy.com\/healthcare-cosmetique\/wp-json\/wp\/v2\/media\/3496"}],"wp:attachment":[{"href":"https:\/\/www.saphy.com\/healthcare-cosmetique\/wp-json\/wp\/v2\/media?parent=2768"}],"curies":[{"name":"wp","href":"https:\/\/api.w.org\/{rel}","templated":true}]}}