{"id":2771,"date":"2016-10-31T13:03:42","date_gmt":"2016-10-31T12:03:42","guid":{"rendered":"https:\/\/www.saphy.com\/healthcare-cosmetique\/?post_type=product&#038;p=2771"},"modified":"2022-01-03T15:40:30","modified_gmt":"2022-01-03T14:40:30","slug":"creme-cellulaire-antirides-aux-extraits-de-cellules-souches-de-fruit-yellow-rose-cosmetiques","status":"publish","type":"product","link":"https:\/\/www.saphy.com\/healthcare-cosmetique\/produit\/creme-cellulaire-antirides-aux-extraits-de-cellules-souches-de-fruit-yellow-rose-cosmetiques\/","title":{"rendered":"Cr\u00e8me cellulaire antirides aux extraits de cellules souches de fruit Yellow Rose cosmetiques"},"content":{"rendered":"<h1>Cr\u00e8me cellulaire antirides aux extraits de cellules souches de fruit Yellow Rose cosmetiques<\/h1>\n<p>La Cr\u00e8me cellulaire antirides aux extraits de cellules souches de fruit Yellow Rose cosm\u00e9tiques hydrate et att\u00e9nue les rides gr\u00e2ce \u00e0 sa formule unique aux extraits de cellules souches de fruits ,au resveratrol,aux oligopeptides et \u00e0 l&rsquo;acide hyaluronique de trois poids mol\u00e9culaires diff\u00e9rents.<\/p>\n<p>Ses actifs sp\u00e9cifiques prot\u00e8gent les cellules de la peau ,luttent contre les rides et les signes de vieillissement tout en am\u00e9liorant l\u2019\u00e9lasticit\u00e9 ,l&rsquo;hydratation et la ferm\u00e9t\u00e9 des tissus.<\/p>\n<p>Contient: Cellules souches de pomme,extrait de raisin rouge riche en resveratrol,extrait de plancton,trois types d&rsquo;acide hyaluronique,oligopeptides,extraits de fruits(grenade,melon,mangue,kiwi,pomme) ,extrait de matricaria maritimum,liposomes d l&rsquo;huile d&rsquo;argousier ,acide ursolique,vitamines A,E et C ,lycopene,CoenzymeQ10,Betaine,Phytosterols,Cermaides,Panthenol,Trehalose,beurre de karite,huile de jojoba,huile d&rsquo;avocat.<\/p>\n<p>Conseil d&rsquo;utilisation: Appliquez matin et soir sur une peau nettoy\u00e9e.Pour plus d&rsquo;\u00e9fficacit\u00e9 vous pouvez utiliser le <a href=\"https:\/\/www.saphy.com\/healthcare-cosmetique\/produit\/lait-demaquillant-cellulaire-aux-cellules-souches-de-fruit-yellow-rose-cosmetiques\/\">Lait d\u00e9maquillant cellulaire aux cellules souches de fruit Yellow Rose cosmetiques <\/a>,la <a href=\"Lotion%20tonique cellulaire aux extraits de cellules souches de fruits Yellow Rose cosmetiques\">Lotion tonique cellulaire aux extraits de cellules souches de fruits Yellow Rose cosmetiques <\/a>et la \u00a0<a href=\"https:\/\/www.saphy.com\/healthcare-cosmetique\/produit\/creme-cellulaire-pour-le-contour-des-yeux-yellow-rose-cosmetique\/\">Cr\u00e8me cellulaire pour le contour des yeux Yellow Rose cosm\u00e9tique<\/a><\/p>\n<p>Pot de 50 ml<\/p>\n<p>Sans parab\u00e8nes<\/p>\n<p><strong>CELLULAR REVITALIZING CREAM YELLOW ROSE COSMETICS<\/strong><\/p>\n<p>Anti-aging cellular longevity face cream with an incredible lightweight and silky-smooth feel.<\/p>\n<p>This unique cellular revitalizing formula utilizes the latest advances on skin longevity and DNA cellular protection. Fights wrinkles and expression lines, enhances elasticity and offers a powerful moisturizing and antioxidative fruit based cocktail to the skin to protect it from everyday environmental stress factors.<\/p>\n<p>Suitable for all skin types.<br \/>\nUse<br \/>\nApply to clean skin, morning and evening. Massage gently until absorbed.<br \/>\nCan be effectively combined with the other Yellow Rose Cellular Revitalizing Fruit Treatment products<br \/>\nMain Ingredients<br \/>\nFruit Stem Cells<br \/>\nObtained from a rare Swiss apple (Malus Domastica), their nutrients and metabolites are encapsulated into Liposomes. Their main role is to protect and create an ideal environment of action for the epithelial skin stem cells. Therefore they ensure the self-renewal of skin tissue and gradually they combat signs of aging.<br \/>\nRed Grapevine extract with Resveratrol (cellular longevity antioxidant)<br \/>\nSpecial red Grapevine extract concentrated in Resveratrol and its derivatives that activates Sirtuins (\u2018Youth Proteins\u2019). These are enzymes that are naturally present in the skin and are programmed to lead to improved DNA repair and increase the survival time of epidermal cells.<br \/>\nPlankton extract<br \/>\nProvides cellular DNA protection and has anti-inflammatory properties.<br \/>\n3 types of Hyaluronic acid (high, low and very low molecular weight)<br \/>\nFor effective deep moisturization and rejuvenation.<br \/>\nSpecial mixture of antiaging Oligopeptides(\u2018Retinol-like\u2019 effect)<br \/>\nActivates the natural synthesis of extracellular matrix macromolecules (collagen, elastin, glycosaminoglycans) in fibroblasts repairing and remodeling the skin tissue.<br \/>\nNatural Fruit extracts (Pomegranate, Mellon, Kiwi, Apple and Mango)<br \/>\nWith antioxidant and soothing properties.<br \/>\nUrsolic acid<br \/>\nProvides Elastin protection and firmness enhancement<br \/>\nMatricaria maritimum extract (natural \u2018Botox-Like\u2019 effect)<br \/>\nNatural action against expression lines and wrinkles.<br \/>\nLiposomes with Sea-Bucthorn Oil<br \/>\nRich in Carotenoids and Omega fatty acids. It prevents lipid peroxidation while improving the skin metabolism for a healthy-looking skin.<br \/>\nContains also<br \/>\nVitamins (E, A and C), moisturizing Trimethylglycine (Betaine) and Trehalose, Liposomes with Coenzyme Q10 andCarnitine, Lycopene, Phytosterols, Ceramides and Phytosphingosine, Chamomile extract, a-Bisabolol, Jojoba oil, Avocado and Olive oils, Shea Butter, Boswellia Serrata extract, Allantoin and d-Panthenol (pro-Vitamin B5).<\/p>\n<p>&nbsp;<\/p>\n","protected":false},"excerpt":{"rendered":"<h1>Cr\u00e8me cellulaire antirides aux extraits de cellules souches de fruit Yellow Rose cosmetiques<\/h1>\n<p>La Cr\u00e8me cellulaire antirides aux extraits de cellules souches de fruit Yellow Rose cosm\u00e9tiques hydrate et att\u00e9nue les rides gr\u00e2ce \u00e0 sa formule unique aux extraits de cellules souches de fruits ,au resveratrol,aux oligopeptides et \u00e0 l&rsquo;acide hyaluronique de trois poids mol\u00e9culaires diff\u00e9rents.<\/p>\n<p>Ses actifs sp\u00e9cifiques prot\u00e8gent les cellules de la peau ,luttent contre les rides et les signes de vieillissement tout en am\u00e9liorant l\u2019\u00e9lasticit\u00e9 ,l&rsquo;hydratation et la ferm\u00e9t\u00e9 des tissus.<\/p>\n<p>Contient: Cellules souches de pomme,extrait de raisin rouge riche en resveratrol,extrait de plancton,trois types d&rsquo;acide hyaluronique,oligopeptides,extraits de fruits(grenade,melon,mangue,kiwi,pomme) ,extrait de matricaria maritimum,liposomes d l&rsquo;huile d&rsquo;argousier ,acide ursolique,vitamines A,E et C ,lycopene,CoenzymeQ10,Betaine,Phytosterols,Cermaides,Panthenol,Trehalose,beurre de karite,huile de jojoba,huile d&rsquo;avocat.<\/p>\n<p>Conseil d&rsquo;utilisation: Appliquez matin et soir sur une peau nettoy\u00e9e.Pour plus d&rsquo;\u00e9fficacit\u00e9 vous pouvez utiliser le <a href=\"https:\/\/www.saphy.com\/healthcare-cosmetique\/produit\/lait-demaquillant-cellulaire-aux-cellules-souches-de-fruit-yellow-rose-cosmetiques\/\">Lait d\u00e9maquillant cellulaire aux cellules souches de fruit Yellow Rose cosmetiques <\/a>,la <a href=\"Lotion%20tonique cellulaire aux extraits de cellules souches de fruits Yellow Rose cosmetiques\">Lotion tonique cellulaire aux extraits de cellules souches de fruits Yellow Rose cosmetiques <\/a>et la \u00a0<a href=\"https:\/\/www.saphy.com\/healthcare-cosmetique\/produit\/creme-cellulaire-pour-le-contour-des-yeux-yellow-rose-cosmetique\/\">Cr\u00e8me cellulaire pour le contour des yeux Yellow Rose cosm\u00e9tique<\/a><\/p>\n<p>Pot de 50 ml<\/p>\n<p>Sans parab\u00e8nes<\/p>\n<p><strong>CELLULAR REVITALIZING CREAM YELLOW ROSE COSMETICS<\/strong><\/p>\n<p>Anti-aging cellular longevity face cream with an incredible lightweight and silky-smooth feel.<\/p>\n<p>This unique cellular revitalizing formula utilizes the latest advances on skin longevity and DNA cellular protection. Fights wrinkles and expression lines, enhances elasticity and offers a powerful moisturizing and antioxidative fruit based cocktail to the skin to protect it from everyday environmental stress factors.<\/p>\n<p>Suitable for all skin types.<br \/>\nUse<br \/>\nApply to clean skin, morning and evening. Massage gently until absorbed.<br \/>\nCan be effectively combined with the other Yellow Rose Cellular Revitalizing Fruit Treatment products<br \/>\nMain Ingredients<br \/>\nFruit Stem Cells<br \/>\nObtained from a rare Swiss apple (Malus Domastica), their nutrients and metabolites are encapsulated into Liposomes. Their main role is to protect and create an ideal environment of action for the epithelial skin stem cells. Therefore they ensure the self-renewal of skin tissue and gradually they combat signs of aging.<br \/>\nRed Grapevine extract with Resveratrol (cellular longevity antioxidant)<br \/>\nSpecial red Grapevine extract concentrated in Resveratrol and its derivatives that activates Sirtuins (\u2018Youth Proteins\u2019). These are enzymes that are naturally present in the skin and are programmed to lead to improved DNA repair and increase the survival time of epidermal cells.<br \/>\nPlankton extract<br \/>\nProvides cellular DNA protection and has anti-inflammatory properties.<br \/>\n3 types of Hyaluronic acid (high, low and very low molecular weight)<br \/>\nFor effective deep moisturization and rejuvenation.<br \/>\nSpecial mixture of antiaging Oligopeptides(\u2018Retinol-like\u2019 effect)<br \/>\nActivates the natural synthesis of extracellular matrix macromolecules (collagen, elastin, glycosaminoglycans) in fibroblasts repairing and remodeling the skin tissue.<br \/>\nNatural Fruit extracts (Pomegranate, Mellon, Kiwi, Apple and Mango)<br \/>\nWith antioxidant and soothing properties.<br \/>\nUrsolic acid<br \/>\nProvides Elastin protection and firmness enhancement<br \/>\nMatricaria maritimum extract (natural \u2018Botox-Like\u2019 effect)<br \/>\nNatural action against expression lines and wrinkles.<br \/>\nLiposomes with Sea-Bucthorn Oil<br \/>\nRich in Carotenoids and Omega fatty acids. It prevents lipid peroxidation while improving the skin metabolism for a healthy-looking skin.<br \/>\nContains also<br \/>\nVitamins (E, A and C), moisturizing Trimethylglycine (Betaine) and Trehalose, Liposomes with Coenzyme Q10 andCarnitine, Lycopene, Phytosterols, Ceramides and Phytosphingosine, Chamomile extract, a-Bisabolol, Jojoba oil, Avocado and Olive oils, Shea Butter, Boswellia Serrata extract, Allantoin and d-Panthenol (pro-Vitamin B5).<\/p>\n<p>&nbsp;<\/p>\n","protected":false},"featured_media":4088,"comment_status":"open","ping_status":"closed","template":"","meta":[],"_links":{"self":[{"href":"https:\/\/www.saphy.com\/healthcare-cosmetique\/wp-json\/wp\/v2\/product\/2771"}],"collection":[{"href":"https:\/\/www.saphy.com\/healthcare-cosmetique\/wp-json\/wp\/v2\/product"}],"about":[{"href":"https:\/\/www.saphy.com\/healthcare-cosmetique\/wp-json\/wp\/v2\/types\/product"}],"replies":[{"embeddable":true,"href":"https:\/\/www.saphy.com\/healthcare-cosmetique\/wp-json\/wp\/v2\/comments?post=2771"}],"wp:featuredmedia":[{"embeddable":true,"href":"https:\/\/www.saphy.com\/healthcare-cosmetique\/wp-json\/wp\/v2\/media\/4088"}],"wp:attachment":[{"href":"https:\/\/www.saphy.com\/healthcare-cosmetique\/wp-json\/wp\/v2\/media?parent=2771"}],"curies":[{"name":"wp","href":"https:\/\/api.w.org\/{rel}","templated":true}]}}