{"id":2808,"date":"2016-12-09T16:29:46","date_gmt":"2016-12-09T15:29:46","guid":{"rendered":"https:\/\/www.saphy.com\/healthcare-cosmetique\/?post_type=product&#038;p=2808"},"modified":"2024-04-02T09:49:47","modified_gmt":"2024-04-02T08:49:47","slug":"koflet-himalaya-herbals","status":"publish","type":"product","link":"https:\/\/www.saphy.com\/healthcare-cosmetique\/produit\/koflet-himalaya-herbals\/","title":{"rendered":"KOFLET HIMALAYA HERBALS"},"content":{"rendered":"<h1>KOFLET HIMALAYA HERBALS<\/h1>\n<p>Compl\u00e9ment alimentaire<\/p>\n<p>Himalaya Herbals<\/p>\n<p>La science par les plantes depuis 1930<\/p>\n<p>Koflet\u00a0Himalaya Herbals est une formule brevet\u00e9e \u00e0 base\u00a0\u00a0de plantes.<\/p>\n<p style=\"text-align: left;\"><b>Composition pour 1\/4 pastilles :\u00a0 \u00a0 \u00a0 \u00a0 \u00a0 \u00a0 \u00a0 \u00a0 \u00a0 \u00a0 \u00a0 \u00a0 \u00a0 \u00a0 \u00a0 \u00a0 \u00a0 \u00a0 \u00a0 \u00a0 \u00a0 \u00a0 \u00a0 \u00a0 \u00a0 \u00a0 \u00a0 \u00a0 \u00a0 \u00a0 \u00a0 \u00a0 \u00a0 \u00a0 \u00a0 \u00a0 \u00a0 \u00a0 \u00a0 \u00a0 \u00a0 \u00a0 \u00a0 \u00a0 \u00a0 \u00a0 \u00a0 \u00a0 \u00a0 \u00a0 \u00a0 \u00a0 \u00a0 \u00a0 \u00a0 \u00a0 \u00a0 \u00a0 \u00a0 \u00a0 \u00a0 \u00a0 \u00a0 \u00a0 \u00a0 \u00a0 \u00a0 \u00a0 \u00a0 \u00a0 \u00a0 \u00a0 \u00a0 \u00a0 \u00a0 \u00a0 \u00a0 \u00a0 \u00a0<\/b>sucre(\u00e9dulcorant), glucose (\u00e9dulcorant), Miel 126\/504 mg, arome de miel (exhausteur de go\u00fbt) (0,5%), ar\u00f4me de gingembre (exhausteur de go\u00fbt) (0,3%), 7,31\/29,24 mg d\u2019extrait de p\u00e9ricarpe de Terminalia chebula, menthol (exhausteur de go\u00fbt), 2,10\/8,4 mg de bouton floral de Syzygium aromaticum, 0,97\/3,88 mg de rhizome d\u2019Alpinia Galanga, 0,80\/3,2 mg de rhizome de Zingiber ocinale, 0,80\/3,2 mg d\u2019extrait de fruit de Piper longum, 0,80\/3,2 mg d\u2019extrait de fruit de Piper nigrum, 0,74\/2,96 mg d\u2019extrait de bois d\u2019 Acacia catechu, 0,06\/0,24 mg d\u2019extrait de fruit d\u2019Elettaria cardamomum, 0,02\/0,08 mg d\u2019extrait d\u2019\u00e9corce de Cinnamomum zeylanicum.<\/p>\n<p><b> \u00a0 \u00a0 \u00a0 \u00a0 \u00a0 \u00a0 \u00a0 \u00a0 \u00a0 \u00a0 \u00a0 \u00a0 \u00a0 \u00a0 \u00a0 \u00a0 \u00a0 \u00a0 \u00a0\u00a0<\/b><\/p>\n<p><a href=\"https:\/\/www.saphy.com\/healthcare-cosmetique\/wp-content\/uploads\/2016\/12\/tableau-valeur-nutritionnel1.gif\"><img decoding=\"async\" loading=\"lazy\" class=\"alignnone size-medium wp-image-3574\" src=\"https:\/\/www.saphy.com\/healthcare-cosmetique\/wp-content\/uploads\/2016\/12\/tableau-valeur-nutritionnel1-300x169.gif\" alt=\"tableau valeur nutritionnel\" width=\"300\" height=\"169\" srcset=\"https:\/\/www.saphy.com\/healthcare-cosmetique\/wp-content\/uploads\/2016\/12\/tableau-valeur-nutritionnel1-300x169.gif 300w, https:\/\/www.saphy.com\/healthcare-cosmetique\/wp-content\/uploads\/2016\/12\/tableau-valeur-nutritionnel1-1024x576.gif 1024w\" sizes=\"(max-width: 300px) 100vw, 300px\" \/><\/a><\/p>\n<p>Conseil d\u2019utilisation: 1 \u00e0 4 pastilles par jour<\/p>\n<p>Boite de 12 pastilles<\/p>\n<p>Ne pas d\u00e9passer la dose journali\u00e8re recommand\u00e9e.<\/p>\n<p>Les compl\u00e9ments alimentaire ne doivent pas se substituer \u00e0 une alimentation\u00a0 vari\u00e9e, \u00e9\u00e9quilibr\u00e9e\u00a0 et \u00e0 un mode de vie sain.<\/p>\n<p>Ne pas mettre au r\u00e9frig\u00e9rateur .<\/p>\n<p>Ne convient pas aux femmes enceintes ,aux enfants de moins de 6 ans et aux femmes qui allaitent.<\/p>\n<p>A conserver dans un endroit frais et sec et hors de port\u00e9e des enfants.<\/p>\n<p>&nbsp;<\/p>\n<p>Koflet Himalaya Herbals is a herbal supplement .<\/p>\n<p>Main botanical ingredients:<\/p>\n<p>ginger<br \/>\nLong pepper<br \/>\nHoney<br \/>\nLicorice (Yashtimadhu)<br \/>\nBlack pepper<br \/>\nLavanga (clove)<\/p>\n<p>Instructions: one tablet three or four times a day<br \/>\nDo not exceed the recommended daily dose.<br \/>\nBox of 12 tablets<br \/>\nDo not use in pregnant women, children under the age of 14 and nursing mothers.<br \/>\nDietary supplements should not be used as a substitute for a varied and balanced diet.<br \/>\nThese indications do not require prior medical advice.<\/p>\n","protected":false},"excerpt":{"rendered":"<h1>KOFLET HIMALAYA HERBALS<\/h1>\n<p>Compl\u00e9ment alimentaire<\/p>\n<p>La mission des laboratoires Himalaya Herbals est\u00a0 que le bien \u00eatre par les plantes soit une part int\u00e9grante de chaque foyer. Notre gamme de compl\u00e9ments alimentaires \u00e0 base de plantes est sp\u00e9cialement formul\u00e9e pour vous aider \u00e0 atteindre le bien-\u00eatre physique et mental et d\u2019avoir\u00a0 une meilleure qualit\u00e9 de vie. Nous nous effor\u00e7ons de rendre cela possible gr\u00e2ce \u00e0 notre engagement envers la science dans tous nos soins de sant\u00e9 \u00e0 base de plantes.<\/p>\n<p>Koflet\u00a0Himalaya Herbals est une formule brevet\u00e9e \u00e0 base\u00a0\u00a0de plantes.<\/p>\n<p style=\"text-align: left;\"><b>Composition pour 1\/4 pastilles :\u00a0 \u00a0 \u00a0 \u00a0 \u00a0 \u00a0 \u00a0 \u00a0 \u00a0 \u00a0 \u00a0 \u00a0 \u00a0 \u00a0 \u00a0 \u00a0 \u00a0 \u00a0 \u00a0 \u00a0 \u00a0 \u00a0 \u00a0 \u00a0 \u00a0 \u00a0 \u00a0 \u00a0 \u00a0 \u00a0 \u00a0 \u00a0 \u00a0 \u00a0 \u00a0 \u00a0 \u00a0 \u00a0 \u00a0 \u00a0 \u00a0 \u00a0 \u00a0 \u00a0 \u00a0 \u00a0 \u00a0 \u00a0 \u00a0 \u00a0 \u00a0 \u00a0 \u00a0 \u00a0 \u00a0 \u00a0 \u00a0 \u00a0 \u00a0 \u00a0 \u00a0 \u00a0 \u00a0 \u00a0 \u00a0 \u00a0 \u00a0 \u00a0 \u00a0 \u00a0 \u00a0 \u00a0 \u00a0 \u00a0<\/b>sucre(\u00e9dulcorant), glucose (\u00e9dulcorant), Miel 126\/504 mg, arome de miel (exhausteur de go\u00fbt) (0,5%), ar\u00f4me de gingembre (exhausteur de go\u00fbt) (0,3%), 7,31\/29,24 mg d\u2019extrait de p\u00e9ricarpe de Terminalia chebula, menthol (exhausteur de go\u00fbt), 2,10\/8,4 mg de bouton floral de Syzygium aromaticum, 0,97\/3,88 mg de rhizome d\u2019Alpinia Galanga, 0,80\/3,2 mg de rhizome de Zingiber ocinale, 0,80\/3,2 mg d\u2019extrait de fruit de Piper longum, 0,80\/3,2 mg d\u2019extrait de fruit de Piper nigrum, 0,74\/2,96 mg d\u2019extrait de bois d\u2019 Acacia catechu, 0,06\/0,24 mg d\u2019extrait de fruit d\u2019Elettaria cardamomum, 0,02\/0,08 mg d\u2019extrait d\u2019\u00e9corce de Cinnamomum zeylanicum.<\/p>\n<p style=\"text-align: left;\"><a href=\"https:\/\/www.saphy.com\/healthcare-cosmetique\/wp-content\/uploads\/2016\/12\/tableau-valeur-nutritionnel1.gif\"><img decoding=\"async\" loading=\"lazy\" class=\"alignnone size-medium wp-image-3574\" src=\"https:\/\/www.saphy.com\/healthcare-cosmetique\/wp-content\/uploads\/2016\/12\/tableau-valeur-nutritionnel1-300x169.gif\" alt=\"tableau valeur nutritionnel\" width=\"300\" height=\"169\" srcset=\"https:\/\/www.saphy.com\/healthcare-cosmetique\/wp-content\/uploads\/2016\/12\/tableau-valeur-nutritionnel1-300x169.gif 300w, https:\/\/www.saphy.com\/healthcare-cosmetique\/wp-content\/uploads\/2016\/12\/tableau-valeur-nutritionnel1-1024x576.gif 1024w\" sizes=\"(max-width: 300px) 100vw, 300px\" \/><\/a><\/p>\n<p>Conseil d\u2019utilisation: 1 \u00e0 4 pastilles par jour<\/p>\n<p>Boite de 12 pastilles<\/p>\n<p>Ne pas d\u00e9passer la dose journali\u00e8re recommand\u00e9e.<\/p>\n<p>Les compl\u00e9ments alimentaire ne doivent pas se substituer \u00e0 une alimentation\u00a0 vari\u00e9e ,\u00e9quilibr\u00e9e et \u00e0 un mode de vie sain.<\/p>\n<p>Ne pas mettre au r\u00e9frig\u00e9rateur .<\/p>\n<p>Ne convient pas aux femmes enceintes ,aux enfants de moins de 6 ans et aux femmes qui allaitent.<\/p>\n<p>A conserver dans un endroit frais et sec et hors de port\u00e9e des enfants.<\/p>\n<p style=\"text-align: left;\">Koflet Himalaya Herbals is a herbal supplement .<\/p>\n<p style=\"text-align: left;\">Main botanical ingredients:<\/p>\n<p style=\"text-align: left;\">ginger<br \/>\nLong pepper<br \/>\nHoney<br \/>\nLicorice (Yashtimadhu)<br \/>\nBlack pepper<br \/>\nLavanga (clove)<\/p>\n<p style=\"text-align: left;\">Instructions: one tablet three or four times a day<br \/>\nDo not exceed the recommended daily dose.<br \/>\nBox of 12 tablets<br \/>\nDo not use in pregnant women, children under the age of 14 and nursing mothers.<br \/>\nDietary supplements should not be used as a substitute for a varied and balanced diet.<br \/>\nThese indications do not require prior medical advice.<\/p>\n","protected":false},"featured_media":2809,"comment_status":"open","ping_status":"closed","template":"","meta":[],"_links":{"self":[{"href":"https:\/\/www.saphy.com\/healthcare-cosmetique\/wp-json\/wp\/v2\/product\/2808"}],"collection":[{"href":"https:\/\/www.saphy.com\/healthcare-cosmetique\/wp-json\/wp\/v2\/product"}],"about":[{"href":"https:\/\/www.saphy.com\/healthcare-cosmetique\/wp-json\/wp\/v2\/types\/product"}],"replies":[{"embeddable":true,"href":"https:\/\/www.saphy.com\/healthcare-cosmetique\/wp-json\/wp\/v2\/comments?post=2808"}],"wp:featuredmedia":[{"embeddable":true,"href":"https:\/\/www.saphy.com\/healthcare-cosmetique\/wp-json\/wp\/v2\/media\/2809"}],"wp:attachment":[{"href":"https:\/\/www.saphy.com\/healthcare-cosmetique\/wp-json\/wp\/v2\/media?parent=2808"}],"curies":[{"name":"wp","href":"https:\/\/api.w.org\/{rel}","templated":true}]}}