{"id":2810,"date":"2016-12-09T16:35:43","date_gmt":"2016-12-09T15:35:43","guid":{"rendered":"https:\/\/www.saphy.com\/healthcare-cosmetique\/?post_type=product&#038;p=2810"},"modified":"2022-10-24T10:41:00","modified_gmt":"2022-10-24T09:41:00","slug":"gel-creme-hydratant-himalaya-herbals","status":"publish","type":"product","link":"https:\/\/www.saphy.com\/healthcare-cosmetique\/produit\/gel-creme-hydratant-himalaya-herbals\/","title":{"rendered":"Gel -cr\u00e8me hydratante leg\u00e8re Himalaya Herbals"},"content":{"rendered":"<h1>Gel -cr\u00e8me hydratante leg\u00e8re Himalaya Herbals<\/h1>\n<p>Hydrate et matifie<\/p>\n<p>Le Gel -cr\u00e8me hydratante l\u00e9g\u00e8re Himalaya Herbals est une cr\u00e8me\u00a0 l\u00e9g\u00e8re et non grasse, \u00e0 usage quotidien, qui hydrate votre peau sans effet gras .C&rsquo;est une cr\u00e8me textur\u00e9e en gel l\u00e9ger enrichie en herbes sp\u00e9ciales qui offre trois bienfaits essentiels \u00e0 votre peau:<br \/>\nAbsorbe l&rsquo;exc\u00e8s de s\u00e9bum<br \/>\nHydrate la peau<br \/>\nDonne de l &lsquo;\u00e9clat<\/p>\n<p>Principaux composants botaniques:<\/p>\n<p>La figue de barbarie contient des poly saccharides qui sont connus pour leur propri\u00e9t\u00e9s hydratantes .<\/p>\n<p>Le melon d\u2019hiver a des propri\u00e9t\u00e9s antioxydantes qui prot\u00e8gent et booste le renouvellement des cellules de la peau.<\/p>\n<p>Conseil d&rsquo;utilisation:Appliquez matin et soir sur une peau propre<\/p>\n<p>Ce soin quotidien est id\u00e9al pour les peaux mixtes \u00e0 grasses.<\/p>\n<p>Le Gel -cr\u00e8me hydratante l\u00e9g\u00e8re Himalaya Herbals est test\u00e9 dermatologiquement, non com\u00e9dog\u00e8ne, sans huiles min\u00e9rales et parab\u00e8nes, et hypoallerg\u00e9nique.<\/p>\n<p>50 ml<\/p>\n<p>Ingr\u00e9dients:\u00a0Aqua, Glycerin, Cyclopentasiloxane, Cyclomethicone, Isopropyl, myristate, Coco Glucoside, Phenoxyethanol, Carbomer, Caprilic\/capric Triglyceride, Dimethiconol, Sodium benzoate, Acrylates \/C-10-30 Alkyl olivate, Sodium Hyaluronate, Benincasa Cerifera Fruit Extract, Opunitia Ficus Indica Stem extract, parfum, Ethylhexyglycerin, Sorbitan Olivate, Disodium EDTA, Hexyl cinnamal, Limonene, benzyl Salicylate, Butylphenyl Methylpropional<\/p>\n<p>&nbsp;<\/p>\n<p><strong>Light Hydrating gel cream<\/strong><\/p>\n<p>&nbsp;<\/p>\n<p>Himalaya Herbals Light Moisturizing Cream<br \/>\nHydrate and matify<br \/>\nWhat he does:<br \/>\nHimalaya Herbals Light Moisturizing Cream is a lightweight, non-greasy, daily use cream that moisturizes your skin without any greasy effect. It is a textured gel cream in light gel enriched with special herbs that offers three essential benefits to your skin:<br \/>\nAbsorbs excess sebum<br \/>\nMoisturizes the skin<br \/>\nGives sparkle<br \/>\nMain botanical components:<br \/>\nThe prickly pear contains poly saccharides which are known for their moisturizing properties.<br \/>\nWinter melon has antioxidant properties that protect and boost the renewal of skin cells.<br \/>\nDirections: Apply morning and evening on clean skin<br \/>\nThis daily care is ideal for mixed to oily skin.<br \/>\nThe Himalaya Herbals Light Moisturizing Gel is dermatologically tested, non-comedogenic, mineral oils and parabens free, and hypoallergenic.<\/p>\n<p>50ml<\/p>\n<p>Ingr\u00e9dients:\u00a0Aqua, Glycerin, Cyclopentasiloxane, Cyclomethicone, Isopropyl, myristate, Coco Glucoside, Phenoxyethanol, Carbomer, Caprilic\/capric Triglyceride, Dimethiconol, Sodium benzoate, Acrylates \/C-10-30 Alkyl olivate, Sodium Hyaluronate, Benincasa Cerifera Fruit Extract, Opunitia Ficus Indica Stem extract, parfum, Ethylhexyglycerin, Sorbitan Olivate, Disodium EDTA, Hexyl cinnamal, Limonene, benzyl Salicylate, Butylphenyl Methylpropional<\/p>\n","protected":false},"excerpt":{"rendered":"<h1>Gel -cr\u00e8me hydratante leg\u00e8re Himalaya Herbals<\/h1>\n<p>Hydrate et matifie<\/p>\n<p>Le Gel -cr\u00e8me hydratante l\u00e9g\u00e8re Himalaya Herbals est une cr\u00e8me\u00a0 l\u00e9g\u00e8re et non grasse, \u00e0 usage quotidien, qui hydrate votre peau sans effet gras .C&rsquo;est une cr\u00e8me textur\u00e9e en gel l\u00e9ger enrichie en herbes sp\u00e9ciales qui offre trois bienfaits essentiels \u00e0 votre peau:<br \/>\nAbsorbe l&rsquo;exc\u00e8s de s\u00e9bum<br \/>\nHydrate la peau<br \/>\nDonne de l &lsquo;\u00e9clat<\/p>\n<p>Principaux composants botaniques:<\/p>\n<p>La figue de barbarie contient des poly saccharides qui sont connus pour leur propri\u00e9t\u00e9s hydratantes .<\/p>\n<p>Le melon d\u2019hiver a des propri\u00e9t\u00e9s antioxydantes qui prot\u00e8gent et booste le renouvellement des cellules de la peau.<\/p>\n<p>Conseil d&rsquo;utilisation:Appliquez matin et soir sur une peau propre<\/p>\n<p>Ce soin quotidien est id\u00e9al pour les peaux mixtes \u00e0 grasses.<\/p>\n<p>Le Gel -cr\u00e8me hydratante l\u00e9g\u00e8re Himalaya Herbals est test\u00e9 dermatologiquement, non com\u00e9dog\u00e8ne, sans huiles min\u00e9rales et parab\u00e8nes, et hypoallerg\u00e9nique.<\/p>\n<p>50 ml<\/p>\n<p>Ingr\u00e9dients:\u00a0Aqua, Glycerin, Cyclopentasiloxane, Cyclomethicone, Isopropyl, myristate, Coco Glucoside, Phenoxyethanol, Carbomer, Caprilic\/capric Triglyceride, Dimethiconol, Sodium benzoate, Acrylates \/C-10-30 Alkyl olivate, Sodium Hyaluronate, Benincasa Cerifera Fruit Extract, Opunitia Ficus Indica Stem extract, parfum, Ethylhexyglycerin, Sorbitan Olivate, Disodium EDTA, Hexyl cinnamal, Limonene, benzyl Salicylate, Butylphenyl Methylpropional<\/p>\n<p>&nbsp;<\/p>\n<p><strong>Light Hydrating gel cream<\/strong><\/p>\n<p>&nbsp;<\/p>\n<p>Himalaya Herbals Light Moisturizing Cream<br \/>\nHydrate and matify<br \/>\nWhat he does:<br \/>\nHimalaya Herbals Light Moisturizing Cream is a lightweight, non-greasy, daily use cream that moisturizes your skin without any greasy effect. It is a textured gel cream in light gel enriched with special herbs that offers three essential benefits to your skin:<br \/>\nAbsorbs excess sebum<br \/>\nMoisturizes the skin<br \/>\nGives sparkle<br \/>\nMain botanical components:<br \/>\nThe prickly pear contains poly saccharides which are known for their moisturizing properties.<br \/>\nWinter melon has antioxidant properties that protect and boost the renewal of skin cells.<br \/>\nDirections: Apply morning and evening on clean skin<br \/>\nThis daily care is ideal for mixed to oily skin.<br \/>\nThe Himalaya Herbals Light Moisturizing Gel is dermatologically tested, non-comedogenic, mineral oils and parabens free, and hypoallergenic.<\/p>\n<p>50ml<\/p>\n<p>Ingr\u00e9dients:\u00a0Aqua, Glycerin, Cyclopentasiloxane, Cyclomethicone, Isopropyl, myristate, Coco Glucoside, Phenoxyethanol, Carbomer, Caprilic\/capric Triglyceride, Dimethiconol, Sodium benzoate, Acrylates \/C-10-30 Alkyl olivate, Sodium Hyaluronate, Benincasa Cerifera Fruit Extract, Opunitia Ficus Indica Stem extract, parfum, Ethylhexyglycerin, Sorbitan Olivate, Disodium EDTA, Hexyl cinnamal, Limonene, benzyl Salicylate, Butylphenyl Methylpropional<\/p>\n","protected":false},"featured_media":2924,"comment_status":"open","ping_status":"closed","template":"","meta":[],"_links":{"self":[{"href":"https:\/\/www.saphy.com\/healthcare-cosmetique\/wp-json\/wp\/v2\/product\/2810"}],"collection":[{"href":"https:\/\/www.saphy.com\/healthcare-cosmetique\/wp-json\/wp\/v2\/product"}],"about":[{"href":"https:\/\/www.saphy.com\/healthcare-cosmetique\/wp-json\/wp\/v2\/types\/product"}],"replies":[{"embeddable":true,"href":"https:\/\/www.saphy.com\/healthcare-cosmetique\/wp-json\/wp\/v2\/comments?post=2810"}],"wp:featuredmedia":[{"embeddable":true,"href":"https:\/\/www.saphy.com\/healthcare-cosmetique\/wp-json\/wp\/v2\/media\/2924"}],"wp:attachment":[{"href":"https:\/\/www.saphy.com\/healthcare-cosmetique\/wp-json\/wp\/v2\/media?parent=2810"}],"curies":[{"name":"wp","href":"https:\/\/api.w.org\/{rel}","templated":true}]}}