{"id":2835,"date":"2016-12-30T16:35:45","date_gmt":"2016-12-30T15:35:45","guid":{"rendered":"https:\/\/www.saphy.com\/healthcare-cosmetique\/?post_type=product&#038;p=2835"},"modified":"2026-03-11T10:07:32","modified_gmt":"2026-03-11T09:07:32","slug":"masque-peel-off-a-lacide-hyaluronique-et-aux-extraits-de-fleurs","status":"publish","type":"product","link":"https:\/\/www.saphy.com\/healthcare-cosmetique\/produit\/masque-peel-off-a-lacide-hyaluronique-et-aux-extraits-de-fleurs\/","title":{"rendered":"Masque peel off \u00e0 l&rsquo;acide hyaluronique et aux extraits de fleurs Yellow rose cosmetics"},"content":{"rendered":"<h1>Masque peel off \u00e0 l&rsquo;acide hyaluronique et aux extraits de fleurs Yellow rose cosmetics<\/h1>\n<p>Le Masque peel off \u00e0 l&rsquo;acide hyaluronique et aux extraits de fleurs Yellow rose cosmetics de faible poids mol\u00e9culaire et\u00a0 de p\u00e9tales de Rose naturels.\u00a0\u00a0\u00a0Un soin multivitamin\u00e9 qui\u00a0\u00a0booste l&rsquo;hydratation\u00a0de , lisse la peau fatigu\u00e9e et stress\u00e9e ,r\u00e9v\u00e9lant un teint plus radieux et lumineux.<\/p>\n<p>Ingr\u00e9dients:<br \/>\nContient \u00e9galement la Niacinamide (vitamine B3-hydrate, stimule la\u00a0\u00a0biosynthese naturelle du collag\u00e8ne\u00a0et combat les taches pigmentaires),<br \/>\nVitamine C (un puissant antioxydant et un inhibiteur de la formation de m\u00e9lanine. Stimule la production de \u00a0collag\u00e8ne naturel<br \/>\net de l\u2019allanto\u00efne.<\/p>\n<p>Conseil d&rsquo;utilisation: Mettre dans un bol l&rsquo;ensemble de la poudre avec 50 ml d&rsquo;eau. Remuer pour bien m\u00e9langer le tout pendant 2 minutes. Appliquez en couche \u00e9paisse sur l&rsquo;ensemble du visage et du cou. Laissez agir pendant 15 \u00e0 20 minutes puis enlever le masque d&rsquo;un coup en commen\u00e7ant par le bas.<\/p>\n<p>Unidose de 25 g<\/p>\n<p>Ingr\u00e9dients : glucose,calcium sulfate,algin,silica,tetrasodium pyrophosphate,rosa gallica flower powder(petals),niacinamide,sodium ascorbyl,phosphate,sodium hyaluronate,allantoine,beta vulgaris,maltodextrine,citric acid,alcohol denat,pvp,limonene,linalool,parfum.<\/p>\n<p><strong>Peel-off mask with hyaluronic acid and flower extracts Yellow Rose Cosmetics<\/strong><\/p>\n<p>The mask peel off with hyaluronic acid and the Yellow rose cosmetic extracts of low molecular weight and natural rose petals. A multivitamin treatment that boosts hydration, smoothes tired and stressed skin, revealing a more radiant and luminous complexion.<br \/>\nIngredients:<br \/>\nAlso contains Niacinamide (vitamin B3-hydrate, stimulates the natural biosynthesis of collagen and fights pigment stains),<br \/>\nVitamin C (a potent antioxidant and an inhibitor of melanin formation. Stimulates the production of natural collagen<br \/>\nand Allantoin.<br \/>\nHint of use: Put in a bowl all the powder with 50 ml of water. Stir to mix well for 2 minutes. Apply thick layers to the entire face and neck. Let it take 15 to 20 minutes and then remove the mask with a blow starting from the bottom.<br \/>\n25 g single dose<\/p>\n<p><a href=\"https:\/\/www.saphy.com\/healthcare-cosmetique\/wp-content\/uploads\/2016\/12\/masque-peel-off-acide-hayluronique-yellow-rose-saphy.jpg\"><img decoding=\"async\" loading=\"lazy\" class=\"alignnone size-medium wp-image-2838\" src=\"https:\/\/www.saphy.com\/healthcare-cosmetique\/wp-content\/uploads\/2016\/12\/masque-peel-off-acide-hayluronique-yellow-rose-saphy-300x225.jpg\" alt=\"masque-peel-off-acide-hayluronique-yellow-rose-saphy\" width=\"300\" height=\"225\" srcset=\"https:\/\/www.saphy.com\/healthcare-cosmetique\/wp-content\/uploads\/2016\/12\/masque-peel-off-acide-hayluronique-yellow-rose-saphy-300x225.jpg 300w, https:\/\/www.saphy.com\/healthcare-cosmetique\/wp-content\/uploads\/2016\/12\/masque-peel-off-acide-hayluronique-yellow-rose-saphy.jpg 960w\" sizes=\"(max-width: 300px) 100vw, 300px\" \/><\/a><\/p>\n","protected":false},"excerpt":{"rendered":"<h1>Masque peel off \u00e0 l&rsquo;acide hyaluronique et aux extraits de fleurs Yellow rose cosmetics<\/h1>\n<p>Le Masque peel off \u00e0 l&rsquo;acide hyaluronique et aux extraits de fleurs Yellow rose cosmetics de faible poids mol\u00e9culaire et\u00a0 de p\u00e9tales de Rose naturels.\u00a0\u00a0\u00a0Un soin multivitamin\u00e9 qui\u00a0\u00a0booste l&rsquo;hydratation\u00a0de , lisse la peau fatigu\u00e9e et stress\u00e9e ,r\u00e9v\u00e9lant un teint plus radieux et lumineux.<\/p>\n<p>Ingr\u00e9dients:<br \/>\nContient \u00e9galement la Niacinamide (vitamine B3-hydrate, stimule la\u00a0\u00a0biosynthese naturelle du collag\u00e8ne\u00a0et combat les taches pigmentaires),<br \/>\nVitamine C (un puissant antioxydant et un inhibiteur de la formation de m\u00e9lanine. Stimule la production de \u00a0collag\u00e8ne naturel<br \/>\net de l\u2019allanto\u00efne.<\/p>\n<p>Conseil d&rsquo;utilisation: Mettre dans un bol l&rsquo;ensemble de la poudre avec 50 ml d&rsquo;eau. Remuer pour bien m\u00e9langer le tout pendant 2 minutes. Appliquez en couche \u00e9paisse sur l&rsquo;ensemble du visage et du cou. Laissez agir pendant 15 \u00e0 20 minutes puis enlever le masque d&rsquo;un coup en commen\u00e7ant par le bas.<\/p>\n<p>Unidose de 25 g<\/p>\n<p>Ingr\u00e9dients : glucose,calcium sulfate,algin,silica,tetrasodium pyrophosphate,rosa gallica flower powder(petals),niacinamide,sodium ascorbyl,phosphate,sodium hyaluronate,allantoine,beta vulgaris,maltodextrine,citric acid,alcohol denat,pvp,limonene,linalool,parfum.<\/p>\n<p><strong>Peel-off mask with hyaluronic acid and flower extracts Yellow Rose Cosmetics<\/strong><\/p>\n<p>The mask peel off with hyaluronic acid and the Yellow rose cosmetic extracts of low molecular weight and natural rose petals. A multivitamin treatment that boosts hydration, smoothes tired and stressed skin, revealing a more radiant and luminous complexion.<br \/>\nIngredients:<br \/>\nAlso contains Niacinamide (vitamin B3-hydrate, stimulates the natural biosynthesis of collagen and fights pigment stains),<br \/>\nVitamin C (a potent antioxidant and an inhibitor of melanin formation. Stimulates the production of natural collagen<br \/>\nand Allantoin.<br \/>\nHint of use: Put in a bowl all the powder with 50 ml of water. Stir to mix well for 2 minutes. Apply thick layers to the entire face and neck. Let it take 15 to 20 minutes and then remove the mask with a blow starting from the bottom.<br \/>\n25 g single dose<\/p>\n<p><a href=\"https:\/\/www.saphy.com\/healthcare-cosmetique\/wp-content\/uploads\/2016\/12\/masque-peel-off-acide-hayluronique-yellow-rose-saphy.jpg\"><img decoding=\"async\" loading=\"lazy\" class=\"alignnone size-medium wp-image-2838\" src=\"https:\/\/www.saphy.com\/healthcare-cosmetique\/wp-content\/uploads\/2016\/12\/masque-peel-off-acide-hayluronique-yellow-rose-saphy-300x225.jpg\" alt=\"masque-peel-off-acide-hayluronique-yellow-rose-saphy\" width=\"300\" height=\"225\" srcset=\"https:\/\/www.saphy.com\/healthcare-cosmetique\/wp-content\/uploads\/2016\/12\/masque-peel-off-acide-hayluronique-yellow-rose-saphy-300x225.jpg 300w, https:\/\/www.saphy.com\/healthcare-cosmetique\/wp-content\/uploads\/2016\/12\/masque-peel-off-acide-hayluronique-yellow-rose-saphy.jpg 960w\" sizes=\"(max-width: 300px) 100vw, 300px\" \/><\/a><\/p>\n","protected":false},"featured_media":4095,"comment_status":"open","ping_status":"closed","template":"","meta":[],"_links":{"self":[{"href":"https:\/\/www.saphy.com\/healthcare-cosmetique\/wp-json\/wp\/v2\/product\/2835"}],"collection":[{"href":"https:\/\/www.saphy.com\/healthcare-cosmetique\/wp-json\/wp\/v2\/product"}],"about":[{"href":"https:\/\/www.saphy.com\/healthcare-cosmetique\/wp-json\/wp\/v2\/types\/product"}],"replies":[{"embeddable":true,"href":"https:\/\/www.saphy.com\/healthcare-cosmetique\/wp-json\/wp\/v2\/comments?post=2835"}],"wp:featuredmedia":[{"embeddable":true,"href":"https:\/\/www.saphy.com\/healthcare-cosmetique\/wp-json\/wp\/v2\/media\/4095"}],"wp:attachment":[{"href":"https:\/\/www.saphy.com\/healthcare-cosmetique\/wp-json\/wp\/v2\/media?parent=2835"}],"curies":[{"name":"wp","href":"https:\/\/api.w.org\/{rel}","templated":true}]}}