{"id":2908,"date":"2017-03-13T15:43:07","date_gmt":"2017-03-13T14:43:07","guid":{"rendered":"https:\/\/www.saphy.com\/healthcare-cosmetique\/?post_type=product&#038;p=2908"},"modified":"2026-03-11T10:11:31","modified_gmt":"2026-03-11T09:11:31","slug":"creme-cellulaire-pour-le-contour-des-yeux-yellow-rose-cosmetics","status":"publish","type":"product","link":"https:\/\/www.saphy.com\/healthcare-cosmetique\/produit\/creme-cellulaire-pour-le-contour-des-yeux-yellow-rose-cosmetics\/","title":{"rendered":"Cr\u00e8me cellulaire pour le contour des yeux Yellow Rose cosmetics"},"content":{"rendered":"<h1>Cr\u00e8me cellulaire pour le contour des yeux Yellow Rose cosmetics<\/h1>\n<p>La cr\u00e8me cellulaire pour le contour des yeux Yellow rose cosmetics est un traitement quotidien pour le contour des yeux \u00e9labor\u00e9e \u00e0 partir de cellules souches v\u00e9g\u00e9tales obtenues \u00e0 partir d&rsquo;une pomme suisse rare(Malus Domastica) .leurs nutriments et leurs m\u00e9tabolites sont encapsul\u00e9s dans les liposomes. Leur r\u00f4le principal est de prot\u00e9ger et de cr\u00e9er un environnement d&rsquo;action id\u00e9al pour les cellules souches \u00e9pith\u00e9liales de la peau. Ils assurent donc l&rsquo;auto-renouvellement des tissus cutan\u00e9s et progressivement ils combattent les signes du vieillissement.<\/p>\n<p>Une formule avanc\u00e9e qui contient un m\u00e9lange unique de cellules souches v\u00e9g\u00e9tales, d&rsquo;oligopeptides, d&rsquo;acide hyaluronique, de plantes et d&rsquo;ingr\u00e9dients actifs biotechnologiques pour traiter efficacement les besoins sp\u00e9cifiques du contour des yeux (ridules, cernes, poches et perte de fermet\u00e9).<\/p>\n<p>Contient un complexe d&rsquo;Oligopeptides \u00e0 partir de graines de Hibiscus esculentus (Okra) qui combattent les lignes d&rsquo;expression (effet \u00abBotox-like\u00bb naturel) et inhibent les radicaux libres (effet antioxydant) ,un Pentapeptide anti-\u00e2ge sp\u00e9cial qui active la synth\u00e8se naturelle des macromol\u00e9cules de la matrice extracellulaire (collag\u00e8ne, \u00e9lastine, glycosaminoglycanes) dans les fibroblastes r\u00e9parant et remodelant le tissu cutan\u00e9 (effet \u00abr\u00e9tinol\u00bb).<br \/>\n3 types d&rsquo;acide hyaluronique (poids mol\u00e9culaire \u00e9lev\u00e9, faible et tr\u00e8s faible )pour une hydratation profonde efficace et un rajeunissement cutan\u00e9,un nouveau syst\u00e8me de 3 mol\u00e9cules actives pour pr\u00e9venir et lutter contre les poches sous les yeux (Hesperidin m\u00e9thyl chalcone, Dipeptide valyl-triptophane (VW) et Oligopeptide (Peptide Pal -GQPR).<\/p>\n<p>L&rsquo;hesp\u00e9ridine m\u00e9thyl chalcone est un sous-produit de l&rsquo;Esperidine, un fort flavono\u00efde antioxydant naturellement pr\u00e9sent dans les plantes d&rsquo;agrumes. Il renforce les capillaires sensibles, emp\u00eachant les fuites de plasma dans la zone oculaire environnante. Cette r\u00e9tention progressive de liquide cr\u00e9e l&rsquo;enflure sous les yeux (\u0153d\u00e8me p\u00e9riorbitaire). Le Dipeptide VW augmente la circulation lymphatique en \u00e9liminant l&rsquo;exc\u00e8s de liquide de la zone et l&rsquo;Oligopeptide Pal -GQPR am\u00e9liore la fermet\u00e9 et l&rsquo;\u00e9lasticit\u00e9 et laisse l&rsquo;\u00e9piderme lisse et souple. Des Liposomes \u00e0 la carnitine et \u00e0 la caf\u00e9ine qui agissent en synergie pour stimuler la micro-circulation et le catabolisme des lipides dans les adipocytes. Ils r\u00e9duisent les poches, affinent le contour des yeux ,un m\u00e9lange sp\u00e9cial pour la r\u00e9duction des \u00abcernes\u00bb sous les yeux<br \/>\nqui se compose de 2 Oligopeptides, N-hydroxysuccinimide (NHS) et le flavono\u00efde Crysin. Les \u00abcernes\u00bb des yeux sont dus \u00e0 l&rsquo;accumulation de pigments sanguins (h\u00e9moglobine et produits de d\u00e9gradation color\u00e9s) dans le derme et l&rsquo;\u00e9piderme (due aux capillaires fragiles de la r\u00e9gion des yeux). Les deux oligopeptides renforcent la fermet\u00e9 et le ton de la peau alors que Chrysin et NHS activent l&rsquo;\u00e9limination des pigments provenant du sang responsables de la couleur du cercle noir.<\/p>\n<p>Contient aussi des Vitamines antioxydantes (C et E), Lycop\u00e8ne et Liposomes avec Coenzyme Q10 et Carnitine, M\u00e9lange apaisant et calmant d&rsquo;a-Bisabolol, extrait de camomille, extrait de Hirudo medicinalis, extrait de Boswellia Serrata et distillat de Rose fran\u00e7ais, Silanol avec Hydroxyproline et acide mannuronique, Phytost\u00e9rols, c\u00e9ramides et phytosphingosine, niacinamide, extrait de concombre, vitamine A, d-panth\u00e9nol (pro-vitamine B5), lanoline, huile de jojoba, huile d&rsquo;avocat, beurre de karit\u00e9 et allanto\u00efne.<\/p>\n<p>T\u00e9st\u00e9 dermatologiquement<\/p>\n<p>Sans parab\u00e8nes<\/p>\n<p>15 ml<\/p>\n<p>&nbsp;<\/p>\n<p>&nbsp;<\/p>\n<p><strong>Cellular cream for the eye contour Yellow Rose cosmetics Yellow Rose<\/strong><\/p>\n<p>Cosmetics eye cream is a daily eye contour treatment developed from plant stem cells obtained from a rare Swiss apple (Malus Domastica). Their nutrients and their metabolites are encapsulated in the skin. liposomes. Their main role is to protect and create an ideal action environment for epithelial stem cells in the skin. They thus ensure the self-renewal of the cutaneous tissues and gradually they fight the signs of aging.<\/p>\n<p>An advanced formula that contains a unique blend of plant stem cells, oligopeptides, hyaluronic acid, botanicals and biotech ingredients to effectively treat the specific needs of the eye area (fine lines, dark circles, puffiness and loss of firmness) ).<\/p>\n<p>Contains an Oligopeptide complex from seeds of Hibiscus esculentus (Okra) that fight the lines of expression (natural \u00ab\u00a0Botox-like\u00a0\u00bb effect) and inhibit free radicals (antioxidant effect), a special anti-aging Pentapeptide that activates the natural synthesis of macromolecules of the extracellular matrix (collagen, elastin, glycosaminoglycans) in the fibroblasts repairing and remodeling the cutaneous tissue (\u00ab\u00a0retinol\u00a0\u00bb effect). 3 types of hyaluronic acid (high molecular weight, low and very low) for effective deep hydration and skin rejuvenation, a new system of 3 active molecules to prevent and fight against bags under the eyes (Hesperidin methyl chalcone, Dipeptide valyl -triptophan (VW) and Oligopeptide (Peptide Pal -GQPR). Hesperidin methyl chalcone is a byproduct of Esperidin, a strong antioxidant flavonoid found naturally in citrus plants. It strengthens sensitive capillaries, preventing plasma leakage in the surrounding eye area. This progressive retention of fluid creates swelling under the eyes (periorbital edema). Dipeptide VW increases lymphatic circulation by eliminating excess fluid from the area and Oligopeptide Pal -GQPR improves firmness and elasticity and leaves the epidermis smooth and supple. Carnitine and caffeine liposomes that act synergistically to stimulate the micro-circulation and catabolism of lipids in adipocytes. They reduce puffiness, refine the eye contour, a special blend for the reduction of \u00ab\u00a0dark circles\u00a0\u00bb under the eyes which consists of 2 oligopeptides, N-hydroxysuccinimide (NHS) and the flavonoid Crysin. The \u00ab\u00a0dark circles\u00a0\u00bb of the eyes are due to the accumulation of blood pigments (hemoglobin and colored degradation products) in the dermis and epidermis (due to fragile capillaries of the eye area). Both oligopeptides enhance the firmness and tone of the skin while Chrysin and NHS activate the removal of pigments from blood responsible for the color of the black circle. Also contains Vitaminesantioxidantes (C and E), Lycopene and Liposomes with Coenzyme Q10 and Carnitine, soothing and calming mixture of a-Bisabolol, chamomile extract, Hirudo medicinalis extract, Boswellia Serrata extract and French Rose distillate, Silanol with Hydroxyproline and mannuronic acid, Phytosterols, ceramides and phytosphingosine, niacinamide, cucumber extract, vitamin A, d-panthenol (pro-vitamin B5), lanolin, jojoba oil, avocado oil, shea butter and allantoin.<\/p>\n<p>Dermatologically tested<\/p>\n<p>Paraben free<\/p>\n<p>15 ml<\/p>\n","protected":false},"excerpt":{"rendered":"<h1>Cr\u00e8me cellulaire pour le contour des yeux Yellow Rose cosmetics<\/h1>\n<p>La cr\u00e8me cellulaire pour le contour des yeux Yellow rose cosmetics est un traitement quotidien pour le contour des yeux \u00e9labor\u00e9e \u00e0 partir de cellules souches v\u00e9g\u00e9tales obtenues \u00e0 partir d&rsquo;une pomme suisse rare(Malus Domastica) .leurs nutriments et leurs m\u00e9tabolites sont encapsul\u00e9s dans les liposomes. Leur r\u00f4le principal est de prot\u00e9ger et de cr\u00e9er un environnement d&rsquo;action id\u00e9al pour les cellules souches \u00e9pith\u00e9liales de la peau. Ils assurent donc l&rsquo;auto-renouvellement des tissus cutan\u00e9s et progressivement ils combattent les signes du vieillissement.<\/p>\n<p>Une formule avanc\u00e9e qui contient un m\u00e9lange unique de cellules souches v\u00e9g\u00e9tales, d&rsquo;oligopeptides, d&rsquo;acide hyaluronique, de plantes et d&rsquo;ingr\u00e9dients actifs biotechnologiques pour traiter efficacement les besoins sp\u00e9cifiques du contour des yeux (ridules, cernes, poches et perte de fermet\u00e9).<\/p>\n<p>Contient un complexe d&rsquo;Oligopeptides \u00e0 partir de graines de Hibiscus esculentus (Okra) qui combattent les lignes d&rsquo;expression (effet \u00abBotox-like\u00bb naturel) et inhibent les radicaux libres (effet antioxydant) ,un Pentapeptide anti-\u00e2ge sp\u00e9cial qui active la synth\u00e8se naturelle des macromol\u00e9cules de la matrice extracellulaire (collag\u00e8ne, \u00e9lastine, glycosaminoglycanes) dans les fibroblastes r\u00e9parant et remodelant le tissu cutan\u00e9 (effet \u00abr\u00e9tinol\u00bb).<br \/>\n3 types d&rsquo;acide hyaluronique (poids mol\u00e9culaire \u00e9lev\u00e9, faible et tr\u00e8s faible )pour une hydratation profonde efficace et un rajeunissement cutan\u00e9,un nouveau syst\u00e8me de 3 mol\u00e9cules actives pour pr\u00e9venir et lutter contre les poches sous les yeux (Hesperidin m\u00e9thyl chalcone, Dipeptide valyl-triptophane (VW) et Oligopeptide (Peptide Pal -GQPR).<\/p>\n<p>L&rsquo;hesp\u00e9ridine m\u00e9thyl chalcone est un sous-produit de l&rsquo;Esperidine, un fort flavono\u00efde antioxydant naturellement pr\u00e9sent dans les plantes d&rsquo;agrumes. Il renforce les capillaires sensibles, emp\u00eachant les fuites de plasma dans la zone oculaire environnante. Cette r\u00e9tention progressive de liquide cr\u00e9e l&rsquo;enflure sous les yeux (\u0153d\u00e8me p\u00e9riorbitaire). Le Dipeptide VW augmente la circulation lymphatique en \u00e9liminant l&rsquo;exc\u00e8s de liquide de la zone et l&rsquo;Oligopeptide Pal -GQPR am\u00e9liore la fermet\u00e9 et l&rsquo;\u00e9lasticit\u00e9 et laisse l&rsquo;\u00e9piderme lisse et souple. Des Liposomes \u00e0 la carnitine et \u00e0 la caf\u00e9ine qui agissent en synergie pour stimuler la micro-circulation et le catabolisme des lipides dans les adipocytes. Ils r\u00e9duisent les poches, affinent le contour des yeux ,un m\u00e9lange sp\u00e9cial pour la r\u00e9duction des \u00abcernes\u00bb sous les yeux<br \/>\nqui se compose de 2 Oligopeptides, N-hydroxysuccinimide (NHS) et le flavono\u00efde Crysin. Les \u00abcernes\u00bb des yeux sont dus \u00e0 l&rsquo;accumulation de pigments sanguins (h\u00e9moglobine et produits de d\u00e9gradation color\u00e9s) dans le derme et l&rsquo;\u00e9piderme (due aux capillaires fragiles de la r\u00e9gion des yeux). Les deux oligopeptides renforcent la fermet\u00e9 et le ton de la peau alors que Chrysin et NHS activent l&rsquo;\u00e9limination des pigments provenant du sang responsables de la couleur du cercle noir.<\/p>\n<p>Contient aussi des Vitamines antioxydantes (C et E), Lycop\u00e8ne et Liposomes avec Coenzyme Q10 et Carnitine, M\u00e9lange apaisant et calmant d&rsquo;a-Bisabolol, extrait de camomille, extrait de Hirudo medicinalis, extrait de Boswellia Serrata et distillat de Rose fran\u00e7ais, Silanol avec Hydroxyproline et acide mannuronique, Phytost\u00e9rols, c\u00e9ramides et phytosphingosine, niacinamide, extrait de concombre, vitamine A, d-panth\u00e9nol (pro-vitamine B5), lanoline, huile de jojoba, huile d&rsquo;avocat, beurre de karit\u00e9 et allanto\u00efne.<\/p>\n<p>T\u00e9st\u00e9 dermatologiquement<\/p>\n<p>Sans parab\u00e8nes<\/p>\n<p>15 ml<\/p>\n<p>&nbsp;<\/p>\n<p>&nbsp;<\/p>\n<p><strong>Cellular cream for the eye contour Yellow Rose cosmetics Yellow Rose<\/strong><\/p>\n<p>Cosmetics eye cream is a daily eye contour treatment developed from plant stem cells obtained from a rare Swiss apple (Malus Domastica). Their nutrients and their metabolites are encapsulated in the skin. liposomes. Their main role is to protect and create an ideal action environment for epithelial stem cells in the skin. They thus ensure the self-renewal of the cutaneous tissues and gradually they fight the signs of aging.<\/p>\n<p>An advanced formula that contains a unique blend of plant stem cells, oligopeptides, hyaluronic acid, botanicals and biotech ingredients to effectively treat the specific needs of the eye area (fine lines, dark circles, puffiness and loss of firmness) ).<\/p>\n<p>Contains an Oligopeptide complex from seeds of Hibiscus esculentus (Okra) that fight the lines of expression (natural \u00ab\u00a0Botox-like\u00a0\u00bb effect) and inhibit free radicals (antioxidant effect), a special anti-aging Pentapeptide that activates the natural synthesis of macromolecules of the extracellular matrix (collagen, elastin, glycosaminoglycans) in the fibroblasts repairing and remodeling the cutaneous tissue (\u00ab\u00a0retinol\u00a0\u00bb effect). 3 types of hyaluronic acid (high molecular weight, low and very low) for effective deep hydration and skin rejuvenation, a new system of 3 active molecules to prevent and fight against bags under the eyes (Hesperidin methyl chalcone, Dipeptide valyl -triptophan (VW) and Oligopeptide (Peptide Pal -GQPR). Hesperidin methyl chalcone is a byproduct of Esperidin, a strong antioxidant flavonoid found naturally in citrus plants. It strengthens sensitive capillaries, preventing plasma leakage in the surrounding eye area. This progressive retention of fluid creates swelling under the eyes (periorbital edema). Dipeptide VW increases lymphatic circulation by eliminating excess fluid from the area and Oligopeptide Pal -GQPR improves firmness and elasticity and leaves the epidermis smooth and supple. Carnitine and caffeine liposomes that act synergistically to stimulate the micro-circulation and catabolism of lipids in adipocytes. They reduce puffiness, refine the eye contour, a special blend for the reduction of \u00ab\u00a0dark circles\u00a0\u00bb under the eyes which consists of 2 oligopeptides, N-hydroxysuccinimide (NHS) and the flavonoid Crysin. The \u00ab\u00a0dark circles\u00a0\u00bb of the eyes are due to the accumulation of blood pigments (hemoglobin and colored degradation products) in the dermis and epidermis (due to fragile capillaries of the eye area). Both oligopeptides enhance the firmness and tone of the skin while Chrysin and NHS activate the removal of pigments from blood responsible for the color of the black circle. Also contains Vitaminesantioxidantes (C and E), Lycopene and Liposomes with Coenzyme Q10 and Carnitine, soothing and calming mixture of a-Bisabolol, chamomile extract, Hirudo medicinalis extract, Boswellia Serrata extract and French Rose distillate, Silanol with Hydroxyproline and mannuronic acid, Phytosterols, ceramides and phytosphingosine, niacinamide, cucumber extract, vitamin A, d-panthenol (pro-vitamin B5), lanolin, jojoba oil, avocado oil, shea butter and allantoin.<\/p>\n<p>Dermatologically tested<\/p>\n<p>Paraben free<\/p>\n<p>15 ml<\/p>\n","protected":false},"featured_media":3484,"comment_status":"open","ping_status":"closed","template":"","meta":[],"_links":{"self":[{"href":"https:\/\/www.saphy.com\/healthcare-cosmetique\/wp-json\/wp\/v2\/product\/2908"}],"collection":[{"href":"https:\/\/www.saphy.com\/healthcare-cosmetique\/wp-json\/wp\/v2\/product"}],"about":[{"href":"https:\/\/www.saphy.com\/healthcare-cosmetique\/wp-json\/wp\/v2\/types\/product"}],"replies":[{"embeddable":true,"href":"https:\/\/www.saphy.com\/healthcare-cosmetique\/wp-json\/wp\/v2\/comments?post=2908"}],"wp:featuredmedia":[{"embeddable":true,"href":"https:\/\/www.saphy.com\/healthcare-cosmetique\/wp-json\/wp\/v2\/media\/3484"}],"wp:attachment":[{"href":"https:\/\/www.saphy.com\/healthcare-cosmetique\/wp-json\/wp\/v2\/media?parent=2908"}],"curies":[{"name":"wp","href":"https:\/\/api.w.org\/{rel}","templated":true}]}}