{"id":3002,"date":"2017-04-24T13:49:52","date_gmt":"2017-04-24T12:49:52","guid":{"rendered":"https:\/\/www.saphy.com\/healthcare-cosmetique\/?post_type=product&#038;p=3002"},"modified":"2022-10-24T10:40:45","modified_gmt":"2022-10-24T09:40:45","slug":"creme-nourrissante-intensive-himalaya-herbals-50-ml","status":"publish","type":"product","link":"https:\/\/www.saphy.com\/healthcare-cosmetique\/produit\/creme-nourrissante-intensive-himalaya-herbals-50-ml\/","title":{"rendered":"Cr\u00e8me nourrissante intensive Himalaya Herbals 150 ml"},"content":{"rendered":"<p>Cr\u00e8me nourrissante intensive Himalaya Herbals 150 ml<\/p>\n<p>La\u00a0\u00a0cr\u00e8me nourrissante intensive Himalaya Herbals\u00a0 est un soin au germ\u00e9 bl\u00e9 naturellement riche en vitamine E id\u00e9al pour les peaux s\u00e8ches qui nourrit et prot\u00e8ge intens\u00e9ment la peau ,la prot\u00e8ge et la r\u00e9pare.<\/p>\n<p>L\u2019extrait d\u2019amande r\u00e9pare efficacement les zones extr\u00eamement s\u00e8ches de la peau et l\u2019hydrate tout en douceur.<\/p>\n<p>L&rsquo;huile d&rsquo;amande est un excellent hydratant et \u00e9mollient fortement recommand\u00e9 pour apporter douceur, \u00e9lasticit\u00e9 et protection \u00e0 la peau. Il permet de stabiliser les fonctions naturelles et pr\u00e9venir les rides de la peau.<br \/>\nL&rsquo;huile de germe de bl\u00e9 est tr\u00e8s hydratante et cicatrisante. Cette huile naturelle contient beaucoup de prot\u00e9ines, de vitamines, de min\u00e9raux et d&rsquo;antioxydants qui am\u00e9liorent consid\u00e9rablement l&rsquo;apparence de la peau et \u00e9vitent beaucoup de probl\u00e8mes. Elle est b\u00e9n\u00e9fique pour r\u00e9duire l&rsquo;aspect des cicatrices et des vergetures, tout en am\u00e9liorant l&rsquo;apparence des peaux s\u00e8ches ou atopiques.<\/p>\n<p>Vous pouvez l&rsquo;utiliser sur le visage ,le corps, les mains et les pieds. Son format ultra pratique vous permet de l&#8217;emmener partout avec vous .<br \/>\nConseils d&rsquo;utilisation :<br \/>\nAppliquer la cr\u00e8me en massant d\u00e9licatement le corps, le visage et le cou.<\/p>\n<p>Pot de 150 ml<\/p>\n<p>Ingr\u00e9dients:\u00a0aqua,mineral oil,glycerin,cetyl alcohol,cetearyl ethylhexanoate,glyceryl stearate SE,cetostearyl alcohol,triethanolamine,aloe barbadensis leaf extract,pterocarpus marsupium wood extract,glyceryl stearate ,peg 100 stearate,carbomer,phenoxynethanol,parfum,withania somnifera root extract,centella asiatica extract,methylparaben,propylparaben,bht,disodium edta,hexyl cinnamal,butylphenyl methylpropanial,benzyl salicylate,linalool,hydroxycitronellal,limonene<\/p>\n<p>Intensive Nourishing Cream Himalaya Herbals 50 ml<br \/>\nThe Intensive Nourishing Cream Himalaya Herbals is a naturally high vitamin E wheat germination treatment ideal for dry skins that nourishes and protects the skin intensely, protects and repairs it.<br \/>\nThe almond extract effectively repairs the extremely dry areas of the skin and moisturizes it gently.<br \/>\nAlmond oil is an excellent moisturizer and emollient strongly recommended to bring smoothness, elasticity and protection to the skin. It helps to stabilize natural functions and prevent wrinkles in the skin.<br \/>\nWheat germ oil is very moisturizing and healing. This natural oil contains a lot of proteins, vitamins, minerals and antioxidants that dramatically improve skin appearance and avoid a lot of problems. It is beneficial for reducing the appearance of scars and stretch marks, while improving the appearance of dry or atopic skins.<br \/>\nYou can use it on the face, body, hands and feet. Its ultra-convenient format allows you to take it anywhere with you.<br \/>\nTips for use:<br \/>\nApply the cream by gently massaging the body, face and neck.<\/p>\n<p>Ingredients:\u00a0aqua,mineral oil,glycerin,cetyl alcohol,cetearyl ethylhexanoate,glyceryl stearate SE,cetostearyl alcohol,triethanolamine,aloe barbadensis leaf extract,pterocarpus marsupium wood extract,glyceryl stearate ,peg 100 stearate,carbomer,phenoxynethanol,parfum,withania somnifera root extract,centella asiatica extract,methylparaben,propylparaben,bht,disodium edta,hexyl cinnamal,butylphenyl methylpropanial,benzyl salicylate,linalool,hydroxycitronellal,limonene<br \/>\n150 ml jar<\/p>\n<p>&nbsp;<\/p>\n","protected":false},"excerpt":{"rendered":"<p>Cr\u00e8me nourrissante intensive Himalaya Herbals 50 ml<\/p>\n<p>La\u00a0\u00a0cr\u00e8me nourrissante intensive Himalaya Herbals\u00a0 est un soin au germ\u00e9 bl\u00e9 naturellement riche en vitamine E id\u00e9al pour les peaux s\u00e8ches qui nourrit et prot\u00e8ge intens\u00e9ment la peau ,la prot\u00e8ge et la r\u00e9pare.<\/p>\n<p>L\u2019extrait d\u2019amande r\u00e9pare efficacement les zones extr\u00eamement s\u00e8ches de la peau et l\u2019hydrate tout en douceur.<\/p>\n<p>L&rsquo;huile d&rsquo;amande est un excellent hydratant et \u00e9mollient fortement recommand\u00e9 pour apporter douceur, \u00e9lasticit\u00e9 et protection \u00e0 la peau. Il permet de stabiliser les fonctions naturelles et pr\u00e9venir les rides de la peau.<br \/>\nL&rsquo;huile de germe de bl\u00e9 est tr\u00e8s hydratante et cicatrisante. Cette huile naturelle contient beaucoup de prot\u00e9ines, de vitamines, de min\u00e9raux et d&rsquo;antioxydants qui am\u00e9liorent consid\u00e9rablement l&rsquo;apparence de la peau et \u00e9vitent beaucoup de probl\u00e8mes. Elle est b\u00e9n\u00e9fique pour r\u00e9duire l&rsquo;aspect des cicatrices et des vergetures, tout en am\u00e9liorant l&rsquo;apparence des peaux s\u00e8ches ou atopiques.<\/p>\n<p>Vous pouvez l&rsquo;utiliser sur le visage ,le corps, les mains et les pieds. Son format ultra pratique vous permet de l&#8217;emmener partout avec vous .<br \/>\nConseils d&rsquo;utilisation :<br \/>\nAppliquer la cr\u00e8me en massant d\u00e9licatement le corps, le visage et le cou.<\/p>\n<p>Pot de 50 ml<\/p>\n<p>Ingr\u00e9dients:\u00a0aqua,mineral oil,glycerin,cetyl alcohol,cetearyl ethylhexanoate,glyceryl stearate SE,cetostearyl alcohol,triethanolamine,aloe barbadensis leaf extract,pterocarpus marsupium wood extract,glyceryl stearate ,peg 100 stearate,carbomer,phenoxynethanol,parfum,withania somnifera root extract,centella asiatica extract,methylparaben,propylparaben,bht,disodium edta,hexyl cinnamal,butylphenyl methylpropanial,benzyl salicylate,linalool,hydroxycitronellal,limonene<\/p>\n<p>Intensive Nourishing Cream Himalaya Herbals 50 ml<br \/>\nThe Intensive Nourishing Cream Himalaya Herbals is a naturally high vitamin E wheat germination treatment ideal for dry skins that nourishes and protects the skin intensely, protects and repairs it.<br \/>\nThe almond extract effectively repairs the extremely dry areas of the skin and moisturizes it gently.<br \/>\nAlmond oil is an excellent moisturizer and emollient strongly recommended to bring smoothness, elasticity and protection to the skin. It helps to stabilize natural functions and prevent wrinkles in the skin.<br \/>\nWheat germ oil is very moisturizing and healing. This natural oil contains a lot of proteins, vitamins, minerals and antioxidants that dramatically improve skin appearance and avoid a lot of problems. It is beneficial for reducing the appearance of scars and stretch marks, while improving the appearance of dry or atopic skins.<br \/>\nYou can use it on the face, body, hands and feet. Its ultra-convenient format allows you to take it anywhere with you.<br \/>\nTips for use:<br \/>\nApply the cream by gently massaging the body, face and neck.<\/p>\n<p>Ingredients:\u00a0aqua,mineral oil,glycerin,cetyl alcohol,cetearyl ethylhexanoate,glyceryl stearate SE,cetostearyl alcohol,triethanolamine,aloe barbadensis leaf extract,pterocarpus marsupium wood extract,glyceryl stearate ,peg 100 stearate,carbomer,phenoxynethanol,parfum,withania somnifera root extract,centella asiatica extract,methylparaben,propylparaben,bht,disodium edta,hexyl cinnamal,butylphenyl methylpropanial,benzyl salicylate,linalool,hydroxycitronellal,limonene<br \/>\n50 ml jar<\/p>\n","protected":false},"featured_media":4053,"comment_status":"open","ping_status":"closed","template":"","meta":[],"_links":{"self":[{"href":"https:\/\/www.saphy.com\/healthcare-cosmetique\/wp-json\/wp\/v2\/product\/3002"}],"collection":[{"href":"https:\/\/www.saphy.com\/healthcare-cosmetique\/wp-json\/wp\/v2\/product"}],"about":[{"href":"https:\/\/www.saphy.com\/healthcare-cosmetique\/wp-json\/wp\/v2\/types\/product"}],"replies":[{"embeddable":true,"href":"https:\/\/www.saphy.com\/healthcare-cosmetique\/wp-json\/wp\/v2\/comments?post=3002"}],"wp:featuredmedia":[{"embeddable":true,"href":"https:\/\/www.saphy.com\/healthcare-cosmetique\/wp-json\/wp\/v2\/media\/4053"}],"wp:attachment":[{"href":"https:\/\/www.saphy.com\/healthcare-cosmetique\/wp-json\/wp\/v2\/media?parent=3002"}],"curies":[{"name":"wp","href":"https:\/\/api.w.org\/{rel}","templated":true}]}}