{"id":3018,"date":"2017-05-04T09:23:24","date_gmt":"2017-05-04T08:23:24","guid":{"rendered":"https:\/\/www.saphy.com\/healthcare-cosmetique\/?post_type=product&#038;p=3018"},"modified":"2026-02-16T17:37:54","modified_gmt":"2026-02-16T16:37:54","slug":"dentifrice-complete-care-a-la-cannelle-botanique-by-himalaya","status":"publish","type":"product","link":"https:\/\/www.saphy.com\/healthcare-cosmetique\/produit\/dentifrice-complete-care-a-la-cannelle-botanique-by-himalaya\/","title":{"rendered":"Dentifrice  Complete care \u00e0 la cannelle botanique by Himalaya 75g"},"content":{"rendered":"<h1>Dentifrice Complete care \u00e0 la cannelle botanique by Himalaya<\/h1>\n<p>Le dentifrice Complete care \u00e0 la cannelle botanique by Himalaya\u00a0 est une\u00a0 formule organique au gout d\u00e9licieux ,sans fluor, sans carragh\u00e9nane, sans SLS et sans gluten qui nettoie les dents, r\u00e9duit la plaque, blanchit les dents sans d\u00e9coloration chimique et pr\u00e9serve la sant\u00e9 de vos gencives.<\/p>\n<p>&nbsp;<\/p>\n<p>Principaux composants botaniques biologiques du\u00a0 dentifrice Complete care \u00e0 la cannelle botanique by Himalaya<br \/>\n<strong>Neem<\/strong>: nettoie les dents et favorise la sant\u00e9 des gencives Inhibe la formation de plaques Encourage le syst\u00e8me immunitaire \u00e0 promouvoir un environnement bucco-dentaire sain.<br \/>\n<strong>Grenade<\/strong>: poss\u00e8de des propri\u00e9t\u00e9s astringentes naturelles Elimine la plaque dentaire<br \/>\n<strong>Triphala<\/strong>: utilis\u00e9e en cas d\u2019affection inflammatoire b\u00e9nigne, poss\u00e8de des propri\u00e9t\u00e9s astringentes et purifiantes \u00e9limine efficacement les bact\u00e9ries.<br \/>\n<strong>Xylitol de bois de bouleau<\/strong>: antimicrobien<br \/>\nRenforce l&rsquo;\u00e9mail sain et fort<br \/>\nElimine les taches<\/p>\n<p>75 g<\/p>\n<p>Ingr\u00e9dients: Eau (Aqua), carbonate de calcium, xylitol, glyc\u00e9rine v\u00e9g\u00e9tale (\u00e0 partir d&rsquo;huiles v\u00e9g\u00e9tales), silice, glucoside laurique (de l&rsquo;huile de coco), extrait de Stevia rebaudiana (Stevia), gomme xanthane, saveur (\u00e0 partir d&rsquo;huiles essentielles et botaniques), bicarbonate de sodium, Cocoyl de sodium glutamate et disodique Cocoyl glutamate (\u00e0 partir d&rsquo;acides amin\u00e9s et d&rsquo;huile v\u00e9g\u00e9tale), menthol (\u00e0 partir de feuilles de menthe poivr\u00e9e), chlorure de sodium, citrate de zinc, thymol (\u00e0 partir de l&rsquo;huile foliaire de thym), Melia Azadirachta (neem) extrait de feuilles Embelia Ribes (Vidanga) extrait de fruit, Terminalia bellerica (belleric myrobalan) extrait de fruit, Phyllanthus emblica (Amla) extrait de fruit, Terminalia chebula (cadou myrobalan) extrait de fruit, Acacia arabica (Indian gum Arab Tree) extrait d&rsquo;\u00e9corce<\/p>\n<p>&nbsp;<\/p>\n<p><strong>Complete care toothpaste with botanical cinnamon by Himalaya<\/strong><\/p>\n<p id=\"tw-target-text\" class=\"tw-data-text tw-ta tw-text-small\" dir=\"ltr\" data-placeholder=\"Traduction\">Complete care toothpaste with botanical cinnamon by Himalaya is an organic formula with a delicious taste, without fluoride, without carrageenan, without SLS and without gluten which cleans the teeth, reduces the plate, whitens the teeth without chemical discoloration and preserves the health of your gums.<\/p>\n<p class=\"tw-data-text tw-ta tw-text-small\" dir=\"ltr\" data-placeholder=\"Traduction\">Main biological botanical components<\/p>\n<p class=\"tw-data-text tw-ta tw-text-small\" dir=\"ltr\" data-placeholder=\"Traduction\"><strong>Neem<\/strong>: Cleans teeth and promotes gum health Inhibits plaque formation Encourages the immune system to promote a healthy oral environment.<\/p>\n<p class=\"tw-data-text tw-ta tw-text-small\" dir=\"ltr\" data-placeholder=\"Traduction\"><strong>Grenade<\/strong>: has natural astringent properties Eliminates plaque<\/p>\n<p class=\"tw-data-text tw-ta tw-text-small\" dir=\"ltr\" data-placeholder=\"Traduction\"><strong>Triphala<\/strong>: used in mild inflammatory conditions, has astringent and purifying properties effectively eliminates bacteria. Xylitol of birch wood: antimicrobial Strengthens healthy and strong enamel Eliminate stains<\/p>\n<p class=\"tw-data-text tw-ta tw-text-small\" dir=\"ltr\" data-placeholder=\"Traduction\">75 g<\/p>\n<p class=\"tw-data-text tw-ta tw-text-small\" dir=\"ltr\" data-placeholder=\"Traduction\">Ingredients: Water (Aqua), calcium carbonate, xylitol, vegetable glycerine (from vegetable oils), silica, lauric glucoside (coconut oil), Stevia rebaudiana extract (Stevia), xanthan gum, flavor ( from essential oils and botanical), sodium bicarbonate, cocoyl sodium glutamate and disodium Cocoyl glutamate (from amino acids and vegetable oil), menthol (from peppermint leaves), sodium chloride , zinc citrate, thymol (from foliar thyme oil), Melia Azadirachta (neem) leaf extract Embelia Ribes (Vidanga) fruit extract, Terminalia bellerica (belleric myrobalan) fruit extract, Phyllanthus emblica (Amla) fruit extract, Terminalia chebula (myrobalan caduc) fruit extract, Acacia arabica (Indian gum Arab Tree) bark extract<\/p>\n<p>&nbsp;<\/p>\n<p>D\u00e9couvrez les autres dentifrices de la gamme <a href=\"https:\/\/www.saphy.com\/healthcare-cosmetique\/categorie-produit\/himalaya-herbals\/soin-dentaire\/\">botanique by Himalaya<\/a><\/p>\n","protected":false},"excerpt":{"rendered":"<h1>Dentifrice Complete care \u00e0 la cannelle botanique by Himalaya<\/h1>\n<p>Le dentifrice Complete care \u00e0 la cannelle botanique by Himalaya\u00a0 est une\u00a0 formule organique au gout d\u00e9licieux ,sans fluor, sans carragh\u00e9nane, sans SLS et sans gluten qui nettoie les dents, r\u00e9duit la plaque, blanchit les dents sans d\u00e9coloration chimique et pr\u00e9serve la sant\u00e9 de vos gencives.<\/p>\n<p>&nbsp;<\/p>\n<p>Principaux composants botaniques biologiques<br \/>\n<strong>Neem<\/strong>: nettoie les dents et favorise la sant\u00e9 des gencives Inhibe la formation de plaques Encourage le syst\u00e8me immunitaire \u00e0 promouvoir un environnement bucco-dentaire sain.<br \/>\n<strong>Grenade<\/strong>: poss\u00e8de des propri\u00e9t\u00e9s astringentes naturelles Elimine la plaque dentaire<br \/>\n<strong>Triphala<\/strong>: utilis\u00e9e en cas d\u2019affection inflammatoire b\u00e9nigne, poss\u00e8de des propri\u00e9t\u00e9s astringentes et purifiantes \u00e9limine efficacement les bact\u00e9ries.<br \/>\n<strong>Xylitol de bois de bouleau<\/strong>: antimicrobien<br \/>\nRenforce l&rsquo;\u00e9mail sain et fort<br \/>\nElimine les taches<\/p>\n<p>150 g<\/p>\n<p>Ingr\u00e9dients: Eau (Aqua), carbonate de calcium, xylitol, glyc\u00e9rine v\u00e9g\u00e9tale (\u00e0 partir d&rsquo;huiles v\u00e9g\u00e9tales), silice, glucoside laurique (de l&rsquo;huile de coco), extrait de Stevia rebaudiana (Stevia), gomme xanthane, saveur (\u00e0 partir d&rsquo;huiles essentielles et botaniques), bicarbonate de sodium, Cocoyl de sodium glutamate et disodique Cocoyl glutamate (\u00e0 partir d&rsquo;acides amin\u00e9s et d&rsquo;huile v\u00e9g\u00e9tale), menthol (\u00e0 partir de feuilles de menthe poivr\u00e9e), chlorure de sodium, citrate de zinc, thymol (\u00e0 partir de l&rsquo;huile foliaire de thym), Melia Azadirachta (neem) extrait de feuilles Embelia Ribes (Vidanga) extrait de fruit, Terminalia bellerica (belleric myrobalan) extrait de fruit, Phyllanthus emblica (Amla) extrait de fruit, Terminalia chebula (cadou myrobalan) extrait de fruit, Acacia arabica (Indian gum Arab Tree) extrait d&rsquo;\u00e9corce<\/p>\n<p>&nbsp;<\/p>\n<p><strong>Complete care toothpaste with botanical cinnamon by Himalaya<\/strong><\/p>\n<p id=\"tw-target-text\" class=\"tw-data-text tw-ta tw-text-small\" dir=\"ltr\" data-placeholder=\"Traduction\">Complete care toothpaste with botanical cinnamon by Himalaya is an organic formula with a delicious taste, without fluoride, without carrageenan, without SLS and without gluten which cleans the teeth, reduces the plate, whitens the teeth without chemical discoloration and preserves the health of your gums.<\/p>\n<p class=\"tw-data-text tw-ta tw-text-small\" dir=\"ltr\" data-placeholder=\"Traduction\">Main biological botanical components<\/p>\n<p class=\"tw-data-text tw-ta tw-text-small\" dir=\"ltr\" data-placeholder=\"Traduction\"><strong>Neem<\/strong>: Cleans teeth and promotes gum health Inhibits plaque formation Encourages the immune system to promote a healthy oral environment.<\/p>\n<p class=\"tw-data-text tw-ta tw-text-small\" dir=\"ltr\" data-placeholder=\"Traduction\"><strong>Grenade<\/strong>: has natural astringent properties Eliminates plaque<\/p>\n<p class=\"tw-data-text tw-ta tw-text-small\" dir=\"ltr\" data-placeholder=\"Traduction\"><strong>Triphala<\/strong>: used in mild inflammatory conditions, has astringent and purifying properties effectively eliminates bacteria. Xylitol of birch wood: antimicrobial Strengthens healthy and strong enamel Eliminate stains<\/p>\n<p class=\"tw-data-text tw-ta tw-text-small\" dir=\"ltr\" data-placeholder=\"Traduction\">150 g<\/p>\n<p class=\"tw-data-text tw-ta tw-text-small\" dir=\"ltr\" data-placeholder=\"Traduction\">Ingredients: Water (Aqua), calcium carbonate, xylitol, vegetable glycerine (from vegetable oils), silica, lauric glucoside (coconut oil), Stevia rebaudiana extract (Stevia), xanthan gum, flavor ( from essential oils and botanical), sodium bicarbonate, cocoyl sodium glutamate and disodium Cocoyl glutamate (from amino acids and vegetable oil), menthol (from peppermint leaves), sodium chloride , zinc citrate, thymol (from foliar thyme oil), Melia Azadirachta (neem) leaf extract Embelia Ribes (Vidanga) fruit extract, Terminalia bellerica (belleric myrobalan) fruit extract, Phyllanthus emblica (Amla) fruit extract, Terminalia chebula (myrobalan caduc) fruit extract, Acacia arabica (Indian gum Arab Tree) bark extract<\/p>\n<p>&nbsp;<\/p>\n<p>D\u00e9couvrez les autres dentifrices de la gamme <a href=\"https:\/\/www.saphy.com\/healthcare-cosmetique\/categorie-produit\/himalaya-herbals\/soin-dentaire\/\">botanique by Himalaya<\/a><\/p>\n","protected":false},"featured_media":3975,"comment_status":"open","ping_status":"closed","template":"","meta":[],"_links":{"self":[{"href":"https:\/\/www.saphy.com\/healthcare-cosmetique\/wp-json\/wp\/v2\/product\/3018"}],"collection":[{"href":"https:\/\/www.saphy.com\/healthcare-cosmetique\/wp-json\/wp\/v2\/product"}],"about":[{"href":"https:\/\/www.saphy.com\/healthcare-cosmetique\/wp-json\/wp\/v2\/types\/product"}],"replies":[{"embeddable":true,"href":"https:\/\/www.saphy.com\/healthcare-cosmetique\/wp-json\/wp\/v2\/comments?post=3018"}],"wp:featuredmedia":[{"embeddable":true,"href":"https:\/\/www.saphy.com\/healthcare-cosmetique\/wp-json\/wp\/v2\/media\/3975"}],"wp:attachment":[{"href":"https:\/\/www.saphy.com\/healthcare-cosmetique\/wp-json\/wp\/v2\/media?parent=3018"}],"curies":[{"name":"wp","href":"https:\/\/api.w.org\/{rel}","templated":true}]}}