{"id":3021,"date":"2017-05-04T09:25:46","date_gmt":"2017-05-04T08:25:46","guid":{"rendered":"https:\/\/www.saphy.com\/healthcare-cosmetique\/?post_type=product&#038;p=3021"},"modified":"2026-01-12T13:38:59","modified_gmt":"2026-01-12T12:38:59","slug":"dentifrice-complete-care-menthe-poivree-himalaya-botanique","status":"publish","type":"product","link":"https:\/\/www.saphy.com\/healthcare-cosmetique\/produit\/dentifrice-complete-care-menthe-poivree-himalaya-botanique\/","title":{"rendered":"Dentifrice Complete care Menthe Poivr\u00e9e Himalaya botanique"},"content":{"rendered":"<h1>Dentifrice Complete care Menthe Poivr\u00e9e Himalaya botanique<\/h1>\n<p>Le Dentifrice Complete care Menthe Poivr\u00e9e botanique by Himalaya est\u00a0\u00a0une formule organique au gout d\u00e9licieux ,sans fluor, sans carragh\u00e9nane, sans SLS et sans gluten qui nettoie les dents, r\u00e9duit la plaque, blanchit les dents sans d\u00e9coloration chimique et pr\u00e9serve la sant\u00e9 de vos gencives .<\/p>\n<p>Principaux composants botaniques biologiques\u00a0:<br \/>\n<strong>Neem<\/strong>: Nettoie les dents et favorise la sant\u00e9 des gencives Inhibe la formation de plaques Encourage le syst\u00e8me immunitaire \u00e0 promouvoir un environnement bucco-dentaire sain<br \/>\n<strong>Grenade<\/strong>: poss\u00e8de des propri\u00e9t\u00e9s astringentes naturelles Elimine la plaque dentaire<br \/>\n<strong>Triphala<\/strong>: Utilis\u00e9e en cas d\u2019affection inflammatoire b\u00e9nigne, poss\u00e8de des propri\u00e9t\u00e9s astringentes et purifiantes \u00e9limine efficacement les bact\u00e9ries.<br \/>\n<strong>Xylitol de bois de bouleau<\/strong>: antimicrobien Renforce l&rsquo;\u00e9mail sain et fort Elimine les taches<\/p>\n<p>Ingr\u00e9dients: Eau , Carbonate de calcium, xylitol, glyc\u00e9rine v\u00e9g\u00e9tale (\u00e0 partir d&rsquo;huiles v\u00e9g\u00e9tales), silice, Lauryl Glucoside (\u00e0 partir d&rsquo;huile de coco), extrait de Stevia rebaudiana (stevia) ,la gomme de xanthane, la saveur (des huiles essentielles et des plantes), le bicarbonate de sodium, le cocoyle de sodium Glutamate et le cocoyle disodique Le glutamate (des acides amin\u00e9s et des huiles v\u00e9g\u00e9tales), le menthol (\u00e0 partir des feuilles de menthe poivr\u00e9e), le chlorure de sodium, le citrate de zinc, le thymol (\u00e0 partir d&rsquo;huile de feuilles), l&rsquo;extrait de feuille de Melia azadirachta (n\u00e9em), Extrait de fruit de punica granatum (grenade), extrait de fruit de l&rsquo;\u00e9rable d&rsquo;Embelia (vidanga), extrait de fruit de Terminalia Bellerica (myrobalan belleric), extrait de fruit de Phyllantus Emblica (amla), extrait de fruit de Terminalia Chebula (myrobalan chebulique), (Extrait d&rsquo;\u00e9corce d\u2019acacia arabica gomme arabique indienne)<\/p>\n<p>150g<\/p>\n<p>&nbsp;<\/p>\n<p id=\"tw-target-text\" class=\"tw-data-text tw-ta tw-text-small\" dir=\"ltr\" data-placeholder=\"Traduction\"><strong><span lang=\"en\">Toothpaste Complete care Peppermint Himalaya Botanical<\/span><\/strong><\/p>\n<p class=\"tw-data-text tw-ta tw-text-small\" dir=\"ltr\" data-placeholder=\"Traduction\"><span lang=\"en\">Complete Care toothpaste Peppermint botanical by Himalaya is an organic formula with a delicious taste, without fluoride, without carrageenan, without SLS and gluten that cleans teeth, reduces plaque, whitens teeth without chemical discoloration and preserves the health of your gums .<\/span><\/p>\n<p class=\"tw-data-text tw-ta tw-text-small\" dir=\"ltr\" data-placeholder=\"Traduction\"><span lang=\"en\">Main biological botanical components: Neem: Cleans teeth and promotes healthy gums Inhibits plaque formation Encourages the immune system to promote a healthy oral environment Grenade: has natural astringent properties Eliminates plaque Triphala: Used in mild inflammatory conditions, has astringent and purifying properties effectively eliminates bacteria. Xylitol of birch wood: antimicrobial Strengthens healthy and strong enamel Eliminate stains<\/span><\/p>\n<p class=\"tw-data-text tw-ta tw-text-small\" dir=\"ltr\" data-placeholder=\"Traduction\"><span lang=\"en\">Ingredients: Water, Calcium carbonate, xylitol, vegetable glycerin (from vegetable oils), silica, Lauryl Glucoside (from coconut oil), Stevia rebaudiana extract (stevia), xanthan gum, flavor (essential oils and herbs), sodium bicarbonate, sodium cocoyl Glutamate and disodium cocoyl Glutamate (amino acids and vegetable oils), menthol (from peppermint leaves), chlorine sodium, zinc citrate, thymol (from leaf oil), Melia azadirachta leaf extract (neem), Punica granatum fruit extract (pomegranate), maple fruit extract Embelia (vidanga), Terminalia Bellerica fruit extract (Myrobalan belleric), Phyllantus Emblica fruit extract (amla), Terminalia Chebula fruit extract (Myrobalan chebulique), (Acacia arabica acacia gum extract)<\/span><\/p>\n<p class=\"tw-data-text tw-ta tw-text-small\" dir=\"ltr\" data-placeholder=\"Traduction\"><span lang=\"en\">150g<\/span><\/p>\n","protected":false},"excerpt":{"rendered":"<h1>Dentifrice Complete care Menthe Poivr\u00e9e Himalaya botanique<\/h1>\n<p>Le Dentifrice Complete care Menthe Poivr\u00e9e botanique by Himalaya est\u00a0\u00a0une formule organique au gout d\u00e9licieux ,sans fluor, sans carragh\u00e9nane, sans SLS et sans gluten qui nettoie les dents, r\u00e9duit la plaque, blanchit les dents sans d\u00e9coloration chimique et pr\u00e9serve la sant\u00e9 de vos gencives .<\/p>\n<p>Principaux composants botaniques biologiques\u00a0:<br \/>\n<strong>Neem<\/strong>: Nettoie les dents et favorise la sant\u00e9 des gencives Inhibe la formation de plaques Encourage le syst\u00e8me immunitaire \u00e0 promouvoir un environnement bucco-dentaire sain<br \/>\n<strong>Grenade<\/strong>: poss\u00e8de des propri\u00e9t\u00e9s astringentes naturelles Elimine la plaque dentaire<br \/>\n<strong>Triphala<\/strong>: Utilis\u00e9e en cas d\u2019affection inflammatoire b\u00e9nigne, poss\u00e8de des propri\u00e9t\u00e9s astringentes et purifiantes \u00e9limine efficacement les bact\u00e9ries.<br \/>\n<strong>Xylitol de bois de bouleau<\/strong>: antimicrobien Renforce l&rsquo;\u00e9mail sain et fort Elimine les taches<\/p>\n<p>Ingr\u00e9dients: Eau , Carbonate de calcium, xylitol, glyc\u00e9rine v\u00e9g\u00e9tale (\u00e0 partir d&rsquo;huiles v\u00e9g\u00e9tales), silice, Lauryl Glucoside (\u00e0 partir d&rsquo;huile de coco), extrait de Stevia rebaudiana (stevia) ,la gomme de xanthane, la saveur (des huiles essentielles et des plantes), le bicarbonate de sodium, le cocoyle de sodium Glutamate et le cocoyle disodique Le glutamate (des acides amin\u00e9s et des huiles v\u00e9g\u00e9tales), le menthol (\u00e0 partir des feuilles de menthe poivr\u00e9e), le chlorure de sodium, le citrate de zinc, le thymol (\u00e0 partir d&rsquo;huile de feuilles), l&rsquo;extrait de feuille de Melia azadirachta (n\u00e9em), Extrait de fruit de punica granatum (grenade), extrait de fruit de l&rsquo;\u00e9rable d&rsquo;Embelia (vidanga), extrait de fruit de Terminalia Bellerica (myrobalan belleric), extrait de fruit de Phyllantus Emblica (amla), extrait de fruit de Terminalia Chebula (myrobalan chebulique), (Extrait d&rsquo;\u00e9corce d\u2019acacia arabica gomme arabique indienne)<\/p>\n<p>150g<\/p>\n<p>&nbsp;<\/p>\n<p id=\"tw-target-text\" class=\"tw-data-text tw-ta tw-text-small\" dir=\"ltr\" data-placeholder=\"Traduction\"><strong><span lang=\"en\">Toothpaste Complete care Peppermint Himalaya Botanical<\/span><\/strong><\/p>\n<p class=\"tw-data-text tw-ta tw-text-small\" dir=\"ltr\" data-placeholder=\"Traduction\"><span lang=\"en\">Complete Care toothpaste Peppermint botanical by Himalaya is an organic formula with a delicious taste, without fluoride, without carrageenan, without SLS and gluten that cleans teeth, reduces plaque, whitens teeth without chemical discoloration and preserves the health of your gums .<\/span><\/p>\n<p class=\"tw-data-text tw-ta tw-text-small\" dir=\"ltr\" data-placeholder=\"Traduction\"><span lang=\"en\">Main biological botanical components: Neem: Cleans teeth and promotes healthy gums Inhibits plaque formation Encourages the immune system to promote a healthy oral environment Grenade: has natural astringent properties Eliminates plaque Triphala: Used in mild inflammatory conditions, has astringent and purifying properties effectively eliminates bacteria. Xylitol of birch wood: antimicrobial Strengthens healthy and strong enamel Eliminate stains<\/span><\/p>\n<p class=\"tw-data-text tw-ta tw-text-small\" dir=\"ltr\" data-placeholder=\"Traduction\"><span lang=\"en\">Ingredients: Water, Calcium carbonate, xylitol, vegetable glycerin (from vegetable oils), silica, Lauryl Glucoside (from coconut oil), Stevia rebaudiana extract (stevia), xanthan gum, flavor (essential oils and herbs), sodium bicarbonate, sodium cocoyl Glutamate and disodium cocoyl Glutamate (amino acids and vegetable oils), menthol (from peppermint leaves), chlorine sodium, zinc citrate, thymol (from leaf oil), Melia azadirachta leaf extract (neem), Punica granatum fruit extract (pomegranate), maple fruit extract Embelia (vidanga), Terminalia Bellerica fruit extract (Myrobalan belleric), Phyllantus Emblica fruit extract (amla), Terminalia Chebula fruit extract (Myrobalan chebulique), (Acacia arabica acacia gum extract)<\/span><\/p>\n<p class=\"tw-data-text tw-ta tw-text-small\" dir=\"ltr\" data-placeholder=\"Traduction\"><span lang=\"en\">150g<\/span><\/p>\n","protected":false},"featured_media":3978,"comment_status":"open","ping_status":"closed","template":"","meta":[],"_links":{"self":[{"href":"https:\/\/www.saphy.com\/healthcare-cosmetique\/wp-json\/wp\/v2\/product\/3021"}],"collection":[{"href":"https:\/\/www.saphy.com\/healthcare-cosmetique\/wp-json\/wp\/v2\/product"}],"about":[{"href":"https:\/\/www.saphy.com\/healthcare-cosmetique\/wp-json\/wp\/v2\/types\/product"}],"replies":[{"embeddable":true,"href":"https:\/\/www.saphy.com\/healthcare-cosmetique\/wp-json\/wp\/v2\/comments?post=3021"}],"wp:featuredmedia":[{"embeddable":true,"href":"https:\/\/www.saphy.com\/healthcare-cosmetique\/wp-json\/wp\/v2\/media\/3978"}],"wp:attachment":[{"href":"https:\/\/www.saphy.com\/healthcare-cosmetique\/wp-json\/wp\/v2\/media?parent=3021"}],"curies":[{"name":"wp","href":"https:\/\/api.w.org\/{rel}","templated":true}]}}