{"id":3024,"date":"2017-05-04T15:32:21","date_gmt":"2017-05-04T14:32:21","guid":{"rendered":"https:\/\/www.saphy.com\/healthcare-cosmetique\/?post_type=product&#038;p=3024"},"modified":"2024-04-02T10:39:27","modified_gmt":"2024-04-02T09:39:27","slug":"dentifrice-blancheur-complete-care-a-la-menthe-himalaya-botanique","status":"publish","type":"product","link":"https:\/\/www.saphy.com\/healthcare-cosmetique\/produit\/dentifrice-blancheur-complete-care-a-la-menthe-himalaya-botanique\/","title":{"rendered":"Dentifrice bio complete care blancheur simply peppermint Himalaya Botanique"},"content":{"rendered":"<h1>Dentifrice bio complete care simply peppermint Himalaya Botanique<\/h1>\n<p>Le Dentifrice bio complete care simply peppermint\u00a0 Himalaya Botanique est une formule organique au gout d\u00e9licieux ,sans fluor, sans carragh\u00e9nane, sans SLS et sans gluten qui nettoie les dents, r\u00e9duit la plaque, blanchit les dents sans d\u00e9coloration chimique et pr\u00e9serve la sant\u00e9 de vos gencives .<\/p>\n<p>La marque Himalaya Botanique est \u00e9labor\u00e9e \u00e0 base de plantes cultiv\u00e9es en agriculture biologique.<br \/>\nL\u2019agriculture biologique \u00e9labore des produits \u00e0 l\u2019aide de m\u00e9thodes qui pr\u00e9servent l\u2019environnement et permet d\u2019\u00e9viter la plupart des mat\u00e9riaux synth\u00e9tiques, tels que les pesticides et les antibiotiques.<br \/>\nAgriculteurs, \u00e9leveurs et transformateurs de produits alimentaires suivent un ensemble d\u00e9fini de normes pour produire des fibres et des aliments biologiques.<br \/>\nPr\u00e9server les ressources naturelles et la biodiversit\u00e9<br \/>\nPrise en charge sanitaire et du bien-\u00eatre social<br \/>\nFournir un acc\u00e8s vers l\u2019ext\u00e9rieur afin que les animaux puissent exercer leurs comportements naturels<br \/>\nN\u2019utiliser que des mat\u00e9riaux approuv\u00e9s<br \/>\nSans ingr\u00e9dients g\u00e9n\u00e9tiquement modifi\u00e9s<br \/>\nRecevoir des inspections annuelles sur site<br \/>\nAliments biologiques distincts des aliments provenant de l\u2019agriculture non biologique<\/p>\n<p>Principaux composants botaniques:<\/p>\n<p>Brom\u00e9line (d&rsquo;ananas) et Papa\u00efne (de papaye)<br \/>\nContient des enzymes v\u00e9g\u00e9tales actives\u00a0 qui aide \u00e0 \u00e9liminer les taches et qui blanchissent naturellement les dents sans les abimer.<\/p>\n<p><strong>Neem :\u00a0<\/strong>Nettoie les dents et favorise la sant\u00e9 des gencives. Inhibe la formation de plaques. Encourage le syst\u00e8me immunitaire \u00e0 promouvoir un environnement bucco-dentaire sain<br \/>\n<strong>Grenade :\u00a0<\/strong>poss\u00e8de des propri\u00e9t\u00e9s astringentes naturelles et \u00e9limine la plaque dentaire<br \/>\n<strong>Triphala :\u00a0<\/strong>Utilis\u00e9e en cas d\u2019affection inflammatoire b\u00e9nigne, poss\u00e8de des propri\u00e9t\u00e9s astringentes et purifiantes. Elimine efficacement les bact\u00e9ries.<br \/>\n<strong>Xylitol de bois de bouleau :\u00a0<\/strong>antimicrobien, renforce l&rsquo;\u00e9mail sain et fort et \u00e9limine les taches<\/p>\n<p>Ingr\u00e9dients : Carbonate de calcium, le xylitol, l&rsquo;eau (aqua), la glyc\u00e9rine v\u00e9g\u00e9tale (\u00e0 partir d&rsquo;huiles v\u00e9g\u00e9tales), la silice, la lauryl glucoside (\u00e0 partir d&rsquo;huile de coco), l&rsquo;extrait de stevia rebaudiana (stevia), la gomme de xanthane, la saveur (\u00e0 partir d&rsquo;huiles essentielles et de plantes), le bicarbonate de sodium, Glutamate de cocoyle de sodium et glutamate de cocoyle disodique (\u00e0 partir d&rsquo;acides amin\u00e9s et d&rsquo;huile v\u00e9g\u00e9tale), menthol (\u00e0 partir de feuilles de menthe poivr\u00e9e) *, chlorure de sodium, citrate de zinc, thymol (\u00e0 partir d&rsquo;huile de feuilles de thym), extrait de feuilles de melia azadirachta (neem) *, brom\u00e9line Ananas), extrait de fruits punica granatum (grenade) *, extrait de fruits de l&#8217;embelia ribes (vidanga) *, extrait de fruits de terminalia chebula (myrobalan chebulique) *, extrait de fruits de terminalia bellerica (myrobalan belleric) *, extrait de fruit de phyllanthus emblica (amla) *, Extrait d&rsquo;\u00e9corce d&rsquo;acacia arabica (gomme arabique indienne) *, papa\u00efne (de papaye). * Bio.<\/p>\n<p>150 G<\/p>\n<p>Whiteness toothpaste complete care simply mint\u00a0 Himalaya botanique<\/p>\n<p>Whitening Toothpaste complete care Mint Fresh Botanical by Himalaya is an organic formula with a delicious taste, without fluoride, without carrageenan, without SLS and gluten that cleans teeth, reduces plaque, whitens teeth without chemical discoloration and preserves the health of your gums.<br \/>\nMain botanical components:<br \/>\nBromelain (pineapple) and Papain (papaya)<br \/>\nContains active plant enzymes that help eliminate stains and naturally whiten teeth without damaging them.<br \/>\nNeem<br \/>\nCleans teeth and promotes gum health<br \/>\nInhibits plaque formation<br \/>\nEncourages the immune system to promote a healthy oral environment<br \/>\nGrenade<br \/>\nhas natural astringent properties<br \/>\nEliminates dental plaque<br \/>\nTriphala<br \/>\nUsed in case of benign inflammatory disease, has astringent and purifying properties<br \/>\neffectively eliminates bacteria.<br \/>\nXylitol of birch wood<br \/>\nantimicrobial<br \/>\nStrengthens healthy and strong enamel<br \/>\nEliminate stains<br \/>\nIngr\u00e9dients :Calcium carbonate, xylitol, water (aqua), vegetable glycerin (from vegetable oils), silica, lauryl glucoside (from coconut oil), stevia rebaudiana extract ( stevia), xanthan gum, flavor (from essential oils and plants), sodium bicarbonate, sodium cocoyl glutamate and disodium cocoyl glutamate (from amino acids and vegetable oil) , menthol (from peppermint leaves) *, sodium chloride, zinc citrate, thymol (from thyme leaf oil), melia azadirachta (neem) leaf extract *, bromelain pineapple), extract punica granatum (pomegranate) *, embelia ribes fruit extract (vidanga) *, terminalia chebula fruit extract (myrobalan chebulique) *, terminalia bellerica fruit extract (myrobalan belleric) *, fruit extract phyllanthus emblica (amla) *, Acacia arabica bark extract (Indian gum arabic) *, papain (from papaya). * Organic.<br \/>\n150 G<\/p>\n","protected":false},"excerpt":{"rendered":"<h1>Dentifrice bio complete care simply mint Himalaya Botanique<\/h1>\n<p>Le Dentifrice bio complete care simply mint\u00a0 Himalaya Botanique est une formule organique au gout d\u00e9licieux ,sans fluor, sans carragh\u00e9nane, sans SLS et sans gluten qui nettoie les dents, r\u00e9duit la plaque, blanchit les dents sans d\u00e9coloration chimique et pr\u00e9serve la sant\u00e9 de vos gencives .<\/p>\n<p>La marque Himalaya Botanique est \u00e9labor\u00e9e \u00e0 base de plantes cultiv\u00e9es en agriculture biologique.<br \/>\nL\u2019agriculture biologique \u00e9labore des produits \u00e0 l\u2019aide de m\u00e9thodes qui pr\u00e9servent l\u2019environnement et permet d\u2019\u00e9viter la plupart des mat\u00e9riaux synth\u00e9tiques, tels que les pesticides et les antibiotiques.<br \/>\nAgriculteurs, \u00e9leveurs et transformateurs de produits alimentaires suivent un ensemble d\u00e9fini de normes pour produire des fibres et des aliments biologiques.<br \/>\nPr\u00e9server les ressources naturelles et la biodiversit\u00e9<br \/>\nPrise en charge sanitaire et du bien-\u00eatre social<br \/>\nFournir un acc\u00e8s vers l\u2019ext\u00e9rieur afin que les animaux puissent exercer leurs comportements naturels<br \/>\nN\u2019utiliser que des mat\u00e9riaux approuv\u00e9s<br \/>\nSans ingr\u00e9dients g\u00e9n\u00e9tiquement modifi\u00e9s<br \/>\nRecevoir des inspections annuelles sur site<br \/>\nAliments biologiques distincts des aliments provenant de l\u2019agriculture non biologique<\/p>\n<p>Principaux composants botaniques:<\/p>\n<p>Brom\u00e9line (d&rsquo;ananas) et Papa\u00efne (de papaye)<br \/>\nContient des enzymes v\u00e9g\u00e9tales actives\u00a0 qui aide \u00e0 \u00e9liminer les taches et qui blanchissent naturellement les dents sans les abimer.<\/p>\n<p><strong>Neem :\u00a0<\/strong>Nettoie les dents et favorise la sant\u00e9 des gencives. Inhibe la formation de plaques. Encourage le syst\u00e8me immunitaire \u00e0 promouvoir un environnement bucco-dentaire sain<br \/>\n<strong>Grenade :\u00a0<\/strong>poss\u00e8de des propri\u00e9t\u00e9s astringentes naturelles et \u00e9limine la plaque dentaire<br \/>\n<strong>Triphala :\u00a0<\/strong>Utilis\u00e9e en cas d\u2019affection inflammatoire b\u00e9nigne, poss\u00e8de des propri\u00e9t\u00e9s astringentes et purifiantes. Elimine efficacement les bact\u00e9ries.<br \/>\n<strong>Xylitol de bois de bouleau :\u00a0<\/strong>antimicrobien, renforce l&rsquo;\u00e9mail sain et fort et \u00e9limine les taches<\/p>\n<p>Ingr\u00e9dients : Carbonate de calcium, le xylitol, l&rsquo;eau (aqua), la glyc\u00e9rine v\u00e9g\u00e9tale (\u00e0 partir d&rsquo;huiles v\u00e9g\u00e9tales), la silice, la lauryl glucoside (\u00e0 partir d&rsquo;huile de coco), l&rsquo;extrait de stevia rebaudiana (stevia), la gomme de xanthane, la saveur (\u00e0 partir d&rsquo;huiles essentielles et de plantes), le bicarbonate de sodium, Glutamate de cocoyle de sodium et glutamate de cocoyle disodique (\u00e0 partir d&rsquo;acides amin\u00e9s et d&rsquo;huile v\u00e9g\u00e9tale), menthol (\u00e0 partir de feuilles de menthe poivr\u00e9e) *, chlorure de sodium, citrate de zinc, thymol (\u00e0 partir d&rsquo;huile de feuilles de thym), extrait de feuilles de melia azadirachta (neem) *, brom\u00e9line Ananas), extrait de fruits punica granatum (grenade) *, extrait de fruits de l&#8217;embelia ribes (vidanga) *, extrait de fruits de terminalia chebula (myrobalan chebulique) *, extrait de fruits de terminalia bellerica (myrobalan belleric) *, extrait de fruit de phyllanthus emblica (amla) *, Extrait d&rsquo;\u00e9corce d&rsquo;acacia arabica (gomme arabique indienne) *, papa\u00efne (de papaye). * Bio.<\/p>\n<p>150 G<\/p>\n<p>Whiteness toothpaste complete care simply mint\u00a0 Himalaya botanique<\/p>\n<p>Whitening Toothpaste complete care Mint Fresh Botanical by Himalaya is an organic formula with a delicious taste, without fluoride, without carrageenan, without SLS and gluten that cleans teeth, reduces plaque, whitens teeth without chemical discoloration and preserves the health of your gums.<br \/>\nMain botanical components:<br \/>\nBromelain (pineapple) and Papain (papaya)<br \/>\nContains active plant enzymes that help eliminate stains and naturally whiten teeth without damaging them.<br \/>\nNeem<br \/>\nCleans teeth and promotes gum health<br \/>\nInhibits plaque formation<br \/>\nEncourages the immune system to promote a healthy oral environment<br \/>\nGrenade<br \/>\nhas natural astringent properties<br \/>\nEliminates dental plaque<br \/>\nTriphala<br \/>\nUsed in case of benign inflammatory disease, has astringent and purifying properties<br \/>\neffectively eliminates bacteria.<br \/>\nXylitol of birch wood<br \/>\nantimicrobial<br \/>\nStrengthens healthy and strong enamel<br \/>\nEliminate stains<br \/>\nIngr\u00e9dients :Calcium carbonate, xylitol, water (aqua), vegetable glycerin (from vegetable oils), silica, lauryl glucoside (from coconut oil), stevia rebaudiana extract ( stevia), xanthan gum, flavor (from essential oils and plants), sodium bicarbonate, sodium cocoyl glutamate and disodium cocoyl glutamate (from amino acids and vegetable oil) , menthol (from peppermint leaves) *, sodium chloride, zinc citrate, thymol (from thyme leaf oil), melia azadirachta (neem) leaf extract *, bromelain pineapple), extract punica granatum (pomegranate) *, embelia ribes fruit extract (vidanga) *, terminalia chebula fruit extract (myrobalan chebulique) *, terminalia bellerica fruit extract (myrobalan belleric) *, fruit extract phyllanthus emblica (amla) *, Acacia arabica bark extract (Indian gum arabic) *, papain (from papaya). * Organic.<br \/>\n150 G<\/p>\n","protected":false},"featured_media":4813,"comment_status":"open","ping_status":"closed","template":"","meta":[],"_links":{"self":[{"href":"https:\/\/www.saphy.com\/healthcare-cosmetique\/wp-json\/wp\/v2\/product\/3024"}],"collection":[{"href":"https:\/\/www.saphy.com\/healthcare-cosmetique\/wp-json\/wp\/v2\/product"}],"about":[{"href":"https:\/\/www.saphy.com\/healthcare-cosmetique\/wp-json\/wp\/v2\/types\/product"}],"replies":[{"embeddable":true,"href":"https:\/\/www.saphy.com\/healthcare-cosmetique\/wp-json\/wp\/v2\/comments?post=3024"}],"wp:featuredmedia":[{"embeddable":true,"href":"https:\/\/www.saphy.com\/healthcare-cosmetique\/wp-json\/wp\/v2\/media\/4813"}],"wp:attachment":[{"href":"https:\/\/www.saphy.com\/healthcare-cosmetique\/wp-json\/wp\/v2\/media?parent=3024"}],"curies":[{"name":"wp","href":"https:\/\/api.w.org\/{rel}","templated":true}]}}