{"id":3121,"date":"2017-06-16T15:05:41","date_gmt":"2017-06-16T14:05:41","guid":{"rendered":"https:\/\/www.saphy.com\/healthcare-cosmetique\/?post_type=product&#038;p=3121"},"modified":"2026-02-04T14:33:44","modified_gmt":"2026-02-04T13:33:44","slug":"dark-spot-fader-yellow-rose-cosmetics","status":"publish","type":"product","link":"https:\/\/www.saphy.com\/healthcare-cosmetique\/produit\/dark-spot-fader-yellow-rose-cosmetics\/","title":{"rendered":"Dark spot fader Yellow rose cosmetics"},"content":{"rendered":"<p>Dark spot fader Yellow rose cosmetics<\/p>\n<p>Dark spot fader Yellow rose cosmetics est un\u00a0soin\u00a0\u00a0d\u00e9pigmentant \u00a0pour la peau unique et innovant qui combine les mati\u00e8res premi\u00e8res les plus r\u00e9centes et efficaces sur le march\u00e9.<\/p>\n<p>Formul\u00e9 avec une combinaison efficace d&rsquo;anti-oxydants et d&rsquo;ingr\u00e9dients de blanchiment avec un effet synergique.<\/p>\n<p>&nbsp;<\/p>\n<p>Convient pour les soins du visage, des mains et du corps, pour tous les types de peaux. Peut \u00eatre combin\u00e9 efficacement avec les autres produits de traitement de blanchiment \u00e0 la rose jaune.<br \/>\nUtilisation<br \/>\nAppliquer sur la peau propre jour et nuit.<\/p>\n<p>Masser doucement jusqu&rsquo;\u00e0 absorption et continuer avec vos soins cosm\u00e9tiques quotidiens de la peau.<\/p>\n<p>Pendant la journ\u00e9e, il est recommand\u00e9 d&rsquo;utiliser Yellow Rose Sun Care Cream.<br \/>\nLes ingr\u00e9dients principaux<br \/>\n<strong>l&rsquo;acide kojique<\/strong><br \/>\nSous-produit de la fermentation du riz au cours de la production de Sake japonais. (Champignon: Koji-kin ou Aspergillus oryzae). C&rsquo;est un agent de blanchiment tr\u00e8s efficace qui agit comme inhibiteur de la tyrosinase. (La tyrosinase est responsable de la biosynth\u00e8se de la m\u00e9lanine).<br \/>\n<strong>Extrait japonais de la mandarine Satsuma (Citrus unshiu)<\/strong><br \/>\nInhibe la production de m\u00e9lanine.<br \/>\n<strong>Diacetyl Boldine<\/strong><br \/>\nAgent de blanchiment de l&rsquo;arbre chilien Boldo (Peumus boldus).<br \/>\n<strong>Extrait canadien de Rumex occidentalis<\/strong><br \/>\nIl pr\u00e9sente une action de blanchiment et stimule l&rsquo;action de l&rsquo;acide kojique.<br \/>\n<strong>M\u00e9lange de blanchiment brevet\u00e9 \u00e0 partir d&rsquo;extrait de pois et de dioleate de saccharose<\/strong><br \/>\nInhibe l&rsquo;action enzymatique de la m\u00e9lanogen\u00e8se et la maturation des m\u00e9lanocytes<br \/>\n<strong>M\u00e9lange sp\u00e9cial de blanchiment brevet\u00e9 enzymatique<\/strong><br \/>\nR\u00e9duit la biosynth\u00e8se de la m\u00e9lanine et \u00e9limine les taches sombres de la surface \u00e9pidermique.<br \/>\n<strong>Niacinamide (vitamine B3)<\/strong><br \/>\nBloque le mouvement des m\u00e9lanocytes dans les k\u00e9ratinocytes. Dans le m\u00eame temps, augmente la biosynth\u00e8se naturelle du collag\u00e8ne et hydrate.<br \/>\n<strong>Acide hyaluronique<\/strong><br \/>\nHydratant pour la peau premium avec des propri\u00e9t\u00e9s remarquables de liaison de l&rsquo;eau et de film. C&rsquo;est un composant majeur de la matrice de tissu conjonctif dans le derme (avec le collag\u00e8ne et l&rsquo;\u00e9lastine). Conserve l&rsquo;eau comme une \u00e9ponge, absorbant plus de 1000 fois son poids. Cela aide \u00e0 attirer et \u00e0 maintenir l&rsquo;eau dans l&rsquo;espace extracellulaire, \u00e0 hydrater votre peau et \u00e0 augmenter son volume et sa densit\u00e9. Am\u00e9liore l&rsquo;hydratation de la peau \u00e0 court et \u00e0 long terme,<br \/>\n<strong>Acide ferulique<\/strong><br \/>\nAgent commun trouv\u00e9 dans les plantes; Un antioxydant tr\u00e8s puissant qui combat les radicaux libres et prot\u00e8ge contre les rayonnements UV.<br \/>\n<strong>Vitamine C<\/strong> stable et complexe organique de silice de vitamine C<br \/>\nPuissant m\u00e9lange antioxydant qui inhibe la formation de la m\u00e9lanine. Stimule \u00e9galement la production naturelle de collag\u00e8ne et favorise la peau saine.<br \/>\nContient \u00e9galement<br \/>\nFiltre \u00e0 \u00e9cran solaire naturel (dioxyde de titane), extraits de concombre et de carottes.<br \/>\nB-carot\u00e8ne<br \/>\nC&rsquo;est un correcteur de radicaux libres et att\u00e9nue ainsi les dommages caus\u00e9s par une exposition excessive au soleil et pr\u00e9vient les dommages associ\u00e9s au vieillissement de la peau.<\/p>\n<p>Dark spot fader Yellow rose cosmetics<\/p>\n<p>A unique and innovative skin lightening product that combines the most up to date and efficient raw materials in the market.<\/p>\n<p>Formulated with an effective combination of anti-oxidants and whitening ingredients with synergistic effect.<\/p>\n<p>Gradually fades skin discolorations, sun and age spots, acne marks, fights hyperpigmentation and helps even skin tone.<\/p>\n<p>Suitable for face, hand and body care, for all skin types. Can be effectively combined with the other Yellow Rose Whitening Treatment products.<br \/>\nUse<br \/>\nApply to clean skin day and night.<\/p>\n<p>Massage gently until absorbed and continue with your daily cosmetic skin care.<\/p>\n<p>During the day it is recommended to use Yellow Rose Sun Care Cream.<br \/>\nMain Ingredients<br \/>\nKojic acid<br \/>\nByproduct of rice fermentation during the production of Japanese Sake. (fungus: Koji-kin or Aspergillus oryzae ). It is a highly effective whitening agent that acts as Tyrosinase inhibitor. (Tyrosinase is responsible for the biosynthesis of melanin).<br \/>\nJapanese Tangerine Satsuma (Citrus unshiu) extract<br \/>\nInhibits melanin production.<br \/>\nDiacetyl Boldine<br \/>\nWhitening agent from Chilean Tree Boldo (Peumus boldus).<br \/>\nCanadian Rumex occidentalis extract<br \/>\nIt exhibits whitening action and stimulates Kojic acid action.<br \/>\nPatented whitening mixture from Pea extract and Sucrose dioleate<br \/>\nInhibits the enzymatic action of melanogenesis and the maturation of melanocytes<br \/>\nSpecial enzymatic patented whitening mixture<br \/>\nSlows down melanin biosynthesis and removes epidermal surface dark spots.<br \/>\nNiacinamide (Vitamin B3)<br \/>\nBlocks the movement of melanocytes in keratinocytes. At the same time increases the natural biosynthesis of Collagen and moisturizes.<br \/>\nHyaluronic acid<br \/>\nPremium skin moisturizer with remarkable water-binding and film forming properties. It&rsquo;s a major component of the connective tissue matrix in the dermis (together with Collagen and Elastin). Retains water like a sponge, absorbing more than 1,000 times its weight. This helps to attract and maintain water within the extracellular space, hydrating your skin and increasing its volume and density.Improves short and long term skin hydration,<br \/>\nFerulic acid<br \/>\nCommon agent found in plants; a very strong antioxidant that fighst free radicals and protects from UV radiation.<br \/>\nStable vitamin C and Organic Silicium Complex of Vitamin C<br \/>\nPowerful anti-oxidative mixture that inhibits melanin formation. Stimulates also the natural Collagen production and promotes healthy looking skin.<br \/>\nContains also<br \/>\nnatural Sun screen filter (Titanium dioxide), Cucumber and Carrot extracts.<br \/>\nb-Carotene<br \/>\nIt is a free radicals scavenger and thus attenuates the damage caused by excessive exposure to the sun and prevents damage associated with aging of the skin.<\/p>\n<p>&nbsp;<\/p>\n","protected":false},"excerpt":{"rendered":"<p>Dark spot fader Yellow rose cosmetics<br \/>\nDark spot fader Yellow rose cosmetics est un\u00a0soin\u00a0\u00a0d\u00e9pigmentant \u00a0pour la peau unique et innovant qui combine les mati\u00e8res premi\u00e8res les plus r\u00e9centes et efficaces sur le march\u00e9.<br \/>\nFormul\u00e9 avec une combinaison efficace d&rsquo;anti-oxydants et d&rsquo;ingr\u00e9dients de blanchiment avec un effet synergique.<\/p>\n<p>Convient pour les soins du visage, des mains et du corps, pour tous les types de peaux. Peut \u00eatre combin\u00e9 efficacement avec les autres produits de traitement de blanchiment \u00e0 la rose jaune.<br \/>\nUtilisation<br \/>\nAppliquer sur la peau propre jour et nuit.<br \/>\nMasser doucement jusqu&rsquo;\u00e0 absorption et continuer avec vos soins cosm\u00e9tiques quotidiens de la peau.<br \/>\nPendant la journ\u00e9e, il est recommand\u00e9 d&rsquo;utiliser Yellow Rose Sun Care Cream.<br \/>\nLes ingr\u00e9dients principaux<br \/>\nl&rsquo;acide kojique<br \/>\nSous-produit de la fermentation du riz au cours de la production de Sake japonais. (Champignon: Koji-kin ou Aspergillus oryzae). C&rsquo;est un agent de blanchiment tr\u00e8s efficace qui agit comme inhibiteur de la tyrosinase. (La tyrosinase est responsable de la biosynth\u00e8se de la m\u00e9lanine).<br \/>\nExtrait japonais de la mandarine Satsuma (Citrus unshiu)<br \/>\nInhibe la production de m\u00e9lanine.<br \/>\nDiacetyl Boldine<br \/>\nAgent de blanchiment de l&rsquo;arbre chilien Boldo (Peumus boldus).<br \/>\nExtrait canadien de Rumex occidentalis<br \/>\nIl pr\u00e9sente une action de blanchiment et stimule l&rsquo;action de l&rsquo;acide kojique.<br \/>\nM\u00e9lange de blanchiment brevet\u00e9 \u00e0 partir d&rsquo;extrait de pois et de dioleate de saccharose<br \/>\nInhibe l&rsquo;action enzymatique de la m\u00e9lanogen\u00e8se et la maturation des m\u00e9lanocytes<br \/>\nM\u00e9lange sp\u00e9cial de blanchiment brevet\u00e9 enzymatique<br \/>\nR\u00e9duit la biosynth\u00e8se de la m\u00e9lanine et \u00e9limine les taches sombres de la surface \u00e9pidermique.<br \/>\nNiacinamide (vitamine B3)<br \/>\nBloque le mouvement des m\u00e9lanocytes dans les k\u00e9ratinocytes. Dans le m\u00eame temps, augmente la biosynth\u00e8se naturelle du collag\u00e8ne et hydrate.<br \/>\nAcide hyaluronique<br \/>\nHydratant pour la peau premium avec des propri\u00e9t\u00e9s remarquables de liaison de l&rsquo;eau et de film. C&rsquo;est un composant majeur de la matrice de tissu conjonctif dans le derme (avec le collag\u00e8ne et l&rsquo;\u00e9lastine). Conserve l&rsquo;eau comme une \u00e9ponge, absorbant plus de 1000 fois son poids. Cela aide \u00e0 attirer et \u00e0 maintenir l&rsquo;eau dans l&rsquo;espace extracellulaire, \u00e0 hydrater votre peau et \u00e0 augmenter son volume et sa densit\u00e9. Am\u00e9liore l&rsquo;hydratation de la peau \u00e0 court et \u00e0 long terme,<br \/>\nAcide ferulique<br \/>\nAgent commun trouv\u00e9 dans les plantes; Un antioxydant tr\u00e8s puissant qui combat les radicaux libres et prot\u00e8ge contre les rayonnements UV.<br \/>\nVitamine C stable et complexe organique de silice de vitamine C<br \/>\nPuissant m\u00e9lange antioxydant qui inhibe la formation de la m\u00e9lanine. Stimule \u00e9galement la production naturelle de collag\u00e8ne et favorise la peau saine.<br \/>\nContient \u00e9galement<br \/>\nFiltre \u00e0 \u00e9cran solaire naturel (dioxyde de titane), extraits de concombre et de carottes.<br \/>\nB-carot\u00e8ne<br \/>\nC&rsquo;est un correcteur de radicaux libres et att\u00e9nue ainsi les dommages caus\u00e9s par une exposition excessive au soleil et pr\u00e9vient les dommages associ\u00e9s au vieillissement de la peau.<br \/>\nDark spot fader Yellow rose cosmetics<br \/>\nA unique and innovative skin lightening product that combines the most up to date and efficient raw materials in the market.<br \/>\nFormulated with an effective combination of anti-oxidants and whitening ingredients with synergistic effect.<br \/>\nGradually fades skin discolorations, sun and age spots, acne marks, fights hyperpigmentation and helps even skin tone.<br \/>\nSuitable for face, hand and body care, for all skin types. Can be effectively combined with the other Yellow Rose Whitening Treatment products.<br \/>\nUse<br \/>\nApply to clean skin day and night.<br \/>\nMassage gently until absorbed and continue with your daily cosmetic skin care.<br \/>\nDuring the day it is recommended to use Yellow Rose Sun Care Cream.<br \/>\nMain Ingredients<br \/>\nKojic acid<br \/>\nByproduct of rice fermentation during the production of Japanese Sake. (fungus: Koji-kin or Aspergillus oryzae ). It is a highly effective whitening agent that acts as Tyrosinase inhibitor. (Tyrosinase is responsible for the biosynthesis of melanin).<br \/>\nJapanese Tangerine Satsuma (Citrus unshiu) extract<br \/>\nInhibits melanin production.<br \/>\nDiacetyl Boldine<br \/>\nWhitening agent from Chilean Tree Boldo (Peumus boldus).<br \/>\nCanadian Rumex occidentalis extract<br \/>\nIt exhibits whitening action and stimulates Kojic acid action.<br \/>\nPatented whitening mixture from Pea extract and Sucrose dioleate<br \/>\nInhibits the enzymatic action of melanogenesis and the maturation of melanocytes<br \/>\nSpecial enzymatic patented whitening mixture<br \/>\nSlows down melanin biosynthesis and removes epidermal surface dark spots.<br \/>\nNiacinamide (Vitamin B3)<br \/>\nBlocks the movement of melanocytes in keratinocytes. At the same time increases the natural biosynthesis of Collagen and moisturizes.<br \/>\nHyaluronic acid<br \/>\nPremium skin moisturizer with remarkable water-binding and film forming properties. It&rsquo;s a major component of the connective tissue matrix in the dermis (together with Collagen and Elastin). Retains water like a sponge, absorbing more than 1,000 times its weight. This helps to attract and maintain water within the extracellular space, hydrating your skin and increasing its volume and density.Improves short and long term skin hydration,<br \/>\nFerulic acid<br \/>\nCommon agent found in plants; a very strong antioxidant that fighst free radicals and protects from UV radiation.<br \/>\nStable vitamin C and Organic Silicium Complex of Vitamin C<br \/>\nPowerful anti-oxidative mixture that inhibits melanin formation. Stimulates also the natural Collagen production and promotes healthy looking skin.<br \/>\nContains also<br \/>\nnatural Sun screen filter (Titanium dioxide), Cucumber and Carrot extracts.<br \/>\nb-Carotene<br \/>\nIt is a free radicals scavenger and thus attenuates the damage caused by excessive exposure to the sun and prevents damage associated with aging of the skin.<\/p>\n","protected":false},"featured_media":3488,"comment_status":"open","ping_status":"closed","template":"","meta":[],"_links":{"self":[{"href":"https:\/\/www.saphy.com\/healthcare-cosmetique\/wp-json\/wp\/v2\/product\/3121"}],"collection":[{"href":"https:\/\/www.saphy.com\/healthcare-cosmetique\/wp-json\/wp\/v2\/product"}],"about":[{"href":"https:\/\/www.saphy.com\/healthcare-cosmetique\/wp-json\/wp\/v2\/types\/product"}],"replies":[{"embeddable":true,"href":"https:\/\/www.saphy.com\/healthcare-cosmetique\/wp-json\/wp\/v2\/comments?post=3121"}],"wp:featuredmedia":[{"embeddable":true,"href":"https:\/\/www.saphy.com\/healthcare-cosmetique\/wp-json\/wp\/v2\/media\/3488"}],"wp:attachment":[{"href":"https:\/\/www.saphy.com\/healthcare-cosmetique\/wp-json\/wp\/v2\/media?parent=3121"}],"curies":[{"name":"wp","href":"https:\/\/api.w.org\/{rel}","templated":true}]}}