{"id":3123,"date":"2017-06-16T15:19:37","date_gmt":"2017-06-16T14:19:37","guid":{"rendered":"https:\/\/www.saphy.com\/healthcare-cosmetique\/?post_type=product&#038;p=3123"},"modified":"2018-10-10T10:38:33","modified_gmt":"2018-10-10T09:38:33","slug":"caviar-marine-dna-gel-yellow-rose-cosmetics","status":"publish","type":"product","link":"https:\/\/www.saphy.com\/healthcare-cosmetique\/produit\/caviar-marine-dna-gel-yellow-rose-cosmetics\/","title":{"rendered":"CAVIAR &#038; MARINE DNA GEL YELLOW ROSE COSMETICS"},"content":{"rendered":"<h1>CAVIAR &amp; MARINE DNA GEL YELLOW ROSE COSMETICS<\/h1>\n<p>Un traitement anti-\u00e2ge et revitalisant exclusif \u00e0 base d&rsquo;ingr\u00e9dients actifs naturels combin\u00e9s \u00e0 des compos\u00e9s bio-actifs.<br \/>\nTonifie la peau et illumine le teint. Affine les rides et donne \u00e0 la peau une apparence plus jeune.<\/p>\n<p>Utilisation<\/p>\n<p>Appliquer sur la peau propre et masser doucement jusqu&rsquo;\u00e0 absorption. Peut \u00eatre utilis\u00e9 tous les jours, le matin et le soir. Peut \u00eatre utilis\u00e9 seul comme un s\u00e9rum de 24 heures ou avant une cr\u00e8me ou un masque de Rose jaune.<br \/>\nPeut \u00eatre efficacement combin\u00e9 avec les autres produits Yellow Rose Caviar et ADN marin.<\/p>\n<p>Les ingr\u00e9dients principaux<br \/>\n<strong>Extrait de caviar des \u0153ufs d&rsquo;esturgeon<\/strong><br \/>\nRiche en oligo-\u00e9l\u00e9ments, acides amin\u00e9s et phospholipides qui aident \u00e0 revitaliser la peau. Un ingr\u00e9dient actif naturel qui a un effet anti-rides et nourrissant.<br \/>\n<strong>ADN provenant d&rsquo;oeufs de saumon<\/strong><br \/>\nHydrate et nourrit la peau s\u00e8che et a un effet anti-rides.<br \/>\n<strong>Pentapeptide anti-\u00e2ge sp\u00e9cial<\/strong><br \/>\nActive la synth\u00e8se naturelle des macromol\u00e9cules de matrice extracellulaire (collag\u00e8ne, \u00e9lastine, glycosaminoglycanes) dans les fibroblastes r\u00e9parant et remodelant le tissu cutan\u00e9 (effet \u00abRetinol like\u00bb).<br \/>\n<strong>Liposomes avec la coenzyme Q10 et la carnitine<\/strong><br \/>\nAgent de r\u00e9g\u00e9n\u00e9ration antioxydant et vitamine E.<br \/>\n<strong>Extrait de l&rsquo;arbuste du d\u00e9sert Chaparral<\/strong><br \/>\nAide la peau \u00e0 retrouver son \u00e9lasticit\u00e9 et donne un look jeune.<br \/>\n<strong>Liposomes avec extrait de Centella asiatica<\/strong><br \/>\nEffectue une activit\u00e9 \u00e9lastique, raffermissante et antirides.<br \/>\n<strong>Extraata Cylindrica et extraits de concombre<\/strong><br \/>\nAvec propri\u00e9t\u00e9s apaisantes et hydratantes.<br \/>\n<strong>Acide hyaluronique<\/strong><br \/>\nHydratant hautement efficace.<br \/>\nComplexe de silicate organique avec de la vitamine C<br \/>\nAnti-oxydant et inhibiteur de la formation de m\u00e9lanine. Stimule la production de collag\u00e8ne et favorise la peau saine.<br \/>\nContient \u00e9galement<br \/>\nLiposomes avec des prot\u00e9ines du lait, apaisantes et hydratantes Microsph\u00e8res (avec extrait d&rsquo;algues, huile de lin, extrait de Marshmallow et extrait d&rsquo;amande douce), Ceramides et Phytosphingosine, prot\u00e9ines de bl\u00e9 raffermissants, allanto\u00efne et d-panth\u00e9nol (pro-vitamine B5).<\/p>\n<p>&nbsp;<\/p>\n<p>CAVIAR &amp; MARINE DNA GEL YELLOW ROSE COSMETICS<\/p>\n<p>&nbsp;<\/p>\n<p>An exclusive and elegant anti-aging and revitalizing treatment based on natural active ingredients combined with bio-active compounds.<\/p>\n<p>Refines the texture and brightens the skin. Smoothens away fine wrinkles and gives the skin a firm youthful bloom.<\/p>\n<p>For all skin types.<br \/>\nUse<br \/>\nApply to clean skin and massage gently until absorbed. Can be used daily, morningand evening. Can be used alone as a 24 hour serum or before a Yellow Rose cream or mask.<br \/>\nCan be effectively combined with the other Yellow Rose Caviar &amp; marine DNA products.<br \/>\nCan also be used together with professional beauty equipment.<br \/>\nMain Ingredients<br \/>\nCaviar extract from Sturgeon roe<br \/>\nRich in trace elements, aminoacids and phospholipids that help revitalize the skin. A natural active ingredient that has anti-wrinkle and nourishing effect.<br \/>\nDNA from salmon eggs<br \/>\nMoisturizes and nourishes dry skin and has an anti-wrinkle effect.<br \/>\nSpecial antiaging Pentapeptide<br \/>\nActivates the natural synthesis of extracellular matrix macromolecules (collagen, elastin, glycosaminoglycans) in fibroblasts repairing and remodeling the skin tissue (\u201cRetinol like\u201d effect).<br \/>\nLiposomes with Coenzyme Q10 and Carnitine<br \/>\nAntioxidant and Vitamin E regenerator agent.<br \/>\nExtract from the desert shrub Chaparral<br \/>\nHelps skin regain its elasticity and gives a youthful look.<br \/>\nLiposomes with Centella asiatica extract<br \/>\nPerforms an elasticizing, firming and anti-wrinkle activity.<br \/>\nImperata Cylindrica and Cucumber extracts<br \/>\nWith soothing and moisturizing properties.<br \/>\nHyaluronic acid<br \/>\nHighly efficient moisturizer.<br \/>\nComplex of Organic Silicium with Vitamin C<br \/>\nAnti-oxidant and inhibitor of melanin formation. Stimulates collagen production and promotes healthy looking skin.<br \/>\nContains also<br \/>\nLiposomes with Milk proteins, soothing and moisturizing Microspheres (with Algae extract, Flax oil, Marshmallow extract and Sweet almond extract), Ceramides and Phytosphingosine, firming Wheat proteins, Allantoin and d-Panthenol (pro-vitamin B5).<\/p>\n","protected":false},"excerpt":{"rendered":"<h1>CAVIAR &amp; MARINE DNA GEL YELLOW ROSE COSMETICS<\/h1>\n<p>Un traitement anti-\u00e2ge et revitalisant exclusif \u00e0 base d&rsquo;ingr\u00e9dients actifs naturels combin\u00e9s \u00e0 des compos\u00e9s bio-actifs.<br \/>\nTonifie la peau et illumine le teint. Affine les rides et donne \u00e0 la peau une apparence plus jeune.<\/p>\n<p>Utilisation<\/p>\n<p>Appliquer sur la peau propre et masser doucement jusqu&rsquo;\u00e0 absorption. Peut \u00eatre utilis\u00e9 tous les jours, le matin et le soir. Peut \u00eatre utilis\u00e9 seul comme un s\u00e9rum de 24 heures ou avant une cr\u00e8me ou un masque de Rose jaune.<br \/>\nPeut \u00eatre efficacement combin\u00e9 avec les autres produits Yellow Rose Caviar et ADN marin.<\/p>\n<p>Les ingr\u00e9dients principaux<br \/>\n<strong>Extrait de caviar des \u0153ufs d&rsquo;esturgeon<\/strong><br \/>\nRiche en oligo-\u00e9l\u00e9ments, acides amin\u00e9s et phospholipides qui aident \u00e0 revitaliser la peau. Un ingr\u00e9dient actif naturel qui a un effet anti-rides et nourrissant.<br \/>\n<strong>ADN provenant d&rsquo;oeufs de saumon<\/strong><br \/>\nHydrate et nourrit la peau s\u00e8che et a un effet anti-rides.<br \/>\n<strong>Pentapeptide anti-\u00e2ge sp\u00e9cial<\/strong><br \/>\nActive la synth\u00e8se naturelle des macromol\u00e9cules de matrice extracellulaire (collag\u00e8ne, \u00e9lastine, glycosaminoglycanes) dans les fibroblastes r\u00e9parant et remodelant le tissu cutan\u00e9 (effet \u00abRetinol like\u00bb).<br \/>\n<strong>Liposomes avec la coenzyme Q10 et la carnitine<\/strong><br \/>\nAgent de r\u00e9g\u00e9n\u00e9ration antioxydant et vitamine E.<br \/>\n<strong>Extrait de l&rsquo;arbuste du d\u00e9sert Chaparral<\/strong><br \/>\nAide la peau \u00e0 retrouver son \u00e9lasticit\u00e9 et donne un look jeune.<br \/>\n<strong>Liposomes avec extrait de Centella asiatica<\/strong><br \/>\nEffectue une activit\u00e9 \u00e9lastique, raffermissante et antirides.<br \/>\n<strong>Extraata Cylindrica et extraits de concombre<\/strong><br \/>\nAvec propri\u00e9t\u00e9s apaisantes et hydratantes.<br \/>\n<strong>Acide hyaluronique<\/strong><br \/>\nHydratant hautement efficace.<br \/>\nComplexe de silicate organique avec de la vitamine C<br \/>\nAnti-oxydant et inhibiteur de la formation de m\u00e9lanine. Stimule la production de collag\u00e8ne et favorise la peau saine.<br \/>\nContient \u00e9galement<br \/>\nLiposomes avec des prot\u00e9ines du lait, apaisantes et hydratantes Microsph\u00e8res (avec extrait d&rsquo;algues, huile de lin, extrait de Marshmallow et extrait d&rsquo;amande douce), Ceramides et Phytosphingosine, prot\u00e9ines de bl\u00e9 raffermissants, allanto\u00efne et d-panth\u00e9nol (pro-vitamine B5).<\/p>\n<p>&nbsp;<\/p>\n<p>CAVIAR &amp; MARINE DNA GEL YELLOW ROSE COSMETICS<\/p>\n<p>&nbsp;<\/p>\n<p>An exclusive and elegant anti-aging and revitalizing treatment based on natural active ingredients combined with bio-active compounds.<\/p>\n<p>Refines the texture and brightens the skin. Smoothens away fine wrinkles and gives the skin a firm youthful bloom.<\/p>\n<p>For all skin types.<br \/>\nUse<br \/>\nApply to clean skin and massage gently until absorbed. Can be used daily, morningand evening. Can be used alone as a 24 hour serum or before a Yellow Rose cream or mask.<br \/>\nCan be effectively combined with the other Yellow Rose Caviar &amp; marine DNA products.<br \/>\nCan also be used together with professional beauty equipment.<br \/>\nMain Ingredients<br \/>\nCaviar extract from Sturgeon roe<br \/>\nRich in trace elements, aminoacids and phospholipids that help revitalize the skin. A natural active ingredient that has anti-wrinkle and nourishing effect.<br \/>\nDNA from salmon eggs<br \/>\nMoisturizes and nourishes dry skin and has an anti-wrinkle effect.<br \/>\nSpecial antiaging Pentapeptide<br \/>\nActivates the natural synthesis of extracellular matrix macromolecules (collagen, elastin, glycosaminoglycans) in fibroblasts repairing and remodeling the skin tissue (\u201cRetinol like\u201d effect).<br \/>\nLiposomes with Coenzyme Q10 and Carnitine<br \/>\nAntioxidant and Vitamin E regenerator agent.<br \/>\nExtract from the desert shrub Chaparral<br \/>\nHelps skin regain its elasticity and gives a youthful look.<br \/>\nLiposomes with Centella asiatica extract<br \/>\nPerforms an elasticizing, firming and anti-wrinkle activity.<br \/>\nImperata Cylindrica and Cucumber extracts<br \/>\nWith soothing and moisturizing properties.<br \/>\nHyaluronic acid<br \/>\nHighly efficient moisturizer.<br \/>\nComplex of Organic Silicium with Vitamin C<br \/>\nAnti-oxidant and inhibitor of melanin formation. Stimulates collagen production and promotes healthy looking skin.<br \/>\nContains also<br \/>\nLiposomes with Milk proteins, soothing and moisturizing Microspheres (with Algae extract, Flax oil, Marshmallow extract and Sweet almond extract), Ceramides and Phytosphingosine, firming Wheat proteins, Allantoin and d-Panthenol (pro-vitamin B5).<\/p>\n","protected":false},"featured_media":3491,"comment_status":"open","ping_status":"closed","template":"","meta":[],"_links":{"self":[{"href":"https:\/\/www.saphy.com\/healthcare-cosmetique\/wp-json\/wp\/v2\/product\/3123"}],"collection":[{"href":"https:\/\/www.saphy.com\/healthcare-cosmetique\/wp-json\/wp\/v2\/product"}],"about":[{"href":"https:\/\/www.saphy.com\/healthcare-cosmetique\/wp-json\/wp\/v2\/types\/product"}],"replies":[{"embeddable":true,"href":"https:\/\/www.saphy.com\/healthcare-cosmetique\/wp-json\/wp\/v2\/comments?post=3123"}],"wp:featuredmedia":[{"embeddable":true,"href":"https:\/\/www.saphy.com\/healthcare-cosmetique\/wp-json\/wp\/v2\/media\/3491"}],"wp:attachment":[{"href":"https:\/\/www.saphy.com\/healthcare-cosmetique\/wp-json\/wp\/v2\/media?parent=3123"}],"curies":[{"name":"wp","href":"https:\/\/api.w.org\/{rel}","templated":true}]}}