{"id":3339,"date":"2017-11-02T10:58:43","date_gmt":"2017-11-02T09:58:43","guid":{"rendered":"https:\/\/www.saphy.com\/healthcare-cosmetique\/?post_type=product&#038;p=3339"},"modified":"2024-09-30T11:01:38","modified_gmt":"2024-09-30T10:01:38","slug":"masque-liftant-yellow-rose-cosmetics","status":"publish","type":"product","link":"https:\/\/www.saphy.com\/healthcare-cosmetique\/produit\/masque-liftant-yellow-rose-cosmetics\/","title":{"rendered":"Masque Liftant Yellow rose cosmetics"},"content":{"rendered":"<p>Masque Liftant Yellow rose cosmetics<\/p>\n<p>Un masque raffermissant et\u00a0liftant sp\u00e9cialement formul\u00e9 \u00a0pour les peaux\u00a0en\u00a0manque de fermet\u00e9 \u00a0et fatigu\u00e9es.<\/p>\n<p>Ses ingr\u00e9dients actifs naturels marins et ses actifs de plantes\u00a0ont \u00a0un effet tenseur imm\u00e9diat (effet Lifting Flash).<\/p>\n<p>Il aide la peau \u00e0 para\u00eetre plus ferme et plus jeune.<\/p>\n<p>Peut \u00eatre appliqu\u00e9 sur le visage, le cou et le buste.<br \/>\n<strong>Conseil d&rsquo; utilisation:<\/strong><br \/>\nAppliquer sur la peau propre une couche uniforme sur le visage et le cou et le buste. \u00c9vitez le contour des yeux. Laissez le masque pendant 30 \u00e0 45 minutes. Avant de retirer le masque, humidifiez-le avec une \u00e9ponge et de l&rsquo;eau pour qu&rsquo;il devienne plus doux. Retirez-le avec un mouchoir ou une \u00e9ponge et de l&rsquo;eau et le ton de la peau en utilisant la lotion\u00a0\u00a0 Yellow Rose appropri\u00e9e.<br \/>\n<strong>Principaux ingr\u00e9dients:<\/strong><br \/>\nBentonite<br \/>\nArgile naturelle avec des propri\u00e9t\u00e9s d&rsquo;absorption d&rsquo;huile accrue qui nettoie la peau et r\u00e9duit l&rsquo;onctuosit\u00e9.<br \/>\nAlbumen<br \/>\nProt\u00e9ine principale du blanc d&rsquo;oeuf. Forme un film hydratant compatible avec la peau qui raffermit et tonifie.<br \/>\nD\u00e9riv\u00e9s de la chitine<br \/>\nUn biopolym\u00e8re d&rsquo;origine marine qui forme un film protecteur naturel aux excellentes propri\u00e9t\u00e9s hydratantes et r\u00e9g\u00e9n\u00e9rantes<br \/>\nExtrait d&rsquo;avoine (Avena sativa)<br \/>\nPropri\u00e9t\u00e9s anti-irritantes et anti-inflammatoires.<br \/>\nGel d&rsquo;Aloe Vera<br \/>\nHydratant, anti-inflammatoire, cicatrisant et r\u00e9parant la peau.<br \/>\nD\u00e9riv\u00e9 de menthol<br \/>\nD\u00e9riv\u00e9 de la menthe poivr\u00e9e avec des propri\u00e9t\u00e9s rafra\u00eechissantes, rafra\u00eechissantes et tonifiantes.<\/p>\n<p>Ingr\u00e9dients: Aqua (Grain de graine de Wena hena Sativa (Avoine), Bentonite, Propyl\u00e8ne Gyrbirol, Feuille d&rsquo;Aloe Barbadensis, Chtosan Succinamide, Alcool de Menthyl Laca benzyl, Gomme de Diazolidinyl Urea R anthan, Methy paraber G-26-Buteth-26, PEG -40 Hydrogentes sor Oil, Propylparaben, M\u00e9thylchloroisothiazolinone Methylsothiazolinone, Parfum<\/p>\n<p>Yellow rose cosmetics lifting mask<\/p>\n<p>Special firming and toning mask for slack and tired skin types.<\/p>\n<p>It is based on natural active marine and herbal ingredients and has an immediate skin tightening result (Flash Lifting effect).<\/p>\n<p>Helps skin appear firmer and more youthful.<\/p>\n<p>Can be applied over face, neck and bust.<br \/>\n<strong>Use<\/strong><br \/>\nApply to clean skin a uniform layer over the face and neck and bust. Avoid the eye contour area. Leave the mask on for 30 to 45 minutes. Before removing the mask, moisten it with a sponge and water so that it becomes softer. Remove it with a tissue or sponge and water and tone the skin by using the appropriate for the skin Yellow Rose Lotion (ie. Lotion Tonique).<\/p>\n<p>Can be effectively combined with the other Yellow Rose LiftingTreatment products.Use 1 to 3 times per week.<br \/>\n<strong>Main Ingredients<\/strong><br \/>\nBentonite<br \/>\nNatural clay with increased oil-absorbing properties that cleanses the skin and reduces oiliness.<br \/>\nAlbumen<br \/>\nMain protein of the egg white. Forms a compatible to the skin moisturizing film which firms and tones.<br \/>\nChitin derivatives<br \/>\nA marine origin bio-polymer which forms a natural protective film with outstanding moisturizing and regenerating properties<br \/>\nOat extract (Avena sativa)<br \/>\nAnti-irritant and anti-inflammatory properties.<br \/>\nAloe Vera gel<br \/>\nMoisturizing, anti-inflammatory, wound healing and skin repairing factor.<\/p>\n<p data-placeholder=\"Traduction\">Ingredients: Aqua (Wena hena Sativa seed grain (Oat), Bentonite, Propylene Gyrbirol, Aloe Barbadensis leaf, Chtosan Succinamide, Menthyl Laca benzyl alcohol, Diazolidinyl Urea R anthan gum, Methy paraber G-26-Buteth- 26, PEG -40 Hydrogens sor Oil, Propylparaben, Methylchloroisothiazolinone Methylsothiazolinone, Perfume<\/p>\n<p>&nbsp;<\/p>\n<p>&nbsp;<\/p>\n","protected":false},"excerpt":{"rendered":"<p>Masque Liftant Yellow rose cosmetics<\/p>\n<p>Un masque raffermissant et\u00a0liftant sp\u00e9cialement formul\u00e9 \u00a0pour les peaux\u00a0en\u00a0manque de fermet\u00e9 \u00a0et fatigu\u00e9es.<\/p>\n<p>Ses ingr\u00e9dients actifs naturels marins et ses actifs de plantes\u00a0ont \u00a0un effet tenseur imm\u00e9diat (effet Lifting Flash).<\/p>\n<p>Il aide la peau \u00e0 para\u00eetre plus ferme et plus jeune.<\/p>\n<p>Peut \u00eatre appliqu\u00e9 sur le visage, le cou et le buste.<br \/>\n<strong>Conseil d&rsquo; utilisation:<\/strong><br \/>\nAppliquer sur la peau propre une couche uniforme sur le visage et le cou et le buste. \u00c9vitez le contour des yeux. Laissez le masque pendant 30 \u00e0 45 minutes. Avant de retirer le masque, humidifiez-le avec une \u00e9ponge et de l&rsquo;eau pour qu&rsquo;il devienne plus doux. Retirez-le avec un mouchoir ou une \u00e9ponge et de l&rsquo;eau et le ton de la peau en utilisant la lotion\u00a0\u00a0 Yellow Rose appropri\u00e9e.<br \/>\n<strong>Principaux ingr\u00e9dients:<\/strong><br \/>\nBentonite<br \/>\nArgile naturelle avec des propri\u00e9t\u00e9s d&rsquo;absorption d&rsquo;huile accrue qui nettoie la peau et r\u00e9duit l&rsquo;onctuosit\u00e9.<br \/>\nAlbumen<br \/>\nProt\u00e9ine principale du blanc d&rsquo;oeuf. Forme un film hydratant compatible avec la peau qui raffermit et tonifie.<br \/>\nD\u00e9riv\u00e9s de la chitine<br \/>\nUn biopolym\u00e8re d&rsquo;origine marine qui forme un film protecteur naturel aux excellentes propri\u00e9t\u00e9s hydratantes et r\u00e9g\u00e9n\u00e9rantes<br \/>\nExtrait d&rsquo;avoine (Avena sativa)<br \/>\nPropri\u00e9t\u00e9s anti-irritantes et anti-inflammatoires.<br \/>\nGel d&rsquo;Aloe Vera<br \/>\nHydratant, anti-inflammatoire, cicatrisant et r\u00e9parant la peau.<br \/>\nD\u00e9riv\u00e9 de menthol<br \/>\nD\u00e9riv\u00e9 de la menthe poivr\u00e9e avec des propri\u00e9t\u00e9s rafra\u00eechissantes, rafra\u00eechissantes et tonifiantes.<\/p>\n<p>Ingr\u00e9dients: Aqua (Grain de graine de Wena hena Sativa (Avoine), Bentonite, Propyl\u00e8ne Gyrbirol, Feuille d&rsquo;Aloe Barbadensis, Chtosan Succinamide, Alcool de Menthyl Laca benzyl, Gomme de Diazolidinyl Urea R anthan, Methy paraber G-26-Buteth-26, PEG -40 Hydrogentes sor Oil, Propylparaben, M\u00e9thylchloroisothiazolinone Methylsothiazolinone, Parfum<\/p>\n<p>Yellow rose cosmetics lifting mask<\/p>\n<p>Special firming and toning mask for slack and tired skin types.<\/p>\n<p>It is based on natural active marine and herbal ingredients and has an immediate skin tightening result (Flash Lifting effect).<\/p>\n<p>Helps skin appear firmer and more youthful.<\/p>\n<p>Can be applied over face, neck and bust.<br \/>\n<strong>Use<\/strong><br \/>\nApply to clean skin a uniform layer over the face and neck and bust. Avoid the eye contour area. Leave the mask on for 30 to 45 minutes. Before removing the mask, moisten it with a sponge and water so that it becomes softer. Remove it with a tissue or sponge and water and tone the skin by using the appropriate for the skin Yellow Rose Lotion (ie. Lotion Tonique).<\/p>\n<p>Can be effectively combined with the other Yellow Rose LiftingTreatment products.Use 1 to 3 times per week.<br \/>\n<strong>Main Ingredients<\/strong><br \/>\nBentonite<br \/>\nNatural clay with increased oil-absorbing properties that cleanses the skin and reduces oiliness.<br \/>\nAlbumen<br \/>\nMain protein of the egg white. Forms a compatible to the skin moisturizing film which firms and tones.<br \/>\nChitin derivatives<br \/>\nA marine origin bio-polymer which forms a natural protective film with outstanding moisturizing and regenerating properties<br \/>\nOat extract (Avena sativa)<br \/>\nAnti-irritant and anti-inflammatory properties.<br \/>\nAloe Vera gel<br \/>\nMoisturizing, anti-inflammatory, wound healing and skin repairing factor.<\/p>\n<p data-placeholder=\"Traduction\">Ingredients: Aqua (Wena hena Sativa seed grain (Oat), Bentonite, Propylene Gyrbirol, Aloe Barbadensis leaf, Chtosan Succinamide, Menthyl Laca benzyl alcohol, Diazolidinyl Urea R anthan gum, Methy paraber G-26-Buteth- 26, PEG -40 Hydrogens sor Oil, Propylparaben, Methylchloroisothiazolinone Methylsothiazolinone, Perfume<\/p>\n<p>&nbsp;<\/p>\n","protected":false},"featured_media":3499,"comment_status":"open","ping_status":"closed","template":"","meta":[],"_links":{"self":[{"href":"https:\/\/www.saphy.com\/healthcare-cosmetique\/wp-json\/wp\/v2\/product\/3339"}],"collection":[{"href":"https:\/\/www.saphy.com\/healthcare-cosmetique\/wp-json\/wp\/v2\/product"}],"about":[{"href":"https:\/\/www.saphy.com\/healthcare-cosmetique\/wp-json\/wp\/v2\/types\/product"}],"replies":[{"embeddable":true,"href":"https:\/\/www.saphy.com\/healthcare-cosmetique\/wp-json\/wp\/v2\/comments?post=3339"}],"wp:featuredmedia":[{"embeddable":true,"href":"https:\/\/www.saphy.com\/healthcare-cosmetique\/wp-json\/wp\/v2\/media\/3499"}],"wp:attachment":[{"href":"https:\/\/www.saphy.com\/healthcare-cosmetique\/wp-json\/wp\/v2\/media?parent=3339"}],"curies":[{"name":"wp","href":"https:\/\/api.w.org\/{rel}","templated":true}]}}