{"id":3386,"date":"2017-11-22T13:22:31","date_gmt":"2017-11-22T12:22:31","guid":{"rendered":"https:\/\/www.saphy.com\/healthcare-cosmetique\/?post_type=product&#038;p=3386"},"modified":"2024-09-30T11:01:33","modified_gmt":"2024-09-30T10:01:33","slug":"masque-peel-off-au-charbon-yellow-rose-cosmetics","status":"publish","type":"product","link":"https:\/\/www.saphy.com\/healthcare-cosmetique\/produit\/masque-peel-off-au-charbon-yellow-rose-cosmetics\/","title":{"rendered":"Masque peel off au charbon Yellow rose cosmetics"},"content":{"rendered":"<p>Masque peel off au charbon Yellow rose cosmetics<\/p>\n<p>Un masque gel Peel-Off\u00a0 riche en\u00a0 charbon et en bambou<\/p>\n<p>Il est id\u00e9al pour les peaux mixtes \u00e0 grasses grasse. Il purifie en profondeur , aide \u00e0 affiner les pores et laisse la peau lisse, rayonnante, fra\u00eeche et matifi\u00e9e.<br \/>\nConseil d&rsquo;utilisation:<br \/>\nUtiliser 1 \u00e0 3 fois par semaine: appliquer\u00a0 une couche mince uniforme sur le visage et le cou (ou sur des zones sp\u00e9cifiques). \u00c9vitez la zone contour des yeux. Laisser le masque s\u00e9cher pendant 25 \u00e0 30 minutes. Enlevez en soulevant doucement les bords inf\u00e9rieurs du masque et continuez \u00e0 retirer le masque vers le haut (cou au front). Enlevez les restes avec de l&rsquo;eau ou avec la lotion yellow rose cosmetics appropri\u00e9e.<br \/>\nLes ingr\u00e9dients principaux<\/p>\n<p>charbon de bois actif (actif tr\u00e8s absorbant , \u00e9limine les\u00a0impuret\u00e9s\u00a0 ), kaolin (min\u00e9ral naturel absorbant l&rsquo;exc\u00e8s de s\u00e9bum , laisse la peau fra\u00eeche et propre), extrait d&rsquo;\u00e9corce de saule (riche en acide salicylique micro-exfoliant), sel de zinc (astringent, affine les pores), m\u00e9lange sp\u00e9cial pour purifier la peau grasse (extrait de cannelle, sarcosine et Ichthammol), panth\u00e9nol (Pro-Vitamin B5) et allanto\u00efne.<\/p>\n<p>YELLOW ROSE COSMETICS CHARCOAL PEEL-OFF GEL MASK<\/p>\n<p>Face peel-off gel mask with Bamboo Charcoal. Suitable for combination and oily skin types. Cleanses, helps refine pores and leaves the skin smooth, radiant, fresh and matte.<\/p>\n<dl class=\"primary\">\n<dt>Utilisation<\/dt>\n<dd>Use 1 to 3 times per week: Apply to clean skin a uniform thin layer over face and neck (or over specific areas). Avoid the eye contour area. Leave the mask on to dry for 25 to 30 minutes. Remove by gently lifting the lower edges of the mask and continue peeling the mask upwards (neck to forehead). Remove any remainders with water or with the appropriate Yellow Rose lotion.<\/dd>\n<\/dl>\n<h6><\/h6>\n<dl class=\"ingredients\">\n<dt>Contains<\/dt>\n<dd>active Bamboo Charcoal (highly absorbing active, removes excessive oiliness and cleanses), Kaolin (natural oil-absorbing mineral, leaves the skin fresh and clean), Willow bark extract ( rich in micro-exfoliating Salicylic acid), Zinc salt (astringent, refines pores), special mixture for purifying oily skin (Cinnamon extract, Sarcosine and Ichthammol), Panthenol (pro-vitamin B5) and Allantoin.<\/dd>\n<\/dl>\n","protected":false},"excerpt":{"rendered":"<p>Masque peel off au charbon Yellow rose cosmetics<\/p>\n<p>Un masque gel Peel-Off\u00a0 riche en\u00a0 charbon et en bambou<\/p>\n<p>Il est id\u00e9al pour les peaux mixtes \u00e0 grasses grasse. Il purifie en profondeur , aide \u00e0 affiner les pores et laisse la peau lisse, rayonnante, fra\u00eeche et matifi\u00e9e.<br \/>\nConseil d&rsquo;utilisation:<br \/>\nUtiliser 1 \u00e0 3 fois par semaine: appliquer\u00a0 une couche mince uniforme sur le visage et le cou (ou sur des zones sp\u00e9cifiques). \u00c9vitez la zone contour des yeux. Laisser le masque s\u00e9cher pendant 25 \u00e0 30 minutes. Enlevez en soulevant doucement les bords inf\u00e9rieurs du masque et continuez \u00e0 retirer le masque vers le haut (cou au front). Enlevez les restes avec de l&rsquo;eau ou avec la lotion yellow rose cosmetics appropri\u00e9e.<br \/>\nLes ingr\u00e9dients principaux<\/p>\n<p>charbon de bois actif (actif tr\u00e8s absorbant , \u00e9limine les\u00a0impuret\u00e9s\u00a0 ), kaolin (min\u00e9ral naturel absorbant l&rsquo;exc\u00e8s de s\u00e9bum , laisse la peau fra\u00eeche et propre), extrait d&rsquo;\u00e9corce de saule (riche en acide salicylique micro-exfoliant), sel de zinc (astringent, affine les pores), m\u00e9lange sp\u00e9cial pour purifier la peau grasse (extrait de cannelle, sarcosine et Ichthammol), panth\u00e9nol (Pro-Vitamin B5) et allanto\u00efne.<\/p>\n<p>YELLOW ROSE COSMETICS CHARCOAL PEEL-OFF GEL MASK<\/p>\n<p>Face peel-off gel mask with Bamboo Charcoal. Suitable for combination and oily skin types. Cleanses, helps refine pores and leaves the skin smooth, radiant, fresh and matte.<\/p>\n<dl class=\"primary\">\n<dt>Utilisation<\/dt>\n<dd>Use 1 to 3 times per week: Apply to clean skin a uniform thin layer over face and neck (or over specific areas). Avoid the eye contour area. Leave the mask on to dry for 25 to 30 minutes. Remove by gently lifting the lower edges of the mask and continue peeling the mask upwards (neck to forehead). Remove any remainders with water or with the appropriate Yellow Rose lotion.<\/dd>\n<\/dl>\n<h6><\/h6>\n<dl class=\"ingredients\">\n<dt>Contains<\/dt>\n<dd>active Bamboo Charcoal (highly absorbing active, removes excessive oiliness and cleanses), Kaolin (natural oil-absorbing mineral, leaves the skin fresh and clean), Willow bark extract ( rich in micro-exfoliating Salicylic acid), Zinc salt (astringent, refines pores), special mixture for purifying oily skin (Cinnamon extract, Sarcosine and Ichthammol), Panthenol (pro-vitamin B5) and Allantoin.<\/dd>\n<\/dl>\n","protected":false},"featured_media":3387,"comment_status":"open","ping_status":"closed","template":"","meta":[],"_links":{"self":[{"href":"https:\/\/www.saphy.com\/healthcare-cosmetique\/wp-json\/wp\/v2\/product\/3386"}],"collection":[{"href":"https:\/\/www.saphy.com\/healthcare-cosmetique\/wp-json\/wp\/v2\/product"}],"about":[{"href":"https:\/\/www.saphy.com\/healthcare-cosmetique\/wp-json\/wp\/v2\/types\/product"}],"replies":[{"embeddable":true,"href":"https:\/\/www.saphy.com\/healthcare-cosmetique\/wp-json\/wp\/v2\/comments?post=3386"}],"wp:featuredmedia":[{"embeddable":true,"href":"https:\/\/www.saphy.com\/healthcare-cosmetique\/wp-json\/wp\/v2\/media\/3387"}],"wp:attachment":[{"href":"https:\/\/www.saphy.com\/healthcare-cosmetique\/wp-json\/wp\/v2\/media?parent=3386"}],"curies":[{"name":"wp","href":"https:\/\/api.w.org\/{rel}","templated":true}]}}