{"id":3389,"date":"2017-11-22T14:56:13","date_gmt":"2017-11-22T13:56:13","guid":{"rendered":"https:\/\/www.saphy.com\/healthcare-cosmetique\/?post_type=product&#038;p=3389"},"modified":"2022-01-03T15:39:54","modified_gmt":"2022-01-03T14:39:54","slug":"lotion-azulene-yellow-rose-cosmetics","status":"publish","type":"product","link":"https:\/\/www.saphy.com\/healthcare-cosmetique\/produit\/lotion-azulene-yellow-rose-cosmetics\/","title":{"rendered":"Lotion azulene Yellow rose cosmetics"},"content":{"rendered":"<dl class=\"ingredients\">\n<dd>\n<h1>Lotion azulene Yellow rose cosmetics<\/h1>\n<p>&nbsp;<\/p>\n<p>Une Lotion apaisante pour les peaux s\u00e8ches et sensibles qui prot\u00e8ge le film hydrolipidique de la peau .<\/p>\n<p>Compl\u00e8te efficacement l\u2019action des laits d\u00e9maquillants\u00a0 Yellow Rose cosmetics.<\/p>\n<p>Sans alcool.<\/p>\n<p>Utilisation<\/p>\n<p>Nettoyer le visage et le cou et appliquer \u00e0 l\u2019aide d\u2019un coton. Utiliser quotidiennement, matin et soir.<\/p>\n<p>Les ingr\u00e9dients principaux<\/p>\n<p>Contient: de l\u2019Azul\u00e8ne (agent apaisant d\u00e9riv\u00e9 de la Camomille), de la vitamine E et de l\u2019Allanto\u00efne.<\/p>\n<p>Lotion apaisante pour les peaux s\u00e8ches et sensibles. Compl\u00e8te efficacement l\u2019action des laits d\u00e9maquillants de Yellow Rose. Sans alcool. Utilisation Nettoyer le visage et le cou et appliquer \u00e0 l\u2019aide d\u2019un coton. Utiliser quotidiennement, matin et soir. Les ingr\u00e9dients principaux Contient: de l\u2019Azul\u00e8ne (agent apaisant d\u00e9riv\u00e9 de la Camomille), de la vitamine E et de l\u2019Allanto\u00efne.Azulene lotion yellow rose cosmetics<\/p>\n<p>&nbsp;<\/p>\n<p>&nbsp;<\/p>\n<p><strong>Soothing lotion for dry and sensitive skin types.<\/strong><\/p>\n<p>Complements the action of cleansing milks.<\/p>\n<p>Alcohol free.<\/p>\n<p>Use<\/p>\n<p>Apply with cotton pad over cleansed face and neck. Use daily.<\/p>\n<p>Main Ingredients<\/p>\n<p>Azulene<\/p>\n<p>A very effective anti-inflammatory and soothing agent derived from the Chamomile.<\/p>\n<p>Vitamin E<\/p>\n<p>Vitamin E is a strong anti-oxidant, protecting the skin from aging and damaging due to free radicals.<\/p>\n<p>Allantoin<\/p>\n<p>Nourishing, soothing and healing factor. Helps restore damaged skin and has anti-inflammatory properties.<\/p>\n<p>Composition: aqua,propylene glycol,PPG-26-bureth-26,PEG40-hydrogenated castor o\u00efl,Peg-35 castor o\u00efl,guaiazylene,allantoine,citric acid,tocopheryl acetate,sodium citrate,phenoxynethanol,ethylglycerin,limonene,linalool,gernaiol,parfum<\/p>\n<p>&nbsp;<\/dd>\n<\/dl>\n","protected":false},"excerpt":{"rendered":"<dl class=\"ingredients\">\n<dd>\n<h1>Lotion azulene Yellow rose cosmetics<\/h1>\n<p>&nbsp;<\/p>\n<p>Une Lotion apaisante pour les peaux s\u00e8ches et sensibles qui prot\u00e8ge le film hydrolipidique de la peau .<\/p>\n<p>Compl\u00e8te efficacement l\u2019action des laits d\u00e9maquillants\u00a0 Yellow Rose cosmetics.<\/p>\n<p>Sans alcool.<\/p>\n<p>Utilisation<\/p>\n<p>Nettoyer le visage et le cou et appliquer \u00e0 l\u2019aide d\u2019un coton. Utiliser quotidiennement, matin et soir.<\/p>\n<p>Les ingr\u00e9dients principaux<\/p>\n<p>Contient: de l\u2019Azul\u00e8ne (agent apaisant d\u00e9riv\u00e9 de la Camomille), de la vitamine E et de l\u2019Allanto\u00efne.<\/p>\n<p>Lotion apaisante pour les peaux s\u00e8ches et sensibles. Compl\u00e8te efficacement l\u2019action des laits d\u00e9maquillants de Yellow Rose. Sans alcool. Utilisation Nettoyer le visage et le cou et appliquer \u00e0 l\u2019aide d\u2019un coton. Utiliser quotidiennement, matin et soir. Les ingr\u00e9dients principaux Contient: de l\u2019Azul\u00e8ne (agent apaisant d\u00e9riv\u00e9 de la Camomille), de la vitamine E et de l\u2019Allanto\u00efne.Azulene lotion yellow rose cosmetics<\/p>\n<p>&nbsp;<\/p>\n<p>&nbsp;<\/p>\n<p><strong>Soothing lotion for dry and sensitive skin types.<\/strong><\/p>\n<p>Complements the action of cleansing milks.<\/p>\n<p>Alcohol free.<\/p>\n<p>Use<\/p>\n<p>Apply with cotton pad over cleansed face and neck. Use daily.<\/p>\n<p>Main Ingredients<\/p>\n<p>Azulene<\/p>\n<p>A very effective anti-inflammatory and soothing agent derived from the Chamomile.<\/p>\n<p>Vitamin E<\/p>\n<p>Vitamin E is a strong anti-oxidant, protecting the skin from aging and damaging due to free radicals.<\/p>\n<p>Allantoin<\/p>\n<p>Nourishing, soothing and healing factor. Helps restore damaged skin and has anti-inflammatory properties.<\/p>\n<p>Composition: aqua,propylene glycol,PPG-26-bureth-26,PEG40-hydrogenated castor o\u00efl,Peg-35 castor o\u00efl,guaiazylene,allantoine,citric acid,tocopheryl acetate,sodium citrate,phenoxynethanol,ethylglycerin,limonene,linalool,gernaiol,parfum<\/p>\n<p>&nbsp;<\/dd>\n<\/dl>\n","protected":false},"featured_media":3495,"comment_status":"open","ping_status":"closed","template":"","meta":[],"_links":{"self":[{"href":"https:\/\/www.saphy.com\/healthcare-cosmetique\/wp-json\/wp\/v2\/product\/3389"}],"collection":[{"href":"https:\/\/www.saphy.com\/healthcare-cosmetique\/wp-json\/wp\/v2\/product"}],"about":[{"href":"https:\/\/www.saphy.com\/healthcare-cosmetique\/wp-json\/wp\/v2\/types\/product"}],"replies":[{"embeddable":true,"href":"https:\/\/www.saphy.com\/healthcare-cosmetique\/wp-json\/wp\/v2\/comments?post=3389"}],"wp:featuredmedia":[{"embeddable":true,"href":"https:\/\/www.saphy.com\/healthcare-cosmetique\/wp-json\/wp\/v2\/media\/3495"}],"wp:attachment":[{"href":"https:\/\/www.saphy.com\/healthcare-cosmetique\/wp-json\/wp\/v2\/media?parent=3389"}],"curies":[{"name":"wp","href":"https:\/\/api.w.org\/{rel}","templated":true}]}}