{"id":3395,"date":"2017-11-23T17:13:52","date_gmt":"2017-11-23T16:13:52","guid":{"rendered":"https:\/\/www.saphy.com\/healthcare-cosmetique\/?post_type=product&#038;p=3395"},"modified":"2022-10-24T10:40:34","modified_gmt":"2022-10-24T09:40:34","slug":"gel-nettoyant-astringent-a-la-mandarine-himalaya-herbals","status":"publish","type":"product","link":"https:\/\/www.saphy.com\/healthcare-cosmetique\/produit\/gel-nettoyant-astringent-a-la-mandarine-himalaya-herbals\/","title":{"rendered":"Gel nettoyant astringent \u00e0 la mandarine Himalaya Herbals"},"content":{"rendered":"<p>Gel nettoyant astringent \u00e0 la mandarine Himalaya Herbals<\/p>\n<p>Depuis 1930, Himalaya puise et exploite pour vous les tr\u00e9sors de la m\u00e9decine ayurv\u00e9dique vieille de 5000 ans ! Des recherches approfondies sur les plantes du monde entier ont \u00e9t\u00e9 men\u00e9es par ses experts. Celles-ci ont abouti \u00e0 une s\u00e9lection d\u2019ingr\u00e9dients enti\u00e8rement naturels dont les bienfaits sont av\u00e9r\u00e9s sur la sant\u00e9 et la beaut\u00e9 Himalaya a su combiner cet immense savoir traditionnel avec les techniques modernes afin de cr\u00e9er les combinaisons parfaitement adapt\u00e9es aux besoins de l\u2019homme contemporain. Gr\u00e2ce \u00e0 l&rsquo;engagement de plus de 2000 collaborateurs, dont une \u00e9quipe de 100 chercheurs, Himalaya Herbals est une soci\u00e9t\u00e9 pl\u00e9biscit\u00e9e dans plus de 90 pays \u00e0 travers le monde et de plus de 100.000 m\u00e9decins y prescrivent nos produits.<\/p>\n<p>Le gel nettoyant astringent \u00e0 la mandarine, riche en herbes actives est sp\u00e9cialement formul\u00e9 pour resserrer les pores dilat\u00e9s et matifier votre peau.<\/p>\n<p>L\u2019action astringente de l\u2019hamam\u00e9lis et du Triphala minimise et resserre les pores.Le zeste de mandarine lisse,rafraichit et matifie le teint. Id\u00e9al pour les peaux mixtes \u00e0 grasses<\/p>\n<p>Principaux composants botaniques:<\/p>\n<p>Hamam\u00e9lis<\/p>\n<p>Triphala<\/p>\n<p>Mandarine<\/p>\n<p>Conseil d\u2019utilisation: Humidifier votre visage et appliquer une noisette du produit .Masser doucement en mouvements circulaires. Rincer et s\u00e9cher.<\/p>\n<p>Pore tightening tangerine face wash Himalaya Herbals<\/p>\n<p data-placeholder=\"Traduction\">Since 1930, Himalaya draws and exploits for you the treasures of Ayurvedic medicine 5000 years old! Extensive research on plants around the world has been conducted by its experts. These have resulted in a selection of all natural ingredients whose benefits are proven to health and beauty Himalaya has combined this immense traditional knowledge with modern techniques to create combinations perfectly suited to the needs of contemporary man . Thanks to the commitment of more than 2,000 collaborators, including a team of 100 researchers, Himalaya Herbals is a company acclaimed in more than 90 countries around the world and more than 100,000 doctors prescribe our products.<\/p>\n<p>The Mandarin-rich, active herb cleanser is specially formulated to tighten the enlarged pores and blotting your skin.<br \/>\nThe astringent action of witch hazel and Triphala minimizes and tightens the pores. The smooth tangerine zest, freshens and gives the complexion. Ideal for oily mixed skins<br \/>\nMain Botanical components:<br \/>\nHazel<br \/>\nTriphala<br \/>\nMandarin<br \/>\nUse tip: moisten your face and apply a hazelnut of the product. Gently massage into circular movements. Rinse and dry.<\/p>\n<p>&nbsp;<\/p>\n<p>&nbsp;<\/p>\n<p>&nbsp;<\/p>\n","protected":false},"excerpt":{"rendered":"<p>Gel nettoyant astringent \u00e0 la mandarine Himalaya Herbals<\/p>\n<p>Depuis 1930, Himalaya puise et exploite pour vous les tr\u00e9sors de la m\u00e9decine ayurv\u00e9dique vieille de 5000 ans ! Des recherches approfondies sur les plantes du monde entier ont \u00e9t\u00e9 men\u00e9es par ses experts. Celles-ci ont abouti \u00e0 une s\u00e9lection d\u2019ingr\u00e9dients enti\u00e8rement naturels dont les bienfaits sont av\u00e9r\u00e9s sur la sant\u00e9 et la beaut\u00e9 Himalaya a su combiner cet immense savoir traditionnel avec les techniques modernes afin de cr\u00e9er les combinaisons parfaitement adapt\u00e9es aux besoins de l\u2019homme contemporain. Gr\u00e2ce \u00e0 l&rsquo;engagement de plus de 2000 collaborateurs, dont une \u00e9quipe de 100 chercheurs, Himalaya Herbals est une soci\u00e9t\u00e9 pl\u00e9biscit\u00e9e dans plus de 90 pays \u00e0 travers le monde et de plus de 100.000 m\u00e9decins y prescrivent nos produits.<\/p>\n<p>Le gel nettoyant astringent \u00e0 la mandarine, riche en herbes actives est sp\u00e9cialement formul\u00e9 pour resserrer les pores dilat\u00e9s et matifier votre peau.<\/p>\n<p>L\u2019action astringente de l\u2019hamam\u00e9lis et du Triphala minimise et resserre les pores.Le zeste de mandarine lisse,rafraichit et matifie le teint. Id\u00e9al pour les peaux mixtes \u00e0 grasses<\/p>\n<p>Principaux composants botaniques:<\/p>\n<p>Hamam\u00e9lis<\/p>\n<p>Triphala<\/p>\n<p>Mandarine<\/p>\n<p>Conseil d\u2019utilisation: Humidifier votre visage et appliquer une noisette du produit .Masser doucement en mouvements circulaires. Rincer et s\u00e9cher.<\/p>\n<p>Pore tightening tangerine face wash Himalaya Herbals<\/p>\n<p data-placeholder=\"Traduction\">Since 1930, Himalaya draws and exploits for you the treasures of Ayurvedic medicine 5000 years old! Extensive research on plants around the world has been conducted by its experts. These have resulted in a selection of all natural ingredients whose benefits are proven to health and beauty Himalaya has combined this immense traditional knowledge with modern techniques to create combinations perfectly suited to the needs of contemporary man . Thanks to the commitment of more than 2,000 collaborators, including a team of 100 researchers, Himalaya Herbals is a company acclaimed in more than 90 countries around the world and more than 100,000 doctors prescribe our products.<\/p>\n<p>The Mandarin-rich, active herb cleanser is specially formulated to tighten the enlarged pores and blotting your skin.<br \/>\nThe astringent action of witch hazel and Triphala minimizes and tightens the pores. The smooth tangerine zest, freshens and gives the complexion. Ideal for oily mixed skins<br \/>\nMain Botanical components:<br \/>\nHazel<br \/>\nTriphala<br \/>\nMandarin<br \/>\nUse tip: moisten your face and apply a hazelnut of the product. Gently massage into circular movements. Rinse and dry.<\/p>\n<p>&nbsp;<\/p>\n<p>&nbsp;<\/p>\n<p>&nbsp;<\/p>\n","protected":false},"featured_media":4051,"comment_status":"open","ping_status":"closed","template":"","meta":[],"_links":{"self":[{"href":"https:\/\/www.saphy.com\/healthcare-cosmetique\/wp-json\/wp\/v2\/product\/3395"}],"collection":[{"href":"https:\/\/www.saphy.com\/healthcare-cosmetique\/wp-json\/wp\/v2\/product"}],"about":[{"href":"https:\/\/www.saphy.com\/healthcare-cosmetique\/wp-json\/wp\/v2\/types\/product"}],"replies":[{"embeddable":true,"href":"https:\/\/www.saphy.com\/healthcare-cosmetique\/wp-json\/wp\/v2\/comments?post=3395"}],"wp:featuredmedia":[{"embeddable":true,"href":"https:\/\/www.saphy.com\/healthcare-cosmetique\/wp-json\/wp\/v2\/media\/4051"}],"wp:attachment":[{"href":"https:\/\/www.saphy.com\/healthcare-cosmetique\/wp-json\/wp\/v2\/media?parent=3395"}],"curies":[{"name":"wp","href":"https:\/\/api.w.org\/{rel}","templated":true}]}}