{"id":3414,"date":"2017-12-01T13:13:52","date_gmt":"2017-12-01T12:13:52","guid":{"rendered":"https:\/\/www.saphy.com\/healthcare-cosmetique\/?post_type=product&#038;p=3414"},"modified":"2022-01-03T15:39:45","modified_gmt":"2022-01-03T14:39:45","slug":"masque-cellulaire-pour-les-yeux-yellow-rose-cosmetics","status":"publish","type":"product","link":"https:\/\/www.saphy.com\/healthcare-cosmetique\/produit\/masque-cellulaire-pour-les-yeux-yellow-rose-cosmetics\/","title":{"rendered":"Masque cellulaire pour les yeux Yellow Rose cosmetics"},"content":{"rendered":"<h1>Masque cellulaire pour les yeux Yellow Rose cosmetics<\/h1>\n<p>Masque gel d\u00e9congestionnant , anti-\u00e2ge, raffermissant et hydratant pour le contour des yeux fatigu\u00e9s.<\/p>\n<p>Cette formule hautement concentr\u00e9e aux cellules Souches V\u00e9g\u00e9tales, auxOligopeptides, aux extraits naturels et \u00e0 d\u2019autres ingr\u00e9dients actifs lutte contre les rides et les ridules d\u2019expression, les cernes et les poches.<\/p>\n<p>Laisse la peau ferme, douce et \u00e9clatante et offre un regard calme, frais et jeune.<\/p>\n<p>Test\u00e9 sous contr\u00f4le ophtalmologique et dermatologique.<\/p>\n<p>Utilisation<\/p>\n<p>Appliquer la quantit\u00e9 n\u00e9c\u00e9ssaire pour recouvrir le contour de l&rsquo;\u0153il,masser de mani\u00e8ere circulaire pendant 1 \u00e0 2 minutes et laisser poser 10 \u00e0 15 minutes.Enlever le restant de masque avec un coton imbib\u00e9 de lotion ou \u00e0 l&rsquo;eau puis appliquer le <a href=\"https:\/\/www.saphy.com\/healthcare-cosmetique\/produit\/creme-cellulaire-pour-le-contour-des-yeux-yellow-rose-cosmetics\/\">contour des yeux cellulaire Yellow rose cosmetics<\/a>. S&rsquo;utilise 1 \u00e0 3 fois par semaine.<\/p>\n<p><strong>Les ingr\u00e9dients principaux<\/strong><\/p>\n<p>Contient des Cellules Souches V\u00e9g\u00e9tales (protection cellulaire et r\u00e9g\u00e9n\u00e9ration), d\u2019un complexe d\u2019Oligopeptides de Hibiscus Esculentus (Gombo) (effet \u00abBotox-like\u00bb et antioxydant), de l\u2019Acide Hyaluronique de poids mol\u00e9culaire haut, faible et tr\u00e8s faible (hydratation efficace), d\u2019un nouveau syst\u00e8me avanc\u00e9 pour pr\u00e9venir et combattre les poches sous les yeux (Hesp\u00e9ridine M\u00e9thylchalcone, Dipeptide Valyl-Tryptophane, Oligopeptide et liposomes \u00e0 la Carnitine et \u00e0 la Caf\u00e9ine) et d\u2019un m\u00e9lange sp\u00e9cial pour la r\u00e9duction des cernes sous les yeux (2 oligopeptides &#8211; PAL-GHK + Pal-GQPR -, N-hydroxysuccinimide et le flavono\u00efde Crysin).<\/p>\n<p>Contient \u00e9galement des antioxydants (Vitamine E, Liposomes au coenzyme Q10 et \u00e0 la Carnitine), du Niacinamide, de l\u2019extrait d\u2019Euphrasie (une plante traditionnellement utilis\u00e9e pour les infections et des irritations oculaires, car il est riche en flavono\u00efdes et gallotanins aux vertus anti-inflammatoires et tonifiantes), des Liposomes aux Sphingolipides (hydratation et protection des membranes cellulaires), des prot\u00e9ines de Bl\u00e9 raffermissantes, du distillat de Rose (hydratant et apaisant), de l\u2019extrait de Concombre, de la Trimethylglycine (acide amin\u00e9 hydratant, naturellement pr\u00e9sent dans les organismes vivants), des extraits apaisants d\u2019Hirudo medicinalis, de l\u2019a-Bisabolol, du gel d\u2019Aloe Vera, du d-Panth\u00e9nol (pro-vitamine B5) et de l\u2019Allanto\u00efne.<\/p>\n<p>&nbsp;<\/p>\n<p>&nbsp;<\/p>\n<p id=\"tw-target-text\" class=\"tw-data-text tw-ta tw-text-small\" dir=\"ltr\" data-placeholder=\"Traduction\"><strong><span lang=\"en\">Cell Phone Mask Yellow Rose cosmetics<\/span><\/strong><\/p>\n<p class=\"tw-data-text tw-ta tw-text-small\" dir=\"ltr\" data-placeholder=\"Traduction\"><span lang=\"en\">Gel mask decongestant, anti-aging, firming and moisturizing for the contour of tired eyes. <\/span><\/p>\n<p class=\"tw-data-text tw-ta tw-text-small\" dir=\"ltr\" data-placeholder=\"Traduction\"><span lang=\"en\">This highly concentrated formula with Plant Stem cells, Oligopeptides, natural extracts and other active ingredients fights wrinkles and fine lines, dark circles and puffiness. <\/span><\/p>\n<p class=\"tw-data-text tw-ta tw-text-small\" dir=\"ltr\" data-placeholder=\"Traduction\"><span lang=\"en\">Leaves skin firm, soft and radiant and offers a calm, fresh and youthful look. <\/span><\/p>\n<p class=\"tw-data-text tw-ta tw-text-small\" dir=\"ltr\" data-placeholder=\"Traduction\"><span lang=\"en\">Tested under ophthalmological and dermatological control.<\/span><\/p>\n<p class=\"tw-data-text tw-ta tw-text-small\" dir=\"ltr\" data-placeholder=\"Traduction\"><span lang=\"en\">use <\/span><\/p>\n<p class=\"tw-data-text tw-ta tw-text-small\" dir=\"ltr\" data-placeholder=\"Traduction\"><span lang=\"en\">Apply the amount necessary to cover the eye contour, massage circularly for 1 to 2 minutes and leave for 10 to 15 minutes.Remove the remaining mask with a cotton soaked in lotion or water and apply the outline Cellular eyes yellow rose cosmetics. Use 1 to 3 times a week.<\/span><\/p>\n<p class=\"tw-data-text tw-ta tw-text-small\" dir=\"ltr\" data-placeholder=\"Traduction\"><span lang=\"en\">The main ingredients <\/span><\/p>\n<p class=\"tw-data-text tw-ta tw-text-small\" dir=\"ltr\" data-placeholder=\"Traduction\"><span lang=\"en\">Contains Plant Stem Cells (Cell Protection and Regeneration), Oligopeptides complex of Hibiscus Esculentus (Gombo) (Botox-like effect and antioxidant), Hyaluronic Acid of high molecular weight, low and very low (effective hydration), a new advanced system to prevent and fight under-eye bags (Hesperidin Methylchalcone, Dipeptide Valyl-Tryptophan, Oligopeptide and Carnitine and Caffeine Liposomes) and a special blend for the reduction of under eye circles (2 oligopeptides &#8211; PAL-GHK + Pal-GQPR -, N-hydroxysuccinimide and flavonoid Crysin). <\/span><\/p>\n<p class=\"tw-data-text tw-ta tw-text-small\" dir=\"ltr\" data-placeholder=\"Traduction\"><span lang=\"en\">Also contains antioxidants (Vitamin E, Coenzyme Q10 and Carnitine Liposomes), Niacinamide, Euphrasia Extract (a plant traditionally used for infections and eye irritations because it is rich in flavonoids and gallotannins with anti-inflammatory and toning virtues), Liposomes with Sphingolipids (hydration and protection of cell membranes), Firming Wheat proteins, Rose Distillate (moisturizing and soothing), Cucumber extract, Trimethylglycine (amino acid) moisturizer, naturally present in living organisms), soothing extracts of Hirudo medicinalis, a-Bisabolol, Aloe Vera gel, d-Panthenol (pro-vitamin B5) and Allantoin.<\/span><\/p>\n<p>&nbsp;<\/p>\n","protected":false},"excerpt":{"rendered":"<h1>Masque cellulaire pour les yeux Yellow Rose cosmetics<\/h1>\n<p>Masque gel d\u00e9congestionnant , anti-\u00e2ge, raffermissant et hydratant pour le contour des yeux fatigu\u00e9s.<\/p>\n<p>Cette formule hautement concentr\u00e9e aux cellules Souches V\u00e9g\u00e9tales, auxOligopeptides, aux extraits naturels et \u00e0 d\u2019autres ingr\u00e9dients actifs lutte contre les rides et les ridules d\u2019expression, les cernes et les poches.<\/p>\n<p>Laisse la peau ferme, douce et \u00e9clatante et offre un regard calme, frais et jeune.<\/p>\n<p>Test\u00e9 sous contr\u00f4le ophtalmologique et dermatologique.<\/p>\n<p>Utilisation<\/p>\n<p>Appliquer la quantit\u00e9 n\u00e9c\u00e9ssaire pour recouvrir le contour de l&rsquo;\u0153il,masser de mani\u00e8ere circulaire pendant 1 \u00e0 2 minutes et laisser poser 10 \u00e0 15 minutes.Enlever le restant de masque avec un coton imbib\u00e9 de lotion ou \u00e0 l&rsquo;eau puis appliquer le <a href=\"https:\/\/www.saphy.com\/healthcare-cosmetique\/produit\/creme-cellulaire-pour-le-contour-des-yeux-yellow-rose-cosmetics\/\">contour des yeux cellulaire Yellow rose cosmetics<\/a>. S&rsquo;utilise 1 \u00e0 3 fois par semaine.<\/p>\n<p><strong>Les ingr\u00e9dients principaux<\/strong><\/p>\n<p>Contient des Cellules Souches V\u00e9g\u00e9tales (protection cellulaire et r\u00e9g\u00e9n\u00e9ration), d\u2019un complexe d\u2019Oligopeptides de Hibiscus Esculentus (Gombo) (effet \u00abBotox-like\u00bb et antioxydant), de l\u2019Acide Hyaluronique de poids mol\u00e9culaire haut, faible et tr\u00e8s faible (hydratation efficace), d\u2019un nouveau syst\u00e8me avanc\u00e9 pour pr\u00e9venir et combattre les poches sous les yeux (Hesp\u00e9ridine M\u00e9thylchalcone, Dipeptide Valyl-Tryptophane, Oligopeptide et liposomes \u00e0 la Carnitine et \u00e0 la Caf\u00e9ine) et d\u2019un m\u00e9lange sp\u00e9cial pour la r\u00e9duction des cernes sous les yeux (2 oligopeptides &#8211; PAL-GHK + Pal-GQPR -, N-hydroxysuccinimide et le flavono\u00efde Crysin).<\/p>\n<p>Contient \u00e9galement des antioxydants (Vitamine E, Liposomes au coenzyme Q10 et \u00e0 la Carnitine), du Niacinamide, de l\u2019extrait d\u2019Euphrasie (une plante traditionnellement utilis\u00e9e pour les infections et des irritations oculaires, car il est riche en flavono\u00efdes et gallotanins aux vertus anti-inflammatoires et tonifiantes), des Liposomes aux Sphingolipides (hydratation et protection des membranes cellulaires), des prot\u00e9ines de Bl\u00e9 raffermissantes, du distillat de Rose (hydratant et apaisant), de l\u2019extrait de Concombre, de la Trimethylglycine (acide amin\u00e9 hydratant, naturellement pr\u00e9sent dans les organismes vivants), des extraits apaisants d\u2019Hirudo medicinalis, de l\u2019a-Bisabolol, du gel d\u2019Aloe Vera, du d-Panth\u00e9nol (pro-vitamine B5) et de l\u2019Allanto\u00efne.<\/p>\n<p>&nbsp;<\/p>\n<p>&nbsp;<\/p>\n<p id=\"tw-target-text\" class=\"tw-data-text tw-ta tw-text-small\" dir=\"ltr\" data-placeholder=\"Traduction\"><strong><span lang=\"en\">Cell Phone Mask Yellow Rose cosmetics<\/span><\/strong><\/p>\n<p class=\"tw-data-text tw-ta tw-text-small\" dir=\"ltr\" data-placeholder=\"Traduction\"><span lang=\"en\">Gel mask decongestant, anti-aging, firming and moisturizing for the contour of tired eyes. <\/span><\/p>\n<p class=\"tw-data-text tw-ta tw-text-small\" dir=\"ltr\" data-placeholder=\"Traduction\"><span lang=\"en\">This highly concentrated formula with Plant Stem cells, Oligopeptides, natural extracts and other active ingredients fights wrinkles and fine lines, dark circles and puffiness. <\/span><\/p>\n<p class=\"tw-data-text tw-ta tw-text-small\" dir=\"ltr\" data-placeholder=\"Traduction\"><span lang=\"en\">Leaves skin firm, soft and radiant and offers a calm, fresh and youthful look. <\/span><\/p>\n<p class=\"tw-data-text tw-ta tw-text-small\" dir=\"ltr\" data-placeholder=\"Traduction\"><span lang=\"en\">Tested under ophthalmological and dermatological control.<\/span><\/p>\n<p class=\"tw-data-text tw-ta tw-text-small\" dir=\"ltr\" data-placeholder=\"Traduction\"><span lang=\"en\">use <\/span><\/p>\n<p class=\"tw-data-text tw-ta tw-text-small\" dir=\"ltr\" data-placeholder=\"Traduction\"><span lang=\"en\">Apply the amount necessary to cover the eye contour, massage circularly for 1 to 2 minutes and leave for 10 to 15 minutes.Remove the remaining mask with a cotton soaked in lotion or water and apply the outline Cellular eyes yellow rose cosmetics. Use 1 to 3 times a week.<\/span><\/p>\n<p class=\"tw-data-text tw-ta tw-text-small\" dir=\"ltr\" data-placeholder=\"Traduction\"><span lang=\"en\">The main ingredients <\/span><\/p>\n<p class=\"tw-data-text tw-ta tw-text-small\" dir=\"ltr\" data-placeholder=\"Traduction\"><span lang=\"en\">Contains Plant Stem Cells (Cell Protection and Regeneration), Oligopeptides complex of Hibiscus Esculentus (Gombo) (Botox-like effect and antioxidant), Hyaluronic Acid of high molecular weight, low and very low (effective hydration), a new advanced system to prevent and fight under-eye bags (Hesperidin Methylchalcone, Dipeptide Valyl-Tryptophan, Oligopeptide and Carnitine and Caffeine Liposomes) and a special blend for the reduction of under eye circles (2 oligopeptides &#8211; PAL-GHK + Pal-GQPR -, N-hydroxysuccinimide and flavonoid Crysin). <\/span><\/p>\n<p class=\"tw-data-text tw-ta tw-text-small\" dir=\"ltr\" data-placeholder=\"Traduction\"><span lang=\"en\">Also contains antioxidants (Vitamin E, Coenzyme Q10 and Carnitine Liposomes), Niacinamide, Euphrasia Extract (a plant traditionally used for infections and eye irritations because it is rich in flavonoids and gallotannins with anti-inflammatory and toning virtues), Liposomes with Sphingolipids (hydration and protection of cell membranes), Firming Wheat proteins, Rose Distillate (moisturizing and soothing), Cucumber extract, Trimethylglycine (amino acid) moisturizer, naturally present in living organisms), soothing extracts of Hirudo medicinalis, a-Bisabolol, Aloe Vera gel, d-Panthenol (pro-vitamin B5) and Allantoin.<\/span><\/p>\n<p>&nbsp;<\/p>\n","protected":false},"featured_media":3498,"comment_status":"open","ping_status":"closed","template":"","meta":[],"_links":{"self":[{"href":"https:\/\/www.saphy.com\/healthcare-cosmetique\/wp-json\/wp\/v2\/product\/3414"}],"collection":[{"href":"https:\/\/www.saphy.com\/healthcare-cosmetique\/wp-json\/wp\/v2\/product"}],"about":[{"href":"https:\/\/www.saphy.com\/healthcare-cosmetique\/wp-json\/wp\/v2\/types\/product"}],"replies":[{"embeddable":true,"href":"https:\/\/www.saphy.com\/healthcare-cosmetique\/wp-json\/wp\/v2\/comments?post=3414"}],"wp:featuredmedia":[{"embeddable":true,"href":"https:\/\/www.saphy.com\/healthcare-cosmetique\/wp-json\/wp\/v2\/media\/3498"}],"wp:attachment":[{"href":"https:\/\/www.saphy.com\/healthcare-cosmetique\/wp-json\/wp\/v2\/media?parent=3414"}],"curies":[{"name":"wp","href":"https:\/\/api.w.org\/{rel}","templated":true}]}}