{"id":3464,"date":"2018-01-17T13:49:24","date_gmt":"2018-01-17T12:49:24","guid":{"rendered":"https:\/\/www.saphy.com\/healthcare-cosmetique\/?post_type=product&#038;p=3464"},"modified":"2018-10-10T10:42:02","modified_gmt":"2018-10-10T09:42:02","slug":"creme-antirides-yellow-rose-cosmetics-for-men","status":"publish","type":"product","link":"https:\/\/www.saphy.com\/healthcare-cosmetique\/produit\/creme-antirides-yellow-rose-cosmetics-for-men\/","title":{"rendered":"Cr\u00e8me antirides  Yellow rose cosmetics for men"},"content":{"rendered":"<h1>Cr\u00e8me antirides Yellow rose cosmetics for men<\/h1>\n<p>Une Cr\u00e8me hydratante, anti-rides et raffermissante pour les hommes.<\/p>\n<p>Formul\u00e9 sp\u00e9cialement avec une texture de lumi\u00e8re unique qui\u00a0 est instantan\u00e9ment absorb\u00e9 en laissant la peau tonique et lisse. Aide \u00e0 r\u00e9duire l&rsquo;apparence des rides, des lignes d&rsquo;expression, le manque d&rsquo;\u00e9lasticit\u00e9 et d&rsquo;autres signes de vieillissement, laissant une finition fra\u00eeche et mate.<\/p>\n<p>Convient \u00e0 tous les types de peau.<\/p>\n<p>Efficacit\u00e9 cliniquement test\u00e9e.<br \/>\nTest\u00e9 dermatologiquement.<\/p>\n<p>Utilisation de ce produit: utiliser quotidiennement, matin et soir. Appliquez sur une peau nettoy\u00e9e\u00a0en massant d\u00e9licatement jusqu&rsquo;\u00e0 absorption.<\/p>\n<p>Principaux ingr\u00e9dients<br \/>\nAcide hyaluronique (haut, faible et extra-faible poids mol\u00e9culaire), tonifiant et antioxydant extrait de ginseng, anti-ride oligopeptides ( \u00ab\u00a0Botox-like \u00a0\u00bb effet et \u00ab\u00a0r\u00e9tinienne-like \u00a0\u00bb effet), hydratant et raffermissant collag\u00e8ne marin et d&rsquo;\u00e9lastine, antioxydant olive extraits de feuilles et de th\u00e9 blanc, \u00e9l\u00e9ments de traces raffermissants et tonifiants (Zn, mg, Cu), silanols raffermissant et \u00e9claircissant, c\u00e9ramides hydratant et protecteur, a-bisabolol, beurre de karit\u00e9, antioxydant et conditionnement de la peau huile d&rsquo;olive insaponifiables, huile de jojoba, Aloe Vera gel, vitamine E, QlO co-enzymatique, polysaccharide hydratant, extrait de concombre, allanto\u00efne et panth\u00e9nol.<\/p>\n<p>pot 50 ml.<\/p>\n<p>Ingr\u00e9dients: Aqua (eau), glyc\u00e9rine, propanediol, alcool c\u00e9tylique Syclopentasilox et alcanes de noix de coco, huile de graines de polyacrylate-13, Simmondsia Chinensis, beurre de Parkil, kaprate de caprylyle, isohexad\u00e9cane, carbonate de Olivate, extrait de racine de Panax Ginseng Olea Europaea (olive) extrait de feuille Jus de feuille d&rsquo;Aloe Barbadensis, insaponifiables de l&rsquo;huile d&rsquo;olive hydrog\u00e9n\u00e9e, hyaluronate de sodium, extrait de feuille de camellia Sinensis, concombre de Cucurnis Sativus Collag\u00e8ne soluble, \u00e9lastine hydrolys\u00e9e, Palmitoyl Tripeptide-38 -1. L&rsquo;aspartate de magn\u00e9sium. Gluconate de zinc, gluconate de cuivre, extrait de c\u00e9ramide AP Methylsilanol Maritimum, aspartate d&rsquo;ubiquinone c\u00e9ramide EOP. Pectinate de carnitine et d&rsquo;ascorbyle m\u00e9thylsilanol, c\u00e9ramide NP, m\u00e9thylsilanol, mannuronate de m\u00e9thyle, phytosphingosine, cholest\u00e9rol, panth\u00e9nol, lanoline, allanto\u00efne bisabolol polym\u00e9thylsilsesquioxane, polym\u00e8re crois\u00e9 de 1,2-hexanediol polyisobut\u00e8ne dim\u00e9thicone, m\u00e9thylgluceth-20, ac\u00e9tate de tocoph\u00e9rol Caprate, Acide Caprylhydroxamique, M\u00e9thylpropanediol, Butyl\u00e8ne Glycol Pentyl\u00e8ne Glycol, Polysorbate 20, Lactylate de Lauroyle Sodique, Hydroxypropyl Cyclodextrine, Silice, Carbom\u00e8re, L\u00e9cithine, Benzoate de Sodium, Gomme Acacia S\u00e9n\u00e9gal, Gomme Xanthane, Parfum (Parfum)<\/p>\n<p>&nbsp;<\/p>\n<p><strong>FOR MEN ANTI-AGEING FACE CREAM YELLOW ROSE COSMETICS<\/strong><\/p>\n<p>Moisturising, anti-wrinkle and firming cream for men. Formulated specially with unique light texture, it is instantly absorbed leaving the skin toned and smooth. Helps reduce the appearance of wrinkles, expression lines, lack of elasticity and other signs of ageing, leav\u00ading a fresh and matte finish.<\/p>\n<p>Suitable for all skin types.<\/p>\n<p>Clinically tested efficacy.<\/p>\n<p>Dermatologically tested.<\/p>\n<p><strong>Using this Product:<\/strong><\/p>\n<p>Use daily, morning and evening. Apply to clean skin and massage gently unit absorbed.<\/p>\n<p><strong>Main Ingredients<\/strong><\/p>\n<p><strong>Hyaluronic acid<\/strong> (high, low and extra low molecular weight), <strong>toning and antioxidant Ginseng extract<\/strong>, <strong>anti-wrinkle Oligopeptides<\/strong> (\u00ab\u00a0Botox-like\u00a0\u00bb effect and \u00ab\u00a0Retinal-like\u00a0\u00bb effect), moisturising and firming <strong>marine Collagen<\/strong> and <strong>Elastin<\/strong>, antioxidant <strong>Olive leaf and White tea extracts<\/strong>, firming and toning <strong>trace Ele\u00adments (Zn, Mg, Cu)<\/strong>, firming and brightening <strong>Silanols<\/strong>, moisturising and protective <strong>Ceramides, a-Bisabolol, Shea butter,<\/strong> antioxidant and skin conditioning <strong>Olive oil unsaponifiables, Jojoba oil, Aloe Vera gel, Vitamin E, Co-enzyme QlO<\/strong>, moisturising <strong>Polysaccharide, Cu\u00adcumber extract, Allantoin and Panthenol<\/strong>.<\/p>\n<p>50 ml.<\/p>\n<p>Ingredients: Aqua (water), glycerine, propanediol, cetyl alcohol Syclopentasilox and coconut alkanes, polyacrylate-13 seed oil, Simmondsia Chinensis, Parkil butter, caprylyl kaprate, isohexadecane, Olivate carbonate, root extract Panax Ginseng Olea Europaea (Olive) Leaf Extract Aloe Barbadensis Leaf Juice, Unsaponifiable Hydrogenated Olive Oil, Sodium Hyaluronate, Camellia Sinensis Leaf Extract, Cucurnis Sativus Cucumber Soluble Collagen, Hydrolyzed Elastin, Palmitoyl Tripeptide-38 -1. Magnesium aspartate. Zinc Gluconate, Copper Gluconate, Ceramide Extract AP Methylsilanol Maritimum, Ubiquinone Ceramide EOP Aspartate. Carnitine and ascorbyl methylsilanol pectinate, NP ceramide, methylsilanol, methyl mannuronate, phytosphingosine, cholesterol, panthenol, lanolin, allantoin bisabolol polymethylsilsesquioxane, cross polymer of 1,2-hexanediol polyisobutene dimethicone, methylgluceth-20, tocopherol acetate Caprate, Caprylhydroxamic Acid, Methylpropanediol, Butylene Glycol Pentylene Glycol, Polysorbate 20, Lauroyl Sodium Lactylate, Hydroxypropyl Cyclodextrin, Silica, Carbomer, Lecithin, Sodium Benzoate, Acacia Gum Senegal, Xanthan Gum, Fragrance (Fragrance)<\/p>\n","protected":false},"excerpt":{"rendered":"<h1>Cr\u00e8me antirides Yellow rose cosmetics for men<\/h1>\n<p>Une Cr\u00e8me hydratante, anti-rides et raffermissante pour les hommes.<\/p>\n<p>Formul\u00e9 sp\u00e9cialement avec une texture de lumi\u00e8re unique qui\u00a0 est instantan\u00e9ment absorb\u00e9 en laissant la peau tonique et lisse. Aide \u00e0 r\u00e9duire l&rsquo;apparence des rides, des lignes d&rsquo;expression, le manque d&rsquo;\u00e9lasticit\u00e9 et d&rsquo;autres signes de vieillissement, laissant une finition fra\u00eeche et mate.<\/p>\n<p>Convient \u00e0 tous les types de peau.<\/p>\n<p>Efficacit\u00e9 cliniquement test\u00e9e.<br \/>\nTest\u00e9 dermatologiquement.<\/p>\n<p>Utilisation de ce produit: utiliser quotidiennement, matin et soir. Appliquez sur une peau nettoy\u00e9e\u00a0en massant d\u00e9licatement jusqu&rsquo;\u00e0 absorption.<\/p>\n<p>Principaux ingr\u00e9dients<br \/>\nAcide hyaluronique (haut, faible et extra-faible poids mol\u00e9culaire), tonifiant et antioxydant extrait de ginseng, anti-ride oligopeptides ( \u00ab\u00a0Botox-like \u00a0\u00bb effet et \u00ab\u00a0r\u00e9tinienne-like \u00a0\u00bb effet), hydratant et raffermissant collag\u00e8ne marin et d&rsquo;\u00e9lastine, antioxydant olive extraits de feuilles et de th\u00e9 blanc, \u00e9l\u00e9ments de traces raffermissants et tonifiants (Zn, mg, Cu), silanols raffermissant et \u00e9claircissant, c\u00e9ramides hydratant et protecteur, a-bisabolol, beurre de karit\u00e9, antioxydant et conditionnement de la peau huile d&rsquo;olive insaponifiables, huile de jojoba, Aloe Vera gel, vitamine E, QlO co-enzymatique, polysaccharide hydratant, extrait de concombre, allanto\u00efne et panth\u00e9nol.<\/p>\n<p>pot 50 ml.<\/p>\n<p>Ingr\u00e9dients: Aqua (eau), glyc\u00e9rine, propanediol, alcool c\u00e9tylique Syclopentasilox et alcanes de noix de coco, huile de graines de polyacrylate-13, Simmondsia Chinensis, beurre de Parkil, kaprate de caprylyle, isohexad\u00e9cane, carbonate de Olivate, extrait de racine de Panax Ginseng Olea Europaea (olive) extrait de feuille Jus de feuille d&rsquo;Aloe Barbadensis, insaponifiables de l&rsquo;huile d&rsquo;olive hydrog\u00e9n\u00e9e, hyaluronate de sodium, extrait de feuille de camellia Sinensis, concombre de Cucurnis Sativus Collag\u00e8ne soluble, \u00e9lastine hydrolys\u00e9e, Palmitoyl Tripeptide-38 -1. L&rsquo;aspartate de magn\u00e9sium. Gluconate de zinc, gluconate de cuivre, extrait de c\u00e9ramide AP Methylsilanol Maritimum, aspartate d&rsquo;ubiquinone c\u00e9ramide EOP. Pectinate de carnitine et d&rsquo;ascorbyle m\u00e9thylsilanol, c\u00e9ramide NP, m\u00e9thylsilanol, mannuronate de m\u00e9thyle, phytosphingosine, cholest\u00e9rol, panth\u00e9nol, lanoline, allanto\u00efne bisabolol polym\u00e9thylsilsesquioxane, polym\u00e8re crois\u00e9 de 1,2-hexanediol polyisobut\u00e8ne dim\u00e9thicone, m\u00e9thylgluceth-20, ac\u00e9tate de tocoph\u00e9rol Caprate, Acide Caprylhydroxamique, M\u00e9thylpropanediol, Butyl\u00e8ne Glycol Pentyl\u00e8ne Glycol, Polysorbate 20, Lactylate de Lauroyle Sodique, Hydroxypropyl Cyclodextrine, Silice, Carbom\u00e8re, L\u00e9cithine, Benzoate de Sodium, Gomme Acacia S\u00e9n\u00e9gal, Gomme Xanthane, Parfum (Parfum)<\/p>\n<p>&nbsp;<\/p>\n<p><strong>FOR MEN ANTI-AGEING FACE CREAM YELLOW ROSE COSMETICS<\/strong><\/p>\n<p>Moisturising, anti-wrinkle and firming cream for men. Formulated specially with unique light texture, it is instantly absorbed leaving the skin toned and smooth. Helps reduce the appearance of wrinkles, expression lines, lack of elasticity and other signs of ageing, leav\u00ading a fresh and matte finish.<\/p>\n<p>Suitable for all skin types.<\/p>\n<p>Clinically tested efficacy.<\/p>\n<p>Dermatologically tested.<\/p>\n<p><strong>Using this Product:<\/strong><\/p>\n<p>Use daily, morning and evening. Apply to clean skin and massage gently unit absorbed.<\/p>\n<p><strong>Main Ingredients<\/strong><\/p>\n<p><strong>Hyaluronic acid<\/strong> (high, low and extra low molecular weight), <strong>toning and antioxidant Ginseng extract<\/strong>, <strong>anti-wrinkle Oligopeptides<\/strong> (\u00ab\u00a0Botox-like\u00a0\u00bb effect and \u00ab\u00a0Retinal-like\u00a0\u00bb effect), moisturising and firming <strong>marine Collagen<\/strong> and <strong>Elastin<\/strong>, antioxidant <strong>Olive leaf and White tea extracts<\/strong>, firming and toning <strong>trace Ele\u00adments (Zn, Mg, Cu)<\/strong>, firming and brightening <strong>Silanols<\/strong>, moisturising and protective <strong>Ceramides, a-Bisabolol, Shea butter,<\/strong> antioxidant and skin conditioning <strong>Olive oil unsaponifiables, Jojoba oil, Aloe Vera gel, Vitamin E, Co-enzyme QlO<\/strong>, moisturising <strong>Polysaccharide, Cu\u00adcumber extract, Allantoin and Panthenol<\/strong>.<\/p>\n<p>50 ml.<\/p>\n<p>Ingredients: Aqua (water), glycerine, propanediol, cetyl alcohol Syclopentasilox and coconut alkanes, polyacrylate-13 seed oil, Simmondsia Chinensis, Parkil butter, caprylyl kaprate, isohexadecane, Olivate carbonate, root extract Panax Ginseng Olea Europaea (Olive) Leaf Extract Aloe Barbadensis Leaf Juice, Unsaponifiable Hydrogenated Olive Oil, Sodium Hyaluronate, Camellia Sinensis Leaf Extract, Cucurnis Sativus Cucumber Soluble Collagen, Hydrolyzed Elastin, Palmitoyl Tripeptide-38 -1. Magnesium aspartate. Zinc Gluconate, Copper Gluconate, Ceramide Extract AP Methylsilanol Maritimum, Ubiquinone Ceramide EOP Aspartate. Carnitine and ascorbyl methylsilanol pectinate, NP ceramide, methylsilanol, methyl mannuronate, phytosphingosine, cholesterol, panthenol, lanolin, allantoin bisabolol polymethylsilsesquioxane, cross polymer of 1,2-hexanediol polyisobutene dimethicone, methylgluceth-20, tocopherol acetate Caprate, Caprylhydroxamic Acid, Methylpropanediol, Butylene Glycol Pentylene Glycol, Polysorbate 20, Lauroyl Sodium Lactylate, Hydroxypropyl Cyclodextrin, Silica, Carbomer, Lecithin, Sodium Benzoate, Acacia Gum Senegal, Xanthan Gum, Fragrance (Fragrance)<\/p>\n","protected":false},"featured_media":4066,"comment_status":"open","ping_status":"closed","template":"","meta":[],"_links":{"self":[{"href":"https:\/\/www.saphy.com\/healthcare-cosmetique\/wp-json\/wp\/v2\/product\/3464"}],"collection":[{"href":"https:\/\/www.saphy.com\/healthcare-cosmetique\/wp-json\/wp\/v2\/product"}],"about":[{"href":"https:\/\/www.saphy.com\/healthcare-cosmetique\/wp-json\/wp\/v2\/types\/product"}],"replies":[{"embeddable":true,"href":"https:\/\/www.saphy.com\/healthcare-cosmetique\/wp-json\/wp\/v2\/comments?post=3464"}],"wp:featuredmedia":[{"embeddable":true,"href":"https:\/\/www.saphy.com\/healthcare-cosmetique\/wp-json\/wp\/v2\/media\/4066"}],"wp:attachment":[{"href":"https:\/\/www.saphy.com\/healthcare-cosmetique\/wp-json\/wp\/v2\/media?parent=3464"}],"curies":[{"name":"wp","href":"https:\/\/api.w.org\/{rel}","templated":true}]}}