{"id":3466,"date":"2018-01-17T13:57:06","date_gmt":"2018-01-17T12:57:06","guid":{"rendered":"https:\/\/www.saphy.com\/healthcare-cosmetique\/?post_type=product&#038;p=3466"},"modified":"2018-10-10T10:43:13","modified_gmt":"2018-10-10T09:43:13","slug":"serum-contour-des-yeux-yellow-rose-cosmetics-for-men","status":"publish","type":"product","link":"https:\/\/www.saphy.com\/healthcare-cosmetique\/produit\/serum-contour-des-yeux-yellow-rose-cosmetics-for-men\/","title":{"rendered":"S\u00e9rum contour des yeux Yellow rose cosmetics for men"},"content":{"rendered":"<h1>S\u00e9rum contour des yeux Yellow rose cosmetics for men<\/h1>\n<p>S\u00e9rum hydratant, anti-rides et raffermissant pour les besoins sp\u00e9cifiques de la zone du contour des yeux. Aide \u00e0 r\u00e9duire l&rsquo;apparence des rides, des cercles sombres et \u00ab\u00a0poches \u00ab\u00a0, laissant la peau ferme avec un look frais, tonique et lumineux.<\/p>\n<p>Efficacit\u00e9 cliniquement test\u00e9e. T\u00e9st\u00e9 sous contr\u00f4le dermatologique et opthtalmique<\/p>\n<p>Utilisation de ce produit:<\/p>\n<p>Utiliser quotidiennement, matin et soir. Appliquer \u00e0 la zone contour des yeux et le massage du coin int\u00e9rieur des paupi\u00e8res vers l&rsquo;ext\u00e9rieur et tapoter doucement jusqu&rsquo;\u00e0 absorption.<\/p>\n<p>Principaux ingr\u00e9dients:<\/p>\n<p>Acide hyaluronique (haut, faible et extra-faible poids mol\u00e9culaire), tonifiant et antioxydant extrait de ginseng, anti-rides oligopeptides (\u00abBotox-like effet\u00bb et \u00abr\u00e9tinol-like&rsquo;effet), sp\u00e9cial actif pour lutter contre les cercles sombres (chrysine, oligopeptides et N-hydroxysuccinimide), silanols raffermissante et \u00e9claircissante, c\u00e9ramides hydratante et protectrice et extrait apaisant Euphrasia.<\/p>\n<p>15 ml.<\/p>\n<p>Ingr\u00e9dients: Aqua (eau, glyc\u00e9rine, butyl\u00e8ne glycol, extrait de racine de propanedicl panax, extrait d&rsquo;Euphrasia officinalis, hyaluronate de sodium, hexapeptide d&rsquo;ac\u00e9tyle, 8. palmitoyl tnpeptide-1. Chrysin, t\u00e9trapeptide de palmitoyl 7, aspartate d&rsquo;hydroxyproline de m\u00e9thylsilanol. pectinate de m\u00e9thylsilanal d&rsquo;Ascorby. NP N-Hydroxysuccinimide, C\u00e9ramide AP, Cholest\u00e9rol, Phytosphingosine, Bis-PEG-18 Methyl Ether Dirm\u00e9thyl Silane Carbomer, C\u00e9ramide EOP, Polysilicone-11, Laureth-12, M\u00e9thyl Gluceth-20, Polysorbate 20 Steareth-20 Ph\u00e9nony\u00e9thanol, Ethyheriglyc\u00e9rine, Sodium Lauroy Lactylate Arginine, Acacia S\u00e9n\u00e9gal Gomme, Xanthane Gurn<\/p>\n<p>&nbsp;<\/p>\n<div class=\"product-single__description rte\">\n<p><strong>FOR MEN EYE CONTOUR SERUM<\/strong><\/p>\n<p>Moisturising, anti-wrinkle and firming serum for the specific needs of the eye contour area. Helps reduce the appearance of wrinkles, dark circles and \u00ab\u00a0puffiness\u00a0\u00bb, leaving the skin firm with a fresh, toned and bright look.<\/p>\n<p>Clinically tested efficacy.<br \/>\nDermatologically and Opthalmologically tested.<\/p>\n<dl class=\"primary\">\n<dt><strong>Using this Product:<\/strong><\/dt>\n<\/dl>\n<dl class=\"primary\">\n<dt><\/dt>\n<dt><\/dt>\n<dt>Use daily, morning and evening. Apply to eye contour area and massage from the inner corner of the eyelids outwards and tap gently until absorbed.<\/dt>\n<\/dl>\n<dl class=\"primary\">\n<dt><\/dt>\n<dt><\/dt>\n<dt><strong>Main Ingredients:<\/strong><\/dt>\n<\/dl>\n<dl class=\"primary\">\n<dt><\/dt>\n<dt><strong>Hyaluronic acid<\/strong> (high, low and extra low molecular weight), toning and antioxidant <strong>Ginseng extract, antiwrinkle Oligopeptides<\/strong> (`Botox-like` effect and `Retinol-like` effect), special active to fight dark circles (<strong>Chrysin, Oligopeptides and N-Hydroxysuccinimide<\/strong>), firming and brightening Silanols, moisturising and protective <strong>Ceramides<\/strong> and soothing <strong>Euphrasia extract<\/strong>.<\/dt>\n<dt>\n<div class=\"col\">\n<div id=\"center_col\">\n<div id=\"res\" class=\"med\" role=\"main\">\n<div id=\"search\">\n<div data-ved=\"0ahUKEwjg__---qPdAhWEx4UKHfzfB_0QGggl\">\n<div id=\"ires\" data-async-context=\"query:traduction\">\n<div id=\"rso\">\n<div class=\"bkWMgd\">\n<div class=\"g knavi obcontainer mod\" data-ved=\"2ahUKEwjg__---qPdAhWEx4UKHfzfB_0QkCkwAHoECAYQAA\" data-hveid=\"CAYQAA\" data-md=\"77\">\n<div data-hveid=\"CAYQAQ\">\n<div id=\"tw-container\" class=\"vk_c\" data-ulf=\"1\" data-uilc=\"fr\" data-sm=\"1\" data-rf=\"1\" data-nttsd=\"1\" data-nnttsvi=\"1\" data-exp=\"1\" data-cp=\"1\">\n<div id=\"uid_0\" class=\"r-iI0xgLkknPvk xpdbox xpdclose\">\n<div class=\"vk_bk r-iPD2tk4hFPZ0\">\n<div id=\"tw-ob\">\n<div class=\"oSioSc\">\n<div id=\"tw-target\">\n<div id=\"tw-target-text-container\" class=\"gsrt tw-ta-container tw-nfl\">\n<p>15 ml.<\/p>\n<p>Ingredients: Aqua (water, glycerin, butylene glycol, panax propanedicl root extract, Euphrasia officinalis extract, sodium hyaluronate, acetyl hexapeptide, 8. palmitoyl-1 peptide Chrysin, palmitoyl 7 tetrapeptide, aspartate methylsilanol hydroxyproline, Ascorby methylsilanal pectinate, NP N-Hydroxysuccinimide, Ceramide AP, Cholesterol, Phytosphingosine, Bis-PEG-18 Methyl Ether Dirmethyl Silane Carbomer, Ceramide EOP, Polysilicone-11, Laureth-12, Methyl Gluceth-20, Polysorbate 20 Steareth-20 Phenoyethanol, Ethyl Glycerine, Sodium Lauroy Lactylate Arginine, Acacia Senegal Gum, Xanthan Gurn<\/p>\n<pre class=\"tw-data-text tw-ta tw-text-small\" lang=\"en\"><\/pre>\n<\/div>\n<\/div>\n<\/div>\n<\/div>\n<\/div>\n<\/div>\n<\/div>\n<\/div>\n<\/div>\n<\/div>\n<\/div>\n<\/div>\n<\/div>\n<\/div>\n<\/div>\n<div>\n<div id=\"foot\" role=\"navigation\">\n<div id=\"navcnt\"><\/div>\n<div id=\"gfn\"><\/div>\n<p>&nbsp;<\/p>\n<\/div>\n<\/div>\n<\/div>\n<\/div>\n<div id=\"rhscol\" class=\"col\">\n<div id=\"rhs\"><\/div>\n<\/div>\n<\/dt>\n<\/dl>\n<\/div>\n<div class=\"social-sharing\"><\/div>\n","protected":false},"excerpt":{"rendered":"<h1>S\u00e9rum contour des yeux Yellow rose cosmetics for men<\/h1>\n<p>S\u00e9rum hydratant, anti-rides et raffermissant pour les besoins sp\u00e9cifiques de la zone du contour des yeux. Aide \u00e0 r\u00e9duire l&rsquo;apparence des rides, des cercles sombres et \u00ab\u00a0poches \u00ab\u00a0, laissant la peau ferme avec un look frais, tonique et lumineux.<\/p>\n<p>Efficacit\u00e9 cliniquement test\u00e9e. T\u00e9st\u00e9 sous contr\u00f4le dermatologique et opthtalmique<\/p>\n<p>Utilisation de ce produit:<\/p>\n<p>Utiliser quotidiennement, matin et soir. Appliquer \u00e0 la zone contour des yeux et le massage du coin int\u00e9rieur des paupi\u00e8res vers l&rsquo;ext\u00e9rieur et tapoter doucement jusqu&rsquo;\u00e0 absorption.<\/p>\n<p>Principaux ingr\u00e9dients:<\/p>\n<p>Acide hyaluronique (haut, faible et extra-faible poids mol\u00e9culaire), tonifiant et antioxydant extrait de ginseng, anti-rides oligopeptides (\u00abBotox-like effet\u00bb et \u00abr\u00e9tinol-like&rsquo;effet), sp\u00e9cial actif pour lutter contre les cercles sombres (chrysine, oligopeptides et N-hydroxysuccinimide), silanols raffermissante et \u00e9claircissante, c\u00e9ramides hydratante et protectrice et extrait apaisant Euphrasia.<\/p>\n<p>15 ml.<\/p>\n<p>Ingr\u00e9dients: Aqua (eau, glyc\u00e9rine, butyl\u00e8ne glycol, extrait de racine de propanedicl panax, extrait d&rsquo;Euphrasia officinalis, hyaluronate de sodium, hexapeptide d&rsquo;ac\u00e9tyle, 8. palmitoyl tnpeptide-1. Chrysin, t\u00e9trapeptide de palmitoyl 7, aspartate d&rsquo;hydroxyproline de m\u00e9thylsilanol. pectinate de m\u00e9thylsilanal d&rsquo;Ascorby. NP N-Hydroxysuccinimide, C\u00e9ramide AP, Cholest\u00e9rol, Phytosphingosine, Bis-PEG-18 Methyl Ether Dirm\u00e9thyl Silane Carbomer, C\u00e9ramide EOP, Polysilicone-11, Laureth-12, M\u00e9thyl Gluceth-20, Polysorbate 20 Steareth-20 Ph\u00e9nony\u00e9thanol, Ethyheriglyc\u00e9rine, Sodium Lauroy Lactylate Arginine, Acacia S\u00e9n\u00e9gal Gomme, Xanthane Gurn<\/p>\n<p>&nbsp;<\/p>\n<div class=\"product-single__description rte\">\n<p><strong>FOR MEN EYE CONTOUR SERUM<\/strong><\/p>\n<p>Moisturising, anti-wrinkle and firming serum for the specific needs of the eye contour area. Helps reduce the appearance of wrinkles, dark circles and \u00ab\u00a0puffiness\u00a0\u00bb, leaving the skin firm with a fresh, toned and bright look.<\/p>\n<p>Clinically tested efficacy.<br \/>\nDermatologically and Opthalmologically tested.<\/p>\n<dl class=\"primary\">\n<dt><strong>Using this Product:<\/strong><\/dt>\n<\/dl>\n<dl class=\"primary\">\n<dt><\/dt>\n<dt><\/dt>\n<dt>Use daily, morning and evening. Apply to eye contour area and massage from the inner corner of the eyelids outwards and tap gently until absorbed.<\/dt>\n<\/dl>\n<dl class=\"primary\">\n<dt><\/dt>\n<dt><\/dt>\n<dt><strong>Main Ingredients:<\/strong><\/dt>\n<\/dl>\n<dl class=\"primary\">\n<dt><\/dt>\n<dt><strong>Hyaluronic acid<\/strong> (high, low and extra low molecular weight), toning and antioxidant <strong>Ginseng extract, antiwrinkle Oligopeptides<\/strong> (`Botox-like` effect and `Retinol-like` effect), special active to fight dark circles (<strong>Chrysin, Oligopeptides and N-Hydroxysuccinimide<\/strong>), firming and brightening Silanols, moisturising and protective <strong>Ceramides<\/strong> and soothing <strong>Euphrasia extract<\/strong>.<\/dt>\n<dt>\n<div class=\"col\">\n<div id=\"center_col\">\n<div id=\"res\" class=\"med\" role=\"main\">\n<div id=\"search\">\n<div data-ved=\"0ahUKEwjg__---qPdAhWEx4UKHfzfB_0QGggl\">\n<div id=\"ires\" data-async-context=\"query:traduction\">\n<div id=\"rso\">\n<div class=\"bkWMgd\">\n<div class=\"g knavi obcontainer mod\" data-ved=\"2ahUKEwjg__---qPdAhWEx4UKHfzfB_0QkCkwAHoECAYQAA\" data-hveid=\"CAYQAA\" data-md=\"77\">\n<div data-hveid=\"CAYQAQ\">\n<div id=\"tw-container\" class=\"vk_c\" data-ulf=\"1\" data-uilc=\"fr\" data-sm=\"1\" data-rf=\"1\" data-nttsd=\"1\" data-nnttsvi=\"1\" data-exp=\"1\" data-cp=\"1\">\n<div id=\"uid_0\" class=\"r-iI0xgLkknPvk xpdbox xpdclose\">\n<div class=\"vk_bk r-iPD2tk4hFPZ0\">\n<div id=\"tw-ob\">\n<div class=\"oSioSc\">\n<div id=\"tw-target\">\n<div id=\"tw-target-text-container\" class=\"gsrt tw-ta-container tw-nfl\">\n<p>15 ml.<\/p>\n<p>Ingredients: Aqua (water, glycerin, butylene glycol, panax propanedicl root extract, Euphrasia officinalis extract, sodium hyaluronate, acetyl hexapeptide, 8. palmitoyl-1 peptide Chrysin, palmitoyl 7 tetrapeptide, aspartate methylsilanol hydroxyproline, Ascorby methylsilanal pectinate, NP N-Hydroxysuccinimide, Ceramide AP, Cholesterol, Phytosphingosine, Bis-PEG-18 Methyl Ether Dirmethyl Silane Carbomer, Ceramide EOP, Polysilicone-11, Laureth-12, Methyl Gluceth-20, Polysorbate 20 Steareth-20 Phenoyethanol, Ethyl Glycerine, Sodium Lauroy Lactylate Arginine, Acacia Senegal Gum, Xanthan Gurn<\/p>\n<pre class=\"tw-data-text tw-ta tw-text-small\" lang=\"en\"><\/pre>\n<\/div>\n<\/div>\n<\/div>\n<\/div>\n<\/div>\n<\/div>\n<\/div>\n<\/div>\n<\/div>\n<\/div>\n<\/div>\n<\/div>\n<\/div>\n<\/div>\n<\/div>\n<div>\n<div id=\"foot\" role=\"navigation\">\n<div id=\"navcnt\"><\/div>\n<div id=\"gfn\"><\/div>\n<p>&nbsp;<\/p>\n<\/div>\n<\/div>\n<\/div>\n<\/div>\n<div id=\"rhscol\" class=\"col\">\n<div id=\"rhs\"><\/div>\n<\/div>\n<\/dt>\n<\/dl>\n<\/div>\n<div class=\"social-sharing\"><\/div>\n","protected":false},"featured_media":4065,"comment_status":"open","ping_status":"closed","template":"","meta":[],"_links":{"self":[{"href":"https:\/\/www.saphy.com\/healthcare-cosmetique\/wp-json\/wp\/v2\/product\/3466"}],"collection":[{"href":"https:\/\/www.saphy.com\/healthcare-cosmetique\/wp-json\/wp\/v2\/product"}],"about":[{"href":"https:\/\/www.saphy.com\/healthcare-cosmetique\/wp-json\/wp\/v2\/types\/product"}],"replies":[{"embeddable":true,"href":"https:\/\/www.saphy.com\/healthcare-cosmetique\/wp-json\/wp\/v2\/comments?post=3466"}],"wp:featuredmedia":[{"embeddable":true,"href":"https:\/\/www.saphy.com\/healthcare-cosmetique\/wp-json\/wp\/v2\/media\/4065"}],"wp:attachment":[{"href":"https:\/\/www.saphy.com\/healthcare-cosmetique\/wp-json\/wp\/v2\/media?parent=3466"}],"curies":[{"name":"wp","href":"https:\/\/api.w.org\/{rel}","templated":true}]}}