{"id":3479,"date":"2018-01-17T16:55:22","date_gmt":"2018-01-17T15:55:22","guid":{"rendered":"https:\/\/www.saphy.com\/healthcare-cosmetique\/?post_type=product&#038;p=3479"},"modified":"2022-05-02T10:58:48","modified_gmt":"2022-05-02T09:58:48","slug":"dentifrice-blanchissant-menthe-poivree-himalaya-botanique","status":"publish","type":"product","link":"https:\/\/www.saphy.com\/healthcare-cosmetique\/produit\/dentifrice-blanchissant-menthe-poivree-himalaya-botanique\/","title":{"rendered":"Dentifrice bio blancheur  menthe douce Himalaya botanique"},"content":{"rendered":"<h1>Le dentifrice bio blancheur\u00a0 menthe douce d&rsquo;Himalaya botanique<\/h1>\n<div class=\"one-half\">\n<p><span style=\"text-decoration: underline;\"><strong>Description :<\/strong><\/span><\/p>\n<ul>\n<li>Des dents plus blanches<\/li>\n<li>Une haleine fra\u00eeche<\/li>\n<li>Aide \u00e0 lutter contre la plaque dentaire<\/li>\n<li>Sans fluor<\/li>\n<li>Sans sulfates de sodium lauryl (SLS)<\/li>\n<li>Sans carragh\u00e9nanes<\/li>\n<li>Sans gluten<\/li>\n<\/ul>\n<p>Le pouvoir blanchissant avec une explosion de fra\u00eecheur de menthe . Dentifrice soin complet blanchissant menthe douce saisit les enzymes des plantes de brom\u00e9line et de papa\u00efne, et les combine avec le pouvoir du neem, du xylitol et le pouvoir de rafraichissant de la feuille de menthe poivr\u00e9e pour nous donner un sourire de confiance.<\/p>\n<p><strong>Usage sugg\u00e9r\u00e9 :\u00a0<\/strong> Brossez soigneusement vos dents apr\u00e8s chaque repas, ou au moins deux fois par jour ou selon la prescription de votre dentiste pour lutter contre la plaque dentaire. Consultez votre dentiste pour les enfants de moins de 2 ans. Les enfants de moins de 6 ans peuvent utiliser une noix de dentifrice sous la supervision d&rsquo;un adulte.<\/p>\n<p><strong>Autres ingr\u00e9dients :\u00a0<\/strong> Calcium carbonate\u201a xylitol\u201a water (aqua)\u201a vegetable glycerin (from vegetable oils)\u201a silica\u201a lauryl glucoside (from coconut oil)\u201a stevia rebaudiana (stevia) extract\u201a xanthan gum\u201a flavor (from essential oils and botanicals)\u201a sodium bicarbonate\u201a sodium cocoyl glutamate &amp; disodium cocoyl glutamate (from amino acids and vegetable oil)\u201a menthol (from peppermint leaves)*\u201a sodium chloride\u201a zinc citrate\u201a thymol (from thyme leaf oil)\u201a melia azadirchta (neem) leaf extract*\u201a bromelain (from pineapple), punica granatum (pomegranate) fruit extract*\u201a embelia ribes (vidanga) fruit extract*\u201a terminalia chebula (chebulic myrobalan) fruit extract*\u201a terminalia bellerica (belleric myrobalan) fruit extract*\u201a phyllanthus emblica (amla) fruit extract*\u201a acacia arabica (indian gum arabic tree) bark extract*, papain (from papaya).<\/p>\n<p><strong>Himalaya botanique Whitening complete care toothpaste simply mint<\/strong><\/p>\n<p>Description:<br \/>\nWhiter Teeth<br \/>\nFresh Breath<br \/>\nHelps fight dental plaque<br \/>\nWithout fluorine<br \/>\nWithout lauryl sodium sulphates (SLS)<br \/>\nWithout Carrageenan<br \/>\nGluten Free<\/p>\n<p>The whitening power with an explosion of peppermint freshness. Toothpaste Complete Care whitening peppermint seizes the enzymes from the plants of bromelain and papain, and combines them with the power of Neem, xylitol and the refreshing power of the peppermint Leaf to give us a smile of confidence.<br \/>\nSuggested use brush your teeth carefully after each meal, or at least twice a day or as prescribed by your dentist to fight the dental plaque. Consult your dentist for children under the age of 2. Children under the age of six can use a toothpaste under the supervision of an adult.<br \/>\nOther ingredients Calcium carbonate &lsquo; xylitol &lsquo; water (aqua) &lsquo; Vegetable glycerin (from vegetable oils) &lsquo; silica &lsquo; lauryl glucoside (from coconut oil) &lsquo; Stevia rebaudiana (stevia) extract &lsquo; xanthan gum &lsquo; flavor (from essential oils and botanicals) &lsquo; sodium Bicarbonate &lsquo; sodium cocoyl glutamate &amp; disodium cocoyl glutamate (from amino acids and vegetable oil) &lsquo; Menthol (from peppermint leaves) * &lsquo; sodium chloride &lsquo; zinc citrate &lsquo; thymol (from thyme leaf oil) &lsquo; Melia azadirchta (Neem) Leaf extract * &lsquo; bromelain (from Pineapple), Punica granatum (Pomegranate) Fruit extract * &lsquo; Enbelia ribes (Perdanga) fruit extract * &lsquo; Terminalia chebula (chebulic myrobalan) fruit extract * &lsquo; Terminalia bellerica (belleric myrobalan) fruit extract * &lsquo; Phyllanthus emblica (AMLA) fruit extract * &lsquo; Acacia arabica (Indian gum arabic tree) Bark extract *, parapain (from papaya).<\/p>\n<p>&nbsp;<\/p>\n<\/div>\n","protected":false},"excerpt":{"rendered":"<h1>Le dentifrice bio blancheur\u00a0 menthe douce d&rsquo;Himalaya botanique<\/h1>\n<div class=\"one-half\">\n<p><span style=\"text-decoration: underline;\"><strong>Description :<\/strong><\/span><\/p>\n<ul>\n<li>Des dents plus blanches<\/li>\n<li>Une haleine fra\u00eeche<\/li>\n<li>Aide \u00e0 lutter contre la plaque dentaire<\/li>\n<li>Sans fluor<\/li>\n<li>Sans sulfates de sodium lauryl (SLS)<\/li>\n<li>Sans carragh\u00e9nanes<\/li>\n<li>Sans gluten<\/li>\n<\/ul>\n<p>Le pouvoir blanchissant avec une explosion de fra\u00eecheur de menthe poivr\u00e9e. Dentifrice soin complet blanchissant menthe douce saisit les enzymes des plantes de brom\u00e9line et de papa\u00efne, et les combine avec le pouvoir du neem, du xylitol et le pouvoir de rafraichissant de la feuille de menthe poivr\u00e9e pour nous donner un sourire de confiance.<\/p>\n<p><strong>Usage sugg\u00e9r\u00e9 :\u00a0<\/strong> Brossez soigneusement vos dents apr\u00e8s chaque repas, ou au moins deux fois par jour ou selon la prescription de votre dentiste pour lutter contre la plaque dentaire. Consultez votre dentiste pour les enfants de moins de 2 ans. Les enfants de moins de 6 ans peuvent utiliser une noix de dentifrice sous la supervision d&rsquo;un adulte.<\/p>\n<p><strong>Autres ingr\u00e9dients :\u00a0<\/strong> Calcium carbonate\u201a xylitol\u201a water (aqua)\u201a vegetable glycerin (from vegetable oils)\u201a silica\u201a lauryl glucoside (from coconut oil)\u201a stevia rebaudiana (stevia) extract\u201a xanthan gum\u201a flavor (from essential oils and botanicals)\u201a sodium bicarbonate\u201a sodium cocoyl glutamate &amp; disodium cocoyl glutamate (from amino acids and vegetable oil)\u201a menthol (from peppermint leaves)*\u201a sodium chloride\u201a zinc citrate\u201a thymol (from thyme leaf oil)\u201a melia azadirchta (neem) leaf extract*\u201a bromelain (from pineapple), punica granatum (pomegranate) fruit extract*\u201a embelia ribes (vidanga) fruit extract*\u201a terminalia chebula (chebulic myrobalan) fruit extract*\u201a terminalia bellerica (belleric myrobalan) fruit extract*\u201a phyllanthus emblica (amla) fruit extract*\u201a acacia arabica (indian gum arabic tree) bark extract*, papain (from papaya).<\/p>\n<p><strong>Himalaya botanique Whitening complete care toothpaste simply mint<\/strong><\/p>\n<p>Description:<br \/>\nWhiter Teeth<br \/>\nFresh Breath<br \/>\nHelps fight dental plaque<br \/>\nWithout fluorine<br \/>\nWithout lauryl sodium sulphates (SLS)<br \/>\nWithout Carrageenan<br \/>\nGluten Free<\/p>\n<p>The whitening power with an explosion of peppermint freshness. Toothpaste Complete Care whitening peppermint seizes the enzymes from the plants of bromelain and papain, and combines them with the power of Neem, xylitol and the refreshing power of the peppermint Leaf to give us a smile of confidence.<br \/>\nSuggested use brush your teeth carefully after each meal, or at least twice a day or as prescribed by your dentist to fight the dental plaque. Consult your dentist for children under the age of 2. Children under the age of six can use a toothpaste under the supervision of an adult.<br \/>\nOther ingredients Calcium carbonate &lsquo; xylitol &lsquo; water (aqua) &lsquo; Vegetable glycerin (from vegetable oils) &lsquo; silica &lsquo; lauryl glucoside (from coconut oil) &lsquo; Stevia rebaudiana (stevia) extract &lsquo; xanthan gum &lsquo; flavor (from essential oils and botanicals) &lsquo; sodium Bicarbonate &lsquo; sodium cocoyl glutamate &amp; disodium cocoyl glutamate (from amino acids and vegetable oil) &lsquo; Menthol (from peppermint leaves) * &lsquo; sodium chloride &lsquo; zinc citrate &lsquo; thymol (from thyme leaf oil) &lsquo; Melia azadirchta (Neem) Leaf extract * &lsquo; bromelain (from Pineapple), Punica granatum (Pomegranate) Fruit extract * &lsquo; Enbelia ribes (Perdanga) fruit extract * &lsquo; Terminalia chebula (chebulic myrobalan) fruit extract * &lsquo; Terminalia bellerica (belleric myrobalan) fruit extract * &lsquo; Phyllanthus emblica (AMLA) fruit extract * &lsquo; Acacia arabica (Indian gum arabic tree) Bark extract *, parapain (from papaya).<\/p>\n<p>&nbsp;<\/p>\n<\/div>\n","protected":false},"featured_media":3976,"comment_status":"open","ping_status":"closed","template":"","meta":[],"_links":{"self":[{"href":"https:\/\/www.saphy.com\/healthcare-cosmetique\/wp-json\/wp\/v2\/product\/3479"}],"collection":[{"href":"https:\/\/www.saphy.com\/healthcare-cosmetique\/wp-json\/wp\/v2\/product"}],"about":[{"href":"https:\/\/www.saphy.com\/healthcare-cosmetique\/wp-json\/wp\/v2\/types\/product"}],"replies":[{"embeddable":true,"href":"https:\/\/www.saphy.com\/healthcare-cosmetique\/wp-json\/wp\/v2\/comments?post=3479"}],"wp:featuredmedia":[{"embeddable":true,"href":"https:\/\/www.saphy.com\/healthcare-cosmetique\/wp-json\/wp\/v2\/media\/3976"}],"wp:attachment":[{"href":"https:\/\/www.saphy.com\/healthcare-cosmetique\/wp-json\/wp\/v2\/media?parent=3479"}],"curies":[{"name":"wp","href":"https:\/\/api.w.org\/{rel}","templated":true}]}}