{"id":3646,"date":"2018-04-17T10:58:34","date_gmt":"2018-04-17T09:58:34","guid":{"rendered":"https:\/\/www.saphy.com\/healthcare-cosmetique\/?post_type=product&#038;p=3646"},"modified":"2022-03-03T13:22:22","modified_gmt":"2022-03-03T12:22:22","slug":"masque-peel-off-purifiant-au-neem-himalaya-herbals","status":"publish","type":"product","link":"https:\/\/www.saphy.com\/healthcare-cosmetique\/produit\/masque-peel-off-purifiant-au-neem-himalaya-herbals\/","title":{"rendered":"Masque peel off purifiant au Neem Himalaya Herbals"},"content":{"rendered":"<h1>Masque peel off purifiant au Neem Himalaya Herbals<\/h1>\n<p>&nbsp;<\/p>\n<p>Le masque peel off purifiant Himalaya Herbals est compos\u00e9 de Neem et de Curcuma,une combinaison de plantes bien connues pour leur propri\u00e9t\u00e9s antimicrobiennes et anti inflammatoires. Notre masque r\u00e9duit l\u2019exc\u00e8s de s\u00e9bum et la formation des boutons .Il r\u00e9duit \u00e9galement les cicatrices dues aux boutons et laisse votre teint unifi\u00e9.<\/p>\n<p>Bienfaits:<br \/>\nReduit la fomation de boutons et leurs cicatrices<br \/>\nNettoie les impuret\u00e9s<br \/>\nTonifie la peau<\/p>\n<p>Conseil d\u2019utilisation:Appliquer uniform\u00e9ment sur le visage et le cou,en \u00e9vitant le contour des yeux. Laisser s\u00e9cher le masque pendant 10 \u00e0 15 minutes. D\u00e9coller d\u00e9licatement le masque en tirant sur un c\u00f4t\u00e9 du visage.<br \/>\nS\u2019utilise 1 \u00e0 fois par semaine.<\/p>\n<p>Ingr\u00e9dients:<\/p>\n<p>Aqua, Kaolin, Melia Azadirachta Leaf Extract, Propylene Glycol, Bentonite, Fuller\u2019s Earth, Curcuma Longa Root Extract, Fragrance, Sodium Methylparaben, Imidazolidinyl Urea, DMDM Hydantoin, Xanthan Gum, Disodium EDTA, Sodium Propylparaben, Citric Acid, Sodium Lauryl Sulfate.<\/p>\n<p>Test\u00e9 dermatollogiquement<br \/>\nHypoallerg\u00e9nique<\/p>\n<p>Peaux normales \u00e0 grasses<\/p>\n<h1>Purifying peel off mask with Neem Himalaya Herbals<\/h1>\n<p>The purifying peel off Himalayan Herbals is composed of Neem and turmeric, a combination of plants well known for their antimicrobial and anti-inflammatory properties. Our mask reduces the excess sebum and the formation of pimples. It also reduces the scars due to pimples and leaves your complexion unified.<br \/>\nBenefits:<br \/>\nReduces the training of pimples and their scars<br \/>\nCleans impurities<br \/>\nTones the Skin<br \/>\nUse tip: Apply evenly to the face and neck, avoiding eye contour. Allow the mask to dry for 10 to 15 minutes. Gently peel off the mask by pulling on one side of the face.<br \/>\nis used once a week.<\/p>\n<p>Ingr\u00e9dients:<\/p>\n<p>Aqua, Kaolin, Melia Azadirachta Leaf Extract, Propylene Glycol, Bentonite, Fuller\u2019s Earth, Curcuma Longa Root Extract, Fragrance, Sodium Methylparaben, Imidazolidinyl Urea, DMDM Hydantoin, Xanthan Gum, Disodium EDTA, Sodium Propylparaben, Citric Acid, Sodium Lauryl Sulfate.<\/p>\n<p>Tested Dermatollogiquement<br \/>\nHypoallergenic<br \/>\nNormal fat Skins<\/p>\n<p>&nbsp;<\/p>\n","protected":false},"excerpt":{"rendered":"<h1>Masque peel off purifiant au Neem Himalaya Herbals<\/h1>\n<p>&nbsp;<\/p>\n<p>Le masque peel off purifiant Himalaya Herbals est compos\u00e9 de Neem et de Curcuma,une combinaison de plantes bien connues pour leur propri\u00e9t\u00e9s antimicrobiennes et anti inflammatoires. Notre masque r\u00e9duit l\u2019exc\u00e8s de s\u00e9bum et la formation des boutons .Il r\u00e9duit \u00e9galement les cicatrices dues aux boutons et laisse votre teint unifi\u00e9.<\/p>\n<p>Bienfaits:<br \/>\nReduit la fomation de boutons et leurs cicatrices<br \/>\nNettoie les impuret\u00e9s<br \/>\nTonifie la peau<\/p>\n<p>Conseil d\u2019utilisation:Appliquer uniform\u00e9ment sur le visage et le cou,en \u00e9vitant le contour des yeux. Laisser s\u00e9cher le masque pendant 10 \u00e0 15 minutes. D\u00e9coller d\u00e9licatement le masque en tirant sur un c\u00f4t\u00e9 du visage.<br \/>\nS\u2019utilise 1 \u00e0 fois par semaine.<\/p>\n<p>Ingr\u00e9dients:<\/p>\n<p>Aqua, Kaolin, Melia Azadirachta Leaf Extract, Propylene Glycol, Bentonite, Fuller\u2019s Earth, Curcuma Longa Root Extract, Fragrance, Sodium Methylparaben, Imidazolidinyl Urea, DMDM Hydantoin, Xanthan Gum, Disodium EDTA, Sodium Propylparaben, Citric Acid, Sodium Lauryl Sulfate.<\/p>\n<p>Test\u00e9 dermatollogiquement<br \/>\nHypoallerg\u00e9nique<\/p>\n<p>Peaux normales \u00e0 grasses<\/p>\n<h1>Purifying peel off mask with Neem Himalaya Herbals<\/h1>\n<p>The purifying peel off Himalayan Herbals is composed of Neem and turmeric, a combination of plants well known for their antimicrobial and anti-inflammatory properties. Our mask reduces the excess sebum and the formation of pimples. It also reduces the scars due to pimples and leaves your complexion unified.<br \/>\nBenefits:<br \/>\nReduces the training of pimples and their scars<br \/>\nCleans impurities<br \/>\nTones the Skin<br \/>\nUse tip: Apply evenly to the face and neck, avoiding eye contour. Allow the mask to dry for 10 to 15 minutes. Gently peel off the mask by pulling on one side of the face.<br \/>\nis used once a week.<\/p>\n<p>Ingr\u00e9dients:<\/p>\n<p>Aqua, Kaolin, Melia Azadirachta Leaf Extract, Propylene Glycol, Bentonite, Fuller\u2019s Earth, Curcuma Longa Root Extract, Fragrance, Sodium Methylparaben, Imidazolidinyl Urea, DMDM Hydantoin, Xanthan Gum, Disodium EDTA, Sodium Propylparaben, Citric Acid, Sodium Lauryl Sulfate.<\/p>\n<p>Tested Dermatollogiquement<br \/>\nHypoallergenic<br \/>\nNormal fat Skins<\/p>\n<p>&nbsp;<\/p>\n","protected":false},"featured_media":3647,"comment_status":"open","ping_status":"closed","template":"","meta":[],"_links":{"self":[{"href":"https:\/\/www.saphy.com\/healthcare-cosmetique\/wp-json\/wp\/v2\/product\/3646"}],"collection":[{"href":"https:\/\/www.saphy.com\/healthcare-cosmetique\/wp-json\/wp\/v2\/product"}],"about":[{"href":"https:\/\/www.saphy.com\/healthcare-cosmetique\/wp-json\/wp\/v2\/types\/product"}],"replies":[{"embeddable":true,"href":"https:\/\/www.saphy.com\/healthcare-cosmetique\/wp-json\/wp\/v2\/comments?post=3646"}],"wp:featuredmedia":[{"embeddable":true,"href":"https:\/\/www.saphy.com\/healthcare-cosmetique\/wp-json\/wp\/v2\/media\/3647"}],"wp:attachment":[{"href":"https:\/\/www.saphy.com\/healthcare-cosmetique\/wp-json\/wp\/v2\/media?parent=3646"}],"curies":[{"name":"wp","href":"https:\/\/api.w.org\/{rel}","templated":true}]}}