{"id":3692,"date":"2018-05-25T11:30:23","date_gmt":"2018-05-25T10:30:23","guid":{"rendered":"https:\/\/www.saphy.com\/healthcare-cosmetique\/?post_type=product&#038;p=3692"},"modified":"2024-09-30T11:01:11","modified_gmt":"2024-09-30T10:01:11","slug":"gel-nettoyant-pour-peaux-grasses-yellow-rose-cosmetics","status":"publish","type":"product","link":"https:\/\/www.saphy.com\/healthcare-cosmetique\/produit\/gel-nettoyant-pour-peaux-grasses-yellow-rose-cosmetics\/","title":{"rendered":"Gel nettoyant pour peaux grasses Yellow Rose cosmetics"},"content":{"rendered":"<p>Gel nettoyant pour peaux grasses Yellow Rose cosmetics<\/p>\n<p>Formul\u00e9 \u00e0 base d\u2019un m\u00e9lange d\u2019ingr\u00e9dients naturels aux vertus purifiantes, ce gel nettoyant pour le visage \u00e9limine en douceur les impuret\u00e9s et les exc\u00e8s de s\u00e9bum de l\u2019\u00e9piderme, d\u00e9bouche les pores et r\u00e9gule les s\u00e9cr\u00e9tions de s\u00e9bum.<\/p>\n<p>Nettoie et rafra\u00eechit la peau tout en pr\u00e9servant son \u00e9quilibre naturel.<\/p>\n<p>Convient aux peaux normales \u00e0 grasses<\/p>\n<p>Utilisation<br \/>\nMettre une noisette de gel nettoyant pour peaux grasses Yellow rose cosmetics sur le visage et faites mousser avec un peau d&rsquo;eau. Masser d\u00e9licatement l&rsquo;ensemble du visage et rincer soigneusement.<\/p>\n<p>Les ingr\u00e9dients principaux<br \/>\nContient<br \/>\nde l\u2019Acide Salicylique, de l\u2019huile essentielle d\u2019arbre \u00e0 Th\u00e9 (antiseptique naturel avec un effet anti-inflammatoire), des extraits naturels (Propolis, Myrrhe, Thym), de l\u2019Ichthyol (bio-soufre substance liquide d\u00e9riv\u00e9e du mat\u00e9riau organique fossile, une huile obtenue par distillation de schistes bitumeux efficace contre la peau grasse probl\u00e9matique), des prot\u00e9ines de Riz et de l\u2019Allanto\u00efne.<\/p>\n<p>200 ml.<\/p>\n<p>ingredients: aqua (eau), Decyl Glucoside, Sodium Laureth Sulfate, cocamidopropyl Betaine, Glycereth-2 Cocoate, Glycerin, PEG-120 Methyl Glucose Dioleate, Propulene Glycol, Alcoho Denat, Coco-Glucoside, Glyceryl Oleate, PEG-55 Propylene Glycol Oleate, Hydrolyzed Rice Protein, CommiphoraMyrrha Resin Extract, Propolis Extract, Thymus Vulgaris (Thyme) Flower\/Leaf Extract, Thymus Vulgaris (Thyme) Oil, Melaleuca Alternifolia (Tea Tree) Leaf Oil, Salicylic acid, PEG-40Hydrogenated Castor Oil, Allantoin, Ichtammol, Tetrasodium EDTA, PPG-26-Buteth-26, Phenoxyethanol, Ethylhexlglycrein, Polysorbate20, PEG-32, Parfum (Fragrance)<\/p>\n<p>OILY SKIN FACE WASH YELLOW ROSE COSMETICS<\/p>\n<p>Formulated with a blend of natural ingredients with purifying effect, this face wash gel gently removes excess lipids and impurities from the epidermis, helps unclog pores and regulate sebum secretions.<\/p>\n<p>Cleanses and refreshes the skin while maintaining its natural balance. Suitable for normal and oily skin types.<br \/>\nUse<br \/>\nLather up the Face Wash gel and massage over wet face. Rinse off with water. Use daily, morning and evening.<br \/>\nMain Ingredients<br \/>\nSpecial mixture of surfactants and conditioners<br \/>\nActive mixture that cleanses, purifies and treats effectively oily skin. Removes excessive oiliness, leaving a soft, smooth and refreshed look.<br \/>\nSalicylic acid<br \/>\nMicro-exfoliation and cellular renewal action. Removes dead cells clogging the follicle.<br \/>\nTea Tree oil<br \/>\nEssential oil obtained from the Australian Tea Trees (Malaleuca alternifolia). It is a natural germicide and antifungal and is employed for its antiseptic and anti-inflammatory activity for acne treatments.<br \/>\nPropolis extract<br \/>\nExtract from resinous gum collected by bees from plant buds and bark. Natural preservative with antibacterial and wound healing properties.<br \/>\nMyrrh extract<br \/>\nAromatic gum resin of the Commiphora Myrrha tree, possessing astringent, antiseptic, and anti-inflammatory properties.<br \/>\nThyme extract<br \/>\nWith antiseptic properties, suitable for acne prone skin treatment.<br \/>\nIchthammol (Ichthyol)<br \/>\nBio-Sulfur liquid substance. The organic sulfur compounds (bio-active Ammonium Sulphoichthyolicum) are obtained from the distillation of oil shale. Oil shale is a natural, organic fossil material that has been created in the earth\u2019s layers from seaweeds, pollen and ferns. The effect against acne is based on the content of sulfide-sulfur, which has a fungicidal effect.<br \/>\nRice proteins<br \/>\nThey form a natural protective film with firming and moisturizing effect.<br \/>\nAllantoin<br \/>\nNourishing, soothing and healing factor. Helps restore damaged skin and has anti-inflammatory properties.<\/p>\n<p>200 ml.<\/p>\n<p>ingredients: aqua (water), Decyl Glucoside, Sodium Laureth Sulfate, Cocamidopropyl Betaine, Glycereth-2 Cocoate, Glycerin, PEG-120 Methyl Glucose Dioleate, Propylene Glycol, Alcoho Denat, Coco-Glucoside, Oleate Glyceryl, PEG-55 Propylene Glycol Oleate , Hydrolyzed Rice Protein, CommiphoraMyrrha Resin Extract, Extract Propolis, Thymus Vulgaris (Thyme) Flower \/ Leaf Extract, Thymus Vulgaris (Thyme) Oil, Melaleuca Alternifolia (Tea Tree) Oil Leaf, Salicylic Acid, PEG-40Hydrogenated Castor Oil, Allantoin, Ichtammol Tetrasodium EDTA, PPG-26-Buteth-26, Phenoxyethanol, Ethylhexylglycine, Polysorbate20, PEG-32, Perfume (Fragrance)<\/p>\n<p>&nbsp;<\/p>\n","protected":false},"excerpt":{"rendered":"<p>Gel nettoyant pour peaux grasses Yellow Rose cosmetics<\/p>\n<p>Formul\u00e9 \u00e0 base d\u2019un m\u00e9lange d\u2019ingr\u00e9dients naturels aux vertus purifiantes, ce gel nettoyant pour le visage \u00e9limine en douceur les impuret\u00e9s et les exc\u00e8s de s\u00e9bum de l\u2019\u00e9piderme, d\u00e9bouche les pores et r\u00e9gule les s\u00e9cr\u00e9tions de s\u00e9bum.<\/p>\n<p>Nettoie et rafra\u00eechit la peau tout en pr\u00e9servant son \u00e9quilibre naturel.<\/p>\n<p>Convient aux peaux normales \u00e0 grasses<\/p>\n<p>Utilisation<br \/>\nMettre une noisette de gel nettoyant pour peaux grasses Yellow rose cosmetics sur le visage et faites mousser avec un peau d&rsquo;eau. Masser d\u00e9licatement l&rsquo;ensemble du visage et rincer soigneusement.<\/p>\n<p>Les ingr\u00e9dients principaux<br \/>\nContient<br \/>\nde l\u2019Acide Salicylique, de l\u2019huile essentielle d\u2019arbre \u00e0 Th\u00e9 (antiseptique naturel avec un effet anti-inflammatoire), des extraits naturels (Propolis, Myrrhe, Thym), de l\u2019Ichthyol (bio-soufre substance liquide d\u00e9riv\u00e9e du mat\u00e9riau organique fossile, une huile obtenue par distillation de schistes bitumeux efficace contre la peau grasse probl\u00e9matique), des prot\u00e9ines de Riz et de l\u2019Allanto\u00efne.<\/p>\n<p>200 ml.<\/p>\n<p>ingredients: aqua (eau), Decyl Glucoside, Sodium Laureth Sulfate, cocamidopropyl Betaine, Glycereth-2 Cocoate, Glycerin, PEG-120 Methyl Glucose Dioleate, Propulene Glycol, Alcoho Denat, Coco-Glucoside, Glyceryl Oleate, PEG-55 Propylene Glycol Oleate, Hydrolyzed Rice Protein, CommiphoraMyrrha Resin Extract, Propolis Extract, Thymus Vulgaris (Thyme) Flower\/Leaf Extract, Thymus Vulgaris (Thyme) Oil, Melaleuca Alternifolia (Tea Tree) Leaf Oil, Salicylic acid, PEG-40Hydrogenated Castor Oil, Allantoin, Ichtammol, Tetrasodium EDTA, PPG-26-Buteth-26, Phenoxyethanol, Ethylhexlglycrein, Polysorbate20, PEG-32, Parfum (Fragrance)<\/p>\n<p>OILY SKIN FACE WASH YELLOW ROSE COSMETICS<\/p>\n<p>Formulated with a blend of natural ingredients with purifying effect, this face wash gel gently removes excess lipids and impurities from the epidermis, helps unclog pores and regulate sebum secretions.<\/p>\n<p>Cleanses and refreshes the skin while maintaining its natural balance. Suitable for normal and oily skin types.<br \/>\nUse<br \/>\nLather up the Face Wash gel and massage over wet face. Rinse off with water. Use daily, morning and evening.<br \/>\nMain Ingredients<br \/>\nSpecial mixture of surfactants and conditioners<br \/>\nActive mixture that cleanses, purifies and treats effectively oily skin. Removes excessive oiliness, leaving a soft, smooth and refreshed look.<br \/>\nSalicylic acid<br \/>\nMicro-exfoliation and cellular renewal action. Removes dead cells clogging the follicle.<br \/>\nTea Tree oil<br \/>\nEssential oil obtained from the Australian Tea Trees (Malaleuca alternifolia). It is a natural germicide and antifungal and is employed for its antiseptic and anti-inflammatory activity for acne treatments.<br \/>\nPropolis extract<br \/>\nExtract from resinous gum collected by bees from plant buds and bark. Natural preservative with antibacterial and wound healing properties.<br \/>\nMyrrh extract<br \/>\nAromatic gum resin of the Commiphora Myrrha tree, possessing astringent, antiseptic, and anti-inflammatory properties.<br \/>\nThyme extract<br \/>\nWith antiseptic properties, suitable for acne prone skin treatment.<br \/>\nIchthammol (Ichthyol)<br \/>\nBio-Sulfur liquid substance. The organic sulfur compounds (bio-active Ammonium Sulphoichthyolicum) are obtained from the distillation of oil shale. Oil shale is a natural, organic fossil material that has been created in the earth\u2019s layers from seaweeds, pollen and ferns. The effect against acne is based on the content of sulfide-sulfur, which has a fungicidal effect.<br \/>\nRice proteins<br \/>\nThey form a natural protective film with firming and moisturizing effect.<br \/>\nAllantoin<br \/>\nNourishing, soothing and healing factor. Helps restore damaged skin and has anti-inflammatory properties.<\/p>\n<p>200 ml.<\/p>\n<p>ingredients: aqua (water), Decyl Glucoside, Sodium Laureth Sulfate, Cocamidopropyl Betaine, Glycereth-2 Cocoate, Glycerin, PEG-120 Methyl Glucose Dioleate, Propylene Glycol, Alcoho Denat, Coco-Glucoside, Oleate Glyceryl, PEG-55 Propylene Glycol Oleate , Hydrolyzed Rice Protein, CommiphoraMyrrha Resin Extract, Extract Propolis, Thymus Vulgaris (Thyme) Flower \/ Leaf Extract, Thymus Vulgaris (Thyme) Oil, Melaleuca Alternifolia (Tea Tree) Oil Leaf, Salicylic Acid, PEG-40Hydrogenated Castor Oil, Allantoin, Ichtammol Tetrasodium EDTA, PPG-26-Buteth-26, Phenoxyethanol, Ethylhexylglycine, Polysorbate20, PEG-32, Perfume (Fragrance)<\/p>\n","protected":false},"featured_media":3693,"comment_status":"open","ping_status":"closed","template":"","meta":[],"_links":{"self":[{"href":"https:\/\/www.saphy.com\/healthcare-cosmetique\/wp-json\/wp\/v2\/product\/3692"}],"collection":[{"href":"https:\/\/www.saphy.com\/healthcare-cosmetique\/wp-json\/wp\/v2\/product"}],"about":[{"href":"https:\/\/www.saphy.com\/healthcare-cosmetique\/wp-json\/wp\/v2\/types\/product"}],"replies":[{"embeddable":true,"href":"https:\/\/www.saphy.com\/healthcare-cosmetique\/wp-json\/wp\/v2\/comments?post=3692"}],"wp:featuredmedia":[{"embeddable":true,"href":"https:\/\/www.saphy.com\/healthcare-cosmetique\/wp-json\/wp\/v2\/media\/3693"}],"wp:attachment":[{"href":"https:\/\/www.saphy.com\/healthcare-cosmetique\/wp-json\/wp\/v2\/media?parent=3692"}],"curies":[{"name":"wp","href":"https:\/\/api.w.org\/{rel}","templated":true}]}}